{"id":6765,"date":"2025-06-01T14:59:39","date_gmt":"2025-06-01T14:59:39","guid":{"rendered":"https:\/\/sinoextrud.com\/product\/extude-aluminum-t-slot-and-v-slot-profile\/"},"modified":"2025-06-24T06:11:38","modified_gmt":"2025-06-24T06:11:38","slug":"perfil-extude-de-aluminio-para-ranura-en-t-y-en-v","status":"publish","type":"product","link":"https:\/\/sinoextrud.com\/es\/product\/extude-aluminum-t-slot-and-v-slot-profile\/","title":{"rendered":"Perfil Extude-Aluminio Ranura en T y Ranura en V"},"content":{"rendered":"<h2>Productos<\/h2>\n<table class=\"custom-table\">\n<tr>\n<td class=\"label\">Art\u00edculo:<\/td>\n<td> Perfil Extude-Aluminio Ranura en T y Ranura en V<\/td>\n<\/tr>\n<tr>\n<td class=\"label\">Aplicaci\u00f3n:<\/td>\n<td> Decoraci\u00f3n, Disipador de calor, Herramientas de transporte, Pared de cristal, Industria<\/td>\n<\/tr>\n<tr>\n<td class=\"label\">Grado:<\/td>\n<td> Serie 6000<\/td>\n<\/tr>\n<tr>\n<td class=\"label\">T\u00e9cnica:<\/td>\n<td> Extruido<\/td>\n<\/tr>\n<tr>\n<td class=\"label\">Temperamento:<\/td>\n<td> T3 - T8<\/td>\n<\/tr>\n<tr>\n<td class=\"label\">Tallas:<\/td>\n<td> Podr\u00eda Personalizar como Dise\u00f1o Proporcionado<\/td>\n<\/tr>\n<tr>\n<td class=\"label\">Servicios de mecanizado:<\/td>\n<td> Taladrado, roscado, remachado, montaje, etc.<\/td>\n<\/tr>\n<tr>\n<td class=\"label\">Origen:<\/td>\n<td> FOSHAN,GUANGDONG <\/td>\n<\/tr>\n<tr>\n<td class=\"label\">Tipo:<\/td>\n<td> Perfiles de aluminio<\/td>\n<\/tr>\n<tr>\n<td class=\"label\">Forma:<\/td>\n<td> Hecho a medida de los clientes\u2032 Dise\u00f1o<\/td>\n<\/tr>\n<tr>\n<td class=\"label\">Tratamiento de la superficie:<\/td>\n<td> Anodizado, recubrimiento en polvo, etc.<\/td>\n<\/tr>\n<tr>\n<td class=\"label\">Aleaci\u00f3n:<\/td>\n<td> Aleaci\u00f3n<\/td>\n<\/tr>\n<tr>\n<td class=\"label\">Certificaci\u00f3n:<\/td>\n<td> GB\/T, ISO RoHS SGS<\/td>\n<\/tr>\n<tr>\n<td class=\"label\">Longitud:<\/td>\n<td> Puede cortar seg\u00fan las necesidades espec\u00edficas<\/td>\n<\/tr>\n<tr>\n<td class=\"label\">Colores:<\/td>\n<td> Personalizado<\/td>\n<\/tr>\n<tr>\n<td class=\"label\">Especificaci\u00f3n:<\/td>\n<td> SGS, Rohs, ISO<\/td>\n<\/tr>\n<tr>\n<td class=\"label\">C\u00f3digo SA:<\/td>\n<td> 76042990<\/td>\n<\/tr>\n<\/table>\n<h2>Nuestra base de fabricaci\u00f3n<\/h2>\n<h3>Panorama de la f\u00e1brica<\/h3>\n<p><img decoding=\"async\" src=\"\/wp-content\/uploads\/factory-01.webp\"\/><\/p>\n<h3>Taller de fabricaci\u00f3n de barras de aluminio<\/h3>\n<p><img decoding=\"async\" src=\"\/wp-content\/uploads\/factory-02.webp\"\/><\/p>\n<p><img decoding=\"async\" src=\"\/wp-content\/uploads\/factory-03.webp\"\/><\/p>\n<h3>Almac\u00e9n de moldes<\/h3>\n<p><img decoding=\"async\" src=\"\/wp-content\/uploads\/factory-04.webp\"\/><\/p>\n<h3>43 l\u00edneas de extrusi\u00f3n de aluminio (500-5500 toneladas)<\/h3>\n<p><img decoding=\"async\" src=\"\/wp-content\/uploads\/factory-05.webp\"\/><\/p>\n<p><img decoding=\"async\" src=\"\/wp-content\/uploads\/factory-06.webp\"\/><\/p>\n<p><img decoding=\"async\" src=\"\/wp-content\/uploads\/factory-07.webp\"\/><\/p>\n<h3>Taller de pintura en polvo<\/h3>\n<p><img decoding=\"async\" src=\"\/wp-content\/uploads\/factory-09.webp\"\/><\/p>\n<h3>Taller de anodizado<\/h3>\n<p><img decoding=\"async\" src=\"\/wp-content\/uploads\/factory-10.webp\"\/><\/p>\n<h3>Taller de procesamiento profundo<\/h3>\n<p><img decoding=\"async\" src=\"\/wp-content\/uploads\/factory-11.webp\"\/><\/p>\n<h3>Taller de mecanizado de precisi\u00f3n CNC<\/h3>\n<p><img decoding=\"async\" src=\"\/wp-content\/uploads\/factory-11.5.webp\"\/><\/p>\n<h3>Almac\u00e9n de productos acabados y de exportaci\u00f3n<\/h3>\n<p><img decoding=\"async\" src=\"\/wp-content\/uploads\/factory-12.webp\"\/><\/p>\n<p><img decoding=\"async\" src=\"\/wp-content\/uploads\/factory-13.webp\"\/><\/p>\n<p><img decoding=\"async\" src=\"\/wp-content\/uploads\/factory-14.webp\"\/><\/p>\n<h2>PREGUNTAS FRECUENTES<\/h2>\n<p><p><b>1.\u00bfCu\u00e1l es la diferencia entre los perfiles de aluminio T Slot y V Slot? <\/b><\/p>\n<p> Los perfiles de ranura en T est\u00e1n dise\u00f1ados para entramado estructural mediante tuercas en T, mientras que los perfiles de ranura en V incluyen una ranura en V que admite el movimiento lineal con ruedas.<br \/>\n<\/p><br \/>\n<br \/>\n<p><b>2.\u00bfPor qu\u00e9 elegir los perfiles T Slot y V Slot para los sistemas modulares? <\/b><\/p>\n<p> Estos perfiles ofrecen facilidad de montaje, gran adaptabilidad y compatibilidad con movimientos mec\u00e1nicos, lo que los hace ideales para estructuras personalizadas y configuraciones de automatizaci\u00f3n.<br \/>\n<\/p><br \/>\n<br \/>\n<p><b>3.\u00bfEs f\u00e1cil trabajar con estos perfiles de aluminio? <\/b><\/p>\n<p> S\u00ed, tanto los perfiles de ranura en T como los de ranura en V son f\u00e1ciles de cortar, taladrar y conectar, lo que permite realizar prototipos y cambios de dise\u00f1o con rapidez.<br \/>\n<\/p><br \/>\n<br \/>\n<p><b>4. \u00bfQu\u00e9 material se utiliza para los perfiles de ranura en T y en V? <\/b><\/p>\n<p> Estos perfiles suelen fabricarse con la aleaci\u00f3n de aluminio 6063-T5, conocida por su solidez, resistencia a la corrosi\u00f3n y excelente mecanizabilidad.<br \/>\n<\/p><br \/>\n<br \/>\n<p><b>5.\u00bfCu\u00e1les son las aplicaciones habituales de los perfiles de ranura en T y en V? <\/b><\/p>\n<p> Entre sus aplicaciones se incluyen m\u00e1quinas CNC, bastidores de impresoras 3D, sistemas rob\u00f3ticos, estructuras transportadoras y proyectos de mobiliario de bricolaje.<br \/>\n<\/p><br \/>\n<br \/>\n<p><b>6.\u00bfSon compatibles entre s\u00ed los perfiles T Slot y V Slot? <\/b><\/p>\n<p> Aunque ambos utilizan la misma aleaci\u00f3n de aluminio y principios de montaje similares, la compatibilidad depende de las dimensiones espec\u00edficas de las ranuras y de los tipos de accesorios.<br \/>\n<\/p><br \/>\n<br \/>\n<p><b>7.\u00bfPuedo obtener longitudes y acabados personalizados para estos perfiles? <\/b><\/p>\n<p> Los perfiles Absolutamente, Ranura en T y Ranura en V est\u00e1n disponibles en varias longitudes y acabados superficiales, incluidos el anodizado y el recubrimiento en polvo.<br \/>\n<\/p><br \/>\n<br \/>\n<p><b>8.\u00bfEste tipo de perfil de aluminio es adecuado para entornos industriales? <\/b><\/p>\n<p> S\u00ed, la alta resistencia y la naturaleza modular de estos perfiles los hacen ideales para uso industrial, incluidas las l\u00edneas de automatizaci\u00f3n y producci\u00f3n.<br \/>\n<\/p><br \/><\/p>","protected":false},"featured_media":6764,"template":"","categories":[67],"class_list":["post-6765","product","type-product","status-publish","has-post-thumbnail","hentry","category-architectural-aluminium-profile"],"meta_box":{"hilight_text_group":{"product_hilight_text":"<li>Versatile T Slot and V Slot aluminum profiles designed for modular framing systems<\/li>\r\r\n<li>High-precision extrusions compatible with a wide range of industrial hardware<\/li>\r\r\n<li>Lightweight and corrosion-resistant, ideal for machine frames, 3D printers, and automation projects<\/li>\r\r\n<li>Easy to cut, drill, and assemble, supporting rapid prototyping and flexible configurations<\/li>\r\r\n<li>Manufactured from high-strength 6063-T5 aluminum alloy for durability and performance<\/li>","product_chanpin_blog":"<ul>\r\r\n<li><a href=\"https:\/\/sinoextrud.com\/t-slot-v-slot-differences\/\" target=\"_blank\">t slot vs v slot<\/a><\/li>\r\r\n<li><a href=\"https:\/\/sinoextrud.com\/what-is-4040-aluminium-extrud\/\" target=\"_blank\">4040 aluminium extrusion<\/a><\/li>\r\r\n<li><a href=\"https:\/\/sinoextrud.com\/what-is-4040-aluminium-extrud\/\" target=\"_blank\">aluminum extrusions for industrial racks<\/a><\/li>\r\r\n<li><a href=\"https:\/\/sinoextrud.com\/powder-coating-aluminium-process\/\" target=\"_blank\">powder coating aluminium<\/a><\/li>\r\r\n<li><a href=\"https:\/\/sinoextrud.com\/what-is-an-aluminium-strip-ceiling\/\" target=\"_blank\">aluminium strip ceiling<\/a><\/li>\r\r\n<li><a href=\"https:\/\/sinoextrud.com\/what-is-a-heat-sink\/\" target=\"_blank\">what is a heat sink<\/a><\/li>\r\r\n<\/ul>","product_chanpin_chanpin":"<li><a href=\"https:\/\/sinoextrud.com\/product\/architectural-aluminum-profile\/\" target=\"_blank\">Architectural Aluminum Profile<\/a><\/li>\r\n<li><a href=\"https:\/\/sinoextrud.com\/product\/color-anodized-structural-aluminum-extrusions-profile-for-window-frame-extruded-aluminium-alloys-6063\/\" target=\"_blank\">Color Anodized structural aluminum extrusions Profile for Window Frame extruded aluminium alloys 6063<\/a><\/li>\r\n<li><a href=\"https:\/\/sinoextrud.com\/product\/building-material-aluminium-extrusion-profiles\/\" target=\"_blank\">Building Material Aluminium Extrusion Profiles<\/a><\/li>\r\n<li><a href=\"https:\/\/sinoextrud.com\/product\/expanded-metal-aluminium-profiles-partition-frame-for-bathroom-doors-busch-polish-light-top-a-grade\/\" target=\"_blank\">expanded metal aluminium profiles partition frame for bathroom doors busch polish light top a grade<\/a><\/li>\r\n<li><a href=\"https:\/\/sinoextrud.com\/product\/extude-aluminum-t-slot-and-v-slot-profile\/\" target=\"_blank\">Extude-Aluminum T Slot And V Slot Profile<\/a><\/li>\r\n<li><a href=\"https:\/\/sinoextrud.com\/product\/aluminium-square-tube-extrusion-profile-with-6063-t5-alloy-anodized-extruded-aluminium-profile\/\" target=\"_blank\">Aluminium Square Tube Extrusion Profile With 6063 T5 Alloy  Anodized Extruded Aluminium Profile<\/a><\/li>\r\n<li><a href=\"https:\/\/sinoextrud.com\/product\/v-slot-aluminum-profile-factory-bulk-business\/\" target=\"_blank\">v-slot aluminum profile Factory bulk business<\/a><\/li>\r\n<li><a href=\"https:\/\/sinoextrud.com\/product\/anodizing-aluminium-section-sliding-window\/\" target=\"_blank\">Anodizing Aluminium Section Sliding Window<\/a><\/li>\r\n<li><a href=\"https:\/\/sinoextrud.com\/product\/wholesale-aluminium-extrusion-corner-profile\/\" target=\"_blank\">Wholesale Aluminium Extrusion Corner Profile<\/a><\/li>\r\n<li><a href=\"https:\/\/sinoextrud.com\/product\/industrial-aluminium-extrusions-hollow-pipe-big-dimensions\/\" target=\"_blank\">Industrial Aluminium Extrusions Hollow Pipe Big Dimensions<\/a><\/li>\r\n<li><a href=\"https:\/\/sinoextrud.com\/product\/curved-aluminium-extrusion\/\" target=\"_blank\">Curved Aluminium Extrusion<\/a><\/li>"},"feature_list":[]},"_links":{"self":[{"href":"https:\/\/sinoextrud.com\/es\/wp-json\/wp\/v2\/product\/6765","targetHints":{"allow":["GET"]}}],"collection":[{"href":"https:\/\/sinoextrud.com\/es\/wp-json\/wp\/v2\/product"}],"about":[{"href":"https:\/\/sinoextrud.com\/es\/wp-json\/wp\/v2\/types\/product"}],"wp:featuredmedia":[{"embeddable":true,"href":"https:\/\/sinoextrud.com\/es\/wp-json\/wp\/v2\/media\/6764"}],"wp:attachment":[{"href":"https:\/\/sinoextrud.com\/es\/wp-json\/wp\/v2\/media?parent=6765"}],"wp:term":[{"taxonomy":"category","embeddable":true,"href":"https:\/\/sinoextrud.com\/es\/wp-json\/wp\/v2\/categories?post=6765"}],"curies":[{"name":"wp","href":"https:\/\/api.w.org\/{rel}","templated":true}]}}