{"id":6751,"date":"2025-06-01T14:38:29","date_gmt":"2025-06-01T14:38:29","guid":{"rendered":"https:\/\/sinoextrud.com\/product\/powder-coating-aluminium-profiles-for-industrial\/"},"modified":"2025-06-24T06:11:35","modified_gmt":"2025-06-24T06:11:35","slug":"recubrimiento-en-polvo-de-perfiles-de-aluminio-para-la-industria","status":"publish","type":"product","link":"https:\/\/sinoextrud.com\/es\/product\/powder-coating-aluminium-profiles-for-industrial\/","title":{"rendered":"Perfiles de aluminio con revestimiento en polvo para la industria"},"content":{"rendered":"<h2>Productos<\/h2>\n<table class=\"custom-table\">\n<tr>\n<td class=\"label\">1. Art\u00edculo<\/td>\n<td>Perfiles de aluminio con revestimiento en polvo para la industria<\/td>\n<\/tr>\n<tr>\n<td class=\"label\">2. Formas de secci\u00f3n<\/td>\n<td>I, U, T, C, Z, L, H, cuadrado, redondo, plano, hueco, ranura en T y otras formas complicadas por dise\u00f1o personalizado.<\/td>\n<\/tr>\n<tr>\n<td class=\"label\">3. Tratamiento de superficies<\/td>\n<td>Acabado de fresado\/Anodizado(oxidaci\u00f3n)\/Granallado\/Capa de polvo\/Electroforesis\/Grano de madera<\/td>\n<\/tr>\n<tr>\n<td class=\"label\">4. MOQ<\/td>\n<td>200KG para cada art\u00edculo<\/td>\n<\/tr>\n<tr>\n<td class=\"label\">5. Material<\/td>\n<td>Aleaci\u00f3n 100%: 6063 T5 \/ 6061 T6<\/td>\n<\/tr>\n<tr>\n<td class=\"label\">6. Longitud<\/td>\n<td>Normal=6 m, 1-9 m o personalizado<\/td>\n<\/tr>\n<tr>\n<td class=\"label\">7. Aplicaci\u00f3n<\/td>\n<td>1) - para marcos de puertas y ventanas<br \/>3) - para la construcci\u00f3n de muros cortina de vidrio<br \/>4) - para bastidores de paneles solares, soportes de montaje solar\/techo<br \/>5) - para los equipos de las cadenas de montaje de la industria<br \/>6) - para disipadores t\u00e9rmicos<br \/>7) - para iluminaci\u00f3n LED<br \/>8)- otros por tama\u00f1o y dimensi\u00f3n de dise\u00f1o personalizado<\/td>\n<\/tr>\n<tr>\n<td class=\"label\">8. Servicios<\/td>\n<td>1). Servicio OEM.<br \/>2). Dise\u00f1o seg\u00fan los requisitos de los clientes.<br \/>3). 29 a\u00f1os de experiencia profesional en investigaci\u00f3n, fabricaci\u00f3n<br \/>4). Nuestro moderno centro de procesamiento profundo puede proporcionar mecanizado como corte, punzonado, taladrado, doblado, roscado, etc.<\/td>\n<\/tr>\n<tr>\n<td class=\"label\">9. 9. Control de calidad<\/td>\n<td>Contamos con el m\u00e1s estricto sistema de control de calidad, inspecci\u00f3n 100% antes del env\u00edo<\/td>\n<\/tr>\n<\/table>\n<h2>Nuestra base de fabricaci\u00f3n<\/h2>\n<h3>Panorama de la f\u00e1brica<\/h3>\n<p><img decoding=\"async\" src=\"\/wp-content\/uploads\/factory-01.webp\"\/><\/p>\n<h3>Taller de fabricaci\u00f3n de barras de aluminio<\/h3>\n<p><img decoding=\"async\" src=\"\/wp-content\/uploads\/factory-02.webp\"\/><\/p>\n<p><img decoding=\"async\" src=\"\/wp-content\/uploads\/factory-03.webp\"\/><\/p>\n<h3>Almac\u00e9n de moldes<\/h3>\n<p><img decoding=\"async\" src=\"\/wp-content\/uploads\/factory-04.webp\"\/><\/p>\n<h3>43 l\u00edneas de extrusi\u00f3n de aluminio (500-5500 toneladas)<\/h3>\n<p><img decoding=\"async\" src=\"\/wp-content\/uploads\/factory-05.webp\"\/><\/p>\n<p><img decoding=\"async\" src=\"\/wp-content\/uploads\/factory-06.webp\"\/><\/p>\n<p><img decoding=\"async\" src=\"\/wp-content\/uploads\/factory-07.webp\"\/><\/p>\n<h3>Taller de pintura en polvo<\/h3>\n<p><img decoding=\"async\" src=\"\/wp-content\/uploads\/factory-09.webp\"\/><\/p>\n<h3>Taller de anodizado<\/h3>\n<p><img decoding=\"async\" src=\"\/wp-content\/uploads\/factory-10.webp\"\/><\/p>\n<h3>Taller de procesamiento profundo<\/h3>\n<p><img decoding=\"async\" src=\"\/wp-content\/uploads\/factory-11.webp\"\/><\/p>\n<h3>Taller de mecanizado de precisi\u00f3n CNC<\/h3>\n<p><img decoding=\"async\" src=\"\/wp-content\/uploads\/factory-11.5.webp\"\/><\/p>\n<h3>Almac\u00e9n de productos acabados y de exportaci\u00f3n<\/h3>\n<p><img decoding=\"async\" src=\"\/wp-content\/uploads\/factory-12.webp\"\/><\/p>\n<p><img decoding=\"async\" src=\"\/wp-content\/uploads\/factory-13.webp\"\/><\/p>\n<p><img decoding=\"async\" src=\"\/wp-content\/uploads\/factory-14.webp\"\/><\/p>\n<h2>PREGUNTAS FRECUENTES<\/h2>\n<p><p><b>1.\u00bfQu\u00e9 son los perfiles de aluminio con revestimiento en polvo para uso industrial? <\/b><\/p>\n<p> Los perfiles de aluminio con revestimiento de polvo son extrusiones de aluminio tratadas con un acabado de polvo seco para mejorar la durabilidad, la est\u00e9tica y la resistencia en entornos industriales.<br \/>\n<\/p><br \/>\n<br \/>\n<p><b>2.\u00bfPor qu\u00e9 es beneficioso el recubrimiento en polvo para los perfiles industriales de aluminio? <\/b><\/p>\n<p> El revestimiento en polvo ofrece una excelente resistencia a la corrosi\u00f3n, durabilidad y cobertura uniforme, por lo que resulta ideal para aplicaciones industriales.<br \/>\n<\/p><br \/>\n<br \/>\n<p><b>3. \u00bfSon adecuados los perfiles de aluminio con recubrimiento en polvo para entornos industriales exteriores? <\/b><\/p>\n<p> S\u00ed, los perfiles de aluminio con revestimiento en polvo son resistentes a los rayos UV, la humedad y los productos qu\u00edmicos, por lo que son aptos para las duras condiciones exteriores.<br \/>\n<\/p><br \/>\n<br \/>\n<p><b>4. \u00bfQu\u00e9 sectores suelen utilizar perfiles de aluminio con recubrimiento en polvo? <\/b><\/p>\n<p> Industrias como la construcci\u00f3n, la maquinaria, la automoci\u00f3n y las infraestructuras utilizan habitualmente perfiles de aluminio con recubrimiento en polvo para aplicaciones estructurales y de protecci\u00f3n.<br \/>\n<\/p><br \/>\n<br \/>\n<p><b>5.\u00bfPuedo elegir colores y texturas personalizados para los perfiles de aluminio con revestimiento en polvo? <\/b><\/p>\n<p> Por supuesto, el recubrimiento en polvo ofrece una amplia gama de colores, niveles de brillo y texturas de superficie personalizables para la marca y la est\u00e9tica industrial.<br \/>\n<\/p><br \/>\n<br \/>\n<p><b>6.\u00bfEs el proceso de recubrimiento en polvo respetuoso con el medio ambiente? <\/b><\/p>\n<p> S\u00ed, el recubrimiento en polvo es respetuoso con el medio ambiente, con un m\u00ednimo de residuos y sin emisiones nocivas de COV, lo que lo convierte en una soluci\u00f3n industrial sostenible.<br \/>\n<\/p><br \/>\n<br \/>\n<p><b>7. \u00bfCu\u00e1l es la durabilidad de los perfiles de aluminio con revestimiento en polvo? <\/b><\/p>\n<p> Los perfiles con recubrimiento de polvo son muy duraderos, resistentes al rayado, al desconchado y a la decoloraci\u00f3n, lo que los hace muy resistentes en entornos industriales.<br \/>\n<\/p><br \/>\n<br \/>\n<p><b>8.\u00bfQu\u00e9 mantenimiento requieren los perfiles de aluminio con recubrimiento en polvo? <\/b><\/p>\n<p> Requiere un mantenimiento m\u00ednimo: basta con una limpieza peri\u00f3dica con agua y jab\u00f3n suave para mantener su aspecto y rendimiento.<br \/>\n<\/p><br \/><\/p>","protected":false},"featured_media":6750,"template":"","categories":[67],"class_list":["post-6751","product","type-product","status-publish","has-post-thumbnail","hentry","category-architectural-aluminium-profile"],"meta_box":{"hilight_text_group":{"product_hilight_text":"<li>Durable powder-coated finish enhances corrosion and wear resistance<\/li>\r\r\n<li>Wide range of colors and textures available for industrial customization<\/li>\r\r\n<li>Strong and lightweight aluminum profiles ideal for heavy-duty applications<\/li>\r\r\n<li>Environmentally friendly coating process with minimal VOC emissions<\/li>\r\r\n<li>Consistent finish quality suitable for both indoor and outdoor industrial use<\/li>","product_chanpin_blog":"<ul>\r\r\n<li><a href=\"https:\/\/sinoextrud.com\/t-slot-v-slot-differences\/\" target=\"_blank\">t slot vs v slot<\/a><\/li>\r\r\n<li><a href=\"https:\/\/sinoextrud.com\/what-is-4040-aluminium-extrud\/\" target=\"_blank\">4040 aluminium extrusion<\/a><\/li>\r\r\n<li><a href=\"https:\/\/sinoextrud.com\/what-is-4040-aluminium-extrud\/\" target=\"_blank\">aluminum extrusions for industrial racks<\/a><\/li>\r\r\n<li><a href=\"https:\/\/sinoextrud.com\/powder-coating-aluminium-process\/\" target=\"_blank\">powder coating aluminium<\/a><\/li>\r\r\n<li><a href=\"https:\/\/sinoextrud.com\/what-is-an-aluminium-strip-ceiling\/\" target=\"_blank\">aluminium strip ceiling<\/a><\/li>\r\r\n<li><a href=\"https:\/\/sinoextrud.com\/what-is-a-heat-sink\/\" target=\"_blank\">what is a heat sink<\/a><\/li>\r\r\n<\/ul>","product_chanpin_chanpin":"<li><a href=\"https:\/\/sinoextrud.com\/product\/aluminium-profile\/\" target=\"_blank\">Aluminium profile<\/a><\/li>\r\n<li><a href=\"https:\/\/sinoextrud.com\/product\/aluminium-handrail-tubing\/\" target=\"_blank\">Aluminium Handrail Tubing<\/a><\/li>\r\n<li><a href=\"https:\/\/sinoextrud.com\/product\/kitchen-cabinet-aluminum-profile\/\" target=\"_blank\">Kitchen Cabinet Aluminum Profile<\/a><\/li>\r\n<li><a href=\"https:\/\/sinoextrud.com\/product\/aluminium-supplier-china-offer-aluminium-u-channel-extrusion-shapes-profile-for-show-enclosure-cabin\/\" target=\"_blank\">Aluminium Supplier China Offer Aluminium U Channel Extrusion Shapes Profile For Show Enclosure Cabin<\/a><\/li>\r\n<li><a href=\"https:\/\/sinoextrud.com\/product\/powder-coating-aluminium-profiles-for-industrial\/\" target=\"_blank\">Powder Coating Aluminium Profiles For Industrial<\/a><\/li>\r\n<li><a href=\"https:\/\/sinoextrud.com\/product\/c-beam-v-slot-aluminium-profile\/\" target=\"_blank\">C Beam V Slot Aluminium Profile<\/a><\/li>\r\n<li><a href=\"https:\/\/sinoextrud.com\/product\/construction-aluminum-profile\/\" target=\"_blank\">Construction Aluminum Profile<\/a><\/li>\r\n<li><a href=\"https:\/\/sinoextrud.com\/product\/architectural-aluminum-profile\/\" target=\"_blank\">Architectural Aluminum Profile<\/a><\/li>\r\n<li><a href=\"https:\/\/sinoextrud.com\/product\/color-anodized-structural-aluminum-extrusions-profile-for-window-frame-extruded-aluminium-alloys-6063\/\" target=\"_blank\">Color Anodized structural aluminum extrusions Profile for Window Frame extruded aluminium alloys 6063<\/a><\/li>\r\n<li><a href=\"https:\/\/sinoextrud.com\/product\/aluminium-profile-case\/\" target=\"_blank\">Aluminium Profile Case<\/a><\/li>\r\n<li><a href=\"https:\/\/sinoextrud.com\/product\/aluminum-profile-for-advertising-photo-frame\/\" target=\"_blank\">Aluminum Profile For Advertising Photo Frame<\/a><\/li>"},"feature_list":[]},"_links":{"self":[{"href":"https:\/\/sinoextrud.com\/es\/wp-json\/wp\/v2\/product\/6751","targetHints":{"allow":["GET"]}}],"collection":[{"href":"https:\/\/sinoextrud.com\/es\/wp-json\/wp\/v2\/product"}],"about":[{"href":"https:\/\/sinoextrud.com\/es\/wp-json\/wp\/v2\/types\/product"}],"wp:featuredmedia":[{"embeddable":true,"href":"https:\/\/sinoextrud.com\/es\/wp-json\/wp\/v2\/media\/6750"}],"wp:attachment":[{"href":"https:\/\/sinoextrud.com\/es\/wp-json\/wp\/v2\/media?parent=6751"}],"wp:term":[{"taxonomy":"category","embeddable":true,"href":"https:\/\/sinoextrud.com\/es\/wp-json\/wp\/v2\/categories?post=6751"}],"curies":[{"name":"wp","href":"https:\/\/api.w.org\/{rel}","templated":true}]}}