{"id":6686,"date":"2025-05-30T09:39:48","date_gmt":"2025-05-30T09:39:48","guid":{"rendered":"https:\/\/sinoextrud.com\/product\/polished-aluminum-u-channel\/"},"modified":"2025-06-24T06:11:32","modified_gmt":"2025-06-24T06:11:32","slug":"canal-en-u-de-aluminio-pulido","status":"publish","type":"product","link":"https:\/\/sinoextrud.com\/es\/product\/polished-aluminum-u-channel\/","title":{"rendered":"Canal en U de aluminio pulido"},"content":{"rendered":"<h2>Productos<\/h2>\n<table class=\"custom-table\">\n<tr>\n<td class=\"label\">Nombre del producto<\/td>\n<td>Canal en U de aluminio pulido<\/td>\n<\/tr>\n<tr>\n<td class=\"label\">Material<\/td>\n<td>6063, 6061, 6463, 6082 Aleaci\u00f3n de aluminio<\/td>\n<\/tr>\n<tr>\n<td class=\"label\">Color<\/td>\n<td>Personalizado<\/td>\n<\/tr>\n<tr>\n<td class=\"label\">Est\u00e1ndar<\/td>\n<td>GB2008<\/td>\n<\/tr>\n<tr>\n<td class=\"label\">Grado<\/td>\n<td>Serie 6000<\/td>\n<\/tr>\n<tr>\n<td class=\"label\">Espesor<\/td>\n<td>Personalizado<\/td>\n<\/tr>\n<tr>\n<td class=\"label\">Utilizaci\u00f3n<\/td>\n<td>Decoraci\u00f3n<\/td>\n<\/tr>\n<tr>\n<td class=\"label\">Temple<\/td>\n<td>T3-T8<\/td>\n<\/tr>\n<tr>\n<td class=\"label\">Longitud<\/td>\n<td>Personalizado<\/td>\n<\/tr>\n<tr>\n<td class=\"label\">Tratamiento de superficies<\/td>\n<td>Pintura en polvo, acabado de fresado, PVDF, anodizado, grano de madera, pulido, cepillado, etc.<\/td>\n<\/tr>\n<tr>\n<td class=\"label\">Orgin<\/td>\n<td>CHINA<\/td>\n<\/tr>\n<tr>\n<td class=\"label\">Es de aleaci\u00f3n o no<\/td>\n<td>Es aleaci\u00f3n<\/td>\n<\/tr>\n<tr>\n<td class=\"label\">Puerto<\/td>\n<td>Guangzhou, Shenzhen, Foshan<\/td>\n<\/tr>\n<\/table>\n<h2>Nuestra base de fabricaci\u00f3n<\/h2>\n<h3>Panorama de la f\u00e1brica<\/h3>\n<p><img decoding=\"async\" src=\"\/wp-content\/uploads\/factory-01.webp\"\/><\/p>\n<h3>Taller de fabricaci\u00f3n de barras de aluminio<\/h3>\n<p><img decoding=\"async\" src=\"\/wp-content\/uploads\/factory-02.webp\"\/><\/p>\n<p><img decoding=\"async\" src=\"\/wp-content\/uploads\/factory-03.webp\"\/><\/p>\n<h3>Almac\u00e9n de moldes<\/h3>\n<p><img decoding=\"async\" src=\"\/wp-content\/uploads\/factory-04.webp\"\/><\/p>\n<h3>43 l\u00edneas de extrusi\u00f3n de aluminio (500-5500 toneladas)<\/h3>\n<p><img decoding=\"async\" src=\"\/wp-content\/uploads\/factory-05.webp\"\/><\/p>\n<p><img decoding=\"async\" src=\"\/wp-content\/uploads\/factory-06.webp\"\/><\/p>\n<p><img decoding=\"async\" src=\"\/wp-content\/uploads\/factory-07.webp\"\/><\/p>\n<h3>Taller de pintura en polvo<\/h3>\n<p><img decoding=\"async\" src=\"\/wp-content\/uploads\/factory-09.webp\"\/><\/p>\n<h3>Taller de anodizado<\/h3>\n<p><img decoding=\"async\" src=\"\/wp-content\/uploads\/factory-10.webp\"\/><\/p>\n<h3>Taller de procesamiento profundo<\/h3>\n<p><img decoding=\"async\" src=\"\/wp-content\/uploads\/factory-11.webp\"\/><\/p>\n<h3>Taller de mecanizado de precisi\u00f3n CNC<\/h3>\n<p><img decoding=\"async\" src=\"\/wp-content\/uploads\/factory-11.5.webp\"\/><\/p>\n<h3>Almac\u00e9n de productos acabados y de exportaci\u00f3n<\/h3>\n<p><img decoding=\"async\" src=\"\/wp-content\/uploads\/factory-12.webp\"\/><\/p>\n<p><img decoding=\"async\" src=\"\/wp-content\/uploads\/factory-13.webp\"\/><\/p>\n<p><img decoding=\"async\" src=\"\/wp-content\/uploads\/factory-14.webp\"\/><\/p>\n<h2>PREGUNTAS FRECUENTES<\/h2>\n<p><p><b>1.\u00bfQu\u00e9 es un canal en U de aluminio pulido? <\/b><\/p>\n<p>Se trata de una extrusi\u00f3n de aluminio en forma de U con un acabado pulido espejo, que se utiliza para marcos estructurales, protecci\u00f3n de bordes y remates decorativos.<br \/>\n<\/p><br \/>\n<br \/>\n<p><b>2.\u00bfD\u00f3nde se suelen utilizar los canales en U de aluminio pulido? <\/b><\/p>\n<p>Se utilizan en ebanister\u00eda, expositores, dise\u00f1o de interiores, se\u00f1alizaci\u00f3n y enmarcaci\u00f3n.<br \/>\n<\/p><br \/>\n<br \/>\n<p><b>3.\u00bfQu\u00e9 beneficios aporta el acabado pulido? <\/b><\/p>\n<p>La superficie de alto brillo mejora la est\u00e9tica, proporciona un aspecto elegante y resiste el deslustre y la decoloraci\u00f3n.<br \/>\n<\/p><br \/>\n<br \/>\n<p><b>4.\u00bfLos canales en U de aluminio pulido son inoxidables? <\/b><\/p>\n<p>S\u00ed, el aluminio es naturalmente resistente a la corrosi\u00f3n, por lo que es ideal tanto para interiores como para exteriores.<br \/>\n<\/p><br \/>\n<br \/>\n<p><b>5.\u00bfPuedo obtener tama\u00f1os personalizados para los canales en U? <\/b><\/p>\n<p>S\u00ed, los proveedores ofrecen anchuras, profundidades y longitudes personalizadas para adaptarse a los requisitos espec\u00edficos de cada proyecto.<br \/>\n<\/p><br \/>\n<br \/>\n<p><b>6.\u00bfQu\u00e9 materiales son compatibles con los canales en U de aluminio? <\/b><\/p>\n<p>Pueden utilizarse con vidrio, acr\u00edlico, madera y otros paneles o superficies.<br \/>\n<\/p><br \/>\n<br \/>\n<p><b>7.\u00bfEstos canales son adecuados para proyectos de bricolaje? <\/b><\/p>\n<p>S\u00ed, son ligeras, f\u00e1ciles de manejar y se pueden cortar con herramientas est\u00e1ndar, lo que las hace ideales para el bricolaje y el uso profesional.<br \/>\n<\/p><br \/>\n<br \/>\n<p><b>8.\u00bfLos canales en U de aluminio pulido requieren mantenimiento? <\/b><\/p>\n<p>El mantenimiento es m\u00ednimo: basta con limpiarlo con un pa\u00f1o suave y un limpiador suave para conservar el brillo.<br \/>\n<\/p><br \/>\n<br \/>\n<p><b>9.\u00bfSe pueden anodizar o revestir estos canales en U? <\/b><\/p>\n<p>S\u00ed, adem\u00e1s de pulirse, pueden anodizarse o recubrirse de polvo para una mayor durabilidad y opciones de color.<br \/>\n<\/p><br \/>\n<br \/>\n<p><b>10.\u00bfEst\u00e1n disponibles en distintos acabados? <\/b><\/p>\n<p>S\u00ed, las opciones incluyen acabados pulidos, cepillados, anodizados y en bruto para satisfacer las preferencias de dise\u00f1o.<br \/>\n<\/p><br \/>\n<br \/>\n<p><b>11.\u00bfCu\u00e1l es el plazo de entrega de los pedidos al por mayor? <\/b><\/p>\n<p>El plazo de entrega suele oscilar entre 2 y 4 semanas, en funci\u00f3n de la personalizaci\u00f3n y el volumen del pedido.<br \/>\n<\/p><br \/>\n<br \/>\n<p><b>12.\u00bfOfrecen los proveedores opciones de envasado para los compradores B2B? <\/b><\/p>\n<p>S\u00ed, disponemos de embalajes personalizados y protectores para garantizar una entrega segura para env\u00edos a granel o internacionales.<br \/>\n<\/p><br \/>\n<br \/>\n<p><b>13.\u00bfSon reciclables los canales en U de aluminio pulido? <\/b><\/p>\n<p>S\u00ed, el aluminio es totalmente reciclable, lo que lo convierte en una opci\u00f3n ecol\u00f3gica para diversas industrias.<br \/>\n<\/p><br \/>\n<br \/>\n<p><b>14.\u00bfQu\u00e9 industrias utilizan canales en U pulidos? <\/b><\/p>\n<p>Se utilizan habitualmente en la construcci\u00f3n, la fabricaci\u00f3n de muebles, la exposici\u00f3n en comercios y los detalles arquitect\u00f3nicos.<br \/>\n<\/p><br \/>\n<br \/>\n<p><b>15.\u00bfLos canales en U de aluminio pulido soportan paneles pesados? <\/b><\/p>\n<p>S\u00ed, dependiendo del calibre y el dise\u00f1o, pueden proporcionar un soporte fiable para materiales de moderados a pesados.<br \/>\n<\/p><br \/><\/p>","protected":false},"featured_media":6685,"template":"","categories":[66],"class_list":["post-6686","product","type-product","status-publish","has-post-thumbnail","hentry","category-brushed-aluminum-profile"],"meta_box":{"hilight_text_group":{"product_hilight_text":"<li>High-gloss polished finish for premium visual appeal in decorative applications<\/li>\r\r\n<li>Corrosion-resistant aluminum ideal for indoor and outdoor use<\/li>\r\r\n<li>U-shaped design provides structural support and edge protection<\/li>\r\r\n<li>Lightweight and easy to fabricate, cut, and install<\/li>\r\r\n<li>Available in various sizes and customizable lengths for B2B requirements<\/li>","product_chanpin_blog":"<ul>\r\r\n<li><a href=\"https:\/\/sinoextrud.com\/t-slot-v-slot-differences\/\" target=\"_blank\">t slot vs v slot<\/a><\/li>\r\r\n<li><a href=\"https:\/\/sinoextrud.com\/what-is-4040-aluminium-extrud\/\" target=\"_blank\">4040 aluminium extrusion<\/a><\/li>\r\r\n<li><a href=\"https:\/\/sinoextrud.com\/what-is-4040-aluminium-extrud\/\" target=\"_blank\">aluminum extrusions for industrial racks<\/a><\/li>\r\r\n<li><a href=\"https:\/\/sinoextrud.com\/powder-coating-aluminium-process\/\" target=\"_blank\">powder coating aluminium<\/a><\/li>\r\r\n<li><a href=\"https:\/\/sinoextrud.com\/what-is-an-aluminium-strip-ceiling\/\" target=\"_blank\">aluminium strip ceiling<\/a><\/li>\r\r\n<li><a href=\"https:\/\/sinoextrud.com\/what-is-a-heat-sink\/\" target=\"_blank\">what is a heat sink<\/a><\/li>\r\r\n<\/ul>","product_chanpin_chanpin":"<li><a href=\"https:\/\/sinoextrud.com\/product\/brushed-aluminum-profiles\/\" target=\"_blank\">Brushed Aluminum Profiles<\/a><\/li>\r\n<li><a href=\"https:\/\/sinoextrud.com\/product\/aluminum-photo-frame-profile\/\" target=\"_blank\">Aluminum Photo Frame Profile<\/a><\/li>\r\n<li><a href=\"https:\/\/sinoextrud.com\/product\/f-channel-aluminum-extrusion\/\" target=\"_blank\">F Channel Aluminum Extrusion<\/a><\/li>\r\n<li><a href=\"https:\/\/sinoextrud.com\/product\/aluminum-glazing-extrusions\/\" target=\"_blank\">Aluminum Glazing Extrusions<\/a><\/li>\r\n<li><a href=\"https:\/\/sinoextrud.com\/product\/polished-aluminum-u-channel\/\" target=\"_blank\">Polished Aluminum U Channel<\/a><\/li>\r\n<li><a href=\"https:\/\/sinoextrud.com\/product\/mirror-like-polished-aluminium-extrusion-profiles\/\" target=\"_blank\">Mirror like Polished aluminium extrusion profiles<\/a><\/li>\r\n<li><a href=\"https:\/\/sinoextrud.com\/product\/polished-aluminium-profiles\/\" target=\"_blank\">Polished Aluminium Profiles<\/a><\/li>\r\n<li><a href=\"https:\/\/sinoextrud.com\/product\/6063-t5-extruded-aluminium-profile-with-polish-surface\/\" target=\"_blank\">6063 T5 Extruded Aluminium Profile with Polish Surface<\/a><\/li>\r\n<li><a href=\"https:\/\/sinoextrud.com\/product\/6463-brightness-polished-shower-room-u-channel-aluminum-profile\/\" target=\"_blank\">6463 Brightness Polished Shower Room U Channel Aluminum Profile<\/a><\/li>\r\n<li><a href=\"https:\/\/sinoextrud.com\/product\/aluminium-extrusion-motor-body\/\" target=\"_blank\">Aluminium Extrusion Motor Body<\/a><\/li>\r\n<li><a href=\"https:\/\/sinoextrud.com\/product\/extruded-aluminum-louver-blade-profile\/\" target=\"_blank\">Extruded Aluminum Louver Blade Profile<\/a><\/li>"},"feature_list":[]},"_links":{"self":[{"href":"https:\/\/sinoextrud.com\/es\/wp-json\/wp\/v2\/product\/6686","targetHints":{"allow":["GET"]}}],"collection":[{"href":"https:\/\/sinoextrud.com\/es\/wp-json\/wp\/v2\/product"}],"about":[{"href":"https:\/\/sinoextrud.com\/es\/wp-json\/wp\/v2\/types\/product"}],"wp:featuredmedia":[{"embeddable":true,"href":"https:\/\/sinoextrud.com\/es\/wp-json\/wp\/v2\/media\/6685"}],"wp:attachment":[{"href":"https:\/\/sinoextrud.com\/es\/wp-json\/wp\/v2\/media?parent=6686"}],"wp:term":[{"taxonomy":"category","embeddable":true,"href":"https:\/\/sinoextrud.com\/es\/wp-json\/wp\/v2\/categories?post=6686"}],"curies":[{"name":"wp","href":"https:\/\/api.w.org\/{rel}","templated":true}]}}