{"id":6630,"date":"2025-05-30T02:19:30","date_gmt":"2025-05-30T02:19:30","guid":{"rendered":"https:\/\/sinoextrud.com\/product\/aluminium-kitchen-cabinet-handles\/"},"modified":"2025-06-24T06:11:21","modified_gmt":"2025-06-24T06:11:21","slug":"tiradores-de-aluminio-para-armarios-de-cocina","status":"publish","type":"product","link":"https:\/\/sinoextrud.com\/es\/product\/aluminium-kitchen-cabinet-handles\/","title":{"rendered":"Tiradores de aluminio para armarios de cocina"},"content":{"rendered":"<h2>Productos<\/h2>\n<table class=\"custom-table\">\n<tr>\n<td class=\"label\">Nombre del producto<\/td>\n<td>Tiradores de aluminio para armarios de cocina<\/td>\n<\/tr>\n<tr>\n<td class=\"label\">Aleaci\u00f3n de aluminio<\/td>\n<td>Serie 1000, serie 200, serie 3000, serie 5000, serie 6000, serie 7000<\/td>\n<\/tr>\n<tr>\n<td class=\"label\">Temple<\/td>\n<td>T3-T8<\/td>\n<\/tr>\n<tr>\n<td class=\"label\">Forma<\/td>\n<td>personalizaci\u00f3n<\/td>\n<\/tr>\n<tr>\n<td class=\"label\">Color<\/td>\n<td>personalizaci\u00f3n<\/td>\n<\/tr>\n<tr>\n<td class=\"label\">Tratamiento de superficies<\/td>\n<td>acabado fresado, anodizado, grano de madera, pintura en polvo, chorro de arena, electroforesis, cepillado, pulido, etc.<\/td>\n<\/tr>\n<tr>\n<td class=\"label\">Procesado profundo CNC<\/td>\n<td>corte, taladrado, mecanizado, punzonado, plegado, roscado, etc.<\/td>\n<\/tr>\n<tr>\n<td class=\"label\">Certificaciones<\/td>\n<td>CE, ISO, SGS, TUV, ROHS<\/td>\n<\/tr>\n<tr>\n<td class=\"label\">Muestras<\/td>\n<td>muestra gratis. 1-3 d\u00edas de entrega a usted.<\/td>\n<\/tr>\n<tr>\n<td class=\"label\">MOQ<\/td>\n<td>200KG para cada perfil<\/td>\n<\/tr>\n<tr>\n<td class=\"label\">Plazo de entrega<\/td>\n<td>El desarrollo del molde y la confirmaci\u00f3n de la muestra es de 12-15 d\u00edas, luego la duraci\u00f3n de la producci\u00f3n es de 15-25 d\u00edas despu\u00e9s de la recepci\u00f3n de un dep\u00f3sito del comprador.<\/td>\n<\/tr>\n<tr>\n<td class=\"label\">Condiciones de pago<\/td>\n<td>30% dep\u00f3sito antes de la producci\u00f3n, y el saldo antes del env\u00edo.<br \/>etc.<\/td>\n<\/tr>\n<\/table>\n<h2>Nuestra base de fabricaci\u00f3n<\/h2>\n<h3>Panorama de la f\u00e1brica<\/h3>\n<p><img decoding=\"async\" src=\"\/wp-content\/uploads\/factory-01.webp\"\/><\/p>\n<h3>Taller de fabricaci\u00f3n de barras de aluminio<\/h3>\n<p><img decoding=\"async\" src=\"\/wp-content\/uploads\/factory-02.webp\"\/><\/p>\n<p><img decoding=\"async\" src=\"\/wp-content\/uploads\/factory-03.webp\"\/><\/p>\n<h3>Almac\u00e9n de moldes<\/h3>\n<p><img decoding=\"async\" src=\"\/wp-content\/uploads\/factory-04.webp\"\/><\/p>\n<h3>43 L\u00c3neas de extrusi\u00c3\u00b3n de aluminio (500\u00e2\u20ac\"5500 toneladas)<\/h3>\n<p><img decoding=\"async\" src=\"\/wp-content\/uploads\/factory-05.webp\"\/><\/p>\n<p><img decoding=\"async\" src=\"\/wp-content\/uploads\/factory-06.webp\"\/><\/p>\n<p><img decoding=\"async\" src=\"\/wp-content\/uploads\/factory-07.webp\"\/><\/p>\n<h3>Taller de pintura en polvo<\/h3>\n<p><img decoding=\"async\" src=\"\/wp-content\/uploads\/factory-09.webp\"\/><\/p>\n<h3>Taller de anodizado<\/h3>\n<p><img decoding=\"async\" src=\"\/wp-content\/uploads\/factory-10.webp\"\/><\/p>\n<h3>Taller de procesamiento profundo<\/h3>\n<p><img decoding=\"async\" src=\"\/wp-content\/uploads\/factory-11.webp\"\/><\/p>\n<h3>Taller de mecanizado de precisi\u00f3n CNC<\/h3>\n<p><img decoding=\"async\" src=\"\/wp-content\/uploads\/factory-11.5.webp\"\/><\/p>\n<h3>Almac\u00e9n de productos acabados y de exportaci\u00f3n<\/h3>\n<p><img decoding=\"async\" src=\"\/wp-content\/uploads\/factory-12.webp\"\/><\/p>\n<p><img decoding=\"async\" src=\"\/wp-content\/uploads\/factory-13.webp\"\/><\/p>\n<p><img decoding=\"async\" src=\"\/wp-content\/uploads\/factory-14.webp\"\/><\/p>\n<h2>PREGUNTAS FRECUENTES<\/h2>\n<p><p><b>1.\u00bfQu\u00e9 son los tiradores de aluminio para armarios de cocina?<\/b><\/p>\n<p>Los tiradores de aluminio para armarios de cocina son accesorios de ferreter\u00eda fabricados en aluminio que se utilizan para abrir y cerrar puertas de armarios y cajones.<br \/>\n<\/p><br \/>\n<br \/>\n<p><b>2.\u00bfCu\u00e1les son las principales ventajas de los tiradores de aluminio para armarios de cocina?<\/b><\/p>\n<p>Ofrecen durabilidad, ligereza, resistencia a la corrosi\u00f3n, est\u00e9tica moderna y f\u00e1cil mantenimiento para los armarios de cocina.<br \/>\n<\/p><br \/>\n<br \/>\n<p><b>3.\u00bfPor qu\u00e9 elegir tiradores de aluminio en lugar de otros materiales para los armarios de cocina?<\/b><\/p>\n<p>Las manillas de aluminio resisten el \u00f3xido y la corrosi\u00f3n, son f\u00e1ciles de limpiar, ofrecen un aspecto elegante y resultan m\u00e1s econ\u00f3micas que las de otros metales.<br \/>\n<\/p><br \/>\n<br \/>\n<p><b>4.\u00bfSe pueden personalizar los tiradores de aluminio para armarios de cocina?<\/b><\/p>\n<p>S\u00ed, pueden personalizarse en tama\u00f1o, forma, acabado, color y dise\u00f1o para adaptarse a diversos estilos de cocina y necesidades funcionales.<br \/>\n<\/p><br \/>\n<br \/>\n<p><b>5.\u00bfC\u00f3mo mejora el aluminio las prestaciones de los tiradores de los armarios de cocina?<\/b><\/p>\n<p>El aluminio proporciona un fuerte soporte estructural, resiste el desgaste y mantiene su aspecto a lo largo del tiempo en entornos de cocina h\u00famedos.<br \/>\n<\/p><br \/>\n<br \/>\n<p><b>6.\u00bfSon adecuados los tiradores de aluminio para todo tipo de cocinas?<\/b><\/p>\n<p>S\u00ed, son vers\u00e1tiles y se adaptan a dise\u00f1os de cocina modernos, tradicionales e industriales gracias a su gama de estilos y acabados.<br \/>\n<\/p><br \/>\n<br \/>\n<p><b>7. \u00bfQu\u00e9 industrias utilizan habitualmente tiradores de aluminio para armarios de cocina?<\/b><\/p>\n<p>Fabricantes de muebles, dise\u00f1adores de cocinas, minoristas de art\u00edculos para el hogar y contratistas utilizan tiradores de aluminio como herrajes de calidad para sus armarios.<br \/>\n<\/p><br \/>\n<br \/>\n<p><b>8.\u00bfC\u00f3mo contribuyen los tiradores de aluminio al dise\u00f1o sostenible de cocinas?<\/b><\/p>\n<p>El aluminio es 100% reciclable, duradero y reduce la necesidad de sustituciones frecuentes, lo que favorece las renovaciones de cocinas respetuosas con el medio ambiente.<br \/>\n<\/p><br \/><\/p>","protected":false},"featured_media":6629,"template":"","categories":[64],"class_list":["post-6630","product","type-product","status-publish","has-post-thumbnail","hentry","category-new-trend-aluminium-products"],"meta_box":{"hilight_text_group":{"product_hilight_text":"<li>High-quality aluminum handles provide durability and corrosion resistance<\/li>\r\r\n<li>Sleek and modern design enhances kitchen aesthetics<\/li>\r\r\n<li>Lightweight and easy to install for efficient cabinet assembly<\/li>\r\r\n<li>Available in various finishes and sizes to suit different styles<\/li>\r\r\n<li>Supports bulk orders with consistent quality and timely delivery<\/li>","product_chanpin_blog":"<ul>\r\r\n<li><a href=\"https:\/\/sinoextrud.com\/t-slot-v-slot-differences\/\" target=\"_blank\">t slot vs v slot<\/a><\/li>\r\r\n<li><a href=\"https:\/\/sinoextrud.com\/what-is-4040-aluminium-extrud\/\" target=\"_blank\">4040 aluminium extrusion<\/a><\/li>\r\r\n<li><a href=\"https:\/\/sinoextrud.com\/what-is-4040-aluminium-extrud\/\" target=\"_blank\">aluminum extrusions for industrial racks<\/a><\/li>\r\r\n<li><a href=\"https:\/\/sinoextrud.com\/powder-coating-aluminium-process\/\" target=\"_blank\">powder coating aluminium<\/a><\/li>\r\r\n<li><a href=\"https:\/\/sinoextrud.com\/what-is-an-aluminium-strip-ceiling\/\" target=\"_blank\">aluminium strip ceiling<\/a><\/li>\r\r\n<li><a href=\"https:\/\/sinoextrud.com\/what-is-a-heat-sink\/\" target=\"_blank\">what is a heat sink<\/a><\/li>\r\r\n<\/ul>","product_chanpin_chanpin":"<li><a href=\"https:\/\/sinoextrud.com\/product\/medical-instrument-aluminum-profile\/\" target=\"_blank\">Medical Instrument Aluminum Profile<\/a><\/li>\r\n<li><a href=\"https:\/\/sinoextrud.com\/product\/aluminum-t-shape-transition-tile-trim\/\" target=\"_blank\">Aluminum T Shape Transition Tile Trim<\/a><\/li>\r\n<li><a href=\"https:\/\/sinoextrud.com\/product\/wood-grain-aluminum-decking\/\" target=\"_blank\">Wood Grain Aluminum Decking<\/a><\/li>\r\n<li><a href=\"https:\/\/sinoextrud.com\/product\/weather-resistant-wood-grain-aluminum-profile\/\" target=\"_blank\">Weather Resistant Wood Grain Aluminum Profile<\/a><\/li>\r\n<li><a href=\"https:\/\/sinoextrud.com\/product\/aluminium-kitchen-cabinet-handles\/\" target=\"_blank\">Aluminium Kitchen Cabinet Handles<\/a><\/li>\r\n<li><a href=\"https:\/\/sinoextrud.com\/product\/aluminum-shower-door-frame-parts-u-channel\/\" target=\"_blank\">Aluminum Shower Door Frame Parts U-channel<\/a><\/li>\r\n<li><a href=\"https:\/\/sinoextrud.com\/product\/aluminium-extrusion-and-aluminium-profile\/\" target=\"_blank\">Aluminium Extrusion and Aluminium Profile<\/a><\/li>\r\n<li><a href=\"https:\/\/sinoextrud.com\/product\/telescopic-aluminium-square-tube\/\" target=\"_blank\">Telescopic Aluminium Square Tube<\/a><\/li>\r\n<li><a href=\"https:\/\/sinoextrud.com\/product\/customizable-bathroom-mirror-frame-bent-aluminum-profiles\/\" target=\"_blank\">Customizable Bathroom Mirror Frame Bent Aluminum Profiles<\/a><\/li>\r\n<li><a href=\"https:\/\/sinoextrud.com\/product\/special-aluminium-profiles-heat-sink-aluminum\/\" target=\"_blank\">Special Aluminium Profiles Heat Sink Aluminum<\/a><\/li>\r\n<li><a href=\"https:\/\/sinoextrud.com\/product\/natural-wood-grain-aluminium-square-tube\/\" target=\"_blank\">Natural Wood Grain Aluminium Square Tube<\/a><\/li>"},"feature_list":[]},"_links":{"self":[{"href":"https:\/\/sinoextrud.com\/es\/wp-json\/wp\/v2\/product\/6630","targetHints":{"allow":["GET"]}}],"collection":[{"href":"https:\/\/sinoextrud.com\/es\/wp-json\/wp\/v2\/product"}],"about":[{"href":"https:\/\/sinoextrud.com\/es\/wp-json\/wp\/v2\/types\/product"}],"wp:featuredmedia":[{"embeddable":true,"href":"https:\/\/sinoextrud.com\/es\/wp-json\/wp\/v2\/media\/6629"}],"wp:attachment":[{"href":"https:\/\/sinoextrud.com\/es\/wp-json\/wp\/v2\/media?parent=6630"}],"wp:term":[{"taxonomy":"category","embeddable":true,"href":"https:\/\/sinoextrud.com\/es\/wp-json\/wp\/v2\/categories?post=6630"}],"curies":[{"name":"wp","href":"https:\/\/api.w.org\/{rel}","templated":true}]}}