{"id":6616,"date":"2025-05-30T02:02:30","date_gmt":"2025-05-30T02:02:30","guid":{"rendered":"https:\/\/sinoextrud.com\/product\/aluminum-skirting-board\/"},"modified":"2025-06-24T06:11:14","modified_gmt":"2025-06-24T06:11:14","slug":"rodapie-de-aluminio","status":"publish","type":"product","link":"https:\/\/sinoextrud.com\/es\/product\/aluminum-skirting-board\/","title":{"rendered":"Rodapi\u00e9 de aluminio"},"content":{"rendered":"<h2>Productos<\/h2>\n<table class=\"custom-table\">\n<tr>\n<td class=\"label\">Nombre del producto<\/td>\n<td>Rodapi\u00e9 de aluminio<\/td>\n<\/tr>\n<tr>\n<td class=\"label\">Aleaci\u00f3n de aluminio<\/td>\n<td>Serie 5000(5052)<\/td>\n<\/tr>\n<tr>\n<td class=\"label\">Temple<\/td>\n<td>T3-T8<\/td>\n<\/tr>\n<tr>\n<td class=\"label\">Forma<\/td>\n<td>personalizaci\u00f3n<\/td>\n<\/tr>\n<tr>\n<td class=\"label\">Color<\/td>\n<td>personalizaci\u00f3n<\/td>\n<\/tr>\n<tr>\n<td class=\"label\">Longitud<\/td>\n<td>3000 mm<\/td>\n<\/tr>\n<tr>\n<td class=\"label\">Talla<\/td>\n<td>80 mm<\/td>\n<\/tr>\n<tr>\n<td class=\"label\">Tratamiento de superficies<\/td>\n<td>anodizado, oxidaci\u00f3n de tres \u00e1cidos, pulido<\/td>\n<\/tr>\n<tr>\n<td class=\"label\">Procesado profundo CNC<\/td>\n<td>corte, taladrado, mecanizado, punzonado, plegado, roscado, etc.<\/td>\n<\/tr>\n<tr>\n<td class=\"label\">Certificaciones<\/td>\n<td>CE, ISO, SGS, TUV, ROHS<\/td>\n<\/tr>\n<tr>\n<td class=\"label\">Patente<\/td>\n<td>patentes estructurales, patentes de apariencia y patentes de utilidad<\/td>\n<\/tr>\n<tr>\n<td class=\"label\">Muestras<\/td>\n<td>muestra gratis. 1-3 d\u00edas de entrega a usted.<\/td>\n<\/tr>\n<tr>\n<td class=\"label\">MOQ<\/td>\n<td>500m<\/td>\n<\/tr>\n<tr>\n<td class=\"label\">Plazo de entrega<\/td>\n<td>25-30 d\u00edas despu\u00e9s de la recepci\u00f3n del dep\u00f3sito del comprador.<\/td>\n<\/tr>\n<tr>\n<td class=\"label\">Condiciones de pago<\/td>\n<td>30% dep\u00f3sito antes de la producci\u00f3n, y el saldo antes del env\u00edo.<br \/>etc.<\/td>\n<\/tr>\n<\/table>\n<h2>Nuestra base de fabricaci\u00f3n<\/h2>\n<h3>Panorama de la f\u00e1brica<\/h3>\n<p><img decoding=\"async\" src=\"\/wp-content\/uploads\/factory-01.webp\"\/><\/p>\n<h3>Taller de fabricaci\u00f3n de barras de aluminio<\/h3>\n<p><img decoding=\"async\" src=\"\/wp-content\/uploads\/factory-02.webp\"\/><\/p>\n<p><img decoding=\"async\" src=\"\/wp-content\/uploads\/factory-03.webp\"\/><\/p>\n<h3>Almac\u00e9n de moldes<\/h3>\n<p><img decoding=\"async\" src=\"\/wp-content\/uploads\/factory-04.webp\"\/><\/p>\n<h3>43 L\u00c3neas de extrusi\u00c3\u00b3n de aluminio (500\u00e2\u20ac\"5500 toneladas)<\/h3>\n<p><img decoding=\"async\" src=\"\/wp-content\/uploads\/factory-05.webp\"\/><\/p>\n<p><img decoding=\"async\" src=\"\/wp-content\/uploads\/factory-06.webp\"\/><\/p>\n<p><img decoding=\"async\" src=\"\/wp-content\/uploads\/factory-07.webp\"\/><\/p>\n<h3>Taller de pintura en polvo<\/h3>\n<p><img decoding=\"async\" src=\"\/wp-content\/uploads\/factory-09.webp\"\/><\/p>\n<h3>Taller de anodizado<\/h3>\n<p><img decoding=\"async\" src=\"\/wp-content\/uploads\/factory-10.webp\"\/><\/p>\n<h3>Taller de procesamiento profundo<\/h3>\n<p><img decoding=\"async\" src=\"\/wp-content\/uploads\/factory-11.webp\"\/><\/p>\n<h3>Taller de mecanizado de precisi\u00f3n CNC<\/h3>\n<p><img decoding=\"async\" src=\"\/wp-content\/uploads\/factory-11.5.webp\"\/><\/p>\n<h3>Almac\u00e9n de productos acabados y de exportaci\u00f3n<\/h3>\n<p><img decoding=\"async\" src=\"\/wp-content\/uploads\/factory-12.webp\"\/><\/p>\n<p><img decoding=\"async\" src=\"\/wp-content\/uploads\/factory-13.webp\"\/><\/p>\n<p><img decoding=\"async\" src=\"\/wp-content\/uploads\/factory-14.webp\"\/><\/p>\n<h2>PREGUNTAS FRECUENTES<\/h2>\n<p><p><b>1.\u00bfQu\u00e9 es un rodapi\u00e9 de aluminio?<\/b><\/p>\n<p>Un rodapi\u00e9 de aluminio es un z\u00f3calo fabricado en aluminio que se utiliza para cubrir la junta entre la pared y el suelo, proporcionando protecci\u00f3n y un acabado decorativo.<br \/>\n<\/p><br \/>\n<br \/>\n<p><b>2.\u00bfCu\u00e1les son las principales ventajas de los rodapi\u00e9s de aluminio?<\/b><\/p>\n<p>Ofrecen una excelente durabilidad, resistencia a la corrosi\u00f3n, ligereza, facilidad de mantenimiento y un aspecto elegante y moderno.<br \/>\n<\/p><br \/>\n<br \/>\n<p><b>3.\u00bfPor qu\u00e9 elegir rodapi\u00e9s de aluminio en lugar de materiales tradicionales?<\/b><\/p>\n<p>Los rodapi\u00e9s de aluminio resisten la humedad, las termitas y el alabeo, por lo que son ideales para entornos h\u00famedos y de mucho tr\u00e1nsito, y tienen una vida \u00fatil m\u00e1s larga.<br \/>\n<\/p><br \/>\n<br \/>\n<p><b>4.\u00bfSe pueden personalizar los rodapi\u00e9s de aluminio?<\/b><\/p>\n<p>S\u00ed, pueden personalizarse en longitud, altura, grosor, color y acabado para adaptarse a estilos arquitect\u00f3nicos y de interiorismo espec\u00edficos.<br \/>\n<\/p><br \/>\n<br \/>\n<p><b>5.\u00bfC\u00f3mo mejora el aluminio las prestaciones de los rodapi\u00e9s?<\/b><\/p>\n<p>El aluminio proporciona una s\u00f3lida protecci\u00f3n contra los impactos y el desgaste, al tiempo que mantiene una superficie limpia, sin \u00f3xido y f\u00e1cil de limpiar.<br \/>\n<\/p><br \/>\n<br \/>\n<p><b>6.\u00bfSon los rodapi\u00e9s de aluminio adecuados tanto para uso residencial como comercial?<\/b><\/p>\n<p>S\u00ed, su durabilidad y atractivo est\u00e9tico los hacen adecuados para hogares, oficinas, espacios comerciales y entornos industriales.<br \/>\n<\/p><br \/>\n<br \/>\n<p><b>7.\u00bfQu\u00e9 industrias utilizan habitualmente rodapi\u00e9s de aluminio?<\/b><\/p>\n<p>Los sectores de la construcci\u00f3n, el dise\u00f1o de interiores, la hosteler\u00eda y los edificios comerciales utilizan rodapi\u00e9s de aluminio con fines funcionales y decorativos.<br \/>\n<\/p><br \/>\n<br \/>\n<p><b>8.\u00bfC\u00f3mo contribuyen los rodapi\u00e9s de aluminio a las pr\u00e1cticas de construcci\u00f3n sostenible?<\/b><\/p>\n<p>El aluminio es totalmente reciclable y duradero, lo que reduce los residuos y las necesidades de sustituci\u00f3n, contribuyendo a una construcci\u00f3n y un dise\u00f1o respetuosos con el medio ambiente.<br \/>\n<\/p><br \/><\/p>","protected":false},"featured_media":6615,"template":"","categories":[64],"class_list":["post-6616","product","type-product","status-publish","has-post-thumbnail","hentry","category-new-trend-aluminium-products"],"meta_box":{"hilight_text_group":{"product_hilight_text":"<li>Durable aluminum construction resists moisture, impact, and corrosion<\/li>\r\r\n<li>Lightweight design allows for easy installation and handling<\/li>\r\r\n<li>Sleek finish enhances interior aesthetics and complements modern designs<\/li>\r\r\n<li>Custom lengths and profiles available to fit various spaces<\/li>\r\r\n<li>Low maintenance and long-lasting, ideal for commercial and residential use<\/li>","product_chanpin_blog":"<ul>\r\r\n<li><a href=\"https:\/\/sinoextrud.com\/t-slot-v-slot-differences\/\" target=\"_blank\">t slot vs v slot<\/a><\/li>\r\r\n<li><a href=\"https:\/\/sinoextrud.com\/what-is-4040-aluminium-extrud\/\" target=\"_blank\">4040 aluminium extrusion<\/a><\/li>\r\r\n<li><a href=\"https:\/\/sinoextrud.com\/what-is-4040-aluminium-extrud\/\" target=\"_blank\">aluminum extrusions for industrial racks<\/a><\/li>\r\r\n<li><a href=\"https:\/\/sinoextrud.com\/powder-coating-aluminium-process\/\" target=\"_blank\">powder coating aluminium<\/a><\/li>\r\r\n<li><a href=\"https:\/\/sinoextrud.com\/what-is-an-aluminium-strip-ceiling\/\" target=\"_blank\">aluminium strip ceiling<\/a><\/li>\r\r\n<li><a href=\"https:\/\/sinoextrud.com\/what-is-a-heat-sink\/\" target=\"_blank\">what is a heat sink<\/a><\/li>\r\r\n<\/ul>","product_chanpin_chanpin":"<li><a href=\"https:\/\/sinoextrud.com\/product\/glass-balcony-railing-aluminum-u-channel-design\/\" target=\"_blank\">Glass Balcony Railing Aluminum U Channel Design<\/a><\/li>\r\n<li><a href=\"https:\/\/sinoextrud.com\/product\/wood-grain-bamboo-aluminum-pipe\/\" target=\"_blank\">Wood Grain Bamboo Aluminum Pipe<\/a><\/li>\r\n<li><a href=\"https:\/\/sinoextrud.com\/product\/anodized-aluminum-eectronic-equipment-enclosure\/\" target=\"_blank\">Anodized Aluminum Eectronic Equipment Enclosure<\/a><\/li>\r\n<li><a href=\"https:\/\/sinoextrud.com\/product\/aluminum-shower-frame-parts\/\" target=\"_blank\">Aluminum Shower Frame Parts<\/a><\/li>\r\n<li><a href=\"https:\/\/sinoextrud.com\/product\/aluminum-skirting-board\/\" target=\"_blank\">Aluminum Skirting Board<\/a><\/li>\r\n<li><a href=\"https:\/\/sinoextrud.com\/product\/purification-workshop-aluminum-profiles\/\" target=\"_blank\">Purification Workshop Aluminum Profiles<\/a><\/li>\r\n<li><a href=\"https:\/\/sinoextrud.com\/product\/aluminium-cladding-wall-profile\/\" target=\"_blank\">Aluminium Cladding Wall Profile<\/a><\/li>\r\n<li><a href=\"https:\/\/sinoextrud.com\/product\/medical-instrument-aluminum-profile\/\" target=\"_blank\">Medical Instrument Aluminum Profile<\/a><\/li>\r\n<li><a href=\"https:\/\/sinoextrud.com\/product\/aluminum-t-shape-transition-tile-trim\/\" target=\"_blank\">Aluminum T Shape Transition Tile Trim<\/a><\/li>\r\n<li><a href=\"https:\/\/sinoextrud.com\/product\/aluminum-extrusion-frame\/\" target=\"_blank\">Aluminum Extrusion Frame<\/a><\/li>\r\n<li><a href=\"https:\/\/sinoextrud.com\/product\/aluminum-shower-door-frame-parts-u-channel\/\" target=\"_blank\">Aluminum Shower Door Frame Parts U-channel<\/a><\/li>"},"feature_list":[]},"_links":{"self":[{"href":"https:\/\/sinoextrud.com\/es\/wp-json\/wp\/v2\/product\/6616","targetHints":{"allow":["GET"]}}],"collection":[{"href":"https:\/\/sinoextrud.com\/es\/wp-json\/wp\/v2\/product"}],"about":[{"href":"https:\/\/sinoextrud.com\/es\/wp-json\/wp\/v2\/types\/product"}],"wp:featuredmedia":[{"embeddable":true,"href":"https:\/\/sinoextrud.com\/es\/wp-json\/wp\/v2\/media\/6615"}],"wp:attachment":[{"href":"https:\/\/sinoextrud.com\/es\/wp-json\/wp\/v2\/media?parent=6616"}],"wp:term":[{"taxonomy":"category","embeddable":true,"href":"https:\/\/sinoextrud.com\/es\/wp-json\/wp\/v2\/categories?post=6616"}],"curies":[{"name":"wp","href":"https:\/\/api.w.org\/{rel}","templated":true}]}}