{"id":6589,"date":"2025-05-29T09:58:46","date_gmt":"2025-05-29T09:58:46","guid":{"rendered":"https:\/\/sinoextrud.com\/product\/wood-grain-bamboo-aluminum-pipe\/"},"modified":"2025-06-24T06:11:14","modified_gmt":"2025-06-24T06:11:14","slug":"tubo-de-aluminio-de-bambu-de-grano-de-madera","status":"publish","type":"product","link":"https:\/\/sinoextrud.com\/es\/product\/wood-grain-bamboo-aluminum-pipe\/","title":{"rendered":"Tubo de aluminio de bamb\u00fa con veta de madera"},"content":{"rendered":"<h2>Productos<\/h2>\n<table class=\"custom-table\">\n<tr>\n<td class=\"label\">Nombre del producto<\/td>\n<td>Tubo de aluminio de bamb\u00fa con veta de madera<\/td>\n<\/tr>\n<tr>\n<td class=\"label\">Aleaci\u00f3n de aluminio<\/td>\n<td>Serie 1000, serie 200, serie 3000, serie 5000, serie 6000, serie 7000<\/td>\n<\/tr>\n<tr>\n<td class=\"label\">Temple<\/td>\n<td>T3-T8<\/td>\n<\/tr>\n<tr>\n<td class=\"label\">Forma<\/td>\n<td>En funci\u00f3n de las demandas de los clientes<\/td>\n<\/tr>\n<tr>\n<td class=\"label\">Color<\/td>\n<td>En funci\u00f3n de las demandas de los clientes<\/td>\n<\/tr>\n<tr>\n<td class=\"label\">Tratamiento de superficies<\/td>\n<td>Grano de madera<\/td>\n<\/tr>\n<tr>\n<td class=\"label\">Procesado profundo CNC<\/td>\n<td>corte, taladrado, mecanizado, punzonado, plegado, roscado, etc.<\/td>\n<\/tr>\n<tr>\n<td class=\"label\">Certificaciones<\/td>\n<td>CE, ISO, SGS, TUV, ROHS<\/td>\n<\/tr>\n<tr>\n<td class=\"label\">Muestras<\/td>\n<td>muestra gratis. 1-3 d\u00edas de entrega a usted.<\/td>\n<\/tr>\n<tr>\n<td class=\"label\">MOQ<\/td>\n<td>200KG para cada perfil<\/td>\n<\/tr>\n<tr>\n<td class=\"label\">Plazo de entrega<\/td>\n<td>El desarrollo del molde y la confirmaci\u00f3n de la muestra es de 12-15 d\u00edas, luego la duraci\u00f3n de la producci\u00f3n es de 15-25 d\u00edas despu\u00e9s de la recepci\u00f3n del dep\u00f3sito del comprador.<\/td>\n<\/tr>\n<tr>\n<td class=\"label\">Condiciones de pago<\/td>\n<td>30% dep\u00f3sito antes de la producci\u00f3n, y el saldo antes del env\u00edo.<\/td>\n<\/tr>\n<tr>\n<td class=\"label\">Puerto<\/td>\n<td>FOB Shenzhen, Guangzhou, etc.<\/td>\n<\/tr>\n<\/table>\n<h2>Nuestra base de fabricaci\u00f3n<\/h2>\n<h3>Panorama de la f\u00e1brica<\/h3>\n<p><img decoding=\"async\" src=\"\/wp-content\/uploads\/factory-01.webp\"\/><\/p>\n<h3>Taller de fabricaci\u00f3n de barras de aluminio<\/h3>\n<p><img decoding=\"async\" src=\"\/wp-content\/uploads\/factory-02.webp\"\/><\/p>\n<p><img decoding=\"async\" src=\"\/wp-content\/uploads\/factory-03.webp\"\/><\/p>\n<h3>Almac\u00e9n de moldes<\/h3>\n<p><img decoding=\"async\" src=\"\/wp-content\/uploads\/factory-04.webp\"\/><\/p>\n<h3>43 l\u00edneas de extrusi\u00f3n de aluminio (500-5500 toneladas)<\/h3>\n<p><img decoding=\"async\" src=\"\/wp-content\/uploads\/factory-05.webp\"\/><\/p>\n<p><img decoding=\"async\" src=\"\/wp-content\/uploads\/factory-06.webp\"\/><\/p>\n<p><img decoding=\"async\" src=\"\/wp-content\/uploads\/factory-07.webp\"\/><\/p>\n<h3>Taller de pintura en polvo<\/h3>\n<p><img decoding=\"async\" src=\"\/wp-content\/uploads\/factory-09.webp\"\/><\/p>\n<h3>Taller de anodizado<\/h3>\n<p><img decoding=\"async\" src=\"\/wp-content\/uploads\/factory-10.webp\"\/><\/p>\n<h3>Taller de procesamiento profundo<\/h3>\n<p><img decoding=\"async\" src=\"\/wp-content\/uploads\/factory-11.webp\"\/><\/p>\n<h3>Taller de mecanizado de precisi\u00f3n CNC<\/h3>\n<p><img decoding=\"async\" src=\"\/wp-content\/uploads\/factory-11.5.webp\"\/><\/p>\n<h3>Almac\u00e9n de productos acabados y de exportaci\u00f3n<\/h3>\n<p><img decoding=\"async\" src=\"\/wp-content\/uploads\/factory-12.webp\"\/><\/p>\n<p><img decoding=\"async\" src=\"\/wp-content\/uploads\/factory-13.webp\"\/><\/p>\n<p><img decoding=\"async\" src=\"\/wp-content\/uploads\/factory-14.webp\"\/><\/p>\n<h2>PREGUNTAS FRECUENTES<\/h2>\n<p><p><b>1.\u00bfQu\u00e9 es un tubo de aluminio de bamb\u00fa con vetas de madera?<\/b><\/p>\n<p>Un tubo de aluminio de bamb\u00fa con vetas de madera es un tubo de aluminio con un acabado superficial que imita la textura natural del bamb\u00fa y las vetas de la madera, combinando resistencia y atractivo est\u00e9tico.<br \/>\n<\/p><br \/>\n<br \/>\n<p><b>2.\u00bfCu\u00e1les son las principales ventajas de los tubos de aluminio de bamb\u00fa con vetas de madera?<\/b><\/p>\n<p>Ofrecen una excelente resistencia a la corrosi\u00f3n, durabilidad ligera, bajo mantenimiento y un aspecto realista de madera de bamb\u00fa adecuado para aplicaciones decorativas y estructurales.<br \/>\n<\/p><br \/>\n<br \/>\n<p><b>3.\u00bfPor qu\u00e9 elegir tubos de aluminio de bamb\u00fa con grano de madera en lugar de bamb\u00fa natural o madera?<\/b><\/p>\n<p>Los tubos de aluminio son resistentes a la putrefacci\u00f3n, los insectos, la humedad y la deformaci\u00f3n, por lo que son m\u00e1s duraderos y f\u00e1ciles de mantener, al tiempo que conservan el aspecto natural del bamb\u00fa.<br \/>\n<\/p><br \/>\n<br \/>\n<p><b>4.\u00bfSe pueden personalizar los tubos de aluminio de bamb\u00fa con grano de madera?<\/b><\/p>\n<p>S\u00ed, pueden personalizarse en tama\u00f1o, grosor de pared, veteado, color y longitud para satisfacer requisitos funcionales y de dise\u00f1o espec\u00edficos.<br \/>\n<\/p><br \/>\n<br \/>\n<p><b>5.\u00bfC\u00f3mo realza el acabado de grano de madera de bamb\u00fa los tubos de aluminio?<\/b><\/p>\n<p>El acabado ofrece una textura y un color naturales de bamb\u00fa, al tiempo que conserva la solidez, la resistencia a la oxidaci\u00f3n y la ligereza del aluminio.<br \/>\n<\/p><br \/>\n<br \/>\n<p><b>6.\u00bfLos tubos de aluminio de bamb\u00fa veteado son aptos para uso exterior?<\/b><\/p>\n<p>S\u00ed, resisten la exposici\u00f3n a los rayos UV, la humedad y las inclemencias del tiempo, por lo que son ideales para usos arquitect\u00f3nicos, paisaj\u00edsticos y decorativos en exteriores.<br \/>\n<\/p><br \/>\n<br \/>\n<p><b>7.\u00bfQu\u00e9 industrias utilizan habitualmente tubos de aluminio de bamb\u00fa de grano de madera?<\/b><\/p>\n<p>Las industrias de la construcci\u00f3n, el paisajismo, el dise\u00f1o de interiores y la fabricaci\u00f3n de muebles utilizan estos tubos por su combinaci\u00f3n de belleza y rendimiento.<br \/>\n<\/p><br \/>\n<br \/>\n<p><b>8.\u00bfC\u00f3mo contribuyen los tubos de aluminio y bamb\u00fa con vetas de madera a la construcci\u00f3n sostenible?<\/b><\/p>\n<p>El aluminio es totalmente reciclable, y los acabados con vetas de madera de bamb\u00fa ofrecen una alternativa ecol\u00f3gica a los materiales naturales, reduciendo el impacto ambiental.<br \/>\n<\/p><br \/><\/p>","protected":false},"featured_media":6588,"template":"","categories":[64],"class_list":["post-6589","product","type-product","status-publish","has-post-thumbnail","hentry","category-new-trend-aluminium-products"],"meta_box":{"hilight_text_group":{"product_hilight_text":"<li>Wood grain bamboo finish combines natural look with aluminum durability<\/li>\r\r\n<li>Lightweight and corrosion-resistant for indoor and outdoor applications<\/li>\r\r\n<li>Unique design ideal for decorative and structural uses<\/li>\r\r\n<li>Precision extrusion ensures consistent dimensions and quality<\/li>\r\r\n<li>Supports custom sizes and bulk orders for diverse project needs<\/li>","product_chanpin_blog":"<ul>\r\r\n<li><a href=\"https:\/\/sinoextrud.com\/t-slot-v-slot-differences\/\" target=\"_blank\">t slot vs v slot<\/a><\/li>\r\r\n<li><a href=\"https:\/\/sinoextrud.com\/what-is-4040-aluminium-extrud\/\" target=\"_blank\">4040 aluminium extrusion<\/a><\/li>\r\r\n<li><a href=\"https:\/\/sinoextrud.com\/what-is-4040-aluminium-extrud\/\" target=\"_blank\">aluminum extrusions for industrial racks<\/a><\/li>\r\r\n<li><a href=\"https:\/\/sinoextrud.com\/powder-coating-aluminium-process\/\" target=\"_blank\">powder coating aluminium<\/a><\/li>\r\r\n<li><a href=\"https:\/\/sinoextrud.com\/what-is-an-aluminium-strip-ceiling\/\" target=\"_blank\">aluminium strip ceiling<\/a><\/li>\r\r\n<li><a href=\"https:\/\/sinoextrud.com\/what-is-a-heat-sink\/\" target=\"_blank\">what is a heat sink<\/a><\/li>\r\r\n<\/ul>","product_chanpin_chanpin":"<li><a href=\"https:\/\/sinoextrud.com\/product\/anodized-extrusion-precise-round-square-aluminum-tube\/\" target=\"_blank\">Anodized Extrusion Precise Round Square Aluminum Tube<\/a><\/li>\r\n<li><a href=\"https:\/\/sinoextrud.com\/product\/custom-aluminum-fluorocarbon-wood-grain-fence\/\" target=\"_blank\">Custom Aluminum Fluorocarbon Wood Grain Fence<\/a><\/li>\r\n<li><a href=\"https:\/\/sinoextrud.com\/product\/wood-grain-aluminum-square-tube\/\" target=\"_blank\">Wood Grain Aluminum Square Tube<\/a><\/li>\r\n<li><a href=\"https:\/\/sinoextrud.com\/product\/glass-balcony-railing-aluminum-u-channel-design\/\" target=\"_blank\">Glass Balcony Railing Aluminum U Channel Design<\/a><\/li>\r\n<li><a href=\"https:\/\/sinoextrud.com\/product\/wood-grain-bamboo-aluminum-pipe\/\" target=\"_blank\">Wood Grain Bamboo Aluminum Pipe<\/a><\/li>\r\n<li><a href=\"https:\/\/sinoextrud.com\/product\/anodized-aluminum-eectronic-equipment-enclosure\/\" target=\"_blank\">Anodized Aluminum Eectronic Equipment Enclosure<\/a><\/li>\r\n<li><a href=\"https:\/\/sinoextrud.com\/product\/aluminum-shower-frame-parts\/\" target=\"_blank\">Aluminum Shower Frame Parts<\/a><\/li>\r\n<li><a href=\"https:\/\/sinoextrud.com\/product\/aluminum-skirting-board\/\" target=\"_blank\">Aluminum Skirting Board<\/a><\/li>\r\n<li><a href=\"https:\/\/sinoextrud.com\/product\/purification-workshop-aluminum-profiles\/\" target=\"_blank\">Purification Workshop Aluminum Profiles<\/a><\/li>\r\n<li><a href=\"https:\/\/sinoextrud.com\/product\/aluminum-profile-manufacturer\/\" target=\"_blank\">Aluminum Profile Manufacturer<\/a><\/li>\r\n<li><a href=\"https:\/\/sinoextrud.com\/product\/anodized-aluminum-railing-systems\/\" target=\"_blank\">Anodized Aluminum Railing Systems<\/a><\/li>"},"feature_list":[]},"_links":{"self":[{"href":"https:\/\/sinoextrud.com\/es\/wp-json\/wp\/v2\/product\/6589","targetHints":{"allow":["GET"]}}],"collection":[{"href":"https:\/\/sinoextrud.com\/es\/wp-json\/wp\/v2\/product"}],"about":[{"href":"https:\/\/sinoextrud.com\/es\/wp-json\/wp\/v2\/types\/product"}],"wp:featuredmedia":[{"embeddable":true,"href":"https:\/\/sinoextrud.com\/es\/wp-json\/wp\/v2\/media\/6588"}],"wp:attachment":[{"href":"https:\/\/sinoextrud.com\/es\/wp-json\/wp\/v2\/media?parent=6589"}],"wp:term":[{"taxonomy":"category","embeddable":true,"href":"https:\/\/sinoextrud.com\/es\/wp-json\/wp\/v2\/categories?post=6589"}],"curies":[{"name":"wp","href":"https:\/\/api.w.org\/{rel}","templated":true}]}}