{"id":6559,"date":"2025-05-29T08:51:23","date_gmt":"2025-05-29T08:51:23","guid":{"rendered":"https:\/\/sinoextrud.com\/product\/wood-look-aluminium-battens\/"},"modified":"2025-06-24T06:11:09","modified_gmt":"2025-06-24T06:11:09","slug":"listones-de-aluminio-con-aspecto-de-madera","status":"publish","type":"product","link":"https:\/\/sinoextrud.com\/es\/product\/wood-look-aluminium-battens\/","title":{"rendered":"Listones de aluminio con aspecto de madera"},"content":{"rendered":"<h2>Productos<\/h2>\n<table class=\"custom-table\">\n<tr>\n<td class=\"label\">T\u00edtulo<\/td>\n<td>Listones de aluminio con aspecto de madera<\/td>\n<\/tr>\n<tr>\n<td class=\"label\">Material<\/td>\n<td>aleaci\u00f3n de aluminio<\/td>\n<\/tr>\n<tr>\n<td class=\"label\">Tratamiento de superficies y garant\u00eda<\/td>\n<td>pulverizaci\u00f3n de pintura de grano de madera ordinaria (10 a\u00f1os), pulverizaci\u00f3n de pintura de grano de madera especial AKSU (15 a\u00f1os)<\/td>\n<\/tr>\n<tr>\n<td class=\"label\">Anchura<\/td>\n<td>normalmente 5 cm (2 pulgadas), 7,6 cm (3 pulgadas) o 10 cm (4 pulgadas). se aceptan pedidos personalizados.<\/td>\n<\/tr>\n<tr>\n<td class=\"label\">Longitud<\/td>\n<td>normalmente 10 pies (aproximadamente 3 metros) o 12 pies (aproximadamente 3,6 metros). aceptamos pedidos personalizados.<\/td>\n<\/tr>\n<tr>\n<td class=\"label\">Espesor<\/td>\n<td>normalmente de 0,02 pulgadas (unos 0,5 mm) a 0,08 pulgadas (unos 2 mm). aceptamos pedidos personalizados.<\/td>\n<\/tr>\n<tr>\n<td class=\"label\">Color<\/td>\n<td>textura de imitaci\u00f3n de madera natural, clara y realista, como aspecto de madera, aspecto de caoba, aspecto de cerezo, aspecto de nogal, etc.<\/td>\n<\/tr>\n<tr>\n<td class=\"label\">M\u00e9todo de instalaci\u00f3n<\/td>\n<td>Los m\u00e9todos de instalaci\u00f3n habituales incluyen tornillos, ganchos, etc.<\/td>\n<\/tr>\n<\/table>\n<h2>Nuestra base de fabricaci\u00f3n<\/h2>\n<h3>Panorama de la f\u00e1brica<\/h3>\n<p><img decoding=\"async\" src=\"\/wp-content\/uploads\/factory-01.webp\"\/><\/p>\n<h3>Taller de fabricaci\u00f3n de barras de aluminio<\/h3>\n<p><img decoding=\"async\" src=\"\/wp-content\/uploads\/factory-02.webp\"\/><\/p>\n<p><img decoding=\"async\" src=\"\/wp-content\/uploads\/factory-03.webp\"\/><\/p>\n<h3>Almac\u00e9n de moldes<\/h3>\n<p><img decoding=\"async\" src=\"\/wp-content\/uploads\/factory-04.webp\"\/><\/p>\n<h3>43 l\u00edneas de extrusi\u00f3n de aluminio (500-5500 toneladas)<\/h3>\n<p><img decoding=\"async\" src=\"\/wp-content\/uploads\/factory-05.webp\"\/><\/p>\n<p><img decoding=\"async\" src=\"\/wp-content\/uploads\/factory-06.webp\"\/><\/p>\n<p><img decoding=\"async\" src=\"\/wp-content\/uploads\/factory-07.webp\"\/><\/p>\n<h3>Taller de pintura en polvo<\/h3>\n<p><img decoding=\"async\" src=\"\/wp-content\/uploads\/factory-09.webp\"\/><\/p>\n<h3>Taller de anodizado<\/h3>\n<p><img decoding=\"async\" src=\"\/wp-content\/uploads\/factory-10.webp\"\/><\/p>\n<h3>Taller de procesamiento profundo<\/h3>\n<p><img decoding=\"async\" src=\"\/wp-content\/uploads\/factory-11.webp\"\/><\/p>\n<h3>Taller de mecanizado de precisi\u00f3n CNC<\/h3>\n<p><img decoding=\"async\" src=\"\/wp-content\/uploads\/factory-11.5.webp\"\/><\/p>\n<h3>Almac\u00e9n de productos acabados y de exportaci\u00f3n<\/h3>\n<p><img decoding=\"async\" src=\"\/wp-content\/uploads\/factory-12.webp\"\/><\/p>\n<p><img decoding=\"async\" src=\"\/wp-content\/uploads\/factory-13.webp\"\/><\/p>\n<p><img decoding=\"async\" src=\"\/wp-content\/uploads\/factory-14.webp\"\/><\/p>\n<h2>PREGUNTAS FRECUENTES<\/h2>\n<p><p><b>1.\u00bfQu\u00e9 son los listones de aluminio con aspecto de madera?<\/b><\/p>\n<p>Los listones de aluminio con aspecto de madera son tiras de aluminio dise\u00f1adas con un acabado superficial que imita las vetas de la madera natural, utilizadas para revestimientos decorativos y detalles arquitect\u00f3nicos.<br \/>\n<\/p><br \/>\n<br \/>\n<p><b>2. \u00bfCu\u00e1les son las principales ventajas de los listones de aluminio con aspecto de madera?<\/b><\/p>\n<p>Proporcionan una excelente resistencia a la corrosi\u00f3n, ligereza, bajo mantenimiento y un aspecto de madera realista adecuado tanto para aplicaciones interiores como exteriores.<br \/>\n<\/p><br \/>\n<br \/>\n<p><b>3. \u00bfPor qu\u00e9 elegir listones de aluminio con aspecto de madera en lugar de madera aut\u00e9ntica?<\/b><\/p>\n<p>Los listones de aluminio son resistentes a la putrefacci\u00f3n, los insectos, las deformaciones y los da\u00f1os causados por la intemperie, por lo que ofrecen una mayor durabilidad y un mantenimiento reducido, al tiempo que mantienen un aspecto de madera natural.<br \/>\n<\/p><br \/>\n<br \/>\n<p><b>4.\u00bfSe pueden personalizar los listones de aluminio con aspecto de madera?<\/b><\/p>\n<p>S\u00ed, pueden personalizarse en tama\u00f1o, color, textura de la veta de la madera, acabado y longitud para satisfacer requisitos arquitect\u00f3nicos y de dise\u00f1o espec\u00edficos.<br \/>\n<\/p><br \/>\n<br \/>\n<p><b>5.\u00bfC\u00f3mo mejora el acabado con aspecto de madera de los listones de aluminio?<\/b><\/p>\n<p>El acabado ofrece una est\u00e9tica de madera aut\u00e9ntica al tiempo que mantiene la durabilidad del aluminio, su resistencia a la intemperie y su facilidad de limpieza.<br \/>\n<\/p><br \/>\n<br \/>\n<p><b>6. \u00bfLos listones de aluminio con aspecto de madera son adecuados para su uso en exteriores?<\/b><\/p>\n<p>S\u00ed, est\u00e1n dise\u00f1ados para resistir los rayos UV, la humedad y las fluctuaciones de temperatura, por lo que son ideales para revestimientos exteriores y pantallas.<br \/>\n<\/p><br \/>\n<br \/>\n<p><b>7.\u00bfQu\u00e9 industrias utilizan habitualmente listones de aluminio con aspecto de madera?<\/b><\/p>\n<p>Empresas de construcci\u00f3n, paisajismo, dise\u00f1o de interiores y arquitectura utilizan estos listones por su combinaci\u00f3n de belleza y rendimiento.<br \/>\n<\/p><br \/>\n<br \/>\n<p><b>8. \u00bfC\u00f3mo contribuyen los listones de aluminio con aspecto de madera al dise\u00f1o sostenible?<\/b><\/p>\n<p>El aluminio es totalmente reciclable, y los acabados con aspecto de madera ofrecen una alternativa ecol\u00f3gica a la madera, reduciendo el impacto ambiental y la deforestaci\u00f3n.<br \/>\n<\/p><br \/><\/p>","protected":false},"featured_media":6558,"template":"","categories":[65],"class_list":["post-6559","product","type-product","status-publish","has-post-thumbnail","hentry","category-wooden-grained-aluminum-profile"],"meta_box":{"hilight_text_group":{"product_hilight_text":"<li>Wood look finish offers natural aesthetic with durable aluminum strength<\/li>\r\r\n<li>Resistant to weather, rot, insects, and requires minimal maintenance<\/li>\r\r\n<li>Lightweight design facilitates easy handling and installation<\/li>\r\r\n<li>Ideal for architectural and decorative applications in indoor and outdoor spaces<\/li>\r\r\n<li>Custom sizes and finishes available to suit project requirements<\/li>","product_chanpin_blog":"<ul>\r\r\n<li><a href=\"https:\/\/sinoextrud.com\/t-slot-v-slot-differences\/\" target=\"_blank\">t slot vs v slot<\/a><\/li>\r\r\n<li><a href=\"https:\/\/sinoextrud.com\/what-is-4040-aluminium-extrud\/\" target=\"_blank\">4040 aluminium extrusion<\/a><\/li>\r\r\n<li><a href=\"https:\/\/sinoextrud.com\/what-is-4040-aluminium-extrud\/\" target=\"_blank\">aluminum extrusions for industrial racks<\/a><\/li>\r\r\n<li><a href=\"https:\/\/sinoextrud.com\/powder-coating-aluminium-process\/\" target=\"_blank\">powder coating aluminium<\/a><\/li>\r\r\n<li><a href=\"https:\/\/sinoextrud.com\/what-is-an-aluminium-strip-ceiling\/\" target=\"_blank\">aluminium strip ceiling<\/a><\/li>\r\r\n<li><a href=\"https:\/\/sinoextrud.com\/what-is-a-heat-sink\/\" target=\"_blank\">what is a heat sink<\/a><\/li>\r\r\n<\/ul>","product_chanpin_chanpin":"<li><a href=\"https:\/\/sinoextrud.com\/product\/wood-look-aluminum-soffit\/\" target=\"_blank\">Wood Look Aluminum Soffit<\/a><\/li>\r\n<li><a href=\"https:\/\/sinoextrud.com\/product\/wood-look-aluminium-slats\/\" target=\"_blank\">Wood Look Aluminium Slats<\/a><\/li>\r\n<li><a href=\"https:\/\/sinoextrud.com\/product\/natural-wood-grain-aluminium-square-tube\/\" target=\"_blank\">Natural Wood Grain Aluminium Square Tube<\/a><\/li>\r\n<li><a href=\"https:\/\/sinoextrud.com\/product\/wood-look-aluminium-cladding\/\" target=\"_blank\">Wood Look Aluminium Cladding<\/a><\/li>\r\n<li><a href=\"https:\/\/sinoextrud.com\/product\/wood-look-aluminium-battens\/\" target=\"_blank\">Wood Look Aluminium Battens<\/a><\/li>\r\n<li><a href=\"https:\/\/sinoextrud.com\/product\/wood-finish-aluminum-tube\/\" target=\"_blank\">Wood Finish Aluminum Tube<\/a><\/li>\r\n<li><a href=\"https:\/\/sinoextrud.com\/product\/3d-wood-grain-aluminium-battens\/\" target=\"_blank\">3D Wood Grain Aluminium Battens<\/a><\/li>\r\n<li><a href=\"https:\/\/sinoextrud.com\/product\/commercial-handrail-systems\/\" target=\"_blank\">Commercial Handrail Systems<\/a><\/li>\r\n<li><a href=\"https:\/\/sinoextrud.com\/product\/extruded-aluminum-wood-grain-tube-profile\/\" target=\"_blank\">Extruded Aluminum Wood Grain Tube Profile<\/a><\/li>\r\n<li><a href=\"https:\/\/sinoextrud.com\/product\/extruded-aluminum-tubing-shapes-supplier\/\" target=\"_blank\">Extruded Aluminum Tubing Shapes Supplier<\/a><\/li>\r\n<li><a href=\"https:\/\/sinoextrud.com\/product\/40x40-aluminium-extrusion\/\" target=\"_blank\">40\u00c3\u201440 Aluminium Extrusion<\/a><\/li>"},"feature_list":[]},"_links":{"self":[{"href":"https:\/\/sinoextrud.com\/es\/wp-json\/wp\/v2\/product\/6559","targetHints":{"allow":["GET"]}}],"collection":[{"href":"https:\/\/sinoextrud.com\/es\/wp-json\/wp\/v2\/product"}],"about":[{"href":"https:\/\/sinoextrud.com\/es\/wp-json\/wp\/v2\/types\/product"}],"wp:featuredmedia":[{"embeddable":true,"href":"https:\/\/sinoextrud.com\/es\/wp-json\/wp\/v2\/media\/6558"}],"wp:attachment":[{"href":"https:\/\/sinoextrud.com\/es\/wp-json\/wp\/v2\/media?parent=6559"}],"wp:term":[{"taxonomy":"category","embeddable":true,"href":"https:\/\/sinoextrud.com\/es\/wp-json\/wp\/v2\/categories?post=6559"}],"curies":[{"name":"wp","href":"https:\/\/api.w.org\/{rel}","templated":true}]}}