{"id":6557,"date":"2025-05-29T08:48:43","date_gmt":"2025-05-29T08:48:43","guid":{"rendered":"https:\/\/sinoextrud.com\/product\/wood-look-aluminium-cladding\/"},"modified":"2025-06-24T06:11:09","modified_gmt":"2025-06-24T06:11:09","slug":"revestimiento-de-aluminio-con-aspecto-de-madera","status":"publish","type":"product","link":"https:\/\/sinoextrud.com\/es\/product\/wood-look-aluminium-cladding\/","title":{"rendered":"Revestimiento de aluminio con aspecto de madera"},"content":{"rendered":"<h2>Productos<\/h2>\n<table class=\"custom-table\">\n<tr>\n<td class=\"label\">Material<\/td>\n<td>aleaci\u00f3n de aluminio<\/td>\n<\/tr>\n<tr>\n<td class=\"label\">Tratamiento de superficies y garant\u00eda<\/td>\n<td>pulverizaci\u00f3n de pintura de grano de madera ordinaria (10 a\u00f1os), pulverizaci\u00f3n de pintura de grano de madera especial AKSU (15 a\u00f1os)<\/td>\n<\/tr>\n<tr>\n<td class=\"label\">Anchura<\/td>\n<td>Normalmente 15 cm, se aceptan pedidos personalizados.<\/td>\n<\/tr>\n<tr>\n<td class=\"label\">Longitud<\/td>\n<td>normalmente 10 pies (unos 3 metros) o 12 pies (unos 3,6 metros), aceptamos pedidos personalizados.<\/td>\n<\/tr>\n<tr>\n<td class=\"label\">Espesor<\/td>\n<td>normalmente de 0,02 pulgadas (aproximadamente 0,5 mm) a 0,08 pulgadas (aproximadamente 2 mm) , aceptamos pedidos personalizados.<\/td>\n<\/tr>\n<tr>\n<td class=\"label\">Color<\/td>\n<td>textura de imitaci\u00f3n de madera natural, clara y realista, como aspecto de madera, aspecto de caoba, aspecto de cerezo, aspecto de nogal, etc.<\/td>\n<\/tr>\n<tr>\n<td class=\"label\">M\u00e9todo de instalaci\u00f3n<\/td>\n<td>Los m\u00e9todos de instalaci\u00f3n m\u00e1s habituales son colgado, fijo o enchufado,<\/td>\n<\/tr>\n<\/table>\n<h2>Nuestra base de fabricaci\u00f3n<\/h2>\n<h3>Panorama de la f\u00e1brica<\/h3>\n<p><img decoding=\"async\" src=\"\/wp-content\/uploads\/factory-01.webp\"\/><\/p>\n<h3>Taller de fabricaci\u00f3n de barras de aluminio<\/h3>\n<p><img decoding=\"async\" src=\"\/wp-content\/uploads\/factory-02.webp\"\/><\/p>\n<p><img decoding=\"async\" src=\"\/wp-content\/uploads\/factory-03.webp\"\/><\/p>\n<h3>Almac\u00e9n de moldes<\/h3>\n<p><img decoding=\"async\" src=\"\/wp-content\/uploads\/factory-04.webp\"\/><\/p>\n<h3>43 l\u00edneas de extrusi\u00f3n de aluminio (500-5500 toneladas)<\/h3>\n<p><img decoding=\"async\" src=\"\/wp-content\/uploads\/factory-05.webp\"\/><\/p>\n<p><img decoding=\"async\" src=\"\/wp-content\/uploads\/factory-06.webp\"\/><\/p>\n<p><img decoding=\"async\" src=\"\/wp-content\/uploads\/factory-07.webp\"\/><\/p>\n<h3>Taller de pintura en polvo<\/h3>\n<p><img decoding=\"async\" src=\"\/wp-content\/uploads\/factory-09.webp\"\/><\/p>\n<h3>Taller de anodizado<\/h3>\n<p><img decoding=\"async\" src=\"\/wp-content\/uploads\/factory-10.webp\"\/><\/p>\n<h3>Taller de procesamiento profundo<\/h3>\n<p><img decoding=\"async\" src=\"\/wp-content\/uploads\/factory-11.webp\"\/><\/p>\n<h3>Taller de mecanizado de precisi\u00f3n CNC<\/h3>\n<p><img decoding=\"async\" src=\"\/wp-content\/uploads\/factory-11.5.webp\"\/><\/p>\n<h3>Almac\u00e9n de productos acabados y de exportaci\u00f3n<\/h3>\n<p><img decoding=\"async\" src=\"\/wp-content\/uploads\/factory-12.webp\"\/><\/p>\n<p><img decoding=\"async\" src=\"\/wp-content\/uploads\/factory-13.webp\"\/><\/p>\n<p><img decoding=\"async\" src=\"\/wp-content\/uploads\/factory-14.webp\"\/><\/p>\n<h2>PREGUNTAS FRECUENTES<\/h2>\n<p><p><b>1. \u00bfQu\u00e9 es el revestimiento de aluminio con aspecto de madera?<\/b><\/p>\n<p>El revestimiento de aluminio con aspecto de madera es un panel de aluminio con un acabado superficial que reproduce el aspecto natural de la madera, utilizado para fachadas exteriores e interiores de edificios.<br \/>\n<\/p><br \/>\n<br \/>\n<p><b>2. \u00bfCu\u00e1les son las principales ventajas del revestimiento de aluminio con aspecto de madera?<\/b><\/p>\n<p>Ofrece una excelente durabilidad, resistencia a la corrosi\u00f3n, bajo mantenimiento, resistencia ligera y el atractivo est\u00e9tico de la madera natural.<br \/>\n<\/p><br \/>\n<br \/>\n<p><b>3. \u00bfPor qu\u00e9 elegir el revestimiento de aluminio con aspecto de madera en lugar del revestimiento de madera tradicional?<\/b><\/p>\n<p>Los revestimientos de aluminio son resistentes a la putrefacci\u00f3n, los insectos, la humedad y las inclemencias del tiempo, por lo que duran m\u00e1s y son m\u00e1s f\u00e1ciles de mantener que los de madera natural.<br \/>\n<\/p><br \/>\n<br \/>\n<p><b>4.\u00bfSe puede personalizar el revestimiento de aluminio con aspecto de madera?<\/b><\/p>\n<p>S\u00ed, puede personalizarse en tama\u00f1o, color, textura de la veta de la madera, acabado y grosor del panel para adaptarse a dise\u00f1os arquitect\u00f3nicos espec\u00edficos.<br \/>\n<\/p><br \/>\n<br \/>\n<p><b>5.\u00bfC\u00f3mo realza el revestimiento de aluminio el acabado con aspecto de madera?<\/b><\/p>\n<p>El acabado proporciona una textura y un color de madera realistas, al tiempo que mantiene la solidez del aluminio, su resistencia a la intemperie y su facilidad de limpieza.<br \/>\n<\/p><br \/>\n<br \/>\n<p><b>6.\u00bfEl revestimiento de aluminio con aspecto de madera es apto para exteriores?<\/b><\/p>\n<p>S\u00ed, est\u00e1 dise\u00f1ado para resistir la exposici\u00f3n a los rayos UV, la humedad y las inclemencias del tiempo, por lo que es ideal para fachadas exteriores de edificios.<br \/>\n<\/p><br \/>\n<br \/>\n<p><b>7.\u00bfQu\u00e9 industrias utilizan habitualmente revestimientos de aluminio con aspecto de madera?<\/b><\/p>\n<p>Los sectores de la construcci\u00f3n, la arquitectura, el interiorismo y los edificios comerciales utilizan estos paneles de revestimiento por su durabilidad y est\u00e9tica natural.<br \/>\n<\/p><br \/>\n<br \/>\n<p><b>8.\u00bfC\u00f3mo contribuye el revestimiento de aluminio con aspecto de madera a las pr\u00e1cticas de construcci\u00f3n sostenible?<\/b><\/p>\n<p>El aluminio es totalmente reciclable, y los acabados con aspecto de madera ofrecen una alternativa ecol\u00f3gica a la madera, reduciendo la deforestaci\u00f3n y el impacto ambiental.<br \/>\n<\/p><br \/><\/p>","protected":false},"featured_media":6556,"template":"","categories":[65],"class_list":["post-6557","product","type-product","status-publish","has-post-thumbnail","hentry","category-wooden-grained-aluminum-profile"],"meta_box":{"hilight_text_group":{"product_hilight_text":"<li>Wood look finish provides natural warmth with low maintenance benefits<\/li>\r\r\n<li>Durable aluminum cladding resists weather, rot, and insect damage<\/li>\r\r\n<li>Lightweight and easy to install, reducing labor costs<\/li>\r\r\n<li>Corrosion-resistant for long-lasting outdoor performance<\/li>\r\r\n<li>Available in custom sizes, colors, and textures to match design needs<\/li>","product_chanpin_blog":"<ul>\r\r\n<li><a href=\"https:\/\/sinoextrud.com\/t-slot-v-slot-differences\/\" target=\"_blank\">t slot vs v slot<\/a><\/li>\r\r\n<li><a href=\"https:\/\/sinoextrud.com\/what-is-4040-aluminium-extrud\/\" target=\"_blank\">4040 aluminium extrusion<\/a><\/li>\r\r\n<li><a href=\"https:\/\/sinoextrud.com\/what-is-4040-aluminium-extrud\/\" target=\"_blank\">aluminum extrusions for industrial racks<\/a><\/li>\r\r\n<li><a href=\"https:\/\/sinoextrud.com\/powder-coating-aluminium-process\/\" target=\"_blank\">powder coating aluminium<\/a><\/li>\r\r\n<li><a href=\"https:\/\/sinoextrud.com\/what-is-an-aluminium-strip-ceiling\/\" target=\"_blank\">aluminium strip ceiling<\/a><\/li>\r\r\n<li><a href=\"https:\/\/sinoextrud.com\/what-is-a-heat-sink\/\" target=\"_blank\">what is a heat sink<\/a><\/li>\r\r\n<\/ul>","product_chanpin_chanpin":"<li><a href=\"https:\/\/sinoextrud.com\/product\/wood-grain-aluminum-square-hollow-profile\/\" target=\"_blank\">Wood Grain Aluminum Square Hollow Profile<\/a><\/li>\r\n<li><a href=\"https:\/\/sinoextrud.com\/product\/wood-look-aluminum-soffit\/\" target=\"_blank\">Wood Look Aluminum Soffit<\/a><\/li>\r\n<li><a href=\"https:\/\/sinoextrud.com\/product\/wood-look-aluminium-slats\/\" target=\"_blank\">Wood Look Aluminium Slats<\/a><\/li>\r\n<li><a href=\"https:\/\/sinoextrud.com\/product\/natural-wood-grain-aluminium-square-tube\/\" target=\"_blank\">Natural Wood Grain Aluminium Square Tube<\/a><\/li>\r\n<li><a href=\"https:\/\/sinoextrud.com\/product\/wood-look-aluminium-cladding\/\" target=\"_blank\">Wood Look Aluminium Cladding<\/a><\/li>\r\n<li><a href=\"https:\/\/sinoextrud.com\/product\/wood-look-aluminium-battens\/\" target=\"_blank\">Wood Look Aluminium Battens<\/a><\/li>\r\n<li><a href=\"https:\/\/sinoextrud.com\/product\/wood-finish-aluminum-tube\/\" target=\"_blank\">Wood Finish Aluminum Tube<\/a><\/li>\r\n<li><a href=\"https:\/\/sinoextrud.com\/product\/3d-wood-grain-aluminium-battens\/\" target=\"_blank\">3D Wood Grain Aluminium Battens<\/a><\/li>\r\n<li><a href=\"https:\/\/sinoextrud.com\/product\/commercial-handrail-systems\/\" target=\"_blank\">Commercial Handrail Systems<\/a><\/li>\r\n<li><a href=\"https:\/\/sinoextrud.com\/product\/extruded-aluminum-bar\/\" target=\"_blank\">Extruded Aluminum Bar<\/a><\/li>\r\n<li><a href=\"https:\/\/sinoextrud.com\/product\/extruded-aluminium-channel\/\" target=\"_blank\">Extruded Aluminium Channel<\/a><\/li>"},"feature_list":[]},"_links":{"self":[{"href":"https:\/\/sinoextrud.com\/es\/wp-json\/wp\/v2\/product\/6557","targetHints":{"allow":["GET"]}}],"collection":[{"href":"https:\/\/sinoextrud.com\/es\/wp-json\/wp\/v2\/product"}],"about":[{"href":"https:\/\/sinoextrud.com\/es\/wp-json\/wp\/v2\/types\/product"}],"wp:featuredmedia":[{"embeddable":true,"href":"https:\/\/sinoextrud.com\/es\/wp-json\/wp\/v2\/media\/6556"}],"wp:attachment":[{"href":"https:\/\/sinoextrud.com\/es\/wp-json\/wp\/v2\/media?parent=6557"}],"wp:term":[{"taxonomy":"category","embeddable":true,"href":"https:\/\/sinoextrud.com\/es\/wp-json\/wp\/v2\/categories?post=6557"}],"curies":[{"name":"wp","href":"https:\/\/api.w.org\/{rel}","templated":true}]}}