{"id":6555,"date":"2025-05-29T08:45:43","date_gmt":"2025-05-29T08:45:43","guid":{"rendered":"https:\/\/sinoextrud.com\/product\/natural-wood-grain-aluminium-square-tube\/"},"modified":"2025-06-24T06:11:09","modified_gmt":"2025-06-24T06:11:09","slug":"tubo-cuadrado-de-aluminio-grano-de-madera-natural","status":"publish","type":"product","link":"https:\/\/sinoextrud.com\/es\/product\/natural-wood-grain-aluminium-square-tube\/","title":{"rendered":"Tubo cuadrado de aluminio con grano de madera natural"},"content":{"rendered":"<h2>Productos<\/h2>\n<table class=\"custom-table\">\n<tr>\n<td class=\"label\">Art\u00edculo<\/td>\n<td>Tubo cuadrado de aluminio veteado de madera natural \/ Tubo cuadrado de aluminio veteado de madera marr\u00f3n natural<\/td>\n<\/tr>\n<tr>\n<td class=\"label\">Forma<\/td>\n<td>cuadrado,<\/td>\n<\/tr>\n<tr>\n<td class=\"label\">Aplicaci\u00f3n<\/td>\n<td>decoraci\u00f3n, industria, construcci\u00f3n, etc.<\/td>\n<\/tr>\n<tr>\n<td class=\"label\">Colores<\/td>\n<td>Grano de madera<\/td>\n<\/tr>\n<tr>\n<td class=\"label\">Proceso profundo<\/td>\n<td>CNC, taladrado, fresado, corte, soldadura, plegado, montaje<\/td>\n<\/tr>\n<tr>\n<td class=\"label\">MOQ<\/td>\n<td>200KGs para cada art\u00edculo<\/td>\n<\/tr>\n<tr>\n<td class=\"label\">Detalles del embalaje<\/td>\n<td>(1)Interior : embalado con pel\u00edcula protectora de pl\u00e1stico para proteger cada pieza<\/td>\n<\/tr>\n<tr>\n<td class=\"label\">Condiciones de pago<\/td>\n<td>T\/T 30% para el dep\u00f3sito, saldo antes del env\u00edo.<\/td>\n<\/tr>\n<tr>\n<td class=\"label\">Plazo de liquidaci\u00f3n<\/td>\n<td>Cobrar por peso real final o por peso te\u00f3rico de dibujo.<\/td>\n<\/tr>\n<tr>\n<td class=\"label\">Garant\u00eda<\/td>\n<td>El color de la superficie puede ser estable durante 10~20 a\u00f1os de uso en interiores.<\/td>\n<\/tr>\n<\/table>\n<h2>Nuestra base de fabricaci\u00f3n<\/h2>\n<h3>Panorama de la f\u00e1brica<\/h3>\n<p><img decoding=\"async\" src=\"\/wp-content\/uploads\/factory-01.webp\"\/><\/p>\n<h3>Taller de fabricaci\u00f3n de barras de aluminio<\/h3>\n<p><img decoding=\"async\" src=\"\/wp-content\/uploads\/factory-02.webp\"\/><\/p>\n<p><img decoding=\"async\" src=\"\/wp-content\/uploads\/factory-03.webp\"\/><\/p>\n<h3>Almac\u00e9n de moldes<\/h3>\n<p><img decoding=\"async\" src=\"\/wp-content\/uploads\/factory-04.webp\"\/><\/p>\n<h3>43 l\u00edneas de extrusi\u00f3n de aluminio (500-5500 toneladas)<\/h3>\n<p><img decoding=\"async\" src=\"\/wp-content\/uploads\/factory-05.webp\"\/><\/p>\n<p><img decoding=\"async\" src=\"\/wp-content\/uploads\/factory-06.webp\"\/><\/p>\n<p><img decoding=\"async\" src=\"\/wp-content\/uploads\/factory-07.webp\"\/><\/p>\n<h3>Taller de pintura en polvo<\/h3>\n<p><img decoding=\"async\" src=\"\/wp-content\/uploads\/factory-09.webp\"\/><\/p>\n<h3>Taller de anodizado<\/h3>\n<p><img decoding=\"async\" src=\"\/wp-content\/uploads\/factory-10.webp\"\/><\/p>\n<h3>Taller de procesamiento profundo<\/h3>\n<p><img decoding=\"async\" src=\"\/wp-content\/uploads\/factory-11.webp\"\/><\/p>\n<h3>Taller de mecanizado de precisi\u00f3n CNC<\/h3>\n<p><img decoding=\"async\" src=\"\/wp-content\/uploads\/factory-11.5.webp\"\/><\/p>\n<h3>Almac\u00e9n de productos acabados y de exportaci\u00f3n<\/h3>\n<p><img decoding=\"async\" src=\"\/wp-content\/uploads\/factory-12.webp\"\/><\/p>\n<p><img decoding=\"async\" src=\"\/wp-content\/uploads\/factory-13.webp\"\/><\/p>\n<p><img decoding=\"async\" src=\"\/wp-content\/uploads\/factory-14.webp\"\/><\/p>\n<h2>PREGUNTAS FRECUENTES<\/h2>\n<p><p><b>1.\u00bfQu\u00e9 es un tubo cuadrado de aluminio con veta de madera natural?<\/b><\/p>\n<p>Se trata de un tubo cuadrado de aluminio con un acabado de grano de madera natural que combina la resistencia y durabilidad del aluminio con el atractivo est\u00e9tico de la madera.<br \/>\n<\/p><br \/>\n<br \/>\n<p><b>2.\u00bfCu\u00e1les son las principales ventajas de los tubos cuadrados de aluminio con veta de madera natural?<\/b><\/p>\n<p>Ofrecen resistencia a la corrosi\u00f3n, ligereza, bajo mantenimiento y una textura de madera realista ideal para aplicaciones arquitect\u00f3nicas y decorativas.<br \/>\n<\/p><br \/>\n<br \/>\n<p><b>3.\u00bfPor qu\u00e9 elegir tubos cuadrados de aluminio con veteado de madera natural en lugar de madera aut\u00e9ntica?<\/b><\/p>\n<p>Los tubos de aluminio son resistentes a la putrefacci\u00f3n, los insectos, la humedad y la deformaci\u00f3n, lo que prolonga su vida \u00fatil y reduce el mantenimiento, al tiempo que mantienen un aspecto similar al de la madera.<br \/>\n<\/p><br \/>\n<br \/>\n<p><b>4.\u00bfSe pueden personalizar los tubos cuadrados de aluminio con grano de madera natural?<\/b><\/p>\n<p>S\u00ed, estos tubos pueden personalizarse en cuanto a dimensiones, grosor de pared, veteado de la madera, color y longitud para adaptarse a necesidades estructurales y de dise\u00f1o espec\u00edficas.<br \/>\n<\/p><br \/>\n<br \/>\n<p><b>5.\u00bfC\u00f3mo realza el acabado de grano de madera natural los tubos cuadrados de aluminio?<\/b><\/p>\n<p>El acabado ofrece un c\u00e1lido aspecto de madera natural, al tiempo que conserva la durabilidad, la resistencia a la oxidaci\u00f3n y la ligereza del aluminio.<br \/>\n<\/p><br \/>\n<br \/>\n<p><b>6.\u00bfLos tubos cuadrados de aluminio con veteado de madera natural son aptos para exteriores?<\/b><\/p>\n<p>S\u00ed, resisten la exposici\u00f3n a los rayos UV, la humedad y las condiciones clim\u00e1ticas adversas, por lo que son perfectos para revestimientos exteriores, vallas y estructuras decorativas.<br \/>\n<\/p><br \/>\n<br \/>\n<p><b>7.\u00bfQu\u00e9 industrias utilizan habitualmente tubos cuadrados de aluminio con grano de madera natural?<\/b><\/p>\n<p>Las industrias de la construcci\u00f3n, el dise\u00f1o de interiores, la fabricaci\u00f3n de muebles y el paisajismo utilizan estos tubos por su combinaci\u00f3n de belleza y rendimiento.<br \/>\n<\/p><br \/>\n<br \/>\n<p><b>8.\u00bfC\u00f3mo contribuyen los tubos cuadrados de aluminio con vetas de madera natural a la construcci\u00f3n sostenible?<\/b><\/p>\n<p>El aluminio es totalmente reciclable, y el acabado con vetas de madera ofrece una alternativa ecol\u00f3gica a la madera, contribuyendo a reducir el impacto medioambiental.<br \/>\n<\/p><br \/><\/p>","protected":false},"featured_media":6554,"template":"","categories":[65],"class_list":["post-6555","product","type-product","status-publish","has-post-thumbnail","hentry","category-wooden-grained-aluminum-profile"],"meta_box":{"hilight_text_group":{"product_hilight_text":"<li>Natural wood grain finish combines aesthetic appeal with aluminum durability<\/li>\r\r\n<li>Lightweight square tube offers high strength and corrosion resistance<\/li>\r\r\n<li>Ideal for decorative and structural applications in indoor and outdoor settings<\/li>\r\r\n<li>Precision extrusion ensures consistent dimensions and quality<\/li>\r\r\n<li>Supports custom sizes and bulk orders for various project requirements<\/li>","product_chanpin_blog":"<ul>\r\r\n<li><a href=\"https:\/\/sinoextrud.com\/t-slot-v-slot-differences\/\" target=\"_blank\">t slot vs v slot<\/a><\/li>\r\r\n<li><a href=\"https:\/\/sinoextrud.com\/what-is-4040-aluminium-extrud\/\" target=\"_blank\">4040 aluminium extrusion<\/a><\/li>\r\r\n<li><a href=\"https:\/\/sinoextrud.com\/what-is-4040-aluminium-extrud\/\" target=\"_blank\">aluminum extrusions for industrial racks<\/a><\/li>\r\r\n<li><a href=\"https:\/\/sinoextrud.com\/powder-coating-aluminium-process\/\" target=\"_blank\">powder coating aluminium<\/a><\/li>\r\r\n<li><a href=\"https:\/\/sinoextrud.com\/what-is-an-aluminium-strip-ceiling\/\" target=\"_blank\">aluminium strip ceiling<\/a><\/li>\r\r\n<li><a href=\"https:\/\/sinoextrud.com\/what-is-a-heat-sink\/\" target=\"_blank\">what is a heat sink<\/a><\/li>\r\r\n<\/ul>","product_chanpin_chanpin":"<li><a href=\"https:\/\/sinoextrud.com\/product\/custom-wood-grain-aluminium-profiles\/\" target=\"_blank\">Custom Wood Grain Aluminium Profiles<\/a><\/li>\r\n<li><a href=\"https:\/\/sinoextrud.com\/product\/wood-grain-aluminum-square-hollow-profile\/\" target=\"_blank\">Wood Grain Aluminum Square Hollow Profile<\/a><\/li>\r\n<li><a href=\"https:\/\/sinoextrud.com\/product\/wood-look-aluminum-soffit\/\" target=\"_blank\">Wood Look Aluminum Soffit<\/a><\/li>\r\n<li><a href=\"https:\/\/sinoextrud.com\/product\/wood-look-aluminium-slats\/\" target=\"_blank\">Wood Look Aluminium Slats<\/a><\/li>\r\n<li><a href=\"https:\/\/sinoextrud.com\/product\/natural-wood-grain-aluminium-square-tube\/\" target=\"_blank\">Natural Wood Grain Aluminium Square Tube<\/a><\/li>\r\n<li><a href=\"https:\/\/sinoextrud.com\/product\/wood-look-aluminium-cladding\/\" target=\"_blank\">Wood Look Aluminium Cladding<\/a><\/li>\r\n<li><a href=\"https:\/\/sinoextrud.com\/product\/wood-look-aluminium-battens\/\" target=\"_blank\">Wood Look Aluminium Battens<\/a><\/li>\r\n<li><a href=\"https:\/\/sinoextrud.com\/product\/wood-finish-aluminum-tube\/\" target=\"_blank\">Wood Finish Aluminum Tube<\/a><\/li>\r\n<li><a href=\"https:\/\/sinoextrud.com\/product\/3d-wood-grain-aluminium-battens\/\" target=\"_blank\">3D Wood Grain Aluminium Battens<\/a><\/li>\r\n<li><a href=\"https:\/\/sinoextrud.com\/product\/60x60-aluminium-t-slot-frame-profile-extrusion-open-mold-industrial-track-coated-white-matte-v-slot\/\" target=\"_blank\">60\u00c3\u201460 aluminium t-slot frame profile extrusion open mold industrial track coated white matte v slot<\/a><\/li>\r\n<li><a href=\"https:\/\/sinoextrud.com\/product\/aluminum-cnc-machining\/\" target=\"_blank\">Aluminum cnc machining<\/a><\/li>"},"feature_list":[]},"_links":{"self":[{"href":"https:\/\/sinoextrud.com\/es\/wp-json\/wp\/v2\/product\/6555","targetHints":{"allow":["GET"]}}],"collection":[{"href":"https:\/\/sinoextrud.com\/es\/wp-json\/wp\/v2\/product"}],"about":[{"href":"https:\/\/sinoextrud.com\/es\/wp-json\/wp\/v2\/types\/product"}],"wp:featuredmedia":[{"embeddable":true,"href":"https:\/\/sinoextrud.com\/es\/wp-json\/wp\/v2\/media\/6554"}],"wp:attachment":[{"href":"https:\/\/sinoextrud.com\/es\/wp-json\/wp\/v2\/media?parent=6555"}],"wp:term":[{"taxonomy":"category","embeddable":true,"href":"https:\/\/sinoextrud.com\/es\/wp-json\/wp\/v2\/categories?post=6555"}],"curies":[{"name":"wp","href":"https:\/\/api.w.org\/{rel}","templated":true}]}}