{"id":6551,"date":"2025-05-29T08:03:14","date_gmt":"2025-05-29T08:03:14","guid":{"rendered":"https:\/\/sinoextrud.com\/product\/wood-look-aluminum-soffit\/"},"modified":"2025-06-24T06:11:08","modified_gmt":"2025-06-24T06:11:08","slug":"plafon-de-aluminio-con-aspecto-de-madera","status":"publish","type":"product","link":"https:\/\/sinoextrud.com\/es\/product\/wood-look-aluminum-soffit\/","title":{"rendered":"Plaf\u00f3n de aluminio con aspecto de madera"},"content":{"rendered":"<h2>Productos<\/h2>\n<table class=\"custom-table\">\n<tr>\n<td class=\"label\">Material<\/td>\n<td>aleaci\u00f3n de aluminio de alta calidad<\/td>\n<\/tr>\n<tr>\n<td class=\"label\">Tratamiento de superficies y garant\u00eda<\/td>\n<td>pulverizaci\u00f3n de pintura de grano de madera ordinaria (10 a\u00f1os), pulverizaci\u00f3n de pintura de grano de madera especial AKSU (15 a\u00f1os)<\/td>\n<\/tr>\n<tr>\n<td class=\"label\">Longitud<\/td>\n<td>Por lo general, 10 pies (unos 3 metros) o 12 pies (unos 3,6 metros). Puede personalizar la longitud.<\/td>\n<\/tr>\n<tr>\n<td class=\"label\">Anchura<\/td>\n<td>Por lo general, 15 cm. Se aceptan pedidos personalizados. Puede personalizar el ancho.<\/td>\n<\/tr>\n<tr>\n<td class=\"label\">Espesor<\/td>\n<td>generalmente 0,019 pulgadas (unos 0,48 mm) o 0,024 pulgadas (unos 0,61 mm). Puedes personalizar el grosor.<\/td>\n<\/tr>\n<tr>\n<td class=\"label\">Color<\/td>\n<td>aspecto madera, aspecto caoba, aspecto cerezo, aspecto nogal, etc.<\/td>\n<\/tr>\n<tr>\n<td class=\"label\">M\u00e9todo de instalaci\u00f3n<\/td>\n<td>Se instala en el alero de la casa mediante un sistema de ranuras o un sistema colgante<\/td>\n<\/tr>\n<tr>\n<td class=\"label\">Caracter\u00edsticas<\/td>\n<td>Puede resistir la corrosi\u00f3n qu\u00edmica, los ara\u00f1azos f\u00edsicos, el agua, el fuego y la decoloraci\u00f3n.<\/td>\n<\/tr>\n<\/table>\n<h2>Nuestra base de fabricaci\u00f3n<\/h2>\n<h3>Panorama de la f\u00e1brica<\/h3>\n<p><img decoding=\"async\" src=\"\/wp-content\/uploads\/factory-01.webp\"\/><\/p>\n<h3>Taller de fabricaci\u00f3n de barras de aluminio<\/h3>\n<p><img decoding=\"async\" src=\"\/wp-content\/uploads\/factory-02.webp\"\/><\/p>\n<\/p>\n<p><img decoding=\"async\" src=\"\/wp-content\/uploads\/factory-03.webp\"\/><\/p>\n<h3>Almac\u00e9n de moldes<\/h3>\n<p><img decoding=\"async\" src=\"\/wp-content\/uploads\/factory-04.webp\"\/><\/p>\n<h3>43 l\u00edneas de extrusi\u00f3n de aluminio (500-5500 toneladas)<\/h3>\n<p><img decoding=\"async\" src=\"\/wp-content\/uploads\/factory-05.webp\"\/><\/p>\n<p><img decoding=\"async\" src=\"\/wp-content\/uploads\/factory-06.webp\"\/><\/p>\n<p><img decoding=\"async\" src=\"\/wp-content\/uploads\/factory-07.webp\"\/><\/p>\n<h3>Taller de pintura en polvo<\/h3>\n<p><img decoding=\"async\" src=\"\/wp-content\/uploads\/factory-09.webp\"\/><\/p>\n<h3>Taller de anodizado<\/h3>\n<p><img decoding=\"async\" src=\"\/wp-content\/uploads\/factory-10.webp\"\/><\/p>\n<h3>Taller de procesamiento profundo<\/h3>\n<p><img decoding=\"async\" src=\"\/wp-content\/uploads\/factory-11.webp\"\/><\/p>\n<h3>Taller de mecanizado de precisi\u00f3n CNC<\/h3>\n<p><img decoding=\"async\" src=\"\/wp-content\/uploads\/factory-11.5.webp\"\/><\/p>\n<h3>Almac\u00e9n de productos acabados y de exportaci\u00f3n<\/h3>\n<p><img decoding=\"async\" src=\"\/wp-content\/uploads\/factory-12.webp\"\/><\/p>\n<p><img decoding=\"async\" src=\"\/wp-content\/uploads\/factory-13.webp\"\/><\/p>\n<p><img decoding=\"async\" src=\"\/wp-content\/uploads\/factory-14.webp\"\/><\/p>\n<h2>PREGUNTAS FRECUENTES<\/h2>\n<p><b>1.\u00bfQu\u00e9 es el plaf\u00f3n de aluminio con aspecto de madera?<\/b><\/p>\n<p>El plaf\u00f3n de aluminio con aspecto de madera es un panel de aluminio dise\u00f1ado para imitar el aspecto de la madera natural, utilizado en aleros y aplicaciones de la parte inferior del tejado.\n<\/p>\n<p><\/p>\n<p><b>2.\u00bfCu\u00e1les son las principales ventajas de los plafones de aluminio con aspecto de madera?<\/b><\/p>\n<p>Ofrece una durabilidad superior, resistencia a la corrosi\u00f3n, bajo mantenimiento y un acabado realista con vetas de madera que realza la est\u00e9tica arquitect\u00f3nica.\n<\/p>\n<p><\/p>\n<p><b>3. \u00bfPor qu\u00e9 elegir un plaf\u00f3n de aluminio con aspecto de madera en lugar de madera aut\u00e9ntica?<\/b><\/p>\n<p>Los plafones de aluminio son resistentes a la putrefacci\u00f3n, los insectos, la humedad y la deformaci\u00f3n, por lo que duran m\u00e1s y requieren menos mantenimiento que los de madera natural.\n<\/p>\n<p><\/p>\n<p><b>4.\u00bfSe pueden personalizar los plafones de aluminio con aspecto de madera?<\/b><\/p>\n<p>S\u00ed, pueden personalizarse en tama\u00f1o, textura de la veta de la madera, color y acabado para adaptarse a preferencias de dise\u00f1o y estilos arquitect\u00f3nicos espec\u00edficos.\n<\/p>\n<p><\/p>\n<p><b>5.\u00bfC\u00f3mo mejora el acabado con aspecto de madera el rendimiento del plaf\u00f3n de aluminio?<\/b><\/p>\n<p>El acabado ofrece una est\u00e9tica de madera natural al tiempo que mantiene la solidez del aluminio, su resistencia a la intemperie y su facilidad de limpieza.\n<\/p>\n<p><\/p>\n<p><b>6.\u00bfLos plafones de aluminio con aspecto de madera son aptos para exteriores?<\/b><\/p>\n<p>Por supuesto, est\u00e1n dise\u00f1ados para resistir los rayos UV, la humedad y las fluctuaciones de temperatura, lo que los hace ideales para instalaciones de sofitos exteriores.\n<\/p>\n<p><\/p>\n<p><b>7.\u00bfQu\u00e9 industrias utilizan habitualmente plafones de aluminio con aspecto de madera?<\/b><\/p>\n<p>Construcciones residenciales, edificios comerciales y estudios de dise\u00f1o arquitect\u00f3nico utilizan estos plafones por su combinaci\u00f3n de belleza y durabilidad.\n<\/p>\n<p><\/p>\n<p><b>8.\u00bfC\u00f3mo apoya el plaf\u00f3n de aluminio con aspecto de madera las pr\u00e1cticas de construcci\u00f3n sostenibles?<\/b><\/p>\n<p>El aluminio es 100% reciclable, y los acabados con aspecto de madera ofrecen una alternativa ecol\u00f3gica a la madera aut\u00e9ntica, reduciendo la deforestaci\u00f3n y el impacto medioambiental.\n<\/p>\n<p><\/p>","protected":false},"featured_media":6550,"template":"","categories":[65],"class_list":["post-6551","product","type-product","status-publish","has-post-thumbnail","hentry","category-wooden-grained-aluminum-profile"],"meta_box":{"hilight_text_group":{"product_hilight_text":"<li>Wood look finish offers natural aesthetic with low maintenance benefits<\/li>\r\r\n<li>Durable aluminum construction resists rot, insects, and weather damage<\/li>\r\r\n<li>Lightweight and easy to install for efficient soffit applications<\/li>\r\r\n<li>Corrosion-resistant and suitable for various outdoor environments<\/li>\r\r\n<li>Available in custom sizes and colors to match architectural styles<\/li>","product_chanpin_blog":"<ul>\r\r\n<li><a href=\"https:\/\/sinoextrud.com\/t-slot-v-slot-differences\/\" target=\"_blank\">t slot vs v slot<\/a><\/li>\r\r\n<li><a href=\"https:\/\/sinoextrud.com\/what-is-4040-aluminium-extrud\/\" target=\"_blank\">4040 aluminium extrusion<\/a><\/li>\r\r\n<li><a href=\"https:\/\/sinoextrud.com\/what-is-4040-aluminium-extrud\/\" target=\"_blank\">aluminum extrusions for industrial racks<\/a><\/li>\r\r\n<li><a href=\"https:\/\/sinoextrud.com\/powder-coating-aluminium-process\/\" target=\"_blank\">powder coating aluminium<\/a><\/li>\r\r\n<li><a href=\"https:\/\/sinoextrud.com\/what-is-an-aluminium-strip-ceiling\/\" target=\"_blank\">aluminium strip ceiling<\/a><\/li>\r\r\n<li><a href=\"https:\/\/sinoextrud.com\/what-is-a-heat-sink\/\" target=\"_blank\">what is a heat sink<\/a><\/li>\r\r\n<\/ul>","product_chanpin_chanpin":"<li><a href=\"https:\/\/sinoextrud.com\/product\/fluorocarbon-coating-aluminium-extrusions-anti-fluorite-pvdf-aluminium-profile\/\" target=\"_blank\">Fluorocarbon coating aluminium extrusions Anti fluorite PVDF aluminium profile<\/a><\/li>\r\n<li><a href=\"https:\/\/sinoextrud.com\/product\/pvdf-coating-aluminum-profile\/\" target=\"_blank\">PVDF Coating Aluminum Profile<\/a><\/li>\r\n<li><a href=\"https:\/\/sinoextrud.com\/product\/custom-wood-grain-aluminium-profiles\/\" target=\"_blank\">Custom Wood Grain Aluminium Profiles<\/a><\/li>\r\n<li><a href=\"https:\/\/sinoextrud.com\/product\/wood-grain-aluminum-square-hollow-profile\/\" target=\"_blank\">Wood Grain Aluminum Square Hollow Profile<\/a><\/li>\r\n<li><a href=\"https:\/\/sinoextrud.com\/product\/wood-look-aluminum-soffit\/\" target=\"_blank\">Wood Look Aluminum Soffit<\/a><\/li>\r\n<li><a href=\"https:\/\/sinoextrud.com\/product\/wood-look-aluminium-slats\/\" target=\"_blank\">Wood Look Aluminium Slats<\/a><\/li>\r\n<li><a href=\"https:\/\/sinoextrud.com\/product\/natural-wood-grain-aluminium-square-tube\/\" target=\"_blank\">Natural Wood Grain Aluminium Square Tube<\/a><\/li>\r\n<li><a href=\"https:\/\/sinoextrud.com\/product\/wood-look-aluminium-cladding\/\" target=\"_blank\">Wood Look Aluminium Cladding<\/a><\/li>\r\n<li><a href=\"https:\/\/sinoextrud.com\/product\/wood-look-aluminium-battens\/\" target=\"_blank\">Wood Look Aluminium Battens<\/a><\/li>\r\n<li><a href=\"https:\/\/sinoextrud.com\/product\/cnc-aluminum-bar-profile-for-instrument\/\" target=\"_blank\">CNC Aluminum Bar Profile For Instrument<\/a><\/li>\r\n<li><a href=\"https:\/\/sinoextrud.com\/product\/aluminium-window-extrusion-profile\/\" target=\"_blank\">Aluminium Window Extrusion Profile<\/a><\/li>"},"feature_list":[]},"_links":{"self":[{"href":"https:\/\/sinoextrud.com\/es\/wp-json\/wp\/v2\/product\/6551","targetHints":{"allow":["GET"]}}],"collection":[{"href":"https:\/\/sinoextrud.com\/es\/wp-json\/wp\/v2\/product"}],"about":[{"href":"https:\/\/sinoextrud.com\/es\/wp-json\/wp\/v2\/types\/product"}],"wp:featuredmedia":[{"embeddable":true,"href":"https:\/\/sinoextrud.com\/es\/wp-json\/wp\/v2\/media\/6550"}],"wp:attachment":[{"href":"https:\/\/sinoextrud.com\/es\/wp-json\/wp\/v2\/media?parent=6551"}],"wp:term":[{"taxonomy":"category","embeddable":true,"href":"https:\/\/sinoextrud.com\/es\/wp-json\/wp\/v2\/categories?post=6551"}],"curies":[{"name":"wp","href":"https:\/\/api.w.org\/{rel}","templated":true}]}}