{"id":6545,"date":"2025-05-29T07:33:51","date_gmt":"2025-05-29T07:33:51","guid":{"rendered":"https:\/\/sinoextrud.com\/product\/pvdf-coating-aluminum-profile\/"},"modified":"2025-06-24T06:11:07","modified_gmt":"2025-06-24T06:11:07","slug":"revestimiento-pvdf-perfil-de-aluminio","status":"publish","type":"product","link":"https:\/\/sinoextrud.com\/es\/product\/pvdf-coating-aluminum-profile\/","title":{"rendered":"Perfil de aluminio recubierto de PVDF"},"content":{"rendered":"<h2>Productos<\/h2>\n<table class=\"custom-table\">\n<tr>\n<td class=\"label\">Art\u00edculo<\/td>\n<td>Perfil de aluminio con revestimiento de PVDF<\/td>\n<\/tr>\n<tr>\n<td class=\"label\">Material<\/td>\n<td>6063 T5\/T6, 6061 T5\/T6, 6463 T6, ect<\/td>\n<\/tr>\n<tr>\n<td class=\"label\">Superficie Personalizada<\/td>\n<td>Anodizado, electroforesis, recubrimiento en polvo, recubrimiento de PVDF,<br \/>pintura grano de madera,cepillado<\/td>\n<\/tr>\n<tr>\n<td class=\"label\">Color<\/td>\n<td>Blanco plateado, bronce, oro, negro, champ\u00e1n, personalizado<\/td>\n<\/tr>\n<tr>\n<td class=\"label\">Espesor de pared<\/td>\n<td>&gt;0,8 mm, 1,0, 1,2, 2,0, 4,0, etc.<\/td>\n<\/tr>\n<tr>\n<td class=\"label\">Forma<\/td>\n<td>Cusomizado<\/td>\n<\/tr>\n<tr>\n<td class=\"label\">Longitud<\/td>\n<td>Normal 1-9 metros, o personalizado<\/td>\n<\/tr>\n<tr>\n<td class=\"label\">MOQ<\/td>\n<td>1 tonelada por art\u00edculo<\/td>\n<\/tr>\n<tr>\n<td class=\"label\">Servicio OEM Producci\u00f3n<\/td>\n<td>Dibujos\/muestras de los clientes o servicio de dise\u00f1o ofrecido<\/td>\n<\/tr>\n<tr>\n<td class=\"label\">Garant\u00eda<\/td>\n<td>El color de la superficie puede ser estable durante 10-20 a\u00f1os en interiores<\/td>\n<\/tr>\n<tr>\n<td class=\"label\">Fabricaci\u00f3n<\/td>\n<td>Fresado, taladrado, corte, CNC, marcos de puertas y ventanas<\/td>\n<\/tr>\n<tr>\n<td class=\"label\">Ventajas Caracter\u00edsticas<\/td>\n<td>1.Impermeable al aire, Impermeable al agua, Aislante t\u00e9rmico, Antienvejecimiento, Resistente a impactos<br \/>2.Respetuoso con el medio ambiente<br \/>3.Resistente a la corrosi\u00f3n, brillante<br \/>4.Aspecto moderno<\/td>\n<\/tr>\n<tr>\n<td class=\"label\">Norma de ensayo<\/td>\n<td>GB,JIS,AAMA,BS,EN,AS\/NZS,AA<\/td>\n<\/tr>\n<\/table>\n<h2>Nuestra base de fabricaci\u00f3n<\/h2>\n<h3>Panorama de la f\u00e1brica<\/h3>\n<p><img decoding=\"async\" src=\"\/wp-content\/uploads\/factory-01.webp\"\/><\/p>\n<h3>Taller de fabricaci\u00f3n de barras de aluminio<\/h3>\n<p><img decoding=\"async\" src=\"\/wp-content\/uploads\/factory-02.webp\"\/><\/p>\n<p><img decoding=\"async\" src=\"\/wp-content\/uploads\/factory-03.webp\"\/><\/p>\n<h3>Almac\u00e9n de moldes<\/h3>\n<p><img decoding=\"async\" src=\"\/wp-content\/uploads\/factory-04.webp\"\/><\/p>\n<h3>43 L\u00c3neas de extrusi\u00c3\u00b3n de aluminio (500\u00e2\u20ac\"5500 toneladas)<\/h3>\n<p><img decoding=\"async\" src=\"\/wp-content\/uploads\/factory-05.webp\"\/><\/p>\n<p><img decoding=\"async\" src=\"\/wp-content\/uploads\/factory-06.webp\"\/><\/p>\n<p><img decoding=\"async\" src=\"\/wp-content\/uploads\/factory-07.webp\"\/><\/p>\n<h3>Taller de pintura en polvo<\/h3>\n<p><img decoding=\"async\" src=\"\/wp-content\/uploads\/factory-09.webp\"\/><\/p>\n<h3>Taller de anodizado<\/h3>\n<p><img decoding=\"async\" src=\"\/wp-content\/uploads\/factory-10.webp\"\/><\/p>\n<h3>Taller de procesamiento profundo<\/h3>\n<p><img decoding=\"async\" src=\"\/wp-content\/uploads\/factory-11.webp\"\/><\/p>\n<h3>Taller de mecanizado de precisi\u00f3n CNC<\/h3>\n<p><img decoding=\"async\" src=\"\/wp-content\/uploads\/factory-11.5.webp\"\/><\/p>\n<h3>Almac\u00e9n de productos acabados y de exportaci\u00f3n<\/h3>\n<p><img decoding=\"async\" src=\"\/wp-content\/uploads\/factory-12.webp\"\/><\/p>\n<p><img decoding=\"async\" src=\"\/wp-content\/uploads\/factory-13.webp\"\/><\/p>\n<p><img decoding=\"async\" src=\"\/wp-content\/uploads\/factory-14.webp\"\/><\/p>\n<h2>PREGUNTAS FRECUENTES<\/h2>\n<p><p><b>1.\u00bfQu\u00e9 es un perfil de aluminio con revestimiento de PVDF?<\/b><\/p>\n<p>Un perfil de aluminio con revestimiento de PVDF es una extrusi\u00f3n de aluminio tratada con un revestimiento de fluoruro de polivinilideno (PVDF), que proporciona una mayor resistencia a la intemperie y durabilidad para aplicaciones arquitect\u00f3nicas.<br \/>\n<\/p><br \/>\n<br \/>\n<p><b>2.\u00bfCu\u00e1les son las principales ventajas del revestimiento de PVDF en perfiles de aluminio?<\/b><\/p>\n<p>Los revestimientos de PVDF ofrecen una excelente resistencia a los rayos UV, protecci\u00f3n contra la corrosi\u00f3n, retenci\u00f3n del color, resistencia qu\u00edmica y un acabado suave y duradero.<br \/>\n<\/p><br \/>\n<br \/>\n<p><b>3.\u00bfPor qu\u00e9 elegir el revestimiento de PVDF en lugar de otros acabados para los perfiles de aluminio?<\/b><\/p>\n<p>El PVDF ofrece una mejor resistencia a la intemperie y a los productos qu\u00edmicos, as\u00ed como una mayor estabilidad del color en comparaci\u00f3n con el revestimiento en polvo y el anodizado.<br \/>\n<\/p><br \/>\n<br \/>\n<p><b>4.\u00bfSe pueden personalizar los perfiles de aluminio con revestimiento de PVDF?<\/b><\/p>\n<p>S\u00ed, pueden personalizarse en grado de aleaci\u00f3n, forma del perfil, tama\u00f1o y color del revestimiento para satisfacer requisitos arquitect\u00f3nicos e industriales espec\u00edficos.<br \/>\n<\/p><br \/>\n<br \/>\n<p><b>5.\u00bfC\u00f3mo mejora el revestimiento de PVDF el rendimiento de los perfiles de aluminio?<\/b><\/p>\n<p>El PVDF crea una pel\u00edcula resistente y flexible que resiste la decoloraci\u00f3n, el caleo, el agrietamiento y la descamaci\u00f3n, mejorando la durabilidad y el atractivo est\u00e9tico.<br \/>\n<\/p><br \/>\n<br \/>\n<p><b>6.\u00bfLos perfiles de aluminio con revestimiento de PVDF son adecuados para su uso en exteriores?<\/b><\/p>\n<p>S\u00ed, los revestimientos de PVDF ofrecen una excelente protecci\u00f3n contra los rayos UV, la humedad y los contaminantes, por lo que son ideales para aplicaciones exteriores.<br \/>\n<\/p><br \/>\n<br \/>\n<p><b>7.\u00bfQu\u00e9 industrias utilizan habitualmente perfiles de aluminio recubiertos de PVDF?<\/b><\/p>\n<p>Las industrias de la construcci\u00f3n, automoci\u00f3n, se\u00f1alizaci\u00f3n, aeroespacial y arquitect\u00f3nica utilizan estos perfiles por su durabilidad y acabado de primera calidad.<br \/>\n<\/p><br \/>\n<br \/>\n<p><b>8.\u00bfC\u00f3mo contribuye el revestimiento de PVDF a las pr\u00e1cticas de construcci\u00f3n sostenible?<\/b><\/p>\n<p>Los revestimientos de PVDF tienen un bajo impacto ambiental, prolongan la vida \u00fatil del producto y el aluminio es totalmente reciclable, lo que contribuye a una construcci\u00f3n respetuosa con el medio ambiente.<br \/>\n<\/p><br \/><\/p>","protected":false},"featured_media":6544,"template":"","categories":[63],"class_list":["post-6545","product","type-product","status-publish","has-post-thumbnail","hentry","category-fluorocarbon-coating-profile"],"meta_box":{"hilight_text_group":{"product_hilight_text":"<li>PVDF coating ensures excellent weather and UV resistance for outdoor use<\/li>\r\r\n<li>Maintains vibrant color and gloss for extended durability<\/li>\r\r\n<li>High-quality aluminum profiles with precise extrusion standards<\/li>\r\r\n<li>Ideal for architectural facades, windows, and decorative applications<\/li>\r\r\n<li>Supports custom sizes, colors, and bulk manufacturing orders<\/li>","product_chanpin_blog":"<ul>\r\r\n<li><a href=\"https:\/\/sinoextrud.com\/t-slot-v-slot-differences\/\" target=\"_blank\">t slot vs v slot<\/a><\/li>\r\r\n<li><a href=\"https:\/\/sinoextrud.com\/what-is-4040-aluminium-extrud\/\" target=\"_blank\">4040 aluminium extrusion<\/a><\/li>\r\r\n<li><a href=\"https:\/\/sinoextrud.com\/what-is-4040-aluminium-extrud\/\" target=\"_blank\">aluminum extrusions for industrial racks<\/a><\/li>\r\r\n<li><a href=\"https:\/\/sinoextrud.com\/powder-coating-aluminium-process\/\" target=\"_blank\">powder coating aluminium<\/a><\/li>\r\r\n<li><a href=\"https:\/\/sinoextrud.com\/what-is-an-aluminium-strip-ceiling\/\" target=\"_blank\">aluminium strip ceiling<\/a><\/li>\r\r\n<li><a href=\"https:\/\/sinoextrud.com\/what-is-a-heat-sink\/\" target=\"_blank\">what is a heat sink<\/a><\/li>\r\r\n<\/ul>","product_chanpin_chanpin":"<li><a href=\"https:\/\/sinoextrud.com\/product\/eco-friendly-water-borne-fluorocarbon-spraying-decorative-aluminum-profile-for-outdoor-project\/\" target=\"_blank\">ECO-Friendly Water-borne Fluorocarbon Spraying Decorative Aluminum Profile For Outdoor Project<\/a><\/li>\r\n<li><a href=\"https:\/\/sinoextrud.com\/product\/fluorocarbon-coated-aluminium-extrusions\/\" target=\"_blank\">Fluorocarbon Coated Aluminium Extrusions<\/a><\/li>\r\n<li><a href=\"https:\/\/sinoextrud.com\/product\/aluminum-rectangular-tubing-for-wooden-horizontal-aluminum-fence-panels-system\/\" target=\"_blank\">aluminum rectangular tubing for wooden horizontal aluminum fence panels system<\/a><\/li>\r\n<li><a href=\"https:\/\/sinoextrud.com\/product\/fluorocarbon-coating-aluminium-extrusions-anti-fluorite-pvdf-aluminium-profile\/\" target=\"_blank\">Fluorocarbon coating aluminium extrusions Anti fluorite PVDF aluminium profile<\/a><\/li>\r\n<li><a href=\"https:\/\/sinoextrud.com\/product\/pvdf-coating-aluminum-profile\/\" target=\"_blank\">PVDF Coating Aluminum Profile<\/a><\/li>\r\n<li><a href=\"https:\/\/sinoextrud.com\/product\/custom-wood-grain-aluminium-profiles\/\" target=\"_blank\">Custom Wood Grain Aluminium Profiles<\/a><\/li>\r\n<li><a href=\"https:\/\/sinoextrud.com\/product\/wood-grain-aluminum-square-hollow-profile\/\" target=\"_blank\">Wood Grain Aluminum Square Hollow Profile<\/a><\/li>\r\n<li><a href=\"https:\/\/sinoextrud.com\/product\/wood-look-aluminum-soffit\/\" target=\"_blank\">Wood Look Aluminum Soffit<\/a><\/li>\r\n<li><a href=\"https:\/\/sinoextrud.com\/product\/wood-look-aluminium-slats\/\" target=\"_blank\">Wood Look Aluminium Slats<\/a><\/li>\r\n<li><a href=\"https:\/\/sinoextrud.com\/product\/6063-multiple-size-extruded-aluminium-t-slot\/\" target=\"_blank\">6063 Multiple Size Extruded Aluminium T Slot<\/a><\/li>\r\n<li><a href=\"https:\/\/sinoextrud.com\/product\/led-strip-aluminum-profile\/\" target=\"_blank\">Led Strip Aluminum Profile<\/a><\/li>"},"feature_list":[]},"_links":{"self":[{"href":"https:\/\/sinoextrud.com\/es\/wp-json\/wp\/v2\/product\/6545","targetHints":{"allow":["GET"]}}],"collection":[{"href":"https:\/\/sinoextrud.com\/es\/wp-json\/wp\/v2\/product"}],"about":[{"href":"https:\/\/sinoextrud.com\/es\/wp-json\/wp\/v2\/types\/product"}],"wp:featuredmedia":[{"embeddable":true,"href":"https:\/\/sinoextrud.com\/es\/wp-json\/wp\/v2\/media\/6544"}],"wp:attachment":[{"href":"https:\/\/sinoextrud.com\/es\/wp-json\/wp\/v2\/media?parent=6545"}],"wp:term":[{"taxonomy":"category","embeddable":true,"href":"https:\/\/sinoextrud.com\/es\/wp-json\/wp\/v2\/categories?post=6545"}],"curies":[{"name":"wp","href":"https:\/\/api.w.org\/{rel}","templated":true}]}}