{"id":6532,"date":"2025-05-29T07:01:09","date_gmt":"2025-05-29T07:01:09","guid":{"rendered":"https:\/\/sinoextrud.com\/product\/pvdf-coating-aluminum-profile-curtain-wall\/"},"modified":"2025-06-24T06:11:05","modified_gmt":"2025-06-24T06:11:05","slug":"revestimiento-pvdf-perfil-de-aluminio-muro-cortina","status":"publish","type":"product","link":"https:\/\/sinoextrud.com\/es\/product\/pvdf-coating-aluminum-profile-curtain-wall\/","title":{"rendered":"Perfil de aluminio con revestimiento de PVDF Muro cortina"},"content":{"rendered":"<h2>Productos<\/h2>\n<table class=\"custom-table\">\n<tr>\n<td class=\"label\">Material:<\/td>\n<td>Aleaci\u00f3n-6063-T5, 6061-T6<\/td>\n<\/tr>\n<tr>\n<td class=\"label\">Certificado:<\/td>\n<td>CE, SGS, ISO, RoHS<\/td>\n<\/tr>\n<tr>\n<td class=\"label\">Tratamiento de la superficie:<\/td>\n<td>Fluorocarbono\/PVDF<\/td>\n<\/tr>\n<tr>\n<td class=\"label\">Material:<\/td>\n<td>Aluminio<\/td>\n<\/tr>\n<tr>\n<td class=\"label\">Calidad:<\/td>\n<td>100%QC Prueba<\/td>\n<\/tr>\n<tr>\n<td class=\"label\">Longitud:<\/td>\n<td>1-9.0m<\/td>\n<\/tr>\n<tr>\n<td class=\"label\">Grosor:<\/td>\n<td>0,7-3,0 mm<\/td>\n<\/tr>\n<tr>\n<td class=\"label\">Uso:<\/td>\n<td>Arquitectura, Industrial, Decoraci\u00f3n<\/td>\n<\/tr>\n<tr>\n<td class=\"label\">Palabra clave:<\/td>\n<td>Perfil de aluminio<\/td>\n<\/tr>\n<tr>\n<td class=\"label\">Especificaci\u00f3n:<\/td>\n<td>3m o 6mm<\/td>\n<\/tr>\n<tr>\n<td class=\"label\">Origen:<\/td>\n<td>China<\/td>\n<\/tr>\n<tr>\n<td class=\"label\">C\u00f3digo SA:<\/td>\n<td>76101000<\/td>\n<\/tr>\n<\/table>\n<h2>Nuestra base de fabricaci\u00f3n<\/h2>\n<h3>Panorama de la f\u00e1brica<\/h3>\n<p><img decoding=\"async\" src=\"\/wp-content\/uploads\/factory-01.webp\"\/><\/p>\n<h3>Taller de fabricaci\u00f3n de barras de aluminio<\/h3>\n<p><img decoding=\"async\" src=\"\/wp-content\/uploads\/factory-02.webp\"\/><\/p>\n<\/p>\n<p><img decoding=\"async\" src=\"\/wp-content\/uploads\/factory-03.webp\"\/><\/p>\n<h3>Almac\u00e9n de moldes<\/h3>\n<p><img decoding=\"async\" src=\"\/wp-content\/uploads\/factory-04.webp\"\/><\/p>\n<h3>43 l\u00edneas de extrusi\u00f3n de aluminio (500-5500 toneladas)<\/h3>\n<p><img decoding=\"async\" src=\"\/wp-content\/uploads\/factory-05.webp\"\/><\/p>\n<p><img decoding=\"async\" src=\"\/wp-content\/uploads\/factory-06.webp\"\/><\/p>\n<p><img decoding=\"async\" src=\"\/wp-content\/uploads\/factory-07.webp\"\/><\/p>\n<h3>Taller de pintura en polvo<\/h3>\n<p><img decoding=\"async\" src=\"\/wp-content\/uploads\/factory-09.webp\"\/><\/p>\n<h3>Taller de anodizado<\/h3>\n<p><img decoding=\"async\" src=\"\/wp-content\/uploads\/factory-10.webp\"\/><\/p>\n<h3>Taller de procesamiento profundo<\/h3>\n<p><img decoding=\"async\" src=\"\/wp-content\/uploads\/factory-11.webp\"\/><\/p>\n<h3>Taller de mecanizado de precisi\u00f3n CNC<\/h3>\n<p><img decoding=\"async\" src=\"\/wp-content\/uploads\/factory-11.5.webp\"\/><\/p>\n<h3>Almac\u00e9n de productos acabados y de exportaci\u00f3n<\/h3>\n<p><img decoding=\"async\" src=\"\/wp-content\/uploads\/factory-12.webp\"\/><\/p>\n<p><img decoding=\"async\" src=\"\/wp-content\/uploads\/factory-13.webp\"\/><\/p>\n<p><img decoding=\"async\" src=\"\/wp-content\/uploads\/factory-14.webp\"\/><\/p>\n<h2>PREGUNTAS FRECUENTES<\/h2>\n<p><b>1.\u00bfQu\u00e9 es un muro cortina de perfil de aluminio con revestimiento de PVDF?<\/b><\/p>\n<p>Se trata de una extrusi\u00f3n de aluminio utilizada en sistemas de muros cortina revestidos con fluoruro de polivinilideno (PVDF) para proporcionar una resistencia superior a la intemperie y un mayor atractivo est\u00e9tico.\n<\/p>\n<p><\/p>\n<p><b>2.\u00bfCu\u00e1les son las principales ventajas del revestimiento de PVDF en perfiles de aluminio para muros cortina?<\/b><\/p>\n<p>El revestimiento de PVDF ofrece una excelente resistencia a los rayos UV, protecci\u00f3n contra la corrosi\u00f3n, retenci\u00f3n del color y un acabado suave y duradero que soporta las duras condiciones ambientales.\n<\/p>\n<p><\/p>\n<p><b>3. \u00bfPor qu\u00e9 elegir el revestimiento de PVDF en lugar de otros acabados para los perfiles de aluminio para muros cortina?<\/b><\/p>\n<p>El PVDF proporciona una estabilidad del color m\u00e1s duradera, una resistencia qu\u00edmica superior y una mejor resistencia a la intemperie en comparaci\u00f3n con el revestimiento en polvo o el anodizado.\n<\/p>\n<p><\/p>\n<p><b>4.\u00bfPueden personalizarse los perfiles de aluminio con revestimiento de PVDF para aplicaciones de muro cortina?<\/b><\/p>\n<p>S\u00ed, pueden personalizarse en grado de aleaci\u00f3n, forma del perfil, tama\u00f1o y color del revestimiento para satisfacer requisitos arquitect\u00f3nicos y de ingenier\u00eda espec\u00edficos.\n<\/p>\n<p><\/p>\n<p><b>5. \u00bfC\u00f3mo mejora el revestimiento de PVDF el rendimiento de los perfiles de aluminio para muros cortina?<\/b><\/p>\n<p>El revestimiento forma una capa resistente y flexible que resiste la decoloraci\u00f3n, el caleo, el agrietamiento y la descamaci\u00f3n, garantizando la durabilidad y el aspecto del muro cortina.\n<\/p>\n<p><\/p>\n<p><b>6.\u00bfSon adecuados los perfiles de aluminio con revestimiento de PVDF para los sistemas de muros cortina exteriores?<\/b><\/p>\n<p>S\u00ed, los revestimientos de PVDF proporcionan una protecci\u00f3n excepcional contra los rayos UV, la humedad, los contaminantes y las fluctuaciones de temperatura para aplicaciones exteriores.\n<\/p>\n<p><\/p>\n<p><b>7.\u00bfQu\u00e9 industrias utilizan habitualmente perfiles de aluminio con revestimiento de PVDF para muros cortina?<\/b><\/p>\n<p>La construcci\u00f3n comercial, los edificios de gran altura, los estudios de arquitectura y los especialistas en fachadas utilizan estos perfiles por su durabilidad y sus cualidades est\u00e9ticas.\n<\/p>\n<p><\/p>\n<p><b>8.\u00bfC\u00f3mo contribuye el revestimiento de PVDF en los perfiles de aluminio a las pr\u00e1cticas de construcci\u00f3n sostenible?<\/b><\/p>\n<p>El aluminio es totalmente reciclable, y los revestimientos de PVDF tienen un bajo impacto ambiental y una vida \u00fatil prolongada, lo que reduce las necesidades de mantenimiento y sustituci\u00f3n.\n<\/p>\n<p><\/p>","protected":false},"featured_media":6533,"template":"","categories":[63],"class_list":["post-6532","product","type-product","status-publish","has-post-thumbnail","hentry","category-fluorocarbon-coating-profile"],"meta_box":{"hilight_text_group":{"product_hilight_text":"<li>PVDF coating offers superior weather and UV resistance for long-lasting performance<\/li>\r\r\n<li>Enhanced color retention and surface durability for curtain wall applications<\/li>\r\r\n<li>High-quality aluminum profiles ensure structural strength and precision<\/li>\r\r\n<li>Suitable for modern architectural designs with customizable sizes and finishes<\/li>\r\r\n<li>Supports bulk orders with consistent quality and timely delivery<\/li>","product_chanpin_blog":"<ul>\r\r\n<li><a href=\"https:\/\/sinoextrud.com\/t-slot-v-slot-differences\/\" target=\"_blank\">t slot vs v slot<\/a><\/li>\r\r\n<li><a href=\"https:\/\/sinoextrud.com\/what-is-4040-aluminium-extrud\/\" target=\"_blank\">4040 aluminium extrusion<\/a><\/li>\r\r\n<li><a href=\"https:\/\/sinoextrud.com\/what-is-4040-aluminium-extrud\/\" target=\"_blank\">aluminum extrusions for industrial racks<\/a><\/li>\r\r\n<li><a href=\"https:\/\/sinoextrud.com\/powder-coating-aluminium-process\/\" target=\"_blank\">powder coating aluminium<\/a><\/li>\r\r\n<li><a href=\"https:\/\/sinoextrud.com\/what-is-an-aluminium-strip-ceiling\/\" target=\"_blank\">aluminium strip ceiling<\/a><\/li>\r\r\n<li><a href=\"https:\/\/sinoextrud.com\/what-is-a-heat-sink\/\" target=\"_blank\">what is a heat sink<\/a><\/li>\r\r\n<\/ul>","product_chanpin_chanpin":"<li><a href=\"https:\/\/sinoextrud.com\/product\/electrophoretic-wood-surface-aluminum-square-pipe\/\" target=\"_blank\">Electrophoretic wood surface-aluminum Square Pipe<\/a><\/li>\r\n<li><a href=\"https:\/\/sinoextrud.com\/product\/aluminum-square-tube-in-wooden-grain\/\" target=\"_blank\">Aluminum Square Tube In Wooden Grain<\/a><\/li>\r\n<li><a href=\"https:\/\/sinoextrud.com\/product\/alu-squ-tube-in-wood-grain-painting\/\" target=\"_blank\">Alu squ tube In Wood Grain Painting<\/a><\/li>\r\n<li><a href=\"https:\/\/sinoextrud.com\/product\/aluminium-extrusion-press-line-profile-wooden-grained-coating-color-oem\/\" target=\"_blank\">Aluminium Extrusion Press Line profile wooden grained coating color OEM for Door Curtain Wall Ceiling<\/a><\/li>\r\n<li><a href=\"https:\/\/sinoextrud.com\/product\/pvdf-coating-aluminum-profile-curtain-wall\/\" target=\"_blank\">PVDF Coating Aluminum profile Curtain Wall<\/a><\/li>\r\n<li><a href=\"https:\/\/sinoextrud.com\/product\/soundproofed-watertigh\/\" target=\"_blank\">Soundproofed Watertight Wind resistant occulting frame powder coated Facade Cladding and Glass wall aluminium profile<\/a><\/li>\r\n<li><a href=\"https:\/\/sinoextrud.com\/product\/eco-friendly-water-borne-fluorocarbon-spraying-decorative-aluminum-profile-for-outdoor-project\/\" target=\"_blank\">ECO-Friendly Water-borne Fluorocarbon Spraying Decorative Aluminum Profile For Outdoor Project<\/a><\/li>\r\n<li><a href=\"https:\/\/sinoextrud.com\/product\/fluorocarbon-coated-aluminium-extrusions\/\" target=\"_blank\">Fluorocarbon Coated Aluminium Extrusions<\/a><\/li>\r\n<li><a href=\"https:\/\/sinoextrud.com\/product\/aluminum-rectangular-tubing-for-wooden-horizontal-aluminum-fence-panels-system\/\" target=\"_blank\">aluminum rectangular tubing for wooden horizontal aluminum fence panels system<\/a><\/li>\r\n<li><a href=\"https:\/\/sinoextrud.com\/product\/aluminum-curtain-wall-extrusion\/\" target=\"_blank\">Aluminum Curtain Wall Extrusion<\/a><\/li>\r\n<li><a href=\"https:\/\/sinoextrud.com\/product\/comb-shape-aluminium-heat-sink\/\" target=\"_blank\">Comb Shape Aluminium Heat Sink<\/a><\/li>"},"feature_list":[]},"_links":{"self":[{"href":"https:\/\/sinoextrud.com\/es\/wp-json\/wp\/v2\/product\/6532","targetHints":{"allow":["GET"]}}],"collection":[{"href":"https:\/\/sinoextrud.com\/es\/wp-json\/wp\/v2\/product"}],"about":[{"href":"https:\/\/sinoextrud.com\/es\/wp-json\/wp\/v2\/types\/product"}],"wp:featuredmedia":[{"embeddable":true,"href":"https:\/\/sinoextrud.com\/es\/wp-json\/wp\/v2\/media\/6533"}],"wp:attachment":[{"href":"https:\/\/sinoextrud.com\/es\/wp-json\/wp\/v2\/media?parent=6532"}],"wp:term":[{"taxonomy":"category","embeddable":true,"href":"https:\/\/sinoextrud.com\/es\/wp-json\/wp\/v2\/categories?post=6532"}],"curies":[{"name":"wp","href":"https:\/\/api.w.org\/{rel}","templated":true}]}}