{"id":6530,"date":"2025-05-29T06:55:49","date_gmt":"2025-05-29T06:55:49","guid":{"rendered":"https:\/\/sinoextrud.com\/product\/aluminium-extrusion-press-line-profile-wooden-grained-coating-color-oem-for-door-curtain-wall-ceiling\/"},"modified":"2025-06-24T06:11:05","modified_gmt":"2025-06-24T06:11:05","slug":"extrusion-de-aluminio-linea-de-prensa-perfil-de-madera-de-grano-recubrimiento-de-color-oem","status":"publish","type":"product","link":"https:\/\/sinoextrud.com\/es\/product\/aluminium-extrusion-press-line-profile-wooden-grained-coating-color-oem\/","title":{"rendered":"Extrusi\u00f3n de aluminio L\u00ednea de Prensa perfil de madera de grano recubrimiento de color OEM para Puerta Cortina Pared Techo"},"content":{"rendered":"<h2>Productos<\/h2>\n<table class=\"custom-table\">\n<tr>\n<td class=\"label\">Art\u00edculo<\/td>\n<td>Extrusi\u00f3n de aluminio L\u00ednea de Prensa perfil de madera de grano recubrimiento de color OEM para Puerta Cortina Pared Techo<\/td>\n<\/tr>\n<tr>\n<td class=\"label\">Material<\/td>\n<td>Aluminio serie 6000<\/td>\n<\/tr>\n<tr>\n<td class=\"label\">Temple<\/td>\n<td>T4,T5,T6<\/td>\n<\/tr>\n<tr>\n<td class=\"label\">Tama\u00f1o\/Grosor<\/td>\n<td>Espesor general de los perfiles de 0,8 a 5,0 mm, longitud de 1 m a 9 m o personalizados disponibles; espesor de la pel\u00edcula de protecci\u00f3n anodizada de 8~25 um, recubrimiento en polvo de 40 ~ 120 um.<\/td>\n<\/tr>\n<tr>\n<td class=\"label\">Forma<\/td>\n<td>Cuadrado,Redondo,Rectangular,Personalizado<\/td>\n<\/tr>\n<tr>\n<td class=\"label\">Aplicaci\u00f3n<\/td>\n<td>En muebles, ventanas y puertas, decoraci\u00f3n, industria, construcci\u00f3n, etc.<\/td>\n<\/tr>\n<tr>\n<td class=\"label\">Tratamiento de superficies<\/td>\n<td>pintura en polvo,electroforesis,grano de madera,anodizado,cepillado,pulido<\/td>\n<\/tr>\n<tr>\n<td class=\"label\">Colores<\/td>\n<td>Ref hoja de color de recubrimiento en polvo y color personalizado disponible<\/td>\n<\/tr>\n<tr>\n<td class=\"label\">Proceso profundo<\/td>\n<td>DCNC,Taladrado,Fresado,Corte,Soldadura,Doblado,Montaje<\/td>\n<\/tr>\n<tr>\n<td class=\"label\">Certificado<\/td>\n<td>CQM, SGS, CE, BV, SONCAP \/ GB, ISO, JIS, AS, NZS, QUALICOAT, QUOLANOD disponibles<\/td>\n<\/tr>\n<\/table>\n<h2>Nuestra base de fabricaci\u00f3n<\/h2>\n<h3>Panorama de la f\u00e1brica<\/h3>\n<p><img decoding=\"async\" src=\"\/wp-content\/uploads\/factory-01.webp\"\/><\/p>\n<h3>Taller de fabricaci\u00f3n de barras de aluminio<\/h3>\n<p><img decoding=\"async\" src=\"\/wp-content\/uploads\/factory-02.webp\"\/><\/p>\n<\/p>\n<p><img decoding=\"async\" src=\"\/wp-content\/uploads\/factory-03.webp\"\/><\/p>\n<h3>Almac\u00e9n de moldes<\/h3>\n<p><img decoding=\"async\" src=\"\/wp-content\/uploads\/factory-04.webp\"\/><\/p>\n<h3>43 L\u00c3neas de extrusi\u00c3\u00b3n de aluminio (500\u00e2\u20ac\"5500 toneladas)<\/h3>\n<p><img decoding=\"async\" src=\"\/wp-content\/uploads\/factory-05.webp\"\/><\/p>\n<p><img decoding=\"async\" src=\"\/wp-content\/uploads\/factory-06.webp\"\/><\/p>\n<p><img decoding=\"async\" src=\"\/wp-content\/uploads\/factory-07.webp\"\/><\/p>\n<h3>Taller de pintura en polvo<\/h3>\n<p><img decoding=\"async\" src=\"\/wp-content\/uploads\/factory-09.webp\"\/><\/p>\n<h3>Taller de anodizado<\/h3>\n<p><img decoding=\"async\" src=\"\/wp-content\/uploads\/factory-10.webp\"\/><\/p>\n<h3>Taller de procesamiento profundo<\/h3>\n<p><img decoding=\"async\" src=\"\/wp-content\/uploads\/factory-11.webp\"\/><\/p>\n<h3>Taller de mecanizado de precisi\u00f3n CNC<\/h3>\n<p><img decoding=\"async\" src=\"\/wp-content\/uploads\/factory-11.5.webp\"\/><\/p>\n<h3>Almac\u00e9n de productos acabados y de exportaci\u00f3n<\/h3>\n<p><img decoding=\"async\" src=\"\/wp-content\/uploads\/factory-12.webp\"\/><\/p>\n<p><img decoding=\"async\" src=\"\/wp-content\/uploads\/factory-13.webp\"\/><\/p>\n<p><img decoding=\"async\" src=\"\/wp-content\/uploads\/factory-14.webp\"\/><\/p>\n<h2>PREGUNTAS FRECUENTES<\/h2>\n<p><b>1. \u00bfPara qu\u00e9 se utiliza la l\u00ednea de extrusi\u00f3n de aluminio con revestimiento de madera granulada OEM?<\/b><\/p>\n<p>Se utiliza en la fabricaci\u00f3n de marcos de puertas, muros cortina y paneles de techo que requieren un perfil de aluminio duradero con un elegante acabado de grano de madera.\n<\/p>\n<p><\/p>\n<p><b>2.\u00bfCu\u00e1les son las principales ventajas del revestimiento granulado de madera en los perfiles de extrusi\u00f3n de aluminio?<\/b><\/p>\n<p>El revestimiento de madera veteada ofrece un aspecto de madera natural con mayor resistencia a la corrosi\u00f3n, protecci\u00f3n contra los rayos UV, resistencia a los ara\u00f1azos y bajo mantenimiento.\n<\/p>\n<p><\/p>\n<p><b>3. \u00bfPor qu\u00e9 elegir perfiles de extrusi\u00f3n de aluminio OEM con revestimiento de madera granulada?<\/b><\/p>\n<p>Los perfiles OEM garantizan dimensiones, colores y acabados personalizados adaptados a dise\u00f1os arquitect\u00f3nicos y requisitos de proyecto espec\u00edficos.\n<\/p>\n<p><\/p>\n<p><b>4.\u00bfEn qu\u00e9 beneficia el proceso de la l\u00ednea de prensado a los perfiles de extrusi\u00f3n de aluminio con revestimiento de vetas de madera?<\/b><\/p>\n<p>La l\u00ednea de prensado permite una gran precisi\u00f3n y uniformidad en las formas de los perfiles, lo que garantiza una aplicaci\u00f3n uniforme del revestimiento y una calidad superior de la superficie.\n<\/p>\n<p><\/p>\n<p><b>5.\u00bfSon adecuados para aplicaciones exteriores los perfiles de extrusi\u00f3n de aluminio con revestimiento granulado de madera?<\/b><\/p>\n<p>S\u00ed, estos perfiles resisten la humedad, los rayos UV y la intemperie, por lo que son ideales para puertas exteriores, muros cortina y techos.\n<\/p>\n<p><\/p>\n<p><b>6.\u00bfSe pueden personalizar los perfiles de extrusi\u00f3n de aluminio con revestimiento granulado de madera?<\/b><\/p>\n<p>S\u00ed, pueden personalizarse en dise\u00f1o de perfil, color de revestimiento, patr\u00f3n de veta de madera, longitud y grado de aleaci\u00f3n para diversas necesidades de construcci\u00f3n.\n<\/p>\n<p><\/p>\n<p><b>7.\u00bfQu\u00e9 industrias utilizan habitualmente perfiles de extrusi\u00f3n de aluminio con revestimiento granulado de madera?<\/b><\/p>\n<p>Las industrias de la construcci\u00f3n, el dise\u00f1o arquitect\u00f3nico, la decoraci\u00f3n de interiores y la edificaci\u00f3n comercial utilizan estos perfiles por su durabilidad y atractivo est\u00e9tico.\n<\/p>\n<p><\/p>\n<p><b>8.\u00bfC\u00f3mo contribuye a la construcci\u00f3n sostenible el revestimiento granulado de madera en los perfiles de extrusi\u00f3n de aluminio?<\/b><\/p>\n<p>El aluminio es 100% reciclable y el proceso de revestimiento es respetuoso con el medio ambiente, por lo que ofrece una alternativa sostenible a la madera natural en los proyectos de construcci\u00f3n.\n<\/p>\n<p><\/p>","protected":false},"featured_media":6529,"template":"","categories":[63],"class_list":["post-6530","product","type-product","status-publish","has-post-thumbnail","hentry","category-fluorocarbon-coating-profile"],"meta_box":{"hilight_text_group":{"product_hilight_text":"<li>Advanced extrusion press line ensures high precision and consistency<\/li>\r\r\n<li>Wood grain coating provides natural aesthetic with durable finish<\/li>\r\r\n<li>Custom color options available for OEM door, curtain wall, and ceiling profiles<\/li>\r\r\n<li>Corrosion-resistant aluminum ideal for indoor and outdoor architectural use<\/li>\r\r\n<li>Supports bulk production with reliable quality and timely delivery<\/li>","product_chanpin_blog":"<ul>\r\r\n<li><a href=\"https:\/\/sinoextrud.com\/t-slot-v-slot-differences\/\" target=\"_blank\">t slot vs v slot<\/a><\/li>\r\r\n<li><a href=\"https:\/\/sinoextrud.com\/what-is-4040-aluminium-extrud\/\" target=\"_blank\">4040 aluminium extrusion<\/a><\/li>\r\r\n<li><a href=\"https:\/\/sinoextrud.com\/what-is-4040-aluminium-extrud\/\" target=\"_blank\">aluminum extrusions for industrial racks<\/a><\/li>\r\r\n<li><a href=\"https:\/\/sinoextrud.com\/powder-coating-aluminium-process\/\" target=\"_blank\">powder coating aluminium<\/a><\/li>\r\r\n<li><a href=\"https:\/\/sinoextrud.com\/what-is-an-aluminium-strip-ceiling\/\" target=\"_blank\">aluminium strip ceiling<\/a><\/li>\r\r\n<li><a href=\"https:\/\/sinoextrud.com\/what-is-a-heat-sink\/\" target=\"_blank\">what is a heat sink<\/a><\/li>\r\r\n<\/ul>","product_chanpin_chanpin":"<li><a href=\"https:\/\/sinoextrud.com\/product\/elictrophoresis-matte-gold-aluminium-profile-cad\/\" target=\"_blank\">Elictrophoresis matte gold aluminium profile cad download section price per ton extrusions for windows and doors construction<\/a><\/li>\r\n<li><a href=\"https:\/\/sinoextrud.com\/product\/electrophoretic-wood-surface-aluminum-square-pipe\/\" target=\"_blank\">Electrophoretic wood surface-aluminum Square Pipe<\/a><\/li>\r\n<li><a href=\"https:\/\/sinoextrud.com\/product\/aluminum-square-tube-in-wooden-grain\/\" target=\"_blank\">Aluminum Square Tube In Wooden Grain<\/a><\/li>\r\n<li><a href=\"https:\/\/sinoextrud.com\/product\/alu-squ-tube-in-wood-grain-painting\/\" target=\"_blank\">Alu squ tube In Wood Grain Painting<\/a><\/li>\r\n<li><a href=\"https:\/\/sinoextrud.com\/product\/aluminium-extrusion-press-line-profile-wooden-grained-coating-color-oem\/\" target=\"_blank\">Aluminium Extrusion Press Line profile wooden grained coating color OEM for Door Curtain Wall Ceiling<\/a><\/li>\r\n<li><a href=\"https:\/\/sinoextrud.com\/product\/pvdf-coating-aluminum-profile-curtain-wall\/\" target=\"_blank\">PVDF Coating Aluminum profile Curtain Wall<\/a><\/li>\r\n<li><a href=\"https:\/\/sinoextrud.com\/product\/soundproofed-watertigh\/\" target=\"_blank\">Soundproofed Watertight Wind resistant occulting frame powder coated Facade Cladding and Glass wall aluminium profile<\/a><\/li>\r\n<li><a href=\"https:\/\/sinoextrud.com\/product\/eco-friendly-water-borne-fluorocarbon-spraying-decorative-aluminum-profile-for-outdoor-project\/\" target=\"_blank\">ECO-Friendly Water-borne Fluorocarbon Spraying Decorative Aluminum Profile For Outdoor Project<\/a><\/li>\r\n<li><a href=\"https:\/\/sinoextrud.com\/product\/fluorocarbon-coated-aluminium-extrusions\/\" target=\"_blank\">Fluorocarbon Coated Aluminium Extrusions<\/a><\/li>\r\n<li><a href=\"https:\/\/sinoextrud.com\/product\/industrial-t-slot-aluminum-profile\/\" target=\"_blank\">Industrial T Slot Aluminum Profile<\/a><\/li>\r\n<li><a href=\"https:\/\/sinoextrud.com\/product\/aluminum-t-bar-extrusion\/\" target=\"_blank\">Aluminum T Bar Extrusion<\/a><\/li>"},"feature_list":[]},"_links":{"self":[{"href":"https:\/\/sinoextrud.com\/es\/wp-json\/wp\/v2\/product\/6530","targetHints":{"allow":["GET"]}}],"collection":[{"href":"https:\/\/sinoextrud.com\/es\/wp-json\/wp\/v2\/product"}],"about":[{"href":"https:\/\/sinoextrud.com\/es\/wp-json\/wp\/v2\/types\/product"}],"wp:featuredmedia":[{"embeddable":true,"href":"https:\/\/sinoextrud.com\/es\/wp-json\/wp\/v2\/media\/6529"}],"wp:attachment":[{"href":"https:\/\/sinoextrud.com\/es\/wp-json\/wp\/v2\/media?parent=6530"}],"wp:term":[{"taxonomy":"category","embeddable":true,"href":"https:\/\/sinoextrud.com\/es\/wp-json\/wp\/v2\/categories?post=6530"}],"curies":[{"name":"wp","href":"https:\/\/api.w.org\/{rel}","templated":true}]}}