{"id":6528,"date":"2025-05-29T06:51:59","date_gmt":"2025-05-29T06:51:59","guid":{"rendered":"https:\/\/sinoextrud.com\/product\/alu-squ-tube-in-wood-grain-painting\/"},"modified":"2025-06-24T06:11:05","modified_gmt":"2025-06-24T06:11:05","slug":"tubo-alu-squ-en-pintura-veteada-de-madera","status":"publish","type":"product","link":"https:\/\/sinoextrud.com\/es\/product\/alu-squ-tube-in-wood-grain-painting\/","title":{"rendered":"Tubo squ Alu En Pintura De Grano De Madera"},"content":{"rendered":"<h2>Productos<\/h2>\n<table class=\"custom-table\">\n<tr>\n<td class=\"label\">Nombre del producto<\/td>\n<td>Tubo squ Alu En Pintura De Grano De Madera<\/td>\n<\/tr>\n<tr>\n<td class=\"label\">Garant\u00eda<\/td>\n<td>Outdoor Weather Resistance Wood Grain, Aksu y Menphis Wood Grain, Imported Weathering Wood Grain, 10-Years Warranty\uff0c15-Years Guarantee Outdoor Wood Grain With High Weatherability.<\/td>\n<\/tr>\n<tr>\n<td class=\"label\">Tama\u00f1o:<\/td>\n<td>personalizado<\/td>\n<\/tr>\n<tr>\n<td class=\"label\">Forma<\/td>\n<td>cuadrado<\/td>\n<\/tr>\n<tr>\n<td class=\"label\">M\u00e9todo de producci\u00f3n<\/td>\n<td>extrusi\u00f3n de aluminio<\/td>\n<\/tr>\n<tr>\n<td class=\"label\">Tratamiento<\/td>\n<td>Taladrado, roscado, pulido, fresado, corte por l\u00e1ser, mecanizado cnc, biselado, desbarbado<\/td>\n<\/tr>\n<tr>\n<td class=\"label\">Tolerancia<\/td>\n<td>0,01 mm<\/td>\n<\/tr>\n<tr>\n<td class=\"label\">Tratamiento de superficies<\/td>\n<td>anodizado, recubrimiento en polvo, galvanoplastia, electroforesis<\/td>\n<\/tr>\n<tr>\n<td class=\"label\">Color<\/td>\n<td>grano de madera natural brillante<\/td>\n<\/tr>\n<tr>\n<td class=\"label\">Muestra<\/td>\n<td>Disponible<\/td>\n<\/tr>\n<tr>\n<td class=\"label\">C\u00f3digo SA:<\/td>\n<td>7604210000<\/td>\n<\/tr>\n<\/table>\n<h2>Nuestra base de fabricaci\u00f3n<\/h2>\n<h3>Panorama de la f\u00e1brica<\/h3>\n<p><img decoding=\"async\" src=\"\/wp-content\/uploads\/factory-01.webp\"\/><\/p>\n<h3>Taller de fabricaci\u00f3n de barras de aluminio<\/h3>\n<p><img decoding=\"async\" src=\"\/wp-content\/uploads\/factory-02.webp\"\/><\/p>\n<p><img decoding=\"async\" src=\"\/wp-content\/uploads\/factory-03.webp\"\/><\/p>\n<h3>Almac\u00e9n de moldes<\/h3>\n<p><img decoding=\"async\" src=\"\/wp-content\/uploads\/factory-04.webp\"\/><\/p>\n<h3>43 l\u00edneas de extrusi\u00f3n de aluminio (500-5500 toneladas)<\/h3>\n<p><img decoding=\"async\" src=\"\/wp-content\/uploads\/factory-05.webp\"\/><\/p>\n<p><img decoding=\"async\" src=\"\/wp-content\/uploads\/factory-06.webp\"\/><\/p>\n<p><img decoding=\"async\" src=\"\/wp-content\/uploads\/factory-07.webp\"\/><\/p>\n<h3>Taller de pintura en polvo<\/h3>\n<p><img decoding=\"async\" src=\"\/wp-content\/uploads\/factory-09.webp\"\/><\/p>\n<h3>Taller de anodizado<\/h3>\n<p><img decoding=\"async\" src=\"\/wp-content\/uploads\/factory-10.webp\"\/><\/p>\n<h3>Taller de procesamiento profundo<\/h3>\n<p><img decoding=\"async\" src=\"\/wp-content\/uploads\/factory-11.webp\"\/><\/p>\n<h3>Taller de mecanizado de precisi\u00f3n CNC<\/h3>\n<p><img decoding=\"async\" src=\"\/wp-content\/uploads\/factory-11.5.webp\"\/><\/p>\n<h3>Almac\u00e9n de productos acabados y de exportaci\u00f3n<\/h3>\n<p><img decoding=\"async\" src=\"\/wp-content\/uploads\/factory-12.webp\"\/><\/p>\n<p><img decoding=\"async\" src=\"\/wp-content\/uploads\/factory-13.webp\"\/><\/p>\n<p><img decoding=\"async\" src=\"\/wp-content\/uploads\/factory-14.webp\"\/><\/p>\n<h2>PREGUNTAS FRECUENTES<\/h2>\n<p><p><b>1.\u00bfQu\u00e9 es el tubo alu squ en la pintura de vetas de madera?<\/b><\/p>\n<p>El tubo cuadrado de aluminio pintado con veteado de madera es un tubo cuadrado de aluminio acabado con una pintura de veteado de madera que reproduce el aspecto de la madera natural manteniendo la durabilidad del aluminio.<br \/>\n<\/p><br \/>\n<br \/>\n<p><b>2.\u00bfCu\u00e1les son las principales ventajas del tubo squ alu en la pintura de vetas de madera?<\/b><\/p>\n<p>Combina la ligereza del aluminio y su resistencia a la corrosi\u00f3n con un atractivo acabado similar a la madera que requiere poco mantenimiento y es resistente a la intemperie.<br \/>\n<\/p><br \/>\n<br \/>\n<p><b>3.\u00bfPor qu\u00e9 elegir la pintura de grano de madera para los tubos cuadrados de aluminio?<\/b><\/p>\n<p>La pintura con vetas de madera proporciona un aspecto de madera realista con una mayor protecci\u00f3n contra los rayos UV, los ara\u00f1azos y la corrosi\u00f3n, ideal tanto para interiores como para exteriores.<br \/>\n<\/p><br \/>\n<br \/>\n<p><b>4.\u00bfSe pueden personalizar los tubos squ alu con pintura de grano de madera?<\/b><\/p>\n<p>S\u00ed, estos tubos pueden personalizarse en tama\u00f1o, grosor de pared, veteado de la madera, color de la pintura y acabado para satisfacer necesidades arquitect\u00f3nicas y de dise\u00f1o espec\u00edficas.<br \/>\n<\/p><br \/>\n<br \/>\n<p><b>5.\u00bfC\u00f3mo mejora la pintura de grano de madera el rendimiento del tubo cuadrado de aluminio?<\/b><\/p>\n<p>La pintura a\u00f1ade una capa protectora que evita el \u00f3xido, la decoloraci\u00f3n y los da\u00f1os superficiales, al tiempo que confiere al tubo una elegante est\u00e9tica similar a la madera.<br \/>\n<\/p><br \/>\n<br \/>\n<p><b>6.\u00bfSon adecuados los tubos squ alu en pintura veteada de madera para aplicaciones exteriores?<\/b><\/p>\n<p>S\u00ed, ofrecen una excelente resistencia a la humedad, la exposici\u00f3n a los rayos UV y las inclemencias del tiempo, lo que las hace perfectas para muebles de exterior, vallas y fachadas de edificios.<br \/>\n<\/p><br \/>\n<br \/>\n<p><b>7.\u00bfQu\u00e9 industrias utilizan tubos squ alu con pintura de grano de madera?<\/b><\/p>\n<p>Las industrias de la construcci\u00f3n, el mobiliario, el paisajismo y el dise\u00f1o de interiores utilizan estos productos por su combinaci\u00f3n de durabilidad y est\u00e9tica de madera natural.<br \/>\n<\/p><br \/>\n<br \/>\n<p><b>8.\u00bfC\u00f3mo ayuda el tubo squ alu en la pintura de vetas de madera a la construcci\u00f3n sostenible?<\/b><\/p>\n<p>El aluminio es reciclable, y la pintura con vetas de madera ofrece una alternativa sostenible a la madera natural, reduciendo la demanda de madera y el impacto ambiental.<br \/>\n<\/p><br \/><\/p>","protected":false},"featured_media":6527,"template":"","categories":[62],"class_list":["post-6528","product","type-product","status-publish","has-post-thumbnail","hentry","category-electrophoresis-aluminum-profile"],"meta_box":{"hilight_text_group":{"product_hilight_text":"<li>Wood grain painting offers premium natural wood appearance with aluminum strength<\/li>\r\r\n<li>Corrosion-resistant and lightweight aluminum square tube for versatile use<\/li>\r\r\n<li>Durable finish suitable for indoor and outdoor decorative applications<\/li>\r\r\n<li>Precision extrusion ensures uniform dimensions and high-quality surface<\/li>\r\r\n<li>Custom sizes and bulk orders available to meet diverse project needs<\/li>","product_chanpin_blog":"<ul>\r\r\n<li><a href=\"https:\/\/sinoextrud.com\/t-slot-v-slot-differences\/\" target=\"_blank\">t slot vs v slot<\/a><\/li>\r\r\n<li><a href=\"https:\/\/sinoextrud.com\/what-is-4040-aluminium-extrud\/\" target=\"_blank\">4040 aluminium extrusion<\/a><\/li>\r\r\n<li><a href=\"https:\/\/sinoextrud.com\/what-is-4040-aluminium-extrud\/\" target=\"_blank\">aluminum extrusions for industrial racks<\/a><\/li>\r\r\n<li><a href=\"https:\/\/sinoextrud.com\/powder-coating-aluminium-process\/\" target=\"_blank\">powder coating aluminium<\/a><\/li>\r\r\n<li><a href=\"https:\/\/sinoextrud.com\/what-is-an-aluminium-strip-ceiling\/\" target=\"_blank\">aluminium strip ceiling<\/a><\/li>\r\r\n<li><a href=\"https:\/\/sinoextrud.com\/what-is-a-heat-sink\/\" target=\"_blank\">what is a heat sink<\/a><\/li>\r\r\n<\/ul>","product_chanpin_chanpin":"<li><a href=\"https:\/\/sinoextrud.com\/product\/electrophoresis-aluminum-profile-wood-grain\/\" target=\"_blank\">Electrophoresis Aluminum Profile Wood Grain<\/a><\/li>\r\n<li><a href=\"https:\/\/sinoextrud.com\/product\/elictrophoresis-matte-gold-aluminium-profile-cad\/\" target=\"_blank\">Elictrophoresis matte gold aluminium profile cad download section price per ton extrusions for windows and doors construction<\/a><\/li>\r\n<li><a href=\"https:\/\/sinoextrud.com\/product\/electrophoretic-wood-surface-aluminum-square-pipe\/\" target=\"_blank\">Electrophoretic wood surface-aluminum Square Pipe<\/a><\/li>\r\n<li><a href=\"https:\/\/sinoextrud.com\/product\/aluminum-square-tube-in-wooden-grain\/\" target=\"_blank\">Aluminum Square Tube In Wooden Grain<\/a><\/li>\r\n<li><a href=\"https:\/\/sinoextrud.com\/product\/alu-squ-tube-in-wood-grain-painting\/\" target=\"_blank\">Alu squ tube In Wood Grain Painting<\/a><\/li>\r\n<li><a href=\"https:\/\/sinoextrud.com\/product\/aluminium-extrusion-press-line-profile-wooden-grained-coating-color-oem\/\" target=\"_blank\">Aluminium Extrusion Press Line profile wooden grained coating color OEM for Door Curtain Wall Ceiling<\/a><\/li>\r\n<li><a href=\"https:\/\/sinoextrud.com\/product\/pvdf-coating-aluminum-profile-curtain-wall\/\" target=\"_blank\">PVDF Coating Aluminum profile Curtain Wall<\/a><\/li>\r\n<li><a href=\"https:\/\/sinoextrud.com\/product\/soundproofed-watertigh\/\" target=\"_blank\">Soundproofed Watertight Wind resistant occulting frame powder coated Facade Cladding and Glass wall aluminium profile<\/a><\/li>\r\n<li><a href=\"https:\/\/sinoextrud.com\/product\/eco-friendly-water-borne-fluorocarbon-spraying-decorative-aluminum-profile-for-outdoor-project\/\" target=\"_blank\">ECO-Friendly Water-borne Fluorocarbon Spraying Decorative Aluminum Profile For Outdoor Project<\/a><\/li>\r\n<li><a href=\"https:\/\/sinoextrud.com\/product\/anodizing-aluminium-section-sliding-window\/\" target=\"_blank\">Anodizing Aluminium Section Sliding Window<\/a><\/li>\r\n<li><a href=\"https:\/\/sinoextrud.com\/product\/aluminum-shutter-extrusion-profiles\/\" target=\"_blank\">Aluminum Shutter Extrusion Profiles<\/a><\/li>"},"feature_list":[]},"_links":{"self":[{"href":"https:\/\/sinoextrud.com\/es\/wp-json\/wp\/v2\/product\/6528","targetHints":{"allow":["GET"]}}],"collection":[{"href":"https:\/\/sinoextrud.com\/es\/wp-json\/wp\/v2\/product"}],"about":[{"href":"https:\/\/sinoextrud.com\/es\/wp-json\/wp\/v2\/types\/product"}],"wp:featuredmedia":[{"embeddable":true,"href":"https:\/\/sinoextrud.com\/es\/wp-json\/wp\/v2\/media\/6527"}],"wp:attachment":[{"href":"https:\/\/sinoextrud.com\/es\/wp-json\/wp\/v2\/media?parent=6528"}],"wp:term":[{"taxonomy":"category","embeddable":true,"href":"https:\/\/sinoextrud.com\/es\/wp-json\/wp\/v2\/categories?post=6528"}],"curies":[{"name":"wp","href":"https:\/\/api.w.org\/{rel}","templated":true}]}}