{"id":6518,"date":"2025-05-29T06:35:55","date_gmt":"2025-05-29T06:35:55","guid":{"rendered":"https:\/\/sinoextrud.com\/product\/aluminum-profile-with-pvdf-coating\/"},"modified":"2025-06-24T06:11:04","modified_gmt":"2025-06-24T06:11:04","slug":"perfil-de-aluminio-con-revestimiento-de-pvdf","status":"publish","type":"product","link":"https:\/\/sinoextrud.com\/es\/product\/aluminum-profile-with-pvdf-coating\/","title":{"rendered":"Perfil de aluminio con revestimiento de PVDF"},"content":{"rendered":"<h2>Productos<\/h2>\n<table class=\"custom-table\">\n<tr>\n<td class=\"label\">Especificaciones<\/td>\n<td>Perfil de aluminio con revestimiento de PVDF<\/td>\n<\/tr>\n<tr>\n<td class=\"label\">Aleaci\u00f3n general de aluminio<\/td>\n<td>6063,6061,6060,6005,6082<\/td>\n<\/tr>\n<tr>\n<td class=\"label\">Aleaci\u00f3n especial de aluminio<\/td>\n<td>6063A,6061F,5050,5052<\/td>\n<\/tr>\n<tr>\n<td class=\"label\">Tratamiento de superficies<\/td>\n<td>Capa de la energ\u00eda, blanco, negro, marr\u00f3n, rojo, verde y todos los otros colores, pueden hacer la muestra del color seg\u00fan el requisito de cliente.<\/td>\n<\/tr>\n<tr>\n<td class=\"label\">Anodizado<\/td>\n<td>Plata, Brozen, Champ\u00e1n, Negro, Oro, etc., con micro de 8 a 25<br \/>Electroforesis y grano de madera<\/td>\n<\/tr>\n<tr>\n<td class=\"label\">MOQ<\/td>\n<td>200KGS<\/td>\n<\/tr>\n<tr>\n<td class=\"label\">Paquete<\/td>\n<td>envoltura retr\u00e1ctil, bolsa de pl\u00e1stico, papel Kraft, envoltura de papel.paleta de madera en el cargo extra, etc.<\/td>\n<\/tr>\n<tr>\n<td class=\"label\">Pago<\/td>\n<td>T\/T, L\/C, 30% pago por adelantado<\/td>\n<\/tr>\n<tr>\n<td class=\"label\">Entrega<\/td>\n<td>15-25 d\u00edas<\/td>\n<\/tr>\n<\/table>\n<h2>Nuestra base de fabricaci\u00f3n<\/h2>\n<h3>Panorama de la f\u00e1brica<\/h3>\n<p><img decoding=\"async\" src=\"\/wp-content\/uploads\/factory-01.webp\"\/><\/p>\n<h3>Taller de fabricaci\u00f3n de barras de aluminio<\/h3>\n<p><img decoding=\"async\" src=\"\/wp-content\/uploads\/factory-02.webp\"\/><\/p>\n<\/p>\n<p><img decoding=\"async\" src=\"\/wp-content\/uploads\/factory-03.webp\"\/><\/p>\n<h3>Almac\u00e9n de moldes<\/h3>\n<p><img decoding=\"async\" src=\"\/wp-content\/uploads\/factory-04.webp\"\/><\/p>\n<h3>43 L\u00c3neas de extrusi\u00c3\u00b3n de aluminio (500\u00e2\u20ac\"5500 toneladas)<\/h3>\n<p><img decoding=\"async\" src=\"\/wp-content\/uploads\/factory-05.webp\"\/><\/p>\n<p><img decoding=\"async\" src=\"\/wp-content\/uploads\/factory-06.webp\"\/><\/p>\n<p><img decoding=\"async\" src=\"\/wp-content\/uploads\/factory-07.webp\"\/><\/p>\n<h3>Taller de pintura en polvo<\/h3>\n<p><img decoding=\"async\" src=\"\/wp-content\/uploads\/factory-09.webp\"\/><\/p>\n<h3>Taller de anodizado<\/h3>\n<p><img decoding=\"async\" src=\"\/wp-content\/uploads\/factory-10.webp\"\/><\/p>\n<h3>Taller de procesamiento profundo<\/h3>\n<p><img decoding=\"async\" src=\"\/wp-content\/uploads\/factory-11.webp\"\/><\/p>\n<h3>Taller de mecanizado de precisi\u00f3n CNC<\/h3>\n<p><img decoding=\"async\" src=\"\/wp-content\/uploads\/factory-11.5.webp\"\/><\/p>\n<h3>Almac\u00e9n de productos acabados y de exportaci\u00f3n<\/h3>\n<p><img decoding=\"async\" src=\"\/wp-content\/uploads\/factory-12.webp\"\/><\/p>\n<p><img decoding=\"async\" src=\"\/wp-content\/uploads\/factory-13.webp\"\/><\/p>\n<p><img decoding=\"async\" src=\"\/wp-content\/uploads\/factory-14.webp\"\/><\/p>\n<h2>PREGUNTAS FRECUENTES<\/h2>\n<p><b>1.\u00bfQu\u00e9 es un perfil de aluminio con revestimiento de PVDF?<\/b><\/p>\n<p>Un perfil de aluminio con revestimiento de PVDF es una extrusi\u00f3n de aluminio tratada con un acabado de fluoruro de polivinilideno que proporciona una mayor resistencia a la intemperie y durabilidad est\u00e9tica.\n<\/p>\n<p><\/p>\n<p><b>2.\u00bfCu\u00e1les son las principales ventajas de los perfiles de aluminio con revestimiento de PVDF?<\/b><\/p>\n<p>Ofrecen una excelente resistencia a los rayos UV, protecci\u00f3n contra la corrosi\u00f3n, retenci\u00f3n del color y una superficie lisa y duradera adecuada para entornos exteriores dif\u00edciles.\n<\/p>\n<p><\/p>\n<p><b>3.\u00bfPor qu\u00e9 elegir el revestimiento de PVDF en lugar de otros acabados para los perfiles de aluminio?<\/b><\/p>\n<p>El revestimiento de PVDF ofrece mayor resistencia qu\u00edmica, resistencia a la intemperie y estabilidad del color durante m\u00e1s tiempo que el revestimiento en polvo y el anodizado.\n<\/p>\n<p><\/p>\n<p><b>4.\u00bfSe pueden personalizar los perfiles de aluminio con revestimiento de PVDF?<\/b><\/p>\n<p>S\u00ed, pueden personalizarse en forma, tama\u00f1o, grado de aleaci\u00f3n y color del revestimiento para satisfacer requisitos arquitect\u00f3nicos e industriales espec\u00edficos.\n<\/p>\n<p><\/p>\n<p><b>5.\u00bfC\u00f3mo mejora el revestimiento de PVDF el rendimiento de los perfiles de aluminio?<\/b><\/p>\n<p>El PVDF forma una pel\u00edcula resistente y flexible que resiste el caleo, la decoloraci\u00f3n, el agrietamiento y la descamaci\u00f3n, garantizando una protecci\u00f3n y un atractivo visual a largo plazo.\n<\/p>\n<p><\/p>\n<p><b>6.\u00bfSon adecuados los perfiles de aluminio con revestimiento de PVDF para aplicaciones exteriores?<\/b><\/p>\n<p>S\u00ed, los perfiles de aluminio con revestimiento de PVDF destacan en exteriores por su resistencia a los rayos UV, la humedad, los contaminantes y las fluctuaciones de temperatura.\n<\/p>\n<p><\/p>\n<p><b>7.\u00bfQu\u00e9 industrias utilizan habitualmente perfiles de aluminio con revestimiento de PVDF?<\/b><\/p>\n<p>Las industrias de la construcci\u00f3n, automoci\u00f3n, se\u00f1alizaci\u00f3n y aeroespacial utilizan estos perfiles por su durabilidad, resistencia a la corrosi\u00f3n y cualidades est\u00e9ticas.\n<\/p>\n<p><\/p>\n<p><b>8.\u00bfC\u00f3mo contribuye a la construcci\u00f3n sostenible el uso de perfiles de aluminio con revestimiento de PVDF?<\/b><\/p>\n<p>El aluminio es totalmente reciclable, y los revestimientos de PVDF tienen un bajo impacto ambiental y una larga vida \u00fatil, lo que reduce las necesidades de mantenimiento y sustituci\u00f3n.\n<\/p>\n<p><\/p>","protected":false},"featured_media":6517,"template":"","categories":[62],"class_list":["post-6518","product","type-product","status-publish","has-post-thumbnail","hentry","category-electrophoresis-aluminum-profile"],"meta_box":{"hilight_text_group":{"product_hilight_text":"<li>PVDF coating offers exceptional weather and UV resistance<\/li>\r\r\n<li>Maintains vibrant color and finish for extended outdoor durability<\/li>\r\r\n<li>High-quality aluminum profile with precise extrusion standards<\/li>\r\r\n<li>Ideal for architectural facades, windows, and decorative applications<\/li>\r\r\n<li>Supports custom profiles, colors, and bulk manufacturing orders<\/li>","product_chanpin_blog":"<ul>\r\r\n<li><a href=\"https:\/\/sinoextrud.com\/t-slot-v-slot-differences\/\" target=\"_blank\">t slot vs v slot<\/a><\/li>\r\r\n<li><a href=\"https:\/\/sinoextrud.com\/what-is-4040-aluminium-extrud\/\" target=\"_blank\">4040 aluminium extrusion<\/a><\/li>\r\r\n<li><a href=\"https:\/\/sinoextrud.com\/what-is-4040-aluminium-extrud\/\" target=\"_blank\">aluminum extrusions for industrial racks<\/a><\/li>\r\r\n<li><a href=\"https:\/\/sinoextrud.com\/powder-coating-aluminium-process\/\" target=\"_blank\">powder coating aluminium<\/a><\/li>\r\r\n<li><a href=\"https:\/\/sinoextrud.com\/what-is-an-aluminium-strip-ceiling\/\" target=\"_blank\">aluminium strip ceiling<\/a><\/li>\r\r\n<li><a href=\"https:\/\/sinoextrud.com\/what-is-a-heat-sink\/\" target=\"_blank\">what is a heat sink<\/a><\/li>\r\r\n<\/ul>","product_chanpin_chanpin":"<li><a href=\"https:\/\/sinoextrud.com\/product\/extrusion-aluminum-profile-for-powder-coating-window-and-door-alloy-6063\/\" target=\"_blank\">Extrusion Aluminum Profile For Powder Coating Window and Door Alloy 6063<\/a><\/li>\r\n<li><a href=\"https:\/\/sinoextrud.com\/product\/electrophoretic-grain-square-tube-rosewood\/\" target=\"_blank\">Electrophoretic Grain Square Tube Rosewood<\/a><\/li>\r\n<li><a href=\"https:\/\/sinoextrud.com\/product\/electrophoresis-surface-aluminum-profiles\/\" target=\"_blank\">Electrophoresis Surface Aluminum Profiles<\/a><\/li>\r\n<li><a href=\"https:\/\/sinoextrud.com\/product\/golden-electrophoresis-aluminum-profile\/\" target=\"_blank\">Golden Electrophoresis Aluminum Profile<\/a><\/li>\r\n<li><a href=\"https:\/\/sinoextrud.com\/product\/aluminum-profile-with-pvdf-coating\/\" target=\"_blank\">Aluminum Profile With PVDF Coating<\/a><\/li>\r\n<li><a href=\"https:\/\/sinoextrud.com\/product\/electrophoresis-aluminum-profile-wood-grain\/\" target=\"_blank\">Electrophoresis Aluminum Profile Wood Grain<\/a><\/li>\r\n<li><a href=\"https:\/\/sinoextrud.com\/product\/elictrophoresis-matte-gold-aluminium-profile-cad\/\" target=\"_blank\">Elictrophoresis matte gold aluminium profile cad download section price per ton extrusions for windows and doors construction<\/a><\/li>\r\n<li><a href=\"https:\/\/sinoextrud.com\/product\/electrophoretic-wood-surface-aluminum-square-pipe\/\" target=\"_blank\">Electrophoretic wood surface-aluminum Square Pipe<\/a><\/li>\r\n<li><a href=\"https:\/\/sinoextrud.com\/product\/aluminum-square-tube-in-wooden-grain\/\" target=\"_blank\">Aluminum Square Tube In Wooden Grain<\/a><\/li>\r\n<li><a href=\"https:\/\/sinoextrud.com\/product\/aluminium-profile-for-clean-room\/\" target=\"_blank\">Aluminium Profile For Clean Room<\/a><\/li>\r\n<li><a href=\"https:\/\/sinoextrud.com\/product\/cnc-industrial-aluminum-profiler\/\" target=\"_blank\">CNC Industrial Aluminum Profiler<\/a><\/li>"},"feature_list":[]},"_links":{"self":[{"href":"https:\/\/sinoextrud.com\/es\/wp-json\/wp\/v2\/product\/6518","targetHints":{"allow":["GET"]}}],"collection":[{"href":"https:\/\/sinoextrud.com\/es\/wp-json\/wp\/v2\/product"}],"about":[{"href":"https:\/\/sinoextrud.com\/es\/wp-json\/wp\/v2\/types\/product"}],"wp:featuredmedia":[{"embeddable":true,"href":"https:\/\/sinoextrud.com\/es\/wp-json\/wp\/v2\/media\/6517"}],"wp:attachment":[{"href":"https:\/\/sinoextrud.com\/es\/wp-json\/wp\/v2\/media?parent=6518"}],"wp:term":[{"taxonomy":"category","embeddable":true,"href":"https:\/\/sinoextrud.com\/es\/wp-json\/wp\/v2\/categories?post=6518"}],"curies":[{"name":"wp","href":"https:\/\/api.w.org\/{rel}","templated":true}]}}