{"id":6514,"date":"2025-05-29T04:00:39","date_gmt":"2025-05-29T04:00:39","guid":{"rendered":"https:\/\/sinoextrud.com\/product\/electrophoresis-surface-aluminum-profiles\/"},"modified":"2025-06-24T06:11:03","modified_gmt":"2025-06-24T06:11:03","slug":"superficie-de-electroforesis-perfiles-de-aluminio","status":"publish","type":"product","link":"https:\/\/sinoextrud.com\/es\/product\/electrophoresis-surface-aluminum-profiles\/","title":{"rendered":"Superficie de electroforesis Perfiles de aluminio"},"content":{"rendered":"<h2>Productos<\/h2>\n<table class=\"custom-table\">\n<tr>\n<td class=\"label\">Modelo NO.:<\/td>\n<td>Serie 6000<\/td>\n<\/tr>\n<tr>\n<td class=\"label\">Acabado superficial:<\/td>\n<td>Grano de madera, personalizado<\/td>\n<\/tr>\n<tr>\n<td class=\"label\">Ingrediente de aleaci\u00f3n:<\/td>\n<td>6063<\/td>\n<\/tr>\n<tr>\n<td class=\"label\">Certificaci\u00f3n:<\/td>\n<td>CE, SGS, ISO, CIQ, ROHS, TUV<\/td>\n<\/tr>\n<tr>\n<td class=\"label\">Marca:<\/td>\n<td>Sinoextrud<\/td>\n<\/tr>\n<tr>\n<td class=\"label\">Material:<\/td>\n<td>6063-T5, 6061-T6, 6082<\/td>\n<\/tr>\n<tr>\n<td class=\"label\">Tratamiento de la superficie:<\/td>\n<td>Electroforesis<\/td>\n<\/tr>\n<tr>\n<td class=\"label\">Proceso profundo:<\/td>\n<td>CNC, taladrado, roscado, punzonado, corte, plegado<\/td>\n<\/tr>\n<tr>\n<td class=\"label\">Color:<\/td>\n<td>Grano de madera (varios colores disponibles)<\/td>\n<\/tr>\n<tr>\n<td class=\"label\">Muestra:<\/td>\n<td>disponible<\/td>\n<\/tr>\n<tr>\n<td class=\"label\">Producto:<\/td>\n<td>Perfil de aluminio<\/td>\n<\/tr>\n<tr>\n<td class=\"label\">Puerto de carga:<\/td>\n<td>Foshan, Guangdong, China<\/td>\n<\/tr>\n<tr>\n<td class=\"label\">Pago:<\/td>\n<td>T\/T 30% para el dep\u00f3sito, saldo antes de la entrega<\/td>\n<\/tr>\n<tr>\n<td class=\"label\">Origen:<\/td>\n<td>China<\/td>\n<\/tr>\n<tr>\n<td class=\"label\">C\u00f3digo SA:<\/td>\n<td>7604210000<\/td>\n<\/tr>\n<\/table>\n<h2>Nuestra base de fabricaci\u00f3n<\/h2>\n<h3>Panorama de la f\u00e1brica<\/h3>\n<p><img decoding=\"async\" src=\"\/wp-content\/uploads\/factory-01.webp\"\/><\/p>\n<h3>Taller de fabricaci\u00f3n de barras de aluminio<\/h3>\n<p><img decoding=\"async\" src=\"\/wp-content\/uploads\/factory-02.webp\"\/><\/p>\n<\/p>\n<p><img decoding=\"async\" src=\"\/wp-content\/uploads\/factory-03.webp\"\/><\/p>\n<h3>Almac\u00e9n de moldes<\/h3>\n<p><img decoding=\"async\" src=\"\/wp-content\/uploads\/factory-04.webp\"\/><\/p>\n<h3>43 L\u00c3neas de extrusi\u00c3\u00b3n de aluminio (500\u00e2\u20ac\"5500 toneladas)<\/h3>\n<p><img decoding=\"async\" src=\"\/wp-content\/uploads\/factory-05.webp\"\/><\/p>\n<p><img decoding=\"async\" src=\"\/wp-content\/uploads\/factory-06.webp\"\/><\/p>\n<p><img decoding=\"async\" src=\"\/wp-content\/uploads\/factory-07.webp\"\/><\/p>\n<h3>Taller de pintura en polvo<\/h3>\n<p><img decoding=\"async\" src=\"\/wp-content\/uploads\/factory-09.webp\"\/><\/p>\n<h3>Taller de anodizado<\/h3>\n<p><img decoding=\"async\" src=\"\/wp-content\/uploads\/factory-10.webp\"\/><\/p>\n<h3>Taller de procesamiento profundo<\/h3>\n<p><img decoding=\"async\" src=\"\/wp-content\/uploads\/factory-11.webp\"\/><\/p>\n<h3>Taller de mecanizado de precisi\u00f3n CNC<\/h3>\n<p><img decoding=\"async\" src=\"\/wp-content\/uploads\/factory-11.5.webp\"\/><\/p>\n<h3>Almac\u00e9n de productos acabados y de exportaci\u00f3n<\/h3>\n<p><img decoding=\"async\" src=\"\/wp-content\/uploads\/factory-12.webp\"\/><\/p>\n<p><img decoding=\"async\" src=\"\/wp-content\/uploads\/factory-13.webp\"\/><\/p>\n<p><img decoding=\"async\" src=\"\/wp-content\/uploads\/factory-14.webp\"\/><\/p>\n<h2>PREGUNTAS FRECUENTES<\/h2>\n<p><b>1.\u00bfQu\u00e9 son los perfiles de aluminio de la superficie de electroforesis?<\/b><\/p>\n<p>Los perfiles de aluminio con superficie electrofor\u00e9tica son extrusiones de aluminio tratadas con un proceso de revestimiento electrofor\u00e9tico que proporciona superficies uniformes, duraderas y resistentes a la corrosi\u00f3n.\n<\/p>\n<p><\/p>\n<p><b>2.\u00bfCu\u00e1les son las principales ventajas de los perfiles de aluminio de superficie de electroforesis?<\/b><\/p>\n<p>Ofrecen una excelente resistencia a la corrosi\u00f3n, un grosor de revestimiento uniforme, una fuerte adherencia y un acabado superficial mejorado adecuado para formas complejas y perfiles intrincados.\n<\/p>\n<p><\/p>\n<p><b>3. \u00bfPor qu\u00e9 elegir el recubrimiento por electroforesis en lugar de los m\u00e9todos de acabado tradicionales?<\/b><\/p>\n<p>El revestimiento por electroforesis garantiza una cobertura uniforme en todas las superficies, incluidos los huecos y los bordes, reduce los defectos y proporciona una protecci\u00f3n superior contra la corrosi\u00f3n en comparaci\u00f3n con el revestimiento en polvo o el anodizado.\n<\/p>\n<p><\/p>\n<p><b>4.\u00bfSe pueden personalizar los perfiles de aluminio de la superficie de electroforesis?<\/b><\/p>\n<p>S\u00ed, estos perfiles pueden personalizarse en grado de aleaci\u00f3n, tama\u00f1o, forma y color del revestimiento electrofor\u00e9tico para satisfacer necesidades espec\u00edficas de aplicaci\u00f3n y dise\u00f1o.\n<\/p>\n<p><\/p>\n<p><b>5.\u00bfC\u00f3mo mejora el tratamiento por electroforesis la durabilidad de los perfiles de aluminio?<\/b><\/p>\n<p>El revestimiento electrofor\u00e9tico forma una pel\u00edcula protectora fuertemente adherida que resiste la oxidaci\u00f3n, los rayos UV, la exposici\u00f3n qu\u00edmica y el desgaste mec\u00e1nico.\n<\/p>\n<p><\/p>\n<p><b>6.\u00bfSon adecuados los perfiles de aluminio para superficies de electroforesis para aplicaciones exteriores?<\/b><\/p>\n<p>S\u00ed, ofrecen una excelente resistencia a la intemperie, la humedad y los contaminantes ambientales, por lo que son ideales para usos arquitect\u00f3nicos exteriores e industriales.\n<\/p>\n<p><\/p>\n<p><b>7.\u00bfQu\u00e9 industrias se benefician m\u00e1s de los perfiles de aluminio de superficie por electroforesis?<\/b><\/p>\n<p>Las industrias de la construcci\u00f3n, la automoci\u00f3n, la electr\u00f3nica y el mueble utilizan estos perfiles por su durabilidad, acabado uniforme y resistencia a la corrosi\u00f3n.\n<\/p>\n<p><\/p>\n<p><b>8.\u00bfC\u00f3mo ayuda la electroforesis superficial de perfiles de aluminio a la fabricaci\u00f3n sostenible?<\/b><\/p>\n<p>El proceso electrofor\u00e9tico es respetuoso con el medio ambiente, con bajas emisiones de COV, y el aluminio es totalmente reciclable, lo que fomenta pr\u00e1cticas de producci\u00f3n respetuosas con el medio ambiente.\n<\/p>\n<p><\/p>","protected":false},"featured_media":6513,"template":"","categories":[62],"class_list":["post-6514","product","type-product","status-publish","has-post-thumbnail","hentry","category-electrophoresis-aluminum-profile"],"meta_box":{"hilight_text_group":{"product_hilight_text":"<li>Electrophoresis surface treatment offers superior corrosion resistance<\/li>\r\r\n<li>Provides smooth, uniform coating with enhanced adhesion<\/li>\r\r\n<li>Improves durability and aesthetic appeal of aluminum profiles<\/li>\r\r\n<li>Suitable for architectural, automotive, and industrial applications<\/li>\r\r\n<li>Supports custom sizes, shapes, and bulk order fulfillment<\/li>","product_chanpin_blog":"<ul>\r\r\n<li><a href=\"https:\/\/sinoextrud.com\/t-slot-v-slot-differences\/\" target=\"_blank\">t slot vs v slot<\/a><\/li>\r\r\n<li><a href=\"https:\/\/sinoextrud.com\/what-is-4040-aluminium-extrud\/\" target=\"_blank\">4040 aluminium extrusion<\/a><\/li>\r\r\n<li><a href=\"https:\/\/sinoextrud.com\/what-is-4040-aluminium-extrud\/\" target=\"_blank\">aluminum extrusions for industrial racks<\/a><\/li>\r\r\n<li><a href=\"https:\/\/sinoextrud.com\/powder-coating-aluminium-process\/\" target=\"_blank\">powder coating aluminium<\/a><\/li>\r\r\n<li><a href=\"https:\/\/sinoextrud.com\/what-is-an-aluminium-strip-ceiling\/\" target=\"_blank\">aluminium strip ceiling<\/a><\/li>\r\r\n<li><a href=\"https:\/\/sinoextrud.com\/what-is-a-heat-sink\/\" target=\"_blank\">what is a heat sink<\/a><\/li>\r\r\n<\/ul>","product_chanpin_chanpin":"<li><a href=\"https:\/\/sinoextrud.com\/product\/customized-powder-coated-tube-decorative-anodized-aluminum-louver-fence-panel-for-modern-garden\/\" target=\"_blank\">Customized Powder Coated Tube Decorative Anodized Aluminum Louver Fence Panel For Modern Garden<\/a><\/li>\r\n<li><a href=\"https:\/\/sinoextrud.com\/product\/aluminium-6063\/\" target=\"_blank\">Aluminium 6063<\/a><\/li>\r\n<li><a href=\"https:\/\/sinoextrud.com\/product\/extrusion-aluminum-profile-for-powder-coating-window-and-door-alloy-6063\/\" target=\"_blank\">Extrusion Aluminum Profile For Powder Coating Window and Door Alloy 6063<\/a><\/li>\r\n<li><a href=\"https:\/\/sinoextrud.com\/product\/electrophoretic-grain-square-tube-rosewood\/\" target=\"_blank\">Electrophoretic Grain Square Tube Rosewood<\/a><\/li>\r\n<li><a href=\"https:\/\/sinoextrud.com\/product\/electrophoresis-surface-aluminum-profiles\/\" target=\"_blank\">Electrophoresis Surface Aluminum Profiles<\/a><\/li>\r\n<li><a href=\"https:\/\/sinoextrud.com\/product\/golden-electrophoresis-aluminum-profile\/\" target=\"_blank\">Golden Electrophoresis Aluminum Profile<\/a><\/li>\r\n<li><a href=\"https:\/\/sinoextrud.com\/product\/aluminum-profile-with-pvdf-coating\/\" target=\"_blank\">Aluminum Profile With PVDF Coating<\/a><\/li>\r\n<li><a href=\"https:\/\/sinoextrud.com\/product\/electrophoresis-aluminum-profile-wood-grain\/\" target=\"_blank\">Electrophoresis Aluminum Profile Wood Grain<\/a><\/li>\r\n<li><a href=\"https:\/\/sinoextrud.com\/product\/elictrophoresis-matte-gold-aluminium-profile-cad\/\" target=\"_blank\">Elictrophoresis matte gold aluminium profile cad download section price per ton extrusions for windows and doors construction<\/a><\/li>\r\n<li><a href=\"https:\/\/sinoextrud.com\/product\/aluminium-extrusion-c-beam\/\" target=\"_blank\">Aluminium Extrusion C Beam<\/a><\/li>\r\n<li><a href=\"https:\/\/sinoextrud.com\/product\/wood-grain-false-ceiling-aluminium-profiles\/\" target=\"_blank\">Wood Grain False Ceiling Aluminium Profiles<\/a><\/li>"},"feature_list":[]},"_links":{"self":[{"href":"https:\/\/sinoextrud.com\/es\/wp-json\/wp\/v2\/product\/6514","targetHints":{"allow":["GET"]}}],"collection":[{"href":"https:\/\/sinoextrud.com\/es\/wp-json\/wp\/v2\/product"}],"about":[{"href":"https:\/\/sinoextrud.com\/es\/wp-json\/wp\/v2\/types\/product"}],"wp:featuredmedia":[{"embeddable":true,"href":"https:\/\/sinoextrud.com\/es\/wp-json\/wp\/v2\/media\/6513"}],"wp:attachment":[{"href":"https:\/\/sinoextrud.com\/es\/wp-json\/wp\/v2\/media?parent=6514"}],"wp:term":[{"taxonomy":"category","embeddable":true,"href":"https:\/\/sinoextrud.com\/es\/wp-json\/wp\/v2\/categories?post=6514"}],"curies":[{"name":"wp","href":"https:\/\/api.w.org\/{rel}","templated":true}]}}