{"id":6512,"date":"2025-05-29T03:58:11","date_gmt":"2025-05-29T03:58:11","guid":{"rendered":"https:\/\/sinoextrud.com\/product\/electrophoretic-grain-square-tube-rosewood\/"},"modified":"2025-06-24T06:11:03","modified_gmt":"2025-06-24T06:11:03","slug":"tubo-cuadrado-de-madera-de-palisandro-de-grano-electroforetico","status":"publish","type":"product","link":"https:\/\/sinoextrud.com\/es\/product\/electrophoretic-grain-square-tube-rosewood\/","title":{"rendered":"Tubo cuadrado de madera de palisandro de grano electrofor\u00e9tico"},"content":{"rendered":"<h2>Productos<\/h2>\n<table class=\"custom-table\">\n<tr>\n<td class=\"label\">Modelo NO.:<\/td>\n<td>tubo cuadrado de madera de palisandro de grano electrofor\u00e9tico serie 6000<\/td>\n<\/tr>\n<tr>\n<td class=\"label\">Acabado superficial:<\/td>\n<td>Grano de madera, personalizado<\/td>\n<\/tr>\n<tr>\n<td class=\"label\">Ingrediente de aleaci\u00f3n:<\/td>\n<td>6063<\/td>\n<\/tr>\n<tr>\n<td class=\"label\">Certificaci\u00f3n:<\/td>\n<td>CE, SONCAP, ISO, CIQ, ROHS, TUV,SGS<\/td>\n<\/tr>\n<tr>\n<td class=\"label\">Perfil de aluminio pulido:<\/td>\n<td>Pulido mec\u00e1nico<\/td>\n<\/tr>\n<tr>\n<td class=\"label\">Material:<\/td>\n<td>6063-T5, 6061-T6, 6463-T5, 7075-T6, 6082<\/td>\n<\/tr>\n<tr>\n<td class=\"label\">Tratamiento de la superficie:<\/td>\n<td>Electroforesis<\/td>\n<\/tr>\n<tr>\n<td class=\"label\">Proceso profundo:<\/td>\n<td>CNC, taladrado, roscado, punzonado, corte, plegado<\/td>\n<\/tr>\n<tr>\n<td class=\"label\">Color:<\/td>\n<td>Grano de madera (varios colores disponibles)<\/td>\n<\/tr>\n<tr>\n<td class=\"label\">Garantizado:<\/td>\n<td>10-20 a\u00f1os<\/td>\n<\/tr>\n<tr>\n<td class=\"label\">Producto:<\/td>\n<td>Perfil de aluminio<\/td>\n<\/tr>\n<tr>\n<td class=\"label\">Puerto de carga:<\/td>\n<td>Foshan, Guangdong, China<\/td>\n<\/tr>\n<tr>\n<td class=\"label\">Pago:<\/td>\n<td>T\/T 30% para el dep\u00f3sito, saldo antes de la entrega<\/td>\n<\/tr>\n<tr>\n<td class=\"label\">Origen:<\/td>\n<td>China<\/td>\n<\/tr>\n<tr>\n<td class=\"label\">C\u00f3digo SA:<\/td>\n<td>7604210000<\/td>\n<\/tr>\n<\/table>\n<h2>Nuestra base de fabricaci\u00f3n<\/h2>\n<h3>Panorama de la f\u00e1brica<\/h3>\n<p><img decoding=\"async\" src=\"\/wp-content\/uploads\/factory-01.webp\"\/><\/p>\n<h3>Taller de fabricaci\u00f3n de barras de aluminio<\/h3>\n<p><img decoding=\"async\" src=\"\/wp-content\/uploads\/factory-02.webp\"\/><\/p>\n<p><img decoding=\"async\" src=\"\/wp-content\/uploads\/factory-03.webp\"\/><\/p>\n<h3>Almac\u00e9n de moldes<\/h3>\n<p><img decoding=\"async\" src=\"\/wp-content\/uploads\/factory-04.webp\"\/><\/p>\n<h3>43 L\u00c3neas de extrusi\u00c3\u00b3n de aluminio (500\u00e2\u20ac\"5500 toneladas)<\/h3>\n<p><img decoding=\"async\" src=\"\/wp-content\/uploads\/factory-05.webp\"\/><\/p>\n<p><img decoding=\"async\" src=\"\/wp-content\/uploads\/factory-06.webp\"\/><\/p>\n<p><img decoding=\"async\" src=\"\/wp-content\/uploads\/factory-07.webp\"\/><\/p>\n<h3>Taller de pintura en polvo<\/h3>\n<p><img decoding=\"async\" src=\"\/wp-content\/uploads\/factory-09.webp\"\/><\/p>\n<h3>Taller de anodizado<\/h3>\n<p><img decoding=\"async\" src=\"\/wp-content\/uploads\/factory-10.webp\"\/><\/p>\n<h3>Taller de procesamiento profundo<\/h3>\n<p><img decoding=\"async\" src=\"\/wp-content\/uploads\/factory-11.webp\"\/><\/p>\n<h3>Taller de mecanizado de precisi\u00f3n CNC<\/h3>\n<p><img decoding=\"async\" src=\"\/wp-content\/uploads\/factory-11.5.webp\"\/><\/p>\n<h3>Almac\u00e9n de productos acabados y de exportaci\u00f3n<\/h3>\n<p><img decoding=\"async\" src=\"\/wp-content\/uploads\/factory-12.webp\"\/><\/p>\n<p><img decoding=\"async\" src=\"\/wp-content\/uploads\/factory-13.webp\"\/><\/p>\n<p><img decoding=\"async\" src=\"\/wp-content\/uploads\/factory-14.webp\"\/><\/p>\n<h2>PREGUNTAS FRECUENTES<\/h2>\n<p><p><b>1.\u00bfPara qu\u00e9 se utiliza el palisandro cuadrado de grano electrofor\u00e9tico?<\/b><\/p>\n<p>El palisandro de tubo cuadrado de veta electrofor\u00e9tica se utiliza en muebles, decoraci\u00f3n de interiores, marcos de ventanas y aplicaciones arquitect\u00f3nicas por su aspecto est\u00e9tico similar a la madera y su durabilidad.<br \/>\n<\/p><br \/>\n<br \/>\n<p><b>2.\u00bfCu\u00e1les son las principales ventajas del palo de rosa de tubo cuadrado de grano electrofor\u00e9tico?<\/b><\/p>\n<p>Ofrece una excelente resistencia a la corrosi\u00f3n y a los ara\u00f1azos, y un acabado de grano de palisandro natural con color y textura uniformes.<br \/>\n<\/p><br \/>\n<br \/>\n<p><b>3.\u00bfPor qu\u00e9 elegir el revestimiento electrofor\u00e9tico para los tubos cuadrados de grano de palisandro?<\/b><\/p>\n<p>El revestimiento electrofor\u00e9tico proporciona una superficie lisa y uniforme con una fuerte adherencia que mejora la durabilidad y evita que se pele o se decolore con el tiempo.<br \/>\n<\/p><br \/>\n<br \/>\n<p><b>4.\u00bfSe puede personalizar el palo de rosa de tubo cuadrado de grano electrofor\u00e9tico?<\/b><\/p>\n<p>S\u00ed, estos tubos pueden personalizarse en tama\u00f1o, grosor de pared, veteado e intensidad de color para satisfacer requisitos de dise\u00f1o espec\u00edficos.<br \/>\n<\/p><br \/>\n<br \/>\n<p><b>5.\u00bfC\u00f3mo mejora el acabado electrofor\u00e9tico del grano el rendimiento del tubo cuadrado?<\/b><\/p>\n<p>El acabado a\u00f1ade una capa protectora adicional contra la corrosi\u00f3n y el desgaste, al tiempo que mantiene el atractivo visual de las vetas naturales de la madera.<br \/>\n<\/p><br \/>\n<br \/>\n<p><b>6.\u00bfSon los tubos cuadrados de madera de palisandro de veta electrofor\u00e9tica adecuados para su uso en exteriores?<\/b><\/p>\n<p>S\u00ed, con su resistencia a la corrosi\u00f3n y su protecci\u00f3n contra los rayos UV, estos tubos son ideales para muebles de exterior y elementos arquitect\u00f3nicos.<br \/>\n<\/p><br \/>\n<br \/>\n<p><b>7.\u00bfC\u00f3mo contribuye el palo de rosa de tubo cuadrado de grano electrofor\u00e9tico al dise\u00f1o sostenible?<\/b><\/p>\n<p>Los sustratos de aluminio son 100% reciclables, y el proceso de revestimiento electrofor\u00e9tico es respetuoso con el medio ambiente, lo que convierte a este producto en una alternativa sostenible a la madera aut\u00e9ntica.<br \/>\n<\/p><br \/>\n<br \/>\n<p><b>8.\u00bfQu\u00e9 industrias utilizan habitualmente el palo de rosa de tubo cuadrado de grano electrofor\u00e9tico?<\/b><\/p>\n<p>Fabricantes de muebles, dise\u00f1adores de interiores, empresas de construcci\u00f3n y estudios de arquitectura utilizan este producto por su combinaci\u00f3n de belleza, resistencia y longevidad.<br \/>\n<\/p><br \/><\/p>","protected":false},"featured_media":6511,"template":"","categories":[62],"class_list":["post-6512","product","type-product","status-publish","has-post-thumbnail","hentry","category-electrophoresis-aluminum-profile"],"meta_box":{"hilight_text_group":{"product_hilight_text":"<li>Electrophoretic coating enhances corrosion resistance and surface durability<\/li>\r\r\n<li>Grain texture provides an elegant rosewood finish for premium aesthetics<\/li>\r\r\n<li>High-quality square tube design ensures structural strength<\/li>\r\r\n<li>Ideal for decorative applications in architecture and furniture<\/li>\r\r\n<li>Supports custom sizes and bulk orders with consistent quality<\/li>","product_chanpin_blog":"<ul>\r\r\n<li><a href=\"https:\/\/sinoextrud.com\/t-slot-v-slot-differences\/\" target=\"_blank\">t slot vs v slot<\/a><\/li>\r\r\n<li><a href=\"https:\/\/sinoextrud.com\/what-is-4040-aluminium-extrud\/\" target=\"_blank\">4040 aluminium extrusion<\/a><\/li>\r\r\n<li><a href=\"https:\/\/sinoextrud.com\/what-is-4040-aluminium-extrud\/\" target=\"_blank\">aluminum extrusions for industrial racks<\/a><\/li>\r\r\n<li><a href=\"https:\/\/sinoextrud.com\/powder-coating-aluminium-process\/\" target=\"_blank\">powder coating aluminium<\/a><\/li>\r\r\n<li><a href=\"https:\/\/sinoextrud.com\/what-is-an-aluminium-strip-ceiling\/\" target=\"_blank\">aluminium strip ceiling<\/a><\/li>\r\r\n<li><a href=\"https:\/\/sinoextrud.com\/what-is-a-heat-sink\/\" target=\"_blank\">what is a heat sink<\/a><\/li>\r\r\n<\/ul>","product_chanpin_chanpin":"<li><a href=\"https:\/\/sinoextrud.com\/product\/powder-coating-surface-aluminum-profile\/\" target=\"_blank\">Powder Coating Surface Aluminum Profile<\/a><\/li>\r\n<li><a href=\"https:\/\/sinoextrud.com\/product\/customized-powder-coated-tube-decorative-anodized-aluminum-louver-fence-panel-for-modern-garden\/\" target=\"_blank\">Customized Powder Coated Tube Decorative Anodized Aluminum Louver Fence Panel For Modern Garden<\/a><\/li>\r\n<li><a href=\"https:\/\/sinoextrud.com\/product\/aluminium-6063\/\" target=\"_blank\">Aluminium 6063<\/a><\/li>\r\n<li><a href=\"https:\/\/sinoextrud.com\/product\/extrusion-aluminum-profile-for-powder-coating-window-and-door-alloy-6063\/\" target=\"_blank\">Extrusion Aluminum Profile For Powder Coating Window and Door Alloy 6063<\/a><\/li>\r\n<li><a href=\"https:\/\/sinoextrud.com\/product\/electrophoretic-grain-square-tube-rosewood\/\" target=\"_blank\">Electrophoretic Grain Square Tube Rosewood<\/a><\/li>\r\n<li><a href=\"https:\/\/sinoextrud.com\/product\/electrophoresis-surface-aluminum-profiles\/\" target=\"_blank\">Electrophoresis Surface Aluminum Profiles<\/a><\/li>\r\n<li><a href=\"https:\/\/sinoextrud.com\/product\/golden-electrophoresis-aluminum-profile\/\" target=\"_blank\">Golden Electrophoresis Aluminum Profile<\/a><\/li>\r\n<li><a href=\"https:\/\/sinoextrud.com\/product\/aluminum-profile-with-pvdf-coating\/\" target=\"_blank\">Aluminum Profile With PVDF Coating<\/a><\/li>\r\n<li><a href=\"https:\/\/sinoextrud.com\/product\/electrophoresis-aluminum-profile-wood-grain\/\" target=\"_blank\">Electrophoresis Aluminum Profile Wood Grain<\/a><\/li>\r\n<li><a href=\"https:\/\/sinoextrud.com\/product\/architectural-aluminum-profile\/\" target=\"_blank\">Architectural Aluminum Profile<\/a><\/li>\r\n<li><a href=\"https:\/\/sinoextrud.com\/product\/40-x-40-aluminium-extrusion\/\" target=\"_blank\">40 X 40 Aluminium Extrusion<\/a><\/li>"},"feature_list":[]},"_links":{"self":[{"href":"https:\/\/sinoextrud.com\/es\/wp-json\/wp\/v2\/product\/6512","targetHints":{"allow":["GET"]}}],"collection":[{"href":"https:\/\/sinoextrud.com\/es\/wp-json\/wp\/v2\/product"}],"about":[{"href":"https:\/\/sinoextrud.com\/es\/wp-json\/wp\/v2\/types\/product"}],"wp:featuredmedia":[{"embeddable":true,"href":"https:\/\/sinoextrud.com\/es\/wp-json\/wp\/v2\/media\/6511"}],"wp:attachment":[{"href":"https:\/\/sinoextrud.com\/es\/wp-json\/wp\/v2\/media?parent=6512"}],"wp:term":[{"taxonomy":"category","embeddable":true,"href":"https:\/\/sinoextrud.com\/es\/wp-json\/wp\/v2\/categories?post=6512"}],"curies":[{"name":"wp","href":"https:\/\/api.w.org\/{rel}","templated":true}]}}