{"id":6508,"date":"2025-05-29T03:51:22","date_gmt":"2025-05-29T03:51:22","guid":{"rendered":"https:\/\/sinoextrud.com\/product\/aluminium-6063\/"},"modified":"2025-06-24T06:11:03","modified_gmt":"2025-06-24T06:11:03","slug":"aluminio-6063","status":"publish","type":"product","link":"https:\/\/sinoextrud.com\/es\/product\/aluminium-6063\/","title":{"rendered":"Aluminio 6063"},"content":{"rendered":"<h2>Productos<\/h2>\n<table class=\"custom-table\">\n<tr>\n<td class=\"label\">Modelo NO.:<\/td>\n<td> carril aluminio 6063<\/td>\n<\/tr>\n<tr>\n<td class=\"label\">Tipo:<\/td>\n<td> riel de aluminio para cortinas<\/td>\n<\/tr>\n<tr>\n<td class=\"label\">Estado de la superficie:<\/td>\n<td> pintura en polvo blanca<\/td>\n<\/tr>\n<tr>\n<td class=\"label\">tama\u00f1o:<\/td>\n<td> 25*10 mm, 1,0 mm de grosor<\/td>\n<\/tr>\n<tr>\n<td class=\"label\">Longitud:<\/td>\n<td> 5,8 millones por unidad<\/td>\n<\/tr>\n<tr>\n<td class=\"label\">Paquete:<\/td>\n<td> uno por uno lugar en la empresa PE, 50 piezas un paquete, personalizado<\/td>\n<\/tr>\n<tr>\n<td class=\"label\">Puerto de embarque:<\/td>\n<td> FOB Guangzhou<\/td>\n<\/tr>\n<tr>\n<td class=\"label\">Especificaci\u00f3n:<\/td>\n<td> Norma SGS ISO GB<\/td>\n<\/tr>\n<tr>\n<td class=\"label\">C\u00f3digo SA:<\/td>\n<td> 76042990<\/td>\n<\/tr>\n<tr>\n<td class=\"label\">Original:<\/td>\n<td> Foshan, China<\/td>\n<\/tr>\n<tr>\n<td class=\"label\">Capacidad de producci\u00f3n:<\/td>\n<td> 3000.000 kgs\/ Mes<\/td>\n<\/tr>\n<\/table>\n<h2>Nuestra base de fabricaci\u00f3n<\/h2>\n<h3>Panorama de la f\u00e1brica<\/h3>\n<p><img decoding=\"async\" src=\"\/wp-content\/uploads\/factory-01.webp\"\/><\/p>\n<h3>Taller de fabricaci\u00f3n de barras de aluminio<\/h3>\n<p><img decoding=\"async\" src=\"\/wp-content\/uploads\/factory-02.webp\"\/><\/p>\n<p><img decoding=\"async\" src=\"\/wp-content\/uploads\/factory-03.webp\"\/><\/p>\n<h3>Almac\u00e9n de moldes<\/h3>\n<p><img decoding=\"async\" src=\"\/wp-content\/uploads\/factory-04.webp\"\/><\/p>\n<h3>43 L\u00c3neas de extrusi\u00c3\u00b3n de aluminio (500\u00e2\u20ac\"5500 toneladas)<\/h3>\n<p><img decoding=\"async\" src=\"\/wp-content\/uploads\/factory-05.webp\"\/><\/p>\n<p><img decoding=\"async\" src=\"\/wp-content\/uploads\/factory-06.webp\"\/><\/p>\n<p><img decoding=\"async\" src=\"\/wp-content\/uploads\/factory-07.webp\"\/><\/p>\n<h3>Taller de pintura en polvo<\/h3>\n<p><img decoding=\"async\" src=\"\/wp-content\/uploads\/factory-09.webp\"\/><\/p>\n<h3>Taller de anodizado<\/h3>\n<p><img decoding=\"async\" src=\"\/wp-content\/uploads\/factory-10.webp\"\/><\/p>\n<h3>Taller de procesamiento profundo<\/h3>\n<p><img decoding=\"async\" src=\"\/wp-content\/uploads\/factory-11.webp\"\/><\/p>\n<h3>Taller de mecanizado de precisi\u00f3n CNC<\/h3>\n<p><img decoding=\"async\" src=\"\/wp-content\/uploads\/factory-11.5.webp\"\/><\/p>\n<h3>Almac\u00e9n de productos acabados y de exportaci\u00f3n<\/h3>\n<p><img decoding=\"async\" src=\"\/wp-content\/uploads\/factory-12.webp\"\/><\/p>\n<p><img decoding=\"async\" src=\"\/wp-content\/uploads\/factory-13.webp\"\/><\/p>\n<p><img decoding=\"async\" src=\"\/wp-content\/uploads\/factory-14.webp\"\/><\/p>\n<h2>PREGUNTAS FRECUENTES<\/h2>\n<p><p><b>1. \u00bfPara qu\u00e9 se utiliza el aluminio 6063?<\/b><\/p>\n<p>El aluminio 6063 se utiliza ampliamente en aplicaciones arquitect\u00f3nicas, marcos de ventanas, marcos de puertas y piezas de automoci\u00f3n debido a su excelente resistencia a la corrosi\u00f3n y sus buenas propiedades mec\u00e1nicas.<br \/>\n<\/p><br \/>\n<br \/>\n<p><b>2. \u00bfCu\u00e1les son las principales ventajas del aluminio 6063?<\/b><\/p>\n<p>El aluminio 6063 ofrece una alta resistencia a la corrosi\u00f3n, un buen acabado superficial, una excelente capacidad de extrusi\u00f3n y una buena relaci\u00f3n resistencia-peso, lo que lo hace ideal para usos estructurales y decorativos.<br \/>\n<\/p><br \/>\n<br \/>\n<p><b>3.\u00bfPor qu\u00e9 elegir Aluminio 6063 en lugar de otras aleaciones de aluminio?<\/b><\/p>\n<p>La aleaci\u00f3n 6063 proporciona un mejor acabado superficial y capacidad de anodizado, lo que la hace perfecta para aplicaciones est\u00e9ticas, junto con una buena soldabilidad y una resistencia moderada.<br \/>\n<\/p><br \/>\n<br \/>\n<p><b>4. \u00bfSe puede personalizar el aluminio 6063?<\/b><\/p>\n<p>S\u00ed, el aluminio 6063 puede extruirse en varias formas, tama\u00f1os y espesores, y puede anodizarse o recubrirse de polvo para diferentes acabados y aplicaciones.<br \/>\n<\/p><br \/>\n<br \/>\n<p><b>5. \u00bfQu\u00e9 tratamientos superficiales existen para el aluminio 6063?<\/b><\/p>\n<p>Entre los tratamientos superficiales m\u00e1s comunes est\u00e1n el anodizado, el recubrimiento en polvo y el pulido, que mejoran la resistencia a la corrosi\u00f3n, la durabilidad y el atractivo est\u00e9tico.<br \/>\n<\/p><br \/>\n<br \/>\n<p><b>6.\u00bfEs el aluminio 6063 adecuado para aplicaciones exteriores?<\/b><\/p>\n<p>S\u00ed, el aluminio 6063 tiene una excelente resistencia a la intemperie, especialmente cuando est\u00e1 anodizado o recubierto de polvo, lo que lo hace ideal para usos arquitect\u00f3nicos y estructurales en exteriores.<br \/>\n<\/p><br \/>\n<br \/>\n<p><b>7. \u00bfC\u00f3mo contribuye el aluminio 6063 a la fabricaci\u00f3n sostenible?<\/b><\/p>\n<p>El aluminio 6063 es 100% reciclable y requiere menos energ\u00eda para reciclarse, lo que favorece una producci\u00f3n respetuosa con el medio ambiente y reduce el impacto ambiental.<br \/>\n<\/p><br \/>\n<br \/>\n<p><b>8.\u00bfQu\u00e9 industrias utilizan habitualmente el aluminio 6063?<\/b><\/p>\n<p>Industrias como la construcci\u00f3n, la automoci\u00f3n, la aeroespacial, la electr\u00f3nica y la fabricaci\u00f3n de muebles utilizan el aluminio 6063 por su resistencia, acabado y versatilidad.<br \/>\n<\/p><br \/><\/p>","protected":false},"featured_media":6507,"template":"","categories":[61],"class_list":["post-6508","product","type-product","status-publish","has-post-thumbnail","hentry","category-powder-coating-aluminum-profile"],"meta_box":{"hilight_text_group":{"product_hilight_text":"<li>High-strength 6063 aluminum alloy suitable for structural applications<\/li>\r\r\n<li>Excellent corrosion resistance for indoor and outdoor use<\/li>\r\r\n<li>Good machinability and weldability for versatile fabrication<\/li>\r\r\n<li>Available in various profiles, sizes, and surface finishes<\/li>\r\r\n<li>Supports bulk orders with consistent quality and timely delivery<\/li>","product_chanpin_blog":"<ul>\r\r\n<li><a href=\"https:\/\/sinoextrud.com\/t-slot-v-slot-differences\/\" target=\"_blank\">t slot vs v slot<\/a><\/li>\r\r\n<li><a href=\"https:\/\/sinoextrud.com\/what-is-4040-aluminium-extrud\/\" target=\"_blank\">4040 aluminium extrusion<\/a><\/li>\r\r\n<li><a href=\"https:\/\/sinoextrud.com\/what-is-4040-aluminium-extrud\/\" target=\"_blank\">aluminum extrusions for industrial racks<\/a><\/li>\r\r\n<li><a href=\"https:\/\/sinoextrud.com\/powder-coating-aluminium-process\/\" target=\"_blank\">powder coating aluminium<\/a><\/li>\r\r\n<li><a href=\"https:\/\/sinoextrud.com\/what-is-an-aluminium-strip-ceiling\/\" target=\"_blank\">aluminium strip ceiling<\/a><\/li>\r\r\n<li><a href=\"https:\/\/sinoextrud.com\/what-is-a-heat-sink\/\" target=\"_blank\">what is a heat sink<\/a><\/li>\r\r\n<\/ul>","product_chanpin_chanpin":"<li><a href=\"https:\/\/sinoextrud.com\/product\/aluminium-extrusion-profile-with-pvdf-coating\/\" target=\"_blank\">Aluminium Extrusion Profile With PVDF Coating<\/a><\/li>\r\n<li><a href=\"https:\/\/sinoextrud.com\/product\/powder-coated-extrusions-aluminum-corrosion-resistant-for-10-years-in-door\/\" target=\"_blank\">Powder Coated Extrusions Aluminum Corrosion Resistant For 10 Years In Door<\/a><\/li>\r\n<li><a href=\"https:\/\/sinoextrud.com\/product\/powder-coating-surface-aluminum-profile\/\" target=\"_blank\">Powder Coating Surface Aluminum Profile<\/a><\/li>\r\n<li><a href=\"https:\/\/sinoextrud.com\/product\/customized-powder-coated-tube-decorative-anodized-aluminum-louver-fence-panel-for-modern-garden\/\" target=\"_blank\">Customized Powder Coated Tube Decorative Anodized Aluminum Louver Fence Panel For Modern Garden<\/a><\/li>\r\n<li><a href=\"https:\/\/sinoextrud.com\/product\/aluminium-6063\/\" target=\"_blank\">Aluminium 6063<\/a><\/li>\r\n<li><a href=\"https:\/\/sinoextrud.com\/product\/extrusion-aluminum-profile-for-powder-coating-window-and-door-alloy-6063\/\" target=\"_blank\">Extrusion Aluminum Profile For Powder Coating Window and Door Alloy 6063<\/a><\/li>\r\n<li><a href=\"https:\/\/sinoextrud.com\/product\/electrophoretic-grain-square-tube-rosewood\/\" target=\"_blank\">Electrophoretic Grain Square Tube Rosewood<\/a><\/li>\r\n<li><a href=\"https:\/\/sinoextrud.com\/product\/electrophoresis-surface-aluminum-profiles\/\" target=\"_blank\">Electrophoresis Surface Aluminum Profiles<\/a><\/li>\r\n<li><a href=\"https:\/\/sinoextrud.com\/product\/golden-electrophoresis-aluminum-profile\/\" target=\"_blank\">Golden Electrophoresis Aluminum Profile<\/a><\/li>\r\n<li><a href=\"https:\/\/sinoextrud.com\/product\/500-degree-brightness-polished-aluminum-profile\/\" target=\"_blank\">500 Degree Brightness Polished Aluminum Profile<\/a><\/li>\r\n<li><a href=\"https:\/\/sinoextrud.com\/product\/6463-electroplated-finish-shower-enclosure-aluminum-profile\/\" target=\"_blank\">6463 Electroplated Finish Shower Enclosure Aluminum Profile<\/a><\/li>"},"feature_list":[]},"_links":{"self":[{"href":"https:\/\/sinoextrud.com\/es\/wp-json\/wp\/v2\/product\/6508","targetHints":{"allow":["GET"]}}],"collection":[{"href":"https:\/\/sinoextrud.com\/es\/wp-json\/wp\/v2\/product"}],"about":[{"href":"https:\/\/sinoextrud.com\/es\/wp-json\/wp\/v2\/types\/product"}],"wp:featuredmedia":[{"embeddable":true,"href":"https:\/\/sinoextrud.com\/es\/wp-json\/wp\/v2\/media\/6507"}],"wp:attachment":[{"href":"https:\/\/sinoextrud.com\/es\/wp-json\/wp\/v2\/media?parent=6508"}],"wp:term":[{"taxonomy":"category","embeddable":true,"href":"https:\/\/sinoextrud.com\/es\/wp-json\/wp\/v2\/categories?post=6508"}],"curies":[{"name":"wp","href":"https:\/\/api.w.org\/{rel}","templated":true}]}}