{"id":6501,"date":"2025-05-29T03:46:16","date_gmt":"2025-05-29T03:46:16","guid":{"rendered":"https:\/\/sinoextrud.com\/product\/powder-coating-surface-aluminum-profile\/"},"modified":"2025-06-24T06:11:01","modified_gmt":"2025-06-24T06:11:01","slug":"revestimiento-en-polvo-superficie-perfil-de-aluminio","status":"publish","type":"product","link":"https:\/\/sinoextrud.com\/es\/product\/powder-coating-surface-aluminum-profile\/","title":{"rendered":"Perfil de aluminio con superficie de recubrimiento en polvo"},"content":{"rendered":"<h2>Productos<\/h2>\n<table class=\"custom-table\">\n<tr>\n<td class=\"label\">Art\u00edculo<\/td>\n<td>Perfil de aluminio con superficie de recubrimiento en polvo<\/td>\n<\/tr>\n<tr>\n<td class=\"label\">Forma<\/td>\n<td>cuadrado, redondo, personalizado<\/td>\n<\/tr>\n<tr>\n<td class=\"label\">Aplicaci\u00f3n<\/td>\n<td>decoraci\u00f3n, industria, construcci\u00f3n, etc.<\/td>\n<\/tr>\n<tr>\n<td class=\"label\">Colores<\/td>\n<td>Grano de madera<\/td>\n<\/tr>\n<tr>\n<td class=\"label\">Proceso profundo<\/td>\n<td>CNC, taladrado, fresado, corte, soldadura, plegado, montaje<\/td>\n<\/tr>\n<tr>\n<td class=\"label\">MOQ<\/td>\n<td>200KGs para cada art\u00edculo<\/td>\n<\/tr>\n<tr>\n<td class=\"label\">Detalles del embalaje<\/td>\n<td>(1)Interior: embalado con pel\u00edcula protectora de pl\u00e1stico para proteger cada pieza<\/td>\n<\/tr>\n<tr>\n<td class=\"label\">OEM<\/td>\n<td>S\u00ed<\/td>\n<\/tr>\n<tr>\n<td class=\"label\">Cat\u00e1logo<\/td>\n<td>disponible<\/td>\n<\/tr>\n<tr>\n<td class=\"label\">Garant\u00eda<\/td>\n<td>El color de la superficie puede ser estable durante 10~20 a\u00f1os de uso en interiores.<\/td>\n<\/tr>\n<\/table>\n<h2>Nuestra base de fabricaci\u00f3n<\/h2>\n<h3>Panorama de la f\u00e1brica<\/h3>\n<p><img decoding=\"async\" src=\"\/wp-content\/uploads\/factory-01.webp\"\/><\/p>\n<h3>Taller de fabricaci\u00f3n de barras de aluminio<\/h3>\n<p><img decoding=\"async\" src=\"\/wp-content\/uploads\/factory-02.webp\"\/><\/p>\n<p><img decoding=\"async\" src=\"\/wp-content\/uploads\/factory-03.webp\"\/><\/p>\n<h3>Almac\u00e9n de moldes<\/h3>\n<p><img decoding=\"async\" src=\"\/wp-content\/uploads\/factory-04.webp\"\/><\/p>\n<h3>43 L\u00c3neas de extrusi\u00c3\u00b3n de aluminio (500\u00e2\u20ac\"5500 toneladas)<\/h3>\n<p><img decoding=\"async\" src=\"\/wp-content\/uploads\/factory-05.webp\"\/><\/p>\n<p><img decoding=\"async\" src=\"\/wp-content\/uploads\/factory-06.webp\"\/><\/p>\n<p><img decoding=\"async\" src=\"\/wp-content\/uploads\/factory-07.webp\"\/><\/p>\n<h3>Taller de pintura en polvo<\/h3>\n<p><img decoding=\"async\" src=\"\/wp-content\/uploads\/factory-09.webp\"\/><\/p>\n<h3>Taller de anodizado<\/h3>\n<p><img decoding=\"async\" src=\"\/wp-content\/uploads\/factory-10.webp\"\/><\/p>\n<h3>Taller de procesamiento profundo<\/h3>\n<p><img decoding=\"async\" src=\"\/wp-content\/uploads\/factory-11.webp\"\/><\/p>\n<h3>Taller de mecanizado de precisi\u00f3n CNC<\/h3>\n<p><img decoding=\"async\" src=\"\/wp-content\/uploads\/factory-11.5.webp\"\/><\/p>\n<h3>Almac\u00e9n de productos acabados y de exportaci\u00f3n<\/h3>\n<p><img decoding=\"async\" src=\"\/wp-content\/uploads\/factory-12.webp\"\/><\/p>\n<p><img decoding=\"async\" src=\"\/wp-content\/uploads\/factory-13.webp\"\/><\/p>\n<p><img decoding=\"async\" src=\"\/wp-content\/uploads\/factory-14.webp\"\/><\/p>\n<h2>PREGUNTAS FRECUENTES<\/h2>\n<p><p><b>1.\u00bfQu\u00e9 es un perfil de aluminio con superficie de recubrimiento en polvo?<\/b><\/p>\n<p>Un perfil de aluminio con superficie de recubrimiento en polvo es una extrusi\u00f3n de aluminio tratada con un acabado de recubrimiento en polvo duradero que mejora la resistencia a la corrosi\u00f3n y el atractivo est\u00e9tico.<br \/>\n<\/p><br \/>\n<br \/>\n<p><b>2. \u00bfCu\u00e1les son las principales ventajas del recubrimiento en polvo de perfiles de aluminio?<\/b><\/p>\n<p>El recubrimiento en polvo proporciona una resistencia superior a la corrosi\u00f3n, resistencia a los ara\u00f1azos, protecci\u00f3n contra los rayos UV y un acabado uniforme y duradero que mantiene su color y textura.<br \/>\n<\/p><br \/>\n<br \/>\n<p><b>3. \u00bfPor qu\u00e9 elegir el recubrimiento en polvo en lugar de otros m\u00e9todos de acabado para perfiles de aluminio?<\/b><\/p>\n<p>El recubrimiento en polvo es respetuoso con el medio ambiente, produce menos residuos, ofrece un recubrimiento m\u00e1s grueso y uniforme, y proporciona una mayor durabilidad en comparaci\u00f3n con las pinturas l\u00edquidas tradicionales.<br \/>\n<\/p><br \/>\n<br \/>\n<p><b>4.\u00bfSe pueden personalizar los perfiles de aluminio con recubrimiento en polvo?<\/b><\/p>\n<p>S\u00ed, los perfiles de aluminio con revestimiento de polvo pueden personalizarse en cuanto a color, textura, nivel de brillo y grosor para satisfacer requisitos funcionales y de dise\u00f1o espec\u00edficos.<br \/>\n<\/p><br \/>\n<br \/>\n<p><b>5.\u00bfQu\u00e9 acabados superficiales est\u00e1n disponibles con el recubrimiento en polvo de los perfiles de aluminio?<\/b><\/p>\n<p>El recubrimiento en polvo ofrece una amplia gama de colores y acabados como superficies mates, brillantes y texturizadas para mejorar la protecci\u00f3n y el atractivo visual.<br \/>\n<\/p><br \/>\n<br \/>\n<p><b>6.\u00bfLos perfiles de aluminio con revestimiento de polvo son adecuados para su uso en exteriores?<\/b><\/p>\n<p>S\u00ed, los perfiles de aluminio con recubrimiento de polvo ofrecen una excelente resistencia a la intemperie, protegiendo contra los rayos UV, la humedad y la corrosi\u00f3n en entornos exteriores.<br \/>\n<\/p><br \/>\n<br \/>\n<p><b>7.\u00bfC\u00f3mo contribuye el revestimiento en polvo a la fabricaci\u00f3n sostenible de perfiles de aluminio?<\/b><\/p>\n<p>El revestimiento en polvo es un proceso de bajo COV y bajo consumo energ\u00e9tico, y el aluminio es 100% reciclable, lo que convierte a los perfiles con revestimiento en polvo en un material de construcci\u00f3n respetuoso con el medio ambiente.<br \/>\n<\/p><br \/>\n<br \/>\n<p><b>8.\u00bfQu\u00e9 industrias utilizan habitualmente perfiles de aluminio con revestimiento en polvo?<\/b><\/p>\n<p>Industrias como la construcci\u00f3n, la automoci\u00f3n, el mobiliario, la electr\u00f3nica y la se\u00f1alizaci\u00f3n utilizan perfiles de aluminio con revestimiento en polvo por su durabilidad, est\u00e9tica y resistencia a la corrosi\u00f3n.<br \/>\n<\/p><br \/><\/p>","protected":false},"featured_media":6500,"template":"","categories":[61],"class_list":["post-6501","product","type-product","status-publish","has-post-thumbnail","hentry","category-powder-coating-aluminum-profile"],"meta_box":{"hilight_text_group":{"product_hilight_text":"<li>Powder coating provides a durable, corrosion-resistant surface finish<\/li>\r\r\n<li>Available in a wide range of colors for aesthetic customization<\/li>\r\r\n<li>Enhances aluminum profile\u00e2\u20ac\u2122s resistance to wear and UV damage<\/li>\r\r\n<li>Lightweight and strong, suitable for architectural and industrial uses<\/li>\r\r\n<li>Supports custom sizes and bulk orders with consistent quality<\/li>","product_chanpin_blog":"<ul>\r\r\n<li><a href=\"https:\/\/sinoextrud.com\/t-slot-v-slot-differences\/\" target=\"_blank\">t slot vs v slot<\/a><\/li>\r\r\n<li><a href=\"https:\/\/sinoextrud.com\/what-is-4040-aluminium-extrud\/\" target=\"_blank\">4040 aluminium extrusion<\/a><\/li>\r\r\n<li><a href=\"https:\/\/sinoextrud.com\/what-is-4040-aluminium-extrud\/\" target=\"_blank\">aluminum extrusions for industrial racks<\/a><\/li>\r\r\n<li><a href=\"https:\/\/sinoextrud.com\/powder-coating-aluminium-process\/\" target=\"_blank\">powder coating aluminium<\/a><\/li>\r\r\n<li><a href=\"https:\/\/sinoextrud.com\/what-is-an-aluminium-strip-ceiling\/\" target=\"_blank\">aluminium strip ceiling<\/a><\/li>\r\r\n<li><a href=\"https:\/\/sinoextrud.com\/what-is-a-heat-sink\/\" target=\"_blank\">what is a heat sink<\/a><\/li>\r\r\n<\/ul>","product_chanpin_chanpin":"<li><a href=\"https:\/\/sinoextrud.com\/product\/aluminum-tube-coated-powder-price-per-kg-for-lowes-aluminum-pipe-fence-china\/\" target=\"_blank\">aluminum tube coated powder price per kg for lowes aluminum pipe fence china<\/a><\/li>\r\n<li><a href=\"https:\/\/sinoextrud.com\/product\/powder-coated-aluminium-extrusion\/\" target=\"_blank\">Powder Coated Aluminium Extrusion<\/a><\/li>\r\n<li><a href=\"https:\/\/sinoextrud.com\/product\/aluminium-extrusion-profile-with-pvdf-coating\/\" target=\"_blank\">Aluminium Extrusion Profile With PVDF Coating<\/a><\/li>\r\n<li><a href=\"https:\/\/sinoextrud.com\/product\/powder-coated-extrusions-aluminum-corrosion-resistant-for-10-years-in-door\/\" target=\"_blank\">Powder Coated Extrusions Aluminum Corrosion Resistant For 10 Years In Door<\/a><\/li>\r\n<li><a href=\"https:\/\/sinoextrud.com\/product\/powder-coating-surface-aluminum-profile\/\" target=\"_blank\">Powder Coating Surface Aluminum Profile<\/a><\/li>\r\n<li><a href=\"https:\/\/sinoextrud.com\/product\/customized-powder-coated-tube-decorative-anodized-aluminum-louver-fence-panel-for-modern-garden\/\" target=\"_blank\">Customized Powder Coated Tube Decorative Anodized Aluminum Louver Fence Panel For Modern Garden<\/a><\/li>\r\n<li><a href=\"https:\/\/sinoextrud.com\/product\/aluminium-6063\/\" target=\"_blank\">Aluminium 6063<\/a><\/li>\r\n<li><a href=\"https:\/\/sinoextrud.com\/product\/extrusion-aluminum-profile-for-powder-coating-window-and-door-alloy-6063\/\" target=\"_blank\">Extrusion Aluminum Profile For Powder Coating Window and Door Alloy 6063<\/a><\/li>\r\n<li><a href=\"https:\/\/sinoextrud.com\/product\/electrophoretic-grain-square-tube-rosewood\/\" target=\"_blank\">Electrophoretic Grain Square Tube Rosewood<\/a><\/li>\r\n<li><a href=\"https:\/\/sinoextrud.com\/product\/v-slot-aluminum-profile-factory-bulk-business\/\" target=\"_blank\">v-slot aluminum profile Factory bulk business<\/a><\/li>\r\n<li><a href=\"https:\/\/sinoextrud.com\/product\/6000-series-alloy-extruded-aluminium-profile-for-industrial-solar-panel-frame-structure\/\" target=\"_blank\">6000 Series Alloy Extruded Aluminium Profile For Industrial Solar Panel Frame Structure<\/a><\/li>"},"feature_list":[]},"_links":{"self":[{"href":"https:\/\/sinoextrud.com\/es\/wp-json\/wp\/v2\/product\/6501","targetHints":{"allow":["GET"]}}],"collection":[{"href":"https:\/\/sinoextrud.com\/es\/wp-json\/wp\/v2\/product"}],"about":[{"href":"https:\/\/sinoextrud.com\/es\/wp-json\/wp\/v2\/types\/product"}],"wp:featuredmedia":[{"embeddable":true,"href":"https:\/\/sinoextrud.com\/es\/wp-json\/wp\/v2\/media\/6500"}],"wp:attachment":[{"href":"https:\/\/sinoextrud.com\/es\/wp-json\/wp\/v2\/media?parent=6501"}],"wp:term":[{"taxonomy":"category","embeddable":true,"href":"https:\/\/sinoextrud.com\/es\/wp-json\/wp\/v2\/categories?post=6501"}],"curies":[{"name":"wp","href":"https:\/\/api.w.org\/{rel}","templated":true}]}}