{"id":6497,"date":"2025-05-29T03:41:10","date_gmt":"2025-05-29T03:41:10","guid":{"rendered":"https:\/\/sinoextrud.com\/product\/aluminium-extrusion-profile-with-pvdf-coating\/"},"modified":"2025-06-24T06:11:01","modified_gmt":"2025-06-24T06:11:01","slug":"perfil-de-extrusion-de-aluminio-con-revestimiento-de-pvdf","status":"publish","type":"product","link":"https:\/\/sinoextrud.com\/es\/product\/aluminium-extrusion-profile-with-pvdf-coating\/","title":{"rendered":"Perfil de extrusi\u00f3n de aluminio con revestimiento de PVDF"},"content":{"rendered":"<h2>Productos<\/h2>\n<table class=\"custom-table\">\n<tr>\n<td class=\"label\">Modelo NO.:<\/td>\n<td>6061 6063 6082<\/td>\n<\/tr>\n<tr>\n<td class=\"label\">Temperamento:<\/td>\n<td>T3 - T8<\/td>\n<\/tr>\n<tr>\n<td class=\"label\">Tratamiento de la superficie:<\/td>\n<td>PVDF<\/td>\n<\/tr>\n<tr>\n<td class=\"label\">Aleaci\u00f3n:<\/td>\n<td>Aleaci\u00f3n<\/td>\n<\/tr>\n<tr>\n<td class=\"label\">Superficie:<\/td>\n<td>PVDF<\/td>\n<\/tr>\n<tr>\n<td class=\"label\">Tipo:<\/td>\n<td>Perfiles de aluminio para exterior<\/td>\n<\/tr>\n<tr>\n<td class=\"label\">T\u00e9cnica:<\/td>\n<td>Extruido<\/td>\n<\/tr>\n<tr>\n<td class=\"label\">Marca registrada:<\/td>\n<td>OEM<\/td>\n<\/tr>\n<tr>\n<td class=\"label\">Origen:<\/td>\n<td>Guangdong, China<\/td>\n<\/tr>\n<tr>\n<td class=\"label\">Forma:<\/td>\n<td>Cuadrado, oval, canal\u00f3n, plano<\/td>\n<\/tr>\n<tr>\n<td class=\"label\">Proceso:<\/td>\n<td>Extrusi\u00f3n<\/td>\n<\/tr>\n<tr>\n<td class=\"label\">Aplicaci\u00f3n:<\/td>\n<td>Perfiles de edificios<\/td>\n<\/tr>\n<tr>\n<td class=\"label\">Certificaci\u00f3n:<\/td>\n<td>EN, ASTM, GB\/T<\/td>\n<\/tr>\n<tr>\n<td class=\"label\">Tama\u00f1o:<\/td>\n<td>10 mm - 300 mm<\/td>\n<\/tr>\n<tr>\n<td class=\"label\">C\u00f3digo SA:<\/td>\n<td>7604299000<\/td>\n<\/tr>\n<tr>\n<td class=\"label\">Espesor de pared:<\/td>\n<td>1,0-1,4 mm. Disponible a medida<\/td>\n<\/tr>\n<tr>\n<td class=\"label\">Embalaje:<\/td>\n<td>Exportaci\u00f3n est\u00e1ndar, embalado en PE firme cada uno entonces que cubre con el papel marr\u00f3n y la pel\u00edcula pl\u00e1stica entonces embalada con la plataforma de madera<\/td>\n<\/tr>\n<tr>\n<td class=\"label\">Plazo de entrega:<\/td>\n<td>Entre 15 y 30 d\u00edas despu\u00e9s de recibir el dep\u00f3sito<\/td>\n<\/tr>\n<tr>\n<td class=\"label\">Observaciones:<\/td>\n<td>Los requisitos espec\u00edficos de aleaci\u00f3n, temple o especificaci\u00f3n pueden discutirse a petici\u00f3n del cliente.<\/td>\n<\/tr>\n<\/table>\n<h2>Nuestra base de fabricaci\u00f3n<\/h2>\n<h3>Panorama de la f\u00e1brica<\/h3>\n<p><img decoding=\"async\" src=\"\/wp-content\/uploads\/factory-01.webp\"\/><\/p>\n<h3>Taller de fabricaci\u00f3n de barras de aluminio<\/h3>\n<p><img decoding=\"async\" src=\"\/wp-content\/uploads\/factory-02.webp\"\/><\/p>\n<p><img decoding=\"async\" src=\"\/wp-content\/uploads\/factory-03.webp\"\/><\/p>\n<h3>Almac\u00e9n de moldes<\/h3>\n<p><img decoding=\"async\" src=\"\/wp-content\/uploads\/factory-04.webp\"\/><\/p>\n<h3>43 l\u00edneas de extrusi\u00f3n de aluminio (500-5500 toneladas)<\/h3>\n<p><img decoding=\"async\" src=\"\/wp-content\/uploads\/factory-05.webp\"\/><\/p>\n<p><img decoding=\"async\" src=\"\/wp-content\/uploads\/factory-06.webp\"\/><\/p>\n<p><img decoding=\"async\" src=\"\/wp-content\/uploads\/factory-07.webp\"\/><\/p>\n<h3>Taller de pintura en polvo<\/h3>\n<p><img decoding=\"async\" src=\"\/wp-content\/uploads\/factory-09.webp\"\/><\/p>\n<h3>Taller de anodizado<\/h3>\n<p><img decoding=\"async\" src=\"\/wp-content\/uploads\/factory-10.webp\"\/><\/p>\n<h3>Taller de procesamiento profundo<\/h3>\n<p><img decoding=\"async\" src=\"\/wp-content\/uploads\/factory-11.webp\"\/><\/p>\n<h3>Taller de mecanizado de precisi\u00f3n CNC<\/h3>\n<p><img decoding=\"async\" src=\"\/wp-content\/uploads\/factory-11.5.webp\"\/><\/p>\n<h3>Almac\u00e9n de productos acabados y de exportaci\u00f3n<\/h3>\n<p><img decoding=\"async\" src=\"\/wp-content\/uploads\/factory-12.webp\"\/><\/p>\n<p><img decoding=\"async\" src=\"\/wp-content\/uploads\/factory-13.webp\"\/><\/p>\n<p><img decoding=\"async\" src=\"\/wp-content\/uploads\/factory-14.webp\"\/><\/p>\n<h2>PREGUNTAS FRECUENTES<\/h2>\n<p><p><b>1.\u00bfPara qu\u00e9 se utiliza un perfil de extrusi\u00f3n de aluminio con revestimiento de PVDF?<\/b><\/p>\n<p>Los perfiles de extrusi\u00f3n de aluminio con revestimiento de PVDF se utilizan en fachadas arquitect\u00f3nicas, marcos de ventanas, se\u00f1alizaci\u00f3n y aplicaciones industriales que requieren una gran durabilidad y resistencia a la intemperie.<br \/>\n<\/p><br \/>\n<br \/>\n<p><b>2.\u00bfCu\u00e1les son las principales ventajas de los perfiles de extrusi\u00f3n de aluminio con revestimiento de PVDF?<\/b><\/p>\n<p>Ofrecen una excepcional resistencia a los rayos UV, una protecci\u00f3n superior contra la corrosi\u00f3n, una excelente retenci\u00f3n del color y un acabado liso y brillante que dura d\u00e9cadas.<br \/>\n<\/p><br \/>\n<br \/>\n<p><b>3. \u00bfPor qu\u00e9 elegir el revestimiento de PVDF en lugar de otros tratamientos superficiales para los perfiles de extrusi\u00f3n de aluminio?<\/b><\/p>\n<p>Los revestimientos de PVDF ofrecen una extraordinaria resistencia qu\u00edmica, a la intemperie y a la decoloraci\u00f3n, superando al revestimiento en polvo y al anodizado en entornos dif\u00edciles.<br \/>\n<\/p><br \/>\n<br \/>\n<p><b>4.\u00bfSe pueden personalizar los perfiles de extrusi\u00f3n de aluminio con revestimiento de PVDF?<\/b><\/p>\n<p>S\u00ed, estos perfiles pueden personalizarse en forma, tama\u00f1o, aleaci\u00f3n y color del revestimiento para satisfacer requisitos arquitect\u00f3nicos y de ingenier\u00eda espec\u00edficos.<br \/>\n<\/p><br \/>\n<br \/>\n<p><b>5.\u00bfC\u00f3mo mejora el revestimiento de PVDF el rendimiento de los perfiles de extrusi\u00f3n de aluminio?<\/b><\/p>\n<p>El PVDF crea una pel\u00edcula duradera y flexible que resiste el caleo, el agrietamiento y la descamaci\u00f3n, manteniendo la integridad estructural y el aspecto del perfil.<br \/>\n<\/p><br \/>\n<br \/>\n<p><b>6.\u00bfLos perfiles de extrusi\u00f3n de aluminio con revestimiento de PVDF son adecuados para su uso en exteriores?<\/b><\/p>\n<p>S\u00ed, los perfiles de aluminio con revestimiento de PVDF son ideales para aplicaciones exteriores por su excelente resistencia a los rayos UV, la humedad y los agentes contaminantes.<br \/>\n<\/p><br \/>\n<br \/>\n<p><b>7.\u00bfC\u00f3mo contribuye a la construcci\u00f3n sostenible el uso de perfiles de extrusi\u00f3n de aluminio con revestimiento de PVDF?<\/b><\/p>\n<p>El aluminio es totalmente reciclable, y los revestimientos de PVDF tienen un bajo impacto ambiental y una larga vida \u00fatil, lo que reduce las necesidades de mantenimiento y sustituci\u00f3n.<br \/>\n<\/p><br \/>\n<br \/>\n<p><b>8.\u00bfQu\u00e9 industrias utilizan habitualmente perfiles de extrusi\u00f3n de aluminio con revestimiento de PVDF?<\/b><\/p>\n<p>Las industrias de la construcci\u00f3n, la automoci\u00f3n, la se\u00f1alizaci\u00f3n y la aeroespacial utilizan perfiles de extrusi\u00f3n de aluminio recubiertos de PVDF por su durabilidad, atractivo est\u00e9tico y propiedades protectoras.<br \/>\n<\/p><br \/><\/p>","protected":false},"featured_media":6496,"template":"","categories":[61],"class_list":["post-6497","product","type-product","status-publish","has-post-thumbnail","hentry","category-powder-coating-aluminum-profile"],"meta_box":{"hilight_text_group":{"product_hilight_text":"<li>PVDF coating provides superior weather and UV resistance<\/li>\r\r\n<li>Enhanced durability and color retention for outdoor applications<\/li>\r\r\n<li>High-quality aluminum extrusion with precise dimensions<\/li>\r\r\n<li>Suitable for architectural facades, windows, and decorative panels<\/li>\r\r\n<li>Supports custom profiles, colors, and bulk supply<\/li>","product_chanpin_blog":"<ul>\r\r\n<li><a href=\"https:\/\/sinoextrud.com\/t-slot-v-slot-differences\/\" target=\"_blank\">t slot vs v slot<\/a><\/li>\r\r\n<li><a href=\"https:\/\/sinoextrud.com\/what-is-4040-aluminium-extrud\/\" target=\"_blank\">4040 aluminium extrusion<\/a><\/li>\r\r\n<li><a href=\"https:\/\/sinoextrud.com\/what-is-4040-aluminium-extrud\/\" target=\"_blank\">aluminum extrusions for industrial racks<\/a><\/li>\r\r\n<li><a href=\"https:\/\/sinoextrud.com\/powder-coating-aluminium-process\/\" target=\"_blank\">powder coating aluminium<\/a><\/li>\r\r\n<li><a href=\"https:\/\/sinoextrud.com\/what-is-an-aluminium-strip-ceiling\/\" target=\"_blank\">aluminium strip ceiling<\/a><\/li>\r\r\n<li><a href=\"https:\/\/sinoextrud.com\/what-is-a-heat-sink\/\" target=\"_blank\">what is a heat sink<\/a><\/li>\r\r\n<\/ul>","product_chanpin_chanpin":"<li><a href=\"https:\/\/sinoextrud.com\/product\/extruded-aluminum-rectangular-tubing\/\" target=\"_blank\">Extruded Aluminum Rectangular Tubing<\/a><\/li>\r\n<li><a href=\"https:\/\/sinoextrud.com\/product\/power-coating-standard-aluminium-profiles\/\" target=\"_blank\">Power Coating Standard Aluminium Profiles<\/a><\/li>\r\n<li><a href=\"https:\/\/sinoextrud.com\/product\/aluminum-tube-coated-powder-price-per-kg-for-lowes-aluminum-pipe-fence-china\/\" target=\"_blank\">aluminum tube coated powder price per kg for lowes aluminum pipe fence china<\/a><\/li>\r\n<li><a href=\"https:\/\/sinoextrud.com\/product\/powder-coated-aluminium-extrusion\/\" target=\"_blank\">Powder Coated Aluminium Extrusion<\/a><\/li>\r\n<li><a href=\"https:\/\/sinoextrud.com\/product\/aluminium-extrusion-profile-with-pvdf-coating\/\" target=\"_blank\">Aluminium Extrusion Profile With PVDF Coating<\/a><\/li>\r\n<li><a href=\"https:\/\/sinoextrud.com\/product\/powder-coated-extrusions-aluminum-corrosion-resistant-for-10-years-in-door\/\" target=\"_blank\">Powder Coated Extrusions Aluminum Corrosion Resistant For 10 Years In Door<\/a><\/li>\r\n<li><a href=\"https:\/\/sinoextrud.com\/product\/powder-coating-surface-aluminum-profile\/\" target=\"_blank\">Powder Coating Surface Aluminum Profile<\/a><\/li>\r\n<li><a href=\"https:\/\/sinoextrud.com\/product\/customized-powder-coated-tube-decorative-anodized-aluminum-louver-fence-panel-for-modern-garden\/\" target=\"_blank\">Customized Powder Coated Tube Decorative Anodized Aluminum Louver Fence Panel For Modern Garden<\/a><\/li>\r\n<li><a href=\"https:\/\/sinoextrud.com\/product\/aluminium-6063\/\" target=\"_blank\">Aluminium 6063<\/a><\/li>\r\n<li><a href=\"https:\/\/sinoextrud.com\/product\/wholesale-aluminium-extrusion-corner-profile\/\" target=\"_blank\">Wholesale Aluminium Extrusion Corner Profile<\/a><\/li>\r\n<li><a href=\"https:\/\/sinoextrud.com\/product\/aluminium-extrusion-cnc\/\" target=\"_blank\">Aluminium Extrusion CNC<\/a><\/li>"},"feature_list":[]},"_links":{"self":[{"href":"https:\/\/sinoextrud.com\/es\/wp-json\/wp\/v2\/product\/6497","targetHints":{"allow":["GET"]}}],"collection":[{"href":"https:\/\/sinoextrud.com\/es\/wp-json\/wp\/v2\/product"}],"about":[{"href":"https:\/\/sinoextrud.com\/es\/wp-json\/wp\/v2\/types\/product"}],"wp:featuredmedia":[{"embeddable":true,"href":"https:\/\/sinoextrud.com\/es\/wp-json\/wp\/v2\/media\/6496"}],"wp:attachment":[{"href":"https:\/\/sinoextrud.com\/es\/wp-json\/wp\/v2\/media?parent=6497"}],"wp:term":[{"taxonomy":"category","embeddable":true,"href":"https:\/\/sinoextrud.com\/es\/wp-json\/wp\/v2\/categories?post=6497"}],"curies":[{"name":"wp","href":"https:\/\/api.w.org\/{rel}","templated":true}]}}