{"id":6495,"date":"2025-05-29T03:39:26","date_gmt":"2025-05-29T03:39:26","guid":{"rendered":"https:\/\/sinoextrud.com\/product\/powder-coated-aluminium-extrusion\/"},"modified":"2025-06-24T06:11:01","modified_gmt":"2025-06-24T06:11:01","slug":"extrusion-de-aluminio-con-recubrimiento-de-polvo","status":"publish","type":"product","link":"https:\/\/sinoextrud.com\/es\/product\/powder-coated-aluminium-extrusion\/","title":{"rendered":"Extrusi\u00f3n de aluminio recubierto de polvo"},"content":{"rendered":"<h2>Productos<\/h2>\n<table class=\"custom-table\">\n<tr>\n<td class=\"label\">Modelo NO.:<\/td>\n<td>6061 6063 6082<\/td>\n<\/tr>\n<tr>\n<td class=\"label\">Temperamento:<\/td>\n<td>T3 - T8<\/td>\n<\/tr>\n<tr>\n<td class=\"label\">Tratamiento de la superficie:<\/td>\n<td>recubrimiento en polvo<\/td>\n<\/tr>\n<tr>\n<td class=\"label\">Aleaci\u00f3n:<\/td>\n<td>Aleaci\u00f3n<\/td>\n<\/tr>\n<tr>\n<td class=\"label\">Superficie:<\/td>\n<td>Pintura en polvo gris<\/td>\n<\/tr>\n<tr>\n<td class=\"label\">Tipo:<\/td>\n<td>Perfiles de aluminio para invernaderos<\/td>\n<\/tr>\n<tr>\n<td class=\"label\">T\u00e9cnica:<\/td>\n<td>Extruido<\/td>\n<\/tr>\n<tr>\n<td class=\"label\">Marca registrada:<\/td>\n<td>OEM<\/td>\n<\/tr>\n<tr>\n<td class=\"label\">Origen:<\/td>\n<td>Guangdong, China<\/td>\n<\/tr>\n<tr>\n<td class=\"label\">Forma:<\/td>\n<td>Cuadrado, oval, canal\u00f3n, plano<\/td>\n<\/tr>\n<tr>\n<td class=\"label\">Proceso:<\/td>\n<td>Extrusi\u00f3n<\/td>\n<\/tr>\n<tr>\n<td class=\"label\">Aplicaci\u00f3n:<\/td>\n<td>Perfiles de edificios<\/td>\n<\/tr>\n<tr>\n<td class=\"label\">Certificaci\u00f3n:<\/td>\n<td>EN, ASTM, GB\/T<\/td>\n<\/tr>\n<tr>\n<td class=\"label\">Tama\u00f1o:<\/td>\n<td>10 mm - 300 mm<\/td>\n<\/tr>\n<tr>\n<td class=\"label\">C\u00f3digo SA:<\/td>\n<td>7604299000<\/td>\n<\/tr>\n<tr>\n<td class=\"label\">Espesor de pared:<\/td>\n<td>1,0-1,4 mm. Disponible a medida<\/td>\n<\/tr>\n<tr>\n<td class=\"label\">Embalaje:<\/td>\n<td>Exportaci\u00f3n est\u00e1ndar, embalado en PE firme cada uno entonces que cubre con el papel marr\u00f3n y la pel\u00edcula pl\u00e1stica entonces embalada con la plataforma de madera<\/td>\n<\/tr>\n<tr>\n<td class=\"label\">Plazo de entrega:<\/td>\n<td>En los 30 d\u00edas siguientes a la recepci\u00f3n del dep\u00f3sito<\/td>\n<\/tr>\n<tr>\n<td class=\"label\">Observaciones:<\/td>\n<td>Los requisitos espec\u00edficos de aleaci\u00f3n, temple o especificaci\u00f3n pueden discutirse a petici\u00f3n del cliente.<\/td>\n<\/tr>\n<\/table>\n<h2>Nuestra base de fabricaci\u00f3n<\/h2>\n<h3>Panorama de la f\u00e1brica<\/h3>\n<p><img decoding=\"async\" src=\"\/wp-content\/uploads\/factory-01.webp\"\/><\/p>\n<h3>Taller de fabricaci\u00f3n de barras de aluminio<\/h3>\n<p><img decoding=\"async\" src=\"\/wp-content\/uploads\/factory-02.webp\"\/><\/p>\n<p><img decoding=\"async\" src=\"\/wp-content\/uploads\/factory-03.webp\"\/><\/p>\n<h3>Almac\u00e9n de moldes<\/h3>\n<p><img decoding=\"async\" src=\"\/wp-content\/uploads\/factory-04.webp\"\/><\/p>\n<h3>43 L\u00c3neas de extrusi\u00c3\u00b3n de aluminio (500\u00e2\u20ac\"5500 toneladas)<\/h3>\n<p><img decoding=\"async\" src=\"\/wp-content\/uploads\/factory-05.webp\"\/><\/p>\n<p><img decoding=\"async\" src=\"\/wp-content\/uploads\/factory-06.webp\"\/><\/p>\n<p><img decoding=\"async\" src=\"\/wp-content\/uploads\/factory-07.webp\"\/><\/p>\n<h3>Taller de pintura en polvo<\/h3>\n<p><img decoding=\"async\" src=\"\/wp-content\/uploads\/factory-09.webp\"\/><\/p>\n<h3>Taller de anodizado<\/h3>\n<p><img decoding=\"async\" src=\"\/wp-content\/uploads\/factory-10.webp\"\/><\/p>\n<h3>Taller de procesamiento profundo<\/h3>\n<p><img decoding=\"async\" src=\"\/wp-content\/uploads\/factory-11.webp\"\/><\/p>\n<h3>Taller de mecanizado de precisi\u00f3n CNC<\/h3>\n<p><img decoding=\"async\" src=\"\/wp-content\/uploads\/factory-11.5.webp\"\/><\/p>\n<h3>Almac\u00e9n de productos acabados y de exportaci\u00f3n<\/h3>\n<p><img decoding=\"async\" src=\"\/wp-content\/uploads\/factory-12.webp\"\/><\/p>\n<p><img decoding=\"async\" src=\"\/wp-content\/uploads\/factory-13.webp\"\/><\/p>\n<p><img decoding=\"async\" src=\"\/wp-content\/uploads\/factory-14.webp\"\/><\/p>\n<h2>PREGUNTAS FRECUENTES<\/h2>\n<p><p><b>1. \u00bfPara qu\u00e9 se utiliza la extrusi\u00f3n de aluminio con revestimiento en polvo?<\/b><\/p>\n<p>La extrusi\u00f3n de aluminio con recubrimiento en polvo se utiliza en la construcci\u00f3n, la automoci\u00f3n, el mobiliario, la electr\u00f3nica y las aplicaciones arquitect\u00f3nicas para mejorar la durabilidad y el atractivo est\u00e9tico.<br \/>\n<\/p><br \/>\n<br \/>\n<p><b>2.\u00bfCu\u00e1les son las principales ventajas de la extrusi\u00f3n de aluminio con revestimiento en polvo?<\/b><\/p>\n<p>La extrusi\u00f3n de aluminio con recubrimiento en polvo ofrece una resistencia superior a la corrosi\u00f3n, resistencia a los ara\u00f1azos, protecci\u00f3n contra los rayos UV y un acabado uniforme y duradero.<br \/>\n<\/p><br \/>\n<br \/>\n<p><b>3. \u00bfPor qu\u00e9 elegir el recubrimiento en polvo para la extrusi\u00f3n de aluminio en lugar de la pintura tradicional?<\/b><\/p>\n<p>El recubrimiento en polvo es respetuoso con el medio ambiente, produce menos residuos, proporciona un recubrimiento m\u00e1s grueso y uniforme y ofrece una mayor durabilidad en comparaci\u00f3n con las pinturas l\u00edquidas.<br \/>\n<\/p><br \/>\n<br \/>\n<p><b>4.\u00bfSe pueden personalizar las extrusiones de aluminio con revestimiento en polvo?<\/b><\/p>\n<p>S\u00ed, pueden personalizarse en color, textura, nivel de brillo y grosor para satisfacer requisitos espec\u00edficos de dise\u00f1o y rendimiento.<br \/>\n<\/p><br \/>\n<br \/>\n<p><b>5.\u00bfQu\u00e9 acabados superficiales hay disponibles para la extrusi\u00f3n de aluminio con recubrimiento en polvo?<\/b><\/p>\n<p>El recubrimiento en polvo ofrece una amplia gama de colores y acabados, como superficies mates, brillantes y texturizadas, para mejorar el aspecto y la protecci\u00f3n.<br \/>\n<\/p><br \/>\n<br \/>\n<p><b>6. \u00bfSon adecuados los perfiles de aluminio con recubrimiento en polvo para su uso en exteriores?<\/b><\/p>\n<p>S\u00ed, los perfiles de aluminio con recubrimiento en polvo ofrecen una excelente resistencia a la intemperie, protegiendo contra los rayos UV, la humedad y la corrosi\u00f3n en entornos exteriores.<br \/>\n<\/p><br \/>\n<br \/>\n<p><b>7.\u00bfC\u00f3mo contribuye el lacado en polvo a la fabricaci\u00f3n sostenible de extrusiones de aluminio?<\/b><\/p>\n<p>El revestimiento en polvo es un proceso de bajo COV y bajo consumo energ\u00e9tico, y el aluminio es 100% reciclable, lo que convierte a las extrusiones con revestimiento en polvo en un material de construcci\u00f3n respetuoso con el medio ambiente.<br \/>\n<\/p><br \/>\n<br \/>\n<p><b>8.\u00bfQu\u00e9 industrias utilizan habitualmente la extrusi\u00f3n de aluminio con revestimiento en polvo?<\/b><\/p>\n<p>Industrias como la construcci\u00f3n, la automoci\u00f3n, el mobiliario, la electr\u00f3nica y la se\u00f1alizaci\u00f3n utilizan extrusi\u00f3n de aluminio con revestimiento en polvo por su durabilidad, est\u00e9tica y resistencia a la corrosi\u00f3n.<br \/>\n<\/p><br \/><\/p>","protected":false},"featured_media":6494,"template":"","categories":[61],"class_list":["post-6495","product","type-product","status-publish","has-post-thumbnail","hentry","category-powder-coating-aluminum-profile"],"meta_box":{"hilight_text_group":{"product_hilight_text":"<li>Durable powder coating enhances corrosion resistance and surface hardness<\/li>\r\r\n<li>Available in various colors and finishes for versatile applications<\/li>\r\r\n<li>Lightweight aluminum extrusion offers high strength-to-weight ratio<\/li>\r\r\n<li>Ideal for architectural, automotive, and industrial projects<\/li>\r\r\n<li>Supports custom sizes and bulk orders with reliable supply<\/li>","product_chanpin_blog":"<ul>\r\r\n<li><a href=\"https:\/\/sinoextrud.com\/t-slot-v-slot-differences\/\" target=\"_blank\">t slot vs v slot<\/a><\/li>\r\r\n<li><a href=\"https:\/\/sinoextrud.com\/what-is-4040-aluminium-extrud\/\" target=\"_blank\">4040 aluminium extrusion<\/a><\/li>\r\r\n<li><a href=\"https:\/\/sinoextrud.com\/what-is-4040-aluminium-extrud\/\" target=\"_blank\">aluminum extrusions for industrial racks<\/a><\/li>\r\r\n<li><a href=\"https:\/\/sinoextrud.com\/powder-coating-aluminium-process\/\" target=\"_blank\">powder coating aluminium<\/a><\/li>\r\r\n<li><a href=\"https:\/\/sinoextrud.com\/what-is-an-aluminium-strip-ceiling\/\" target=\"_blank\">aluminium strip ceiling<\/a><\/li>\r\r\n<li><a href=\"https:\/\/sinoextrud.com\/what-is-a-heat-sink\/\" target=\"_blank\">what is a heat sink<\/a><\/li>\r\r\n<\/ul>","product_chanpin_chanpin":"<li><a href=\"https:\/\/sinoextrud.com\/product\/6061-oval-aluminum-tubing\/\" target=\"_blank\">6061 Oval Aluminum Tubing<\/a><\/li>\r\n<li><a href=\"https:\/\/sinoextrud.com\/product\/extruded-aluminum-rectangular-tubing\/\" target=\"_blank\">Extruded Aluminum Rectangular Tubing<\/a><\/li>\r\n<li><a href=\"https:\/\/sinoextrud.com\/product\/power-coating-standard-aluminium-profiles\/\" target=\"_blank\">Power Coating Standard Aluminium Profiles<\/a><\/li>\r\n<li><a href=\"https:\/\/sinoextrud.com\/product\/aluminum-tube-coated-powder-price-per-kg-for-lowes-aluminum-pipe-fence-china\/\" target=\"_blank\">aluminum tube coated powder price per kg for lowes aluminum pipe fence china<\/a><\/li>\r\n<li><a href=\"https:\/\/sinoextrud.com\/product\/powder-coated-aluminium-extrusion\/\" target=\"_blank\">Powder Coated Aluminium Extrusion<\/a><\/li>\r\n<li><a href=\"https:\/\/sinoextrud.com\/product\/aluminium-extrusion-profile-with-pvdf-coating\/\" target=\"_blank\">Aluminium Extrusion Profile With PVDF Coating<\/a><\/li>\r\n<li><a href=\"https:\/\/sinoextrud.com\/product\/powder-coated-extrusions-aluminum-corrosion-resistant-for-10-years-in-door\/\" target=\"_blank\">Powder Coated Extrusions Aluminum Corrosion Resistant For 10 Years In Door<\/a><\/li>\r\n<li><a href=\"https:\/\/sinoextrud.com\/product\/powder-coating-surface-aluminum-profile\/\" target=\"_blank\">Powder Coating Surface Aluminum Profile<\/a><\/li>\r\n<li><a href=\"https:\/\/sinoextrud.com\/product\/customized-powder-coated-tube-decorative-anodized-aluminum-louver-fence-panel-for-modern-garden\/\" target=\"_blank\">Customized Powder Coated Tube Decorative Anodized Aluminum Louver Fence Panel For Modern Garden<\/a><\/li>\r\n<li><a href=\"https:\/\/sinoextrud.com\/product\/aluminum-t-slot-profile\/\" target=\"_blank\">Aluminum T Slot Profile<\/a><\/li>\r\n<li><a href=\"https:\/\/sinoextrud.com\/product\/oem-aluminum-manufacturing-processes-cnc-machining\/\" target=\"_blank\">OEM Aluminum Manufacturing Processes CNC Machining<\/a><\/li>"},"feature_list":[]},"_links":{"self":[{"href":"https:\/\/sinoextrud.com\/es\/wp-json\/wp\/v2\/product\/6495","targetHints":{"allow":["GET"]}}],"collection":[{"href":"https:\/\/sinoextrud.com\/es\/wp-json\/wp\/v2\/product"}],"about":[{"href":"https:\/\/sinoextrud.com\/es\/wp-json\/wp\/v2\/types\/product"}],"wp:featuredmedia":[{"embeddable":true,"href":"https:\/\/sinoextrud.com\/es\/wp-json\/wp\/v2\/media\/6494"}],"wp:attachment":[{"href":"https:\/\/sinoextrud.com\/es\/wp-json\/wp\/v2\/media?parent=6495"}],"wp:term":[{"taxonomy":"category","embeddable":true,"href":"https:\/\/sinoextrud.com\/es\/wp-json\/wp\/v2\/categories?post=6495"}],"curies":[{"name":"wp","href":"https:\/\/api.w.org\/{rel}","templated":true}]}}