{"id":6493,"date":"2025-05-29T03:36:00","date_gmt":"2025-05-29T03:36:00","guid":{"rendered":"https:\/\/sinoextrud.com\/product\/aluminum-tube-coated-powder-price-per-kg-for-lowes-aluminum-pipe-fence-china\/"},"modified":"2025-06-24T06:11:00","modified_gmt":"2025-06-24T06:11:00","slug":"tubo-de-aluminio-recubierto-de-polvo-precio-por-kg-para-lowes-tubo-de-aluminio-valla-china","status":"publish","type":"product","link":"https:\/\/sinoextrud.com\/es\/product\/aluminum-tube-coated-powder-price-per-kg-for-lowes-aluminum-pipe-fence-china\/","title":{"rendered":"tubo de aluminio recubierto de polvo precio por kg para lowes tubo de aluminio valla china"},"content":{"rendered":"<h2>Productos<\/h2>\n<table class=\"custom-table\">\n<tr>\n<td class=\"label\">Art\u00edculo<\/td>\n<td>tubo de aluminio recubierto de polvo precio por kg para lowes tubo de aluminio valla china<\/td>\n<\/tr>\n<tr>\n<td class=\"label\">Uso:<\/td>\n<td>valla de aluminio china<\/td>\n<\/tr>\n<tr>\n<td class=\"label\">Grado:<\/td>\n<td>Serie 6000<\/td>\n<\/tr>\n<tr>\n<td class=\"label\">Superficie:<\/td>\n<td>Acabado fresado, anodizado, recubierto de polvo<\/td>\n<\/tr>\n<tr>\n<td class=\"label\">Modelo NO.:<\/td>\n<td>6061 6063 6082 6463<\/td>\n<\/tr>\n<tr>\n<td class=\"label\">Tipo:<\/td>\n<td>Perfiles de aluminio<\/td>\n<\/tr>\n<tr>\n<td class=\"label\">Es de aleaci\u00f3n:<\/td>\n<td>Aleaci\u00f3n<\/td>\n<\/tr>\n<tr>\n<td class=\"label\">Proceso:<\/td>\n<td>Extrusi\u00f3n<\/td>\n<\/tr>\n<tr>\n<td class=\"label\">C\u00f3digo SA:<\/td>\n<td>7604299000<\/td>\n<\/tr>\n<tr>\n<td class=\"label\">Aplicaci\u00f3n:<\/td>\n<td>perfiles tubulares de aluminio<\/td>\n<\/tr>\n<tr>\n<td class=\"label\">T\u00e9cnica:<\/td>\n<td>Extruido<\/td>\n<\/tr>\n<tr>\n<td class=\"label\">Temperamento:<\/td>\n<td>T3 - T8<\/td>\n<\/tr>\n<tr>\n<td class=\"label\">Marca registrada:<\/td>\n<td>Sinoextrud<\/td>\n<\/tr>\n<tr>\n<td class=\"label\">Origen:<\/td>\n<td>Guangdong, China<\/td>\n<\/tr>\n<tr>\n<td class=\"label\">Forma:<\/td>\n<td>Cuadrado<\/td>\n<\/tr>\n<tr>\n<td class=\"label\">Certificaci\u00f3n:<\/td>\n<td>ASTM, GB\/T, EN<\/td>\n<\/tr>\n<tr>\n<td class=\"label\">Especificaci\u00f3n:<\/td>\n<td>30*20mm<\/td>\n<\/tr>\n<tr>\n<td class=\"label\">MOQ:<\/td>\n<td>200KG para cada perfil<\/td>\n<\/tr>\n<\/table>\n<h2>Nuestra base de fabricaci\u00f3n<\/h2>\n<h3>Panorama de la f\u00e1brica<\/h3>\n<p><img decoding=\"async\" src=\"\/wp-content\/uploads\/factory-01.webp\"\/><\/p>\n<h3>Taller de fabricaci\u00f3n de barras de aluminio<\/h3>\n<p><img decoding=\"async\" src=\"\/wp-content\/uploads\/factory-02.webp\"\/><\/p>\n<p><img decoding=\"async\" src=\"\/wp-content\/uploads\/factory-03.webp\"\/><\/p>\n<h3>Almac\u00e9n de moldes<\/h3>\n<p><img decoding=\"async\" src=\"\/wp-content\/uploads\/factory-04.webp\"\/><\/p>\n<h3>43 l\u00edneas de extrusi\u00f3n de aluminio (500-5500 toneladas)<\/h3>\n<p><img decoding=\"async\" src=\"\/wp-content\/uploads\/factory-05.webp\"\/><\/p>\n<p><img decoding=\"async\" src=\"\/wp-content\/uploads\/factory-06.webp\"\/><\/p>\n<p><img decoding=\"async\" src=\"\/wp-content\/uploads\/factory-07.webp\"\/><\/p>\n<h3>Taller de pintura en polvo<\/h3>\n<p><img decoding=\"async\" src=\"\/wp-content\/uploads\/factory-09.webp\"\/><\/p>\n<h3>Taller de anodizado<\/h3>\n<p><img decoding=\"async\" src=\"\/wp-content\/uploads\/factory-10.webp\"\/><\/p>\n<h3>Taller de procesamiento profundo<\/h3>\n<p><img decoding=\"async\" src=\"\/wp-content\/uploads\/factory-11.webp\"\/><\/p>\n<h3>Taller de mecanizado de precisi\u00f3n CNC<\/h3>\n<p><img decoding=\"async\" src=\"\/wp-content\/uploads\/factory-11.5.webp\"\/><\/p>\n<h3>Almac\u00e9n de productos acabados y de exportaci\u00f3n<\/h3>\n<p><img decoding=\"async\" src=\"\/wp-content\/uploads\/factory-12.webp\"\/><\/p>\n<p><img decoding=\"async\" src=\"\/wp-content\/uploads\/factory-13.webp\"\/><\/p>\n<p><img decoding=\"async\" src=\"\/wp-content\/uploads\/factory-14.webp\"\/><\/p>\n<h2>PREGUNTAS FRECUENTES<\/h2>\n<p><p><b>1.\u00bfCu\u00e1l es el precio t\u00edpico de polvo recubierto de tubo de aluminio por kg para la valla de tubo de aluminio de Lowe de China?<\/b><\/p>\n<p>El precio var\u00eda en funci\u00f3n de las especificaciones, pero en general ofrece precios competitivos por kg gracias al abastecimiento directo de los fabricantes chinos, lo que garantiza soluciones de vallado rentables.<br \/>\n<\/p><br \/>\n<br \/>\n<p><b>2.\u00bfCu\u00e1les son las ventajas de los tubos de aluminio con revestimiento de polvo para vallas?<\/b><\/p>\n<p>El recubrimiento en polvo proporciona una excelente resistencia a la corrosi\u00f3n, protecci\u00f3n contra los rayos UV y un acabado duradero que prolonga la vida \u00fatil de las vallas de tubos de aluminio con un mantenimiento m\u00ednimo.<br \/>\n<\/p><br \/>\n<br \/>\n<p><b>3.\u00bfPor qu\u00e9 elegir el recubrimiento en polvo de tubo de aluminio para la valla de tubo de aluminio Lowe?<\/b><\/p>\n<p>El recubrimiento en polvo realza el atractivo est\u00e9tico con una variedad de colores, mejora la resistencia a la intemperie y ofrece un acabado respetuoso con el medio ambiente y con bajo contenido en COV en comparaci\u00f3n con la pintura tradicional.<br \/>\n<\/p><br \/>\n<br \/>\n<p><b>4.\u00bfC\u00f3mo afecta al precio la compra de tubos de aluminio con revestimiento en polvo en China?<\/b><\/p>\n<p>Los proveedores chinos ofrecen costes de fabricaci\u00f3n m\u00e1s bajos y capacidad de producci\u00f3n a granel, lo que permite precios asequibles por kg sin comprometer la calidad de las vallas de tubo de aluminio Lowe's.<br \/>\n<\/p><br \/>\n<br \/>\n<p><b>5.\u00bfSe pueden personalizar las vallas de tubo de aluminio con recubrimiento de polvo?<\/b><\/p>\n<p>S\u00ed, pueden personalizarse en di\u00e1metro de tubo, grosor de pared, color del revestimiento en polvo y acabado para satisfacer requisitos espec\u00edficos de dise\u00f1o y durabilidad.<br \/>\n<\/p><br \/>\n<br \/>\n<p><b>6.\u00bfSon adecuados los tubos de aluminio con revestimiento de polvo para aplicaciones de vallado en exteriores?<\/b><\/p>\n<p>Por supuesto, los tubos de aluminio con recubrimiento en polvo resisten la oxidaci\u00f3n, la decoloraci\u00f3n y el desgaste, por lo que son ideales para instalaciones de vallas exteriores duraderas y de bajo mantenimiento.<br \/>\n<\/p><br \/>\n<br \/>\n<p><b>7. \u00bfC\u00f3mo contribuye el proceso de recubrimiento en polvo a la sostenibilidad de los productos de esgrima?<\/b><\/p>\n<p>El recubrimiento en polvo es un proceso respetuoso con el medio ambiente, que genera pocos residuos, y la capacidad de reciclaje del aluminio garantiza que las vallas de aluminio con recubrimiento en polvo contribuyan a las pr\u00e1cticas de construcci\u00f3n sostenibles.<br \/>\n<\/p><br \/>\n<br \/>\n<p><b>8.\u00bfQu\u00e9 factores influyen en el precio final de los tubos de aluminio con revestimiento en polvo para vallas?<\/b><\/p>\n<p>Entre los factores se incluyen el grado de aleaci\u00f3n, las dimensiones del tubo, el grosor del revestimiento, la elecci\u00f3n del color, la cantidad del pedido y la log\u00edstica de env\u00edo desde China hasta el mercado de destino.<br \/>\n<\/p><br \/><\/p>","protected":false},"featured_media":6492,"template":"","categories":[61],"class_list":["post-6493","product","type-product","status-publish","has-post-thumbnail","hentry","category-powder-coating-aluminum-profile"],"meta_box":{"hilight_text_group":{"product_hilight_text":"<li>Competitive powder-coated aluminum tubes priced per kg for cost efficiency<\/li>\r\r\n<li>Durable coating enhances corrosion resistance and extends product life<\/li>\r\r\n<li>Ideal for aluminum pipe fences with attractive finish and low maintenance<\/li>\r\r\n<li>Manufactured in China with high-quality standards and bulk supply capacity<\/li>\r\r\n<li>Supports custom sizes, colors, and fast delivery for large projects<\/li>","product_chanpin_blog":"<ul>\r\r\n<li><a href=\"https:\/\/sinoextrud.com\/t-slot-v-slot-differences\/\" target=\"_blank\">t slot vs v slot<\/a><\/li>\r\r\n<li><a href=\"https:\/\/sinoextrud.com\/what-is-4040-aluminium-extrud\/\" target=\"_blank\">4040 aluminium extrusion<\/a><\/li>\r\r\n<li><a href=\"https:\/\/sinoextrud.com\/what-is-4040-aluminium-extrud\/\" target=\"_blank\">aluminum extrusions for industrial racks<\/a><\/li>\r\r\n<li><a href=\"https:\/\/sinoextrud.com\/powder-coating-aluminium-process\/\" target=\"_blank\">powder coating aluminium<\/a><\/li>\r\r\n<li><a href=\"https:\/\/sinoextrud.com\/what-is-an-aluminium-strip-ceiling\/\" target=\"_blank\">aluminium strip ceiling<\/a><\/li>\r\r\n<li><a href=\"https:\/\/sinoextrud.com\/what-is-a-heat-sink\/\" target=\"_blank\">what is a heat sink<\/a><\/li>\r\r\n<\/ul>","product_chanpin_chanpin":"<li><a href=\"https:\/\/sinoextrud.com\/product\/anodized-aluminum-tubes\/\" target=\"_blank\">Anodized Aluminum Tubes<\/a><\/li>\r\n<li><a href=\"https:\/\/sinoextrud.com\/product\/6061-oval-aluminum-tubing\/\" target=\"_blank\">6061 Oval Aluminum Tubing<\/a><\/li>\r\n<li><a href=\"https:\/\/sinoextrud.com\/product\/extruded-aluminum-rectangular-tubing\/\" target=\"_blank\">Extruded Aluminum Rectangular Tubing<\/a><\/li>\r\n<li><a href=\"https:\/\/sinoextrud.com\/product\/power-coating-standard-aluminium-profiles\/\" target=\"_blank\">Power Coating Standard Aluminium Profiles<\/a><\/li>\r\n<li><a href=\"https:\/\/sinoextrud.com\/product\/aluminum-tube-coated-powder-price-per-kg-for-lowes-aluminum-pipe-fence-china\/\" target=\"_blank\">aluminum tube coated powder price per kg for lowes aluminum pipe fence china<\/a><\/li>\r\n<li><a href=\"https:\/\/sinoextrud.com\/product\/powder-coated-aluminium-extrusion\/\" target=\"_blank\">Powder Coated Aluminium Extrusion<\/a><\/li>\r\n<li><a href=\"https:\/\/sinoextrud.com\/product\/aluminium-extrusion-profile-with-pvdf-coating\/\" target=\"_blank\">Aluminium Extrusion Profile With PVDF Coating<\/a><\/li>\r\n<li><a href=\"https:\/\/sinoextrud.com\/product\/powder-coated-extrusions-aluminum-corrosion-resistant-for-10-years-in-door\/\" target=\"_blank\">Powder Coated Extrusions Aluminum Corrosion Resistant For 10 Years In Door<\/a><\/li>\r\n<li><a href=\"https:\/\/sinoextrud.com\/product\/powder-coating-surface-aluminum-profile\/\" target=\"_blank\">Powder Coating Surface Aluminum Profile<\/a><\/li>\r\n<li><a href=\"https:\/\/sinoextrud.com\/product\/cnc-machined-6063-heavy-duty-industrial-part\/\" target=\"_blank\">CNC Machined 6063 Heavy-duty Industrial Part<\/a><\/li>\r\n<li><a href=\"https:\/\/sinoextrud.com\/product\/aluminium-profile-h\/\" target=\"_blank\">Aluminium Profile H<\/a><\/li>"},"feature_list":[]},"_links":{"self":[{"href":"https:\/\/sinoextrud.com\/es\/wp-json\/wp\/v2\/product\/6493","targetHints":{"allow":["GET"]}}],"collection":[{"href":"https:\/\/sinoextrud.com\/es\/wp-json\/wp\/v2\/product"}],"about":[{"href":"https:\/\/sinoextrud.com\/es\/wp-json\/wp\/v2\/types\/product"}],"wp:featuredmedia":[{"embeddable":true,"href":"https:\/\/sinoextrud.com\/es\/wp-json\/wp\/v2\/media\/6492"}],"wp:attachment":[{"href":"https:\/\/sinoextrud.com\/es\/wp-json\/wp\/v2\/media?parent=6493"}],"wp:term":[{"taxonomy":"category","embeddable":true,"href":"https:\/\/sinoextrud.com\/es\/wp-json\/wp\/v2\/categories?post=6493"}],"curies":[{"name":"wp","href":"https:\/\/api.w.org\/{rel}","templated":true}]}}