{"id":6446,"date":"2025-05-29T02:00:19","date_gmt":"2025-05-29T02:00:19","guid":{"rendered":"https:\/\/sinoextrud.com\/product\/short-run-custom-aluminum-extrusions\/"},"modified":"2025-06-24T06:10:55","modified_gmt":"2025-06-24T06:10:55","slug":"extrusiones-de-aluminio-personalizadas-de-tirada-corta","status":"publish","type":"product","link":"https:\/\/sinoextrud.com\/es\/product\/short-run-custom-aluminum-extrusions\/","title":{"rendered":"Extrusiones de aluminio personalizadas de tirada corta"},"content":{"rendered":"<h2>Productos<\/h2>\n<table class=\"custom-table\">\n<tr>\n<td class=\"label\">Nombre<\/td>\n<td>Extrusiones de aluminio personalizadas de tirada corta<\/td>\n<\/tr>\n<tr>\n<td class=\"label\">Marca<\/td>\n<td>Sinoextrud<\/td>\n<\/tr>\n<tr>\n<td class=\"label\">Categor\u00eda<\/td>\n<td>Extrusi\u00f3n de aluminio<\/td>\n<\/tr>\n<tr>\n<td class=\"label\">Material<\/td>\n<td>6063 es ampliamente utilizado. 6061, 6463, 6005, 6082 tambi\u00e9n est\u00e1 disponible.<\/td>\n<\/tr>\n<tr>\n<td class=\"label\">Temple<\/td>\n<td>T5-T8<\/td>\n<\/tr>\n<tr>\n<td class=\"label\">Longitud<\/td>\n<td>Seg\u00fan el dibujo<\/td>\n<\/tr>\n<tr>\n<td class=\"label\">Tama\u00f1o (mm)<\/td>\n<td>Personalizado<\/td>\n<\/tr>\n<tr>\n<td class=\"label\">Forma<\/td>\n<td>Personalizaci\u00f3n<\/td>\n<\/tr>\n<tr>\n<td class=\"label\">Tratamiento de superficies<\/td>\n<td>Revestimiento de potencia; Mill acabado, anodizado, chorro de arena, electroforesis tambi\u00e9n est\u00e1 disponible<\/td>\n<\/tr>\n<tr>\n<td class=\"label\">Color<\/td>\n<td>Plata, negro, oro, Champange,Bronce, rojo. azul y podemos personalizar los colores basados en las muestras de los clientes.<\/td>\n<\/tr>\n<tr>\n<td class=\"label\">Garant\u00eda<\/td>\n<td>BV , TUV ,ISO<\/td>\n<\/tr>\n<tr>\n<td class=\"label\">Est\u00e1ndar<\/td>\n<td>Calidad media y alta<\/td>\n<\/tr>\n<tr>\n<td class=\"label\">MOQ<\/td>\n<td>300-200KGS para cada art\u00edculo<\/td>\n<\/tr>\n<tr>\n<td class=\"label\">En<\/td>\n<td>Guangdong, China<\/td>\n<\/tr>\n<tr>\n<td class=\"label\">Aplicaci\u00f3n<\/td>\n<td>Industria, Construcci\u00f3n<\/td>\n<\/tr>\n<tr>\n<td class=\"label\">Tratamiento en profundidad<\/td>\n<td>Corte, taladrado, mecanizado, punzonado, plegado, roscado, etc.<\/td>\n<\/tr>\n<tr>\n<td class=\"label\">Paquete<\/td>\n<td>Interior con pel\u00edcula protectora, pl\u00e1stico retr\u00e1ctil o espuma de PE. Exterior con caja, cart\u00f3n o marco de madera, o personalizaci\u00f3n.<\/td>\n<\/tr>\n<tr>\n<td class=\"label\">Plazo de entrega<\/td>\n<td>El desarrollo del molde y la conformaci\u00f3n de la muestra es de 12-18 d\u00edas, luego la duraci\u00f3n de la producci\u00f3n es de 25-30 d\u00edas despu\u00e9s de la recepci\u00f3n del dep\u00f3sito del comprador.<\/td>\n<\/tr>\n<tr>\n<td class=\"label\">Capacidad del producto<\/td>\n<td>10000+ tonos \/ mes<\/td>\n<\/tr>\n<\/table>\n<h2>Nuestra base de fabricaci\u00f3n<\/h2>\n<h3>Panorama de la f\u00e1brica<\/h3>\n<p><img decoding=\"async\" src=\"\/wp-content\/uploads\/factory-01.webp\"\/><\/p>\n<h3>Taller de fabricaci\u00f3n de barras de aluminio<\/h3>\n<p><img decoding=\"async\" src=\"\/wp-content\/uploads\/factory-02.webp\"\/><\/p>\n<\/p>\n<p><img decoding=\"async\" src=\"\/wp-content\/uploads\/factory-03.webp\"\/><\/p>\n<h3>Almac\u00e9n de moldes<\/h3>\n<p><img decoding=\"async\" src=\"\/wp-content\/uploads\/factory-04.webp\"\/><\/p>\n<h3>43 l\u00edneas de extrusi\u00f3n de aluminio (500-5500 toneladas)<\/h3>\n<p><img decoding=\"async\" src=\"\/wp-content\/uploads\/factory-05.webp\"\/><\/p>\n<p><img decoding=\"async\" src=\"\/wp-content\/uploads\/factory-06.webp\"\/><\/p>\n<p><img decoding=\"async\" src=\"\/wp-content\/uploads\/factory-07.webp\"\/><\/p>\n<h3>Taller de pintura en polvo<\/h3>\n<p><img decoding=\"async\" src=\"\/wp-content\/uploads\/factory-09.webp\"\/><\/p>\n<h3>Taller de anodizado<\/h3>\n<p><img decoding=\"async\" src=\"\/wp-content\/uploads\/factory-10.webp\"\/><\/p>\n<h3>Taller de procesamiento profundo<\/h3>\n<p><img decoding=\"async\" src=\"\/wp-content\/uploads\/factory-11.webp\"\/><\/p>\n<h3>Taller de mecanizado de precisi\u00f3n CNC<\/h3>\n<p><img decoding=\"async\" src=\"\/wp-content\/uploads\/factory-11.5.webp\"\/><\/p>\n<h3>Almac\u00e9n de productos acabados y de exportaci\u00f3n<\/h3>\n<p><img decoding=\"async\" src=\"\/wp-content\/uploads\/factory-12.webp\"\/><\/p>\n<p><img decoding=\"async\" src=\"\/wp-content\/uploads\/factory-13.webp\"\/><\/p>\n<p><img decoding=\"async\" src=\"\/wp-content\/uploads\/factory-14.webp\"\/><\/p>\n<h2>PREGUNTAS FRECUENTES<\/h2>\n<p><b>1.\u00bfPara qu\u00e9 se utilizan las extrusiones de aluminio personalizadas de tirada corta?<\/b><\/p>\n<p>Las extrusiones de aluminio personalizadas de tirada corta son ideales para prototipos, producci\u00f3n a peque\u00f1a escala y componentes arquitect\u00f3nicos o industriales \u00fanicos que requieren perfiles espec\u00edficos.\n<\/p>\n<p><\/p>\n<p><b>2.\u00bfCu\u00e1les son las ventajas de las extrusiones de aluminio personalizadas de tirada corta?<\/b><\/p>\n<p>Ofrecen plazos de entrega r\u00e1pidos, menores costes de utillaje y flexibilidad para ajustar el dise\u00f1o antes de la producci\u00f3n a gran escala, lo que garantiza un ajuste preciso y reduce el riesgo de inventario.\n<\/p>\n<p><\/p>\n<p><b>3. \u00bfPor qu\u00e9 elegir extrusiones de aluminio personalizadas de tirada corta en lugar de perfiles est\u00e1ndar?<\/b><\/p>\n<p>Las extrusiones personalizadas de tirada corta proporcionan secciones transversales a medida, selecci\u00f3n de aleaciones y acabados superficiales que los perfiles de stock no pueden igualar, lo que mejora el rendimiento y la est\u00e9tica del producto.\n<\/p>\n<p><\/p>\n<p><b>4.\u00bfPueden acabarse y tratarse las extrusiones de aluminio personalizadas de tirada corta?<\/b><\/p>\n<p>S\u00ed, estas extrusiones pueden recibir anodizado, recubrimiento en polvo y otros tratamientos superficiales para mejorar la resistencia a la corrosi\u00f3n, la durabilidad y el atractivo visual.\n<\/p>\n<p><\/p>\n<p><b>5.\u00bfC\u00f3mo reduce el tiempo de desarrollo el proceso a corto plazo?<\/b><\/p>\n<p>Los utillajes para tiradas cortas y las cantidades m\u00ednimas de pedido m\u00e1s reducidas aceleran la validaci\u00f3n del dise\u00f1o y la producci\u00f3n, lo que permite acelerar las iteraciones y los plazos de comercializaci\u00f3n.\n<\/p>\n<p><\/p>\n<p><b>6. \u00bfQu\u00e9 sectores se benefician de las extrusiones de aluminio personalizadas de tirada corta?<\/b><\/p>\n<p>Industrias como la aeroespacial, los dispositivos m\u00e9dicos, la electr\u00f3nica y la construcci\u00f3n especializada aprovechan las extrusiones a medida de tirada corta para piezas de precisi\u00f3n y ensamblajes de tirada limitada.\n<\/p>\n<p><\/p>\n<p><b>7.\u00bfCu\u00e1l es la rentabilidad de las extrusiones de aluminio personalizadas de tirada corta?<\/b><\/p>\n<p>Al minimizar la inversi\u00f3n en utillaje y reducir el exceso de inventario, las extrusiones a medida de tirada corta ofrecen una soluci\u00f3n rentable para proyectos de bajo volumen y altas especificaciones.\n<\/p>\n<p><\/p>\n<p><b>8.\u00bfC\u00f3mo contribuyen las extrusiones de aluminio personalizadas de tirada corta a la fabricaci\u00f3n sostenible?<\/b><\/p>\n<p>Reducen el desperdicio de material y la sobreproducci\u00f3n al adaptar las extrusiones exactamente a los requisitos del proyecto, y la reciclabilidad del aluminio aumenta a\u00fan m\u00e1s los beneficios medioambientales.\n<\/p>\n<p><\/p>","protected":false},"featured_media":6445,"template":"","categories":[60],"class_list":["post-6446","product","type-product","status-publish","has-post-thumbnail","hentry","category-general-tubes-and-bars"],"meta_box":{"hilight_text_group":{"product_hilight_text":"<li>Flexible production runs tailored to specific project requirements<\/li>\r\r\n<li>Cost-effective solution for small to medium batch orders<\/li>\r\r\n<li>High-quality extrusion with precise dimensional control<\/li>\r\r\n<li>Supports custom alloys, shapes, and surface finishes<\/li>\r\r\n<li>Fast turnaround times to meet tight project deadlines<\/li>","product_chanpin_blog":"<ul>\r\r\n<li><a href=\"https:\/\/sinoextrud.com\/t-slot-v-slot-differences\/\" target=\"_blank\">t slot vs v slot<\/a><\/li>\r\r\n<li><a href=\"https:\/\/sinoextrud.com\/what-is-4040-aluminium-extrud\/\" target=\"_blank\">4040 aluminium extrusion<\/a><\/li>\r\r\n<li><a href=\"https:\/\/sinoextrud.com\/what-is-4040-aluminium-extrud\/\" target=\"_blank\">aluminum extrusions for industrial racks<\/a><\/li>\r\r\n<li><a href=\"https:\/\/sinoextrud.com\/powder-coating-aluminium-process\/\" target=\"_blank\">powder coating aluminium<\/a><\/li>\r\r\n<li><a href=\"https:\/\/sinoextrud.com\/what-is-an-aluminium-strip-ceiling\/\" target=\"_blank\">aluminium strip ceiling<\/a><\/li>\r\r\n<li><a href=\"https:\/\/sinoextrud.com\/what-is-a-heat-sink\/\" target=\"_blank\">what is a heat sink<\/a><\/li>\r\r\n<\/ul>","product_chanpin_chanpin":"<li><a href=\"https:\/\/sinoextrud.com\/product\/aluminium-extrusion-pipe\/\" target=\"_blank\">Aluminium Extrusion Pipe<\/a><\/li>\r\n<li><a href=\"https:\/\/sinoextrud.com\/product\/alloy-aluminium\/\" target=\"_blank\">Alloy Aluminium<\/a><\/li>\r\n<li><a href=\"https:\/\/sinoextrud.com\/product\/aluminium-piping\/\" target=\"_blank\">Aluminium Piping<\/a><\/li>\r\n<li><a href=\"https:\/\/sinoextrud.com\/product\/aluminum-u-profile\/\" target=\"_blank\">Aluminum U Profile<\/a><\/li>\r\n<li><a href=\"https:\/\/sinoextrud.com\/product\/short-run-custom-aluminum-extrusions\/\" target=\"_blank\">Short Run Custom Aluminum Extrusions<\/a><\/li>\r\n<li><a href=\"https:\/\/sinoextrud.com\/product\/thick-wall-large-diameter-aluminium-pipe\/\" target=\"_blank\">Thick Wall Large Diameter Aluminium Pipe<\/a><\/li>\r\n<li><a href=\"https:\/\/sinoextrud.com\/product\/triangle-aluminium-tube-factory-price\/\" target=\"_blank\">Triangle Aluminium Tube Factory Price<\/a><\/li>\r\n<li><a href=\"https:\/\/sinoextrud.com\/product\/oval-aluminum-tube\/\" target=\"_blank\">Oval Aluminum Tube<\/a><\/li>\r\n<li><a href=\"https:\/\/sinoextrud.com\/product\/triangle-aluminum-profile\/\" target=\"_blank\">Triangle Aluminum Profile<\/a><\/li>\r\n<li><a href=\"https:\/\/sinoextrud.com\/product\/aluminum-extrusion-custom-electric-vehicle-battery-enclosure-aluminum-profile\/\" target=\"_blank\">Aluminum Extrusion Custom Electric Vehicle Battery Enclosure Aluminum Profile<\/a><\/li>\r\n<li><a href=\"https:\/\/sinoextrud.com\/product\/aluminum-rail-profile\/\" target=\"_blank\">Aluminum Rail Profile<\/a><\/li>"},"feature_list":[]},"_links":{"self":[{"href":"https:\/\/sinoextrud.com\/es\/wp-json\/wp\/v2\/product\/6446","targetHints":{"allow":["GET"]}}],"collection":[{"href":"https:\/\/sinoextrud.com\/es\/wp-json\/wp\/v2\/product"}],"about":[{"href":"https:\/\/sinoextrud.com\/es\/wp-json\/wp\/v2\/types\/product"}],"wp:featuredmedia":[{"embeddable":true,"href":"https:\/\/sinoextrud.com\/es\/wp-json\/wp\/v2\/media\/6445"}],"wp:attachment":[{"href":"https:\/\/sinoextrud.com\/es\/wp-json\/wp\/v2\/media?parent=6446"}],"wp:term":[{"taxonomy":"category","embeddable":true,"href":"https:\/\/sinoextrud.com\/es\/wp-json\/wp\/v2\/categories?post=6446"}],"curies":[{"name":"wp","href":"https:\/\/api.w.org\/{rel}","templated":true}]}}