{"id":6436,"date":"2025-05-28T10:29:18","date_gmt":"2025-05-28T10:29:18","guid":{"rendered":"https:\/\/sinoextrud.com\/product\/alloy-aluminium\/"},"modified":"2025-06-24T06:10:55","modified_gmt":"2025-06-24T06:10:55","slug":"aleacion-de-aluminio","status":"publish","type":"product","link":"https:\/\/sinoextrud.com\/es\/product\/alloy-aluminium\/","title":{"rendered":"Aleaci\u00f3n de aluminio"},"content":{"rendered":"<h2>Productos<\/h2>\n<table class=\"custom-table\">\n<tr>\n<td class=\"label\">Art\u00edculo<\/td>\n<td>Tubos\/tuber\u00edas de aluminio Tubos\/tuber\u00edas de aluminio Aleaci\u00f3n de aluminio<\/td>\n<\/tr>\n<tr>\n<td class=\"label\">Material<\/td>\n<td>Aluminio<\/td>\n<\/tr>\n<tr>\n<td class=\"label\">Grado<\/td>\n<td>Serie 1000: 1050,1060,1070,1080,1100,1435, etc<br \/>Serie 2000: 2011,2014,2017,2024, etc.<br \/>Serie 3000: 3002,3003,3104,3204,3030, etc.<br \/>Serie 5000: 5005,5025,5040,5056,5083, etc.<br \/>Serie 6000: 6101,6003,6061,6063,6020,6201,6262,6082, etc<br \/>Serie 7000: 7003,7005,7050,7075, etc.<\/td>\n<\/tr>\n<tr>\n<td class=\"label\">normas<\/td>\n<td>ASTM, ASME, EN, JIS, DIN, GB\/T, etc.<\/td>\n<\/tr>\n<tr>\n<td class=\"label\">Talla<\/td>\n<td>Di\u00e1metro exterior:3-250 mm<br \/>Espesor de pared: 0,3-50 mm<br \/>Longitud: 10mm -6000mm<\/td>\n<\/tr>\n<tr>\n<td class=\"label\">Forma<\/td>\n<td>Redondo\/Cuadrado\/Rectangular<\/td>\n<\/tr>\n<tr>\n<td class=\"label\">Tratamiento de superficies<\/td>\n<td>Acabado fresado<br \/>Anodizado<br \/>Electroforesis<br \/>Recubrimiento en polvo<br \/>Grano de madera<br \/>Chorro de arena<\/td>\n<\/tr>\n<tr>\n<td class=\"label\">Colores de la superficie<\/td>\n<td>Nature, plata, bronce, champ\u00e1n, negro, gloden, etc.<br \/>A medida<\/td>\n<\/tr>\n<tr>\n<td class=\"label\">Temple<\/td>\n<td>T3-T8<\/td>\n<\/tr>\n<tr>\n<td class=\"label\">Moldeado\/Patr\u00f3n<\/td>\n<td>1. Utilizando nuestros moldes, sin tasas<br \/>2. Usando el dibujo del cliente, molde de la abertura, generalmente cerca de 5 toneladas el honorario del moldeado est\u00e1 libre.<br \/>3. Se puede digerir.<\/td>\n<\/tr>\n<tr>\n<td class=\"label\">Aplicaci\u00f3n<\/td>\n<td>1. Iluminaci\u00f3n, placa reflectora solar.<br \/>2.Aspecto arquitect\u00f3nico, decoraci\u00f3n interior: techo, metopa, muebles, armarios, etc.<br \/>3.ascensor, placa de identificaci\u00f3n, bolsas.<br \/>4.decoraci\u00f3n interior y exterior de autom\u00f3viles.<br \/>5. Decoraci\u00f3n interior: como marco de fotos.<br \/>6.Electrodom\u00e9sticos, frigor\u00edfico, microondas, equipos de audio.<br \/>7. Aspectos aeroespaciales y militares.<br \/>8, procesamiento de piezas de maquinaria, fabricaci\u00f3n de moldes .<br \/>9. revestimiento qu\u00edmico\/aislante de tuber\u00edas.<br \/>Caracter\u00edsticas de los distintos tratamientos superficiales<\/td>\n<\/tr>\n<tr>\n<td class=\"label\">Acabado fresado<\/td>\n<td>Materia prima de aluminio est\u00e1ndar nacional que est\u00e1 disponible para cualquier tipo de tratamiento superficial posterior.<\/td>\n<\/tr>\n<tr>\n<td class=\"label\">Anodizado<\/td>\n<td>El espesor de la pel\u00edcula de oxidaci\u00f3n de m\u00e1s de 13mu, color uniforme, sin l\u00edneas mec\u00e1nicas, resistencia a la corrosi\u00f3n, brillo duradero y decorativo. Disponible en diferentes colores como el metal de plata, champ\u00e1n, oscuro, bronce, negro......<\/td>\n<\/tr>\n<tr>\n<td class=\"label\">Electroforesis<\/td>\n<td>13 a\u00f1os de garant\u00eda de calidad, color elegante y uniforme, superficie sin grano superficie brillante, resistencia a la corrosi\u00f3n, alta resistencia al desgaste, alta superficie y brillo. Disponible en diferentes colores como la plata de metal.<\/td>\n<\/tr>\n<tr>\n<td class=\"label\">Cepillado<\/td>\n<td>Color opcional para fines decorativos, como marcos de cuadros, ventanas y puertas.<\/td>\n<\/tr>\n<tr>\n<td class=\"label\">Grano de madera<\/td>\n<td>1.Aspecto liso de la superficie.<br \/>2. Elevada dureza del revestimiento y resistencia al impacto.<br \/>3. Alta resistencia a la corrosi\u00f3n, a la intemperie, al calor y a los \u00e1lcalis.<br \/>4. Material decorativo de nueva generaci\u00f3n que produce un aspecto natural.<\/td>\n<\/tr>\n<tr>\n<td class=\"label\">Recubrimiento en polvo<\/td>\n<td>1. Color uniforme.<br \/>2. Elevada dureza del revestimiento y fuerte adherencia.<br \/>3. Alta resistencia a la corrosi\u00f3n, a la intemperie, al calor, a los \u00e1lcalis y a los impactos.<\/td>\n<\/tr>\n<\/table>\n<h2>Nuestra base de fabricaci\u00f3n<\/h2>\n<h3>Panorama de la f\u00e1brica<\/h3>\n<p><img decoding=\"async\" src=\"\/wp-content\/uploads\/factory-01.webp\"\/><\/p>\n<h3>Taller de fabricaci\u00f3n de barras de aluminio<\/h3>\n<p><img decoding=\"async\" src=\"\/wp-content\/uploads\/factory-02.webp\"\/><\/p>\n<p><img decoding=\"async\" src=\"\/wp-content\/uploads\/factory-03.webp\"\/><\/p>\n<h3>Almac\u00e9n de moldes<\/h3>\n<p><img decoding=\"async\" src=\"\/wp-content\/uploads\/factory-04.webp\"\/><\/p>\n<h3>43 L\u00c3neas de extrusi\u00c3\u00b3n de aluminio (500\u00e2\u20ac\"5500 toneladas)<\/h3>\n<p><img decoding=\"async\" src=\"\/wp-content\/uploads\/factory-05.webp\"\/><\/p>\n<p><img decoding=\"async\" src=\"\/wp-content\/uploads\/factory-06.webp\"\/><\/p>\n<p><img decoding=\"async\" src=\"\/wp-content\/uploads\/factory-07.webp\"\/><\/p>\n<h3>Taller de pintura en polvo<\/h3>\n<p><img decoding=\"async\" src=\"\/wp-content\/uploads\/factory-09.webp\"\/><\/p>\n<h3>Taller de anodizado<\/h3>\n<p><img decoding=\"async\" src=\"\/wp-content\/uploads\/factory-10.webp\"\/><\/p>\n<h3>Taller de procesamiento profundo<\/h3>\n<p><img decoding=\"async\" src=\"\/wp-content\/uploads\/factory-11.webp\"\/><\/p>\n<h3>Taller de mecanizado de precisi\u00f3n CNC<\/h3>\n<p><img decoding=\"async\" src=\"\/wp-content\/uploads\/factory-11.5.webp\"\/><\/p>\n<h3>Almac\u00e9n de productos acabados y de exportaci\u00f3n<\/h3>\n<p><img decoding=\"async\" src=\"\/wp-content\/uploads\/factory-12.webp\"\/><\/p>\n<p><img decoding=\"async\" src=\"\/wp-content\/uploads\/factory-13.webp\"\/><\/p>\n<p><img decoding=\"async\" src=\"\/wp-content\/uploads\/factory-14.webp\"\/><\/p>\n<h2>PREGUNTAS FRECUENTES<\/h2>\n<p><p><b>1.\u00bfPara qu\u00e9 se utiliza la aleaci\u00f3n de aluminio?<\/b><\/p>\n<p>Las aleaciones de aluminio se utilizan en la industria aeroespacial, la automoci\u00f3n, la construcci\u00f3n y la electr\u00f3nica de consumo por su mayor resistencia, ligereza y versatilidad.<br \/>\n<\/p><br \/>\n<br \/>\n<p><b>2.\u00bfCu\u00e1les son las principales ventajas de la aleaci\u00f3n de aluminio?<\/b><\/p>\n<p>El aluminio aleado ofrece una relaci\u00f3n resistencia-peso superior, una excelente resistencia a la corrosi\u00f3n y una conductividad t\u00e9rmica y el\u00e9ctrica mejorada en comparaci\u00f3n con el aluminio puro.<br \/>\n<\/p><br \/>\n<br \/>\n<p><b>3. \u00bfPor qu\u00e9 elegir aluminio aleado en lugar de aluminio puro?<\/b><\/p>\n<p>La aleaci\u00f3n de aluminio proporciona una mayor resistencia mec\u00e1nica y a la fatiga, as\u00ed como un rendimiento a medida gracias a diversos elementos de aleaci\u00f3n como el silicio, el magnesio y el cobre.<br \/>\n<\/p><br \/>\n<br \/>\n<p><b>4.\u00bfPuede personalizarse la aleaci\u00f3n de aluminio para aplicaciones espec\u00edficas?<\/b><\/p>\n<p>S\u00ed, el aluminio aleado puede formularse con diferentes grados de aleaci\u00f3n (por ejemplo, 6061, 7075, 2024) para optimizar la resistencia, la soldabilidad y el acabado superficial para los sectores espec\u00edficos.<br \/>\n<\/p><br \/>\n<br \/>\n<p><b>5.\u00bfQu\u00e9 tratamientos superficiales existen para la aleaci\u00f3n de aluminio?<\/b><\/p>\n<p>Entre los tratamientos m\u00e1s comunes est\u00e1n el anodizado, el recubrimiento en polvo y el pulido mec\u00e1nico, que mejoran la protecci\u00f3n contra la corrosi\u00f3n, la dureza y el atractivo est\u00e9tico.<br \/>\n<\/p><br \/>\n<br \/>\n<p><b>6.\u00bfC\u00f3mo contribuye el aluminio aleado a la fabricaci\u00f3n sostenible?<\/b><\/p>\n<p>La aleaci\u00f3n de aluminio es 100% reciclable, requiere menos energ\u00eda para producir material reciclado y prolonga la vida \u00fatil del producto gracias a su rendimiento duradero, reduciendo el impacto medioambiental.<br \/>\n<\/p><br \/>\n<br \/>\n<p><b>7.\u00bfQu\u00e9 industrias se benefician m\u00e1s de las aleaciones de aluminio?<\/b><\/p>\n<p>Industrias como la aeroespacial, automovil\u00edstica, naval, de la construcci\u00f3n y electr\u00f3nica aprovechan las aleaciones de aluminio para estructuras ligeras, ahorro de combustible e ingenier\u00eda de precisi\u00f3n.<br \/>\n<\/p><br \/><\/p>","protected":false},"featured_media":6435,"template":"","categories":[60],"class_list":["post-6436","product","type-product","status-publish","has-post-thumbnail","hentry","category-general-tubes-and-bars"],"meta_box":{"hilight_text_group":{"product_hilight_text":"<li>High-strength alloy composition ensures durability and performance<\/li>\r\r\n<li>Excellent corrosion resistance suitable for harsh environments<\/li>\r\r\n<li>Lightweight material reduces overall product weight and costs<\/li>\r\r\n<li>Versatile applications across automotive, aerospace, and construction<\/li>\r\r\n<li>Customizable grades and finishes to meet specific project needs<\/li>","product_chanpin_blog":"<ul>\r\r\n<li><a href=\"https:\/\/sinoextrud.com\/t-slot-v-slot-differences\/\" target=\"_blank\">t slot vs v slot<\/a><\/li>\r\r\n<li><a href=\"https:\/\/sinoextrud.com\/what-is-4040-aluminium-extrud\/\" target=\"_blank\">4040 aluminium extrusion<\/a><\/li>\r\r\n<li><a href=\"https:\/\/sinoextrud.com\/what-is-4040-aluminium-extrud\/\" target=\"_blank\">aluminum extrusions for industrial racks<\/a><\/li>\r\r\n<li><a href=\"https:\/\/sinoextrud.com\/powder-coating-aluminium-process\/\" target=\"_blank\">powder coating aluminium<\/a><\/li>\r\r\n<li><a href=\"https:\/\/sinoextrud.com\/what-is-an-aluminium-strip-ceiling\/\" target=\"_blank\">aluminium strip ceiling<\/a><\/li>\r\r\n<li><a href=\"https:\/\/sinoextrud.com\/what-is-a-heat-sink\/\" target=\"_blank\">what is a heat sink<\/a><\/li>\r\r\n<\/ul>","product_chanpin_chanpin":"<li><a href=\"https:\/\/sinoextrud.com\/product\/aluminium-angles\/\" target=\"_blank\">Aluminium Angles<\/a><\/li>\r\n<li><a href=\"https:\/\/sinoextrud.com\/product\/thin-wall-extruded-aluminum-tubing\/\" target=\"_blank\">Thin Wall Extruded Aluminum Tubing<\/a><\/li>\r\n<li><a href=\"https:\/\/sinoextrud.com\/product\/extruded-aluminum-z-bar\/\" target=\"_blank\">Extruded Aluminum Z Bar<\/a><\/li>\r\n<li><a href=\"https:\/\/sinoextrud.com\/product\/aluminium-extrusion-pipe\/\" target=\"_blank\">Aluminium Extrusion Pipe<\/a><\/li>\r\n<li><a href=\"https:\/\/sinoextrud.com\/product\/alloy-aluminium\/\" target=\"_blank\">Alloy Aluminium<\/a><\/li>\r\n<li><a href=\"https:\/\/sinoextrud.com\/product\/aluminium-piping\/\" target=\"_blank\">Aluminium Piping<\/a><\/li>\r\n<li><a href=\"https:\/\/sinoextrud.com\/product\/aluminum-u-profile\/\" target=\"_blank\">Aluminum U Profile<\/a><\/li>\r\n<li><a href=\"https:\/\/sinoextrud.com\/product\/short-run-custom-aluminum-extrusions\/\" target=\"_blank\">Short Run Custom Aluminum Extrusions<\/a><\/li>\r\n<li><a href=\"https:\/\/sinoextrud.com\/product\/thick-wall-large-diameter-aluminium-pipe\/\" target=\"_blank\">Thick Wall Large Diameter Aluminium Pipe<\/a><\/li>\r\n<li><a href=\"https:\/\/sinoextrud.com\/product\/aluminium-extrusion-machining\/\" target=\"_blank\">Aluminium Extrusion Machining<\/a><\/li>\r\n<li><a href=\"https:\/\/sinoextrud.com\/product\/standard-aluminium-sections-for-partition\/\" target=\"_blank\">Standard Aluminium Sections For Partition<\/a><\/li>"},"feature_list":[]},"_links":{"self":[{"href":"https:\/\/sinoextrud.com\/es\/wp-json\/wp\/v2\/product\/6436","targetHints":{"allow":["GET"]}}],"collection":[{"href":"https:\/\/sinoextrud.com\/es\/wp-json\/wp\/v2\/product"}],"about":[{"href":"https:\/\/sinoextrud.com\/es\/wp-json\/wp\/v2\/types\/product"}],"wp:featuredmedia":[{"embeddable":true,"href":"https:\/\/sinoextrud.com\/es\/wp-json\/wp\/v2\/media\/6435"}],"wp:attachment":[{"href":"https:\/\/sinoextrud.com\/es\/wp-json\/wp\/v2\/media?parent=6436"}],"wp:term":[{"taxonomy":"category","embeddable":true,"href":"https:\/\/sinoextrud.com\/es\/wp-json\/wp\/v2\/categories?post=6436"}],"curies":[{"name":"wp","href":"https:\/\/api.w.org\/{rel}","templated":true}]}}