{"id":6426,"date":"2025-05-28T08:54:39","date_gmt":"2025-05-28T08:54:39","guid":{"rendered":"https:\/\/sinoextrud.com\/product\/rectangular-aluminum-tube\/"},"modified":"2025-06-24T06:10:53","modified_gmt":"2025-06-24T06:10:53","slug":"tubo-rectangular-de-aluminio","status":"publish","type":"product","link":"https:\/\/sinoextrud.com\/es\/product\/rectangular-aluminum-tube\/","title":{"rendered":"Tubo rectangular de aluminio"},"content":{"rendered":"<h2>Productos<\/h2>\n<table class=\"custom-table\">\n<tr>\n<td class=\"label\">Modelo NO.:<\/td>\n<td> tubo rectangular de aluminio<\/td>\n<\/tr>\n<tr>\n<td class=\"label\">Forma:<\/td>\n<td> rectangular<\/td>\n<\/tr>\n<tr>\n<td class=\"label\">Temperamento:<\/td>\n<td> 6063, T4-T6<\/td>\n<\/tr>\n<tr>\n<td class=\"label\">Aleaci\u00f3n:<\/td>\n<td> Aleaci\u00f3n 6063<\/td>\n<\/tr>\n<tr>\n<td class=\"label\">Personalizado Material:<\/td>\n<td> 6063 6463 6061 6082<\/td>\n<\/tr>\n<tr>\n<td class=\"label\">Mecanizado a medida:<\/td>\n<td> Corte de precisi\u00f3n, fresado, taladrado, roscado, etc.<\/td>\n<\/tr>\n<tr>\n<td class=\"label\">Color:<\/td>\n<td> acabado de fresado<\/td>\n<\/tr>\n<tr>\n<td class=\"label\">Origen:<\/td>\n<td> Foshan, China<\/td>\n<\/tr>\n<tr>\n<td class=\"label\">Tipo:<\/td>\n<td> tama\u00f1o abierto de Sinoextrud, tama\u00f1o personalizado disponible.<\/td>\n<\/tr>\n<tr>\n<td class=\"label\">Grado:<\/td>\n<td> Serie 6000<\/td>\n<\/tr>\n<tr>\n<td class=\"label\">Otros acabados superficiales:<\/td>\n<td> Anodizado, recubrimiento en polvo, etc.<\/td>\n<\/tr>\n<tr>\n<td class=\"label\">Certificaci\u00f3n:<\/td>\n<td> ISO, RoHS, GB<\/td>\n<\/tr>\n<tr>\n<td class=\"label\">C\u00f3digo SA:<\/td>\n<td> 76042990<\/td>\n<\/tr>\n<\/table>\n<h2>Nuestra base de fabricaci\u00f3n<\/h2>\n<h3>Panorama de la f\u00e1brica<\/h3>\n<p><img decoding=\"async\" src=\"\/wp-content\/uploads\/factory-01.webp\"\/><\/p>\n<h3>Taller de fabricaci\u00f3n de barras de aluminio<\/h3>\n<p><img decoding=\"async\" src=\"\/wp-content\/uploads\/factory-02.webp\"\/><\/p>\n<p><img decoding=\"async\" src=\"\/wp-content\/uploads\/factory-03.webp\"\/><\/p>\n<h3>Almac\u00e9n de moldes<\/h3>\n<p><img decoding=\"async\" src=\"\/wp-content\/uploads\/factory-04.webp\"\/><\/p>\n<h3>43 L\u00c3neas de extrusi\u00c3\u00b3n de aluminio (500\u00e2\u20ac\"5500 toneladas)<\/h3>\n<p><img decoding=\"async\" src=\"\/wp-content\/uploads\/factory-05.webp\"\/><\/p>\n<p><img decoding=\"async\" src=\"\/wp-content\/uploads\/factory-06.webp\"\/><\/p>\n<p><img decoding=\"async\" src=\"\/wp-content\/uploads\/factory-07.webp\"\/><\/p>\n<h3>Taller de pintura en polvo<\/h3>\n<p><img decoding=\"async\" src=\"\/wp-content\/uploads\/factory-09.webp\"\/><\/p>\n<h3>Taller de anodizado<\/h3>\n<p><img decoding=\"async\" src=\"\/wp-content\/uploads\/factory-10.webp\"\/><\/p>\n<h3>Taller de procesamiento profundo<\/h3>\n<p><img decoding=\"async\" src=\"\/wp-content\/uploads\/factory-11.webp\"\/><\/p>\n<h3>Taller de mecanizado de precisi\u00f3n CNC<\/h3>\n<p><img decoding=\"async\" src=\"\/wp-content\/uploads\/factory-11.5.webp\"\/><\/p>\n<h3>Almac\u00e9n de productos acabados y de exportaci\u00f3n<\/h3>\n<p><img decoding=\"async\" src=\"\/wp-content\/uploads\/factory-12.webp\"\/><\/p>\n<p><img decoding=\"async\" src=\"\/wp-content\/uploads\/factory-13.webp\"\/><\/p>\n<p><img decoding=\"async\" src=\"\/wp-content\/uploads\/factory-14.webp\"\/><\/p>\n<h2>PREGUNTAS FRECUENTES<\/h2>\n<p><p><b>1.\u00bfCu\u00e1les son las principales ventajas de utilizar tubo rectangular de aluminio? <\/b><\/p>\n<p>El tubo rectangular de aluminio ofrece alta resistencia, construcci\u00f3n ligera, resistencia a la corrosi\u00f3n y f\u00e1cil fabricaci\u00f3n, por lo que es ideal para aplicaciones estructurales e industriales.<br \/>\n<\/p><br \/>\n<br \/>\n<p><b>2.\u00bfEs el tubo rectangular de aluminio resistente a la corrosi\u00f3n? <\/b><\/p>\n<p>S\u00ed, los tubos rectangulares de aluminio son resistentes a la corrosi\u00f3n por naturaleza y a menudo se tratan con revestimientos adicionales para aumentar su durabilidad en entornos dif\u00edciles.<br \/>\n<\/p><br \/>\n<br \/>\n<p><b>3.\u00bfPuede utilizarse el tubo rectangular de aluminio para aplicaciones estructurales? <\/b><\/p>\n<p>Por supuesto, su elevada relaci\u00f3n resistencia-peso hace que el tubo rectangular de aluminio sea perfecto para estructuras portantes y estructurales.<br \/>\n<\/p><br \/>\n<br \/>\n<p><b>4.\u00bfQu\u00e9 tama\u00f1os hay disponibles para el tubo rectangular de aluminio? <\/b><\/p>\n<p>Los tubos rectangulares de aluminio est\u00e1n disponibles en una amplia gama de tama\u00f1os y grosores de pared para satisfacer diversas necesidades de construcci\u00f3n y fabricaci\u00f3n.<br \/>\n<\/p><br \/>\n<br \/>\n<p><b>5.\u00bfEs f\u00e1cil cortar y soldar tubos de aluminio? <\/b><\/p>\n<p>S\u00ed, los tubos rectangulares de aluminio son conocidos por su excelente mecanizabilidad y soldabilidad, lo que simplifica la fabricaci\u00f3n y la instalaci\u00f3n.<br \/>\n<\/p><br \/>\n<br \/>\n<p><b>6.\u00bfPor qu\u00e9 elegir aluminio en lugar de acero para los tubos rectangulares? <\/b><\/p>\n<p>El aluminio es m\u00e1s ligero, resistente a la corrosi\u00f3n y m\u00e1s f\u00e1cil de trabajar que el acero, al tiempo que ofrece suficiente resistencia para muchas aplicaciones.<br \/>\n<\/p><br \/>\n<br \/>\n<p><b>7.\u00bfSe pueden personalizar los tubos rectangulares de aluminio? <\/b><\/p>\n<p>S\u00ed, pueden cortarse a medida, anodizarse o recubrirse de polvo para satisfacer requisitos est\u00e9ticos o de proyectos espec\u00edficos.<br \/>\n<\/p><br \/><\/p>","protected":false},"featured_media":6425,"template":"","categories":[60],"class_list":["post-6426","product","type-product","status-publish","has-post-thumbnail","hentry","category-general-tubes-and-bars"],"meta_box":{"hilight_text_group":{"product_hilight_text":"<li>High-strength aluminum alloy material for heavy-duty structural applications<\/li>\r\r\n<li>Corrosion-resistant surface treatment suitable for various industrial environments<\/li>\r\r\n<li>Available in a wide range of sizes to meet custom project requirements<\/li>\r\r\n<li>Excellent weldability for easy fabrication and installation<\/li>\r\r\n<li>Lightweight structure reduces transportation and construction costs<\/li>","product_chanpin_blog":"<ul>\r\r\n<li><a href=\"https:\/\/sinoextrud.com\/t-slot-v-slot-differences\/\" target=\"_blank\">t slot vs v slot<\/a><\/li>\r\r\n<li><a href=\"https:\/\/sinoextrud.com\/what-is-4040-aluminium-extrud\/\" target=\"_blank\">4040 aluminium extrusion<\/a><\/li>\r\r\n<li><a href=\"https:\/\/sinoextrud.com\/what-is-4040-aluminium-extrud\/\" target=\"_blank\">aluminum extrusions for industrial racks<\/a><\/li>\r\r\n<li><a href=\"https:\/\/sinoextrud.com\/powder-coating-aluminium-process\/\" target=\"_blank\">powder coating aluminium<\/a><\/li>\r\r\n<li><a href=\"https:\/\/sinoextrud.com\/what-is-an-aluminium-strip-ceiling\/\" target=\"_blank\">aluminium strip ceiling<\/a><\/li>\r\r\n<li><a href=\"https:\/\/sinoextrud.com\/what-is-a-heat-sink\/\" target=\"_blank\">what is a heat sink<\/a><\/li>\r\r\n<\/ul>","product_chanpin_chanpin":"<li><a href=\"https:\/\/sinoextrud.com\/product\/extruded-aluminum-t-bar\/\" target=\"_blank\">Extruded Aluminum T Bar<\/a><\/li>\r\n<li><a href=\"https:\/\/sinoextrud.com\/product\/round-aluminum-tube\/\" target=\"_blank\">Round Aluminum Tube<\/a><\/li>\r\n<li><a href=\"https:\/\/sinoextrud.com\/product\/40x40-aluminium-profile\/\" target=\"_blank\">40\u00c3\u201440 Aluminium Profile<\/a><\/li>\r\n<li><a href=\"https:\/\/sinoextrud.com\/product\/aluminium-profile-channel\/\" target=\"_blank\">Aluminium Profile Channel<\/a><\/li>\r\n<li><a href=\"https:\/\/sinoextrud.com\/product\/rectangular-aluminum-tube\/\" target=\"_blank\">Rectangular Aluminum Tube<\/a><\/li>\r\n<li><a href=\"https:\/\/sinoextrud.com\/product\/aluminium-angles\/\" target=\"_blank\">Aluminium Angles<\/a><\/li>\r\n<li><a href=\"https:\/\/sinoextrud.com\/product\/thin-wall-extruded-aluminum-tubing\/\" target=\"_blank\">Thin Wall Extruded Aluminum Tubing<\/a><\/li>\r\n<li><a href=\"https:\/\/sinoextrud.com\/product\/extruded-aluminum-z-bar\/\" target=\"_blank\">Extruded Aluminum Z Bar<\/a><\/li>\r\n<li><a href=\"https:\/\/sinoextrud.com\/product\/aluminium-extrusion-pipe\/\" target=\"_blank\">Aluminium Extrusion Pipe<\/a><\/li>\r\n<li><a href=\"https:\/\/sinoextrud.com\/product\/extruded-aluminium-case\/\" target=\"_blank\">Extruded Aluminium Case<\/a><\/li>\r\n<li><a href=\"https:\/\/sinoextrud.com\/product\/customized-extruded-aluminum-flat-bar-profile\/\" target=\"_blank\">Customized Extruded Aluminum Flat Bar Profile<\/a><\/li>"},"feature_list":[]},"_links":{"self":[{"href":"https:\/\/sinoextrud.com\/es\/wp-json\/wp\/v2\/product\/6426","targetHints":{"allow":["GET"]}}],"collection":[{"href":"https:\/\/sinoextrud.com\/es\/wp-json\/wp\/v2\/product"}],"about":[{"href":"https:\/\/sinoextrud.com\/es\/wp-json\/wp\/v2\/types\/product"}],"wp:featuredmedia":[{"embeddable":true,"href":"https:\/\/sinoextrud.com\/es\/wp-json\/wp\/v2\/media\/6425"}],"wp:attachment":[{"href":"https:\/\/sinoextrud.com\/es\/wp-json\/wp\/v2\/media?parent=6426"}],"wp:term":[{"taxonomy":"category","embeddable":true,"href":"https:\/\/sinoextrud.com\/es\/wp-json\/wp\/v2\/categories?post=6426"}],"curies":[{"name":"wp","href":"https:\/\/api.w.org\/{rel}","templated":true}]}}