{"id":6424,"date":"2025-05-28T08:51:07","date_gmt":"2025-05-28T08:51:07","guid":{"rendered":"https:\/\/sinoextrud.com\/product\/aluminium-profile-channel\/"},"modified":"2025-06-24T06:10:52","modified_gmt":"2025-06-24T06:10:52","slug":"canal-de-perfil-de-aluminio","status":"publish","type":"product","link":"https:\/\/sinoextrud.com\/es\/product\/aluminium-profile-channel\/","title":{"rendered":"Canal de perfil de aluminio"},"content":{"rendered":"<h2>Productos<\/h2>\n<table class=\"custom-table\">\n<tr>\n<td class=\"label\">Grosor del canal:<\/td>\n<td> 1mm-10mm<\/td>\n<\/tr>\n<tr>\n<td class=\"label\">Funci\u00f3n:<\/td>\n<td> Ign\u00edfugo, Antiest\u00e1tico, Antibacteriano, Antimoho<\/td>\n<\/tr>\n<tr>\n<td class=\"label\">Certificaci\u00f3n:<\/td>\n<td> SGS, ISO, ROHS<\/td>\n<\/tr>\n<tr>\n<td class=\"label\">Experiencia productiva:<\/td>\n<td> Sudeste asi\u00e1tico, Am\u00e9rica, \u00c1frica, Australia<\/td>\n<\/tr>\n<tr>\n<td class=\"label\">Longitud:<\/td>\n<td> 5,8 m de serie, el m\u00e1ximo puede ser 6,8 m<\/td>\n<\/tr>\n<tr>\n<td class=\"label\">Garant\u00eda:<\/td>\n<td> PE 10 a\u00f1os \/PVDF 15 a\u00f1os<\/td>\n<\/tr>\n<tr>\n<td class=\"label\">Peso:<\/td>\n<td> 0,3-3kgs\/m<\/td>\n<\/tr>\n<tr>\n<td class=\"label\">Aluminio Grosor:<\/td>\n<td> 0,8 mm-10 mm<\/td>\n<\/tr>\n<tr>\n<td class=\"label\">Paquete de transporte:<\/td>\n<td> Papel impermeable o a granel<\/td>\n<\/tr>\n<tr>\n<td class=\"label\">Origen:<\/td>\n<td> China<\/td>\n<\/tr>\n<tr>\n<td class=\"label\">Acabado superficial:<\/td>\n<td> Revestimiento<\/td>\n<\/tr>\n<tr>\n<td class=\"label\">Aluminio Grosor:<\/td>\n<td> 0,8 mm-10 mm<\/td>\n<\/tr>\n<tr>\n<td class=\"label\">Uso:<\/td>\n<td> Muro Exterior, Muro Cortina, Interior, Publicidad<\/td>\n<\/tr>\n<tr>\n<td class=\"label\">Tama\u00f1o:<\/td>\n<td> 51,6*25 de serie<\/td>\n<\/tr>\n<tr>\n<td class=\"label\">Espesor del canal:<\/td>\n<td> 1,0 mm<\/td>\n<\/tr>\n<tr>\n<td class=\"label\">Aleaci\u00f3n de aluminio:<\/td>\n<td> Grado 6063\/6061\/6082<\/td>\n<\/tr>\n<tr>\n<td class=\"label\">Color:<\/td>\n<td> Met\u00e1lico, Macizo, Piedra, Madera, Cepillo, Espejo<\/td>\n<\/tr>\n<tr>\n<td class=\"label\">Marca registrada:<\/td>\n<td> Sinoextrud<\/td>\n<\/tr>\n<tr>\n<td class=\"label\">Especificaci\u00f3n:<\/td>\n<td> 51,6*25*1,0 mm<\/td>\n<\/tr>\n<tr>\n<td class=\"label\">C\u00f3digo SA:<\/td>\n<td> 76042100<\/td>\n<\/tr>\n<\/table>\n<h2>Nuestra base de fabricaci\u00f3n<\/h2>\n<h3>Panorama de la f\u00e1brica<\/h3>\n<p><img decoding=\"async\" src=\"\/wp-content\/uploads\/factory-01.webp\"\/><\/p>\n<h3>Taller de fabricaci\u00f3n de barras de aluminio<\/h3>\n<p><img decoding=\"async\" src=\"\/wp-content\/uploads\/factory-02.webp\"\/><\/p>\n<\/p>\n<p><img decoding=\"async\" src=\"\/wp-content\/uploads\/factory-03.webp\"\/><\/p>\n<h3>Almac\u00e9n de moldes<\/h3>\n<p><img decoding=\"async\" src=\"\/wp-content\/uploads\/factory-04.webp\"\/><\/p>\n<h3>43 L\u00c3neas de extrusi\u00c3\u00b3n de aluminio (500\u00e2\u20ac\"5500 toneladas)<\/h3>\n<p><img decoding=\"async\" src=\"\/wp-content\/uploads\/factory-05.webp\"\/><\/p>\n<p><img decoding=\"async\" src=\"\/wp-content\/uploads\/factory-06.webp\"\/><\/p>\n<p><img decoding=\"async\" src=\"\/wp-content\/uploads\/factory-07.webp\"\/><\/p>\n<h3>Taller de pintura en polvo<\/h3>\n<p><img decoding=\"async\" src=\"\/wp-content\/uploads\/factory-09.webp\"\/><\/p>\n<h3>Taller de anodizado<\/h3>\n<p><img decoding=\"async\" src=\"\/wp-content\/uploads\/factory-10.webp\"\/><\/p>\n<h3>Taller de procesamiento profundo<\/h3>\n<p><img decoding=\"async\" src=\"\/wp-content\/uploads\/factory-11.webp\"\/><\/p>\n<h3>Taller de mecanizado de precisi\u00f3n CNC<\/h3>\n<p><img decoding=\"async\" src=\"\/wp-content\/uploads\/factory-11.5.webp\"\/><\/p>\n<h3>Almac\u00e9n de productos acabados y de exportaci\u00f3n<\/h3>\n<p><img decoding=\"async\" src=\"\/wp-content\/uploads\/factory-12.webp\"\/><\/p>\n<p><img decoding=\"async\" src=\"\/wp-content\/uploads\/factory-13.webp\"\/><\/p>\n<p><img decoding=\"async\" src=\"\/wp-content\/uploads\/factory-14.webp\"\/><\/p>\n<h2>PREGUNTAS FRECUENTES<\/h2>\n<p><b>1.\u00bfCu\u00e1les son las principales ventajas de los canales de perfil de aluminio? <\/b><\/p>\n<p> Los canales de perfil de aluminio ofrecen alta resistencia, resistencia a la corrosi\u00f3n, estructura ligera y f\u00e1cil montaje modular, lo que los hace ideales para aplicaciones industriales y estructurales.\n<\/p>\n<p><\/p>\n<p><b>2. \u00bfSon adecuados los perfiles de aluminio para aplicaciones a medida? <\/b><\/p>\n<p> S\u00ed, los canales de perfil de aluminio est\u00e1n disponibles en varios tama\u00f1os y formas, lo que permite una personalizaci\u00f3n flexible para satisfacer las necesidades espec\u00edficas de cada proyecto.\n<\/p>\n<p><\/p>\n<p><b>3. \u00bfC\u00f3mo mejoran los perfiles de aluminio la eficacia de la instalaci\u00f3n? <\/b><\/p>\n<p> Su dise\u00f1o modular y su compatibilidad con los accesorios est\u00e1ndar permiten una instalaci\u00f3n r\u00e1pida y eficaz, reduciendo el tiempo y los costes de mano de obra.\n<\/p>\n<p><\/p>\n<p><b>4. \u00bfPor qu\u00e9 elegir perfiles de aluminio en lugar de acero? <\/b><\/p>\n<p> Los perfiles de aluminio son m\u00e1s ligeros, resistentes a la corrosi\u00f3n y m\u00e1s f\u00e1ciles de trabajar que el acero, por lo que ofrecen durabilidad a largo plazo y menores costes de mantenimiento.\n<\/p>\n<p><\/p>\n<p><b>5. \u00bfPueden utilizarse los perfiles de aluminio en exteriores? <\/b><\/p>\n<p> S\u00ed, gracias a los acabados anodizados o con recubrimiento en polvo, los perfiles de aluminio son muy resistentes a la intemperie y a la corrosi\u00f3n, por lo que son ideales para su uso en exteriores.\n<\/p>\n<p><\/p>\n<p><b>6.\u00bfSon compatibles los canales de perfil de aluminio con los sistemas de automatizaci\u00f3n? <\/b><\/p>\n<p> Por supuesto, su dise\u00f1o de precisi\u00f3n y sus interfaces est\u00e1ndar hacen que los canales de perfil de aluminio encajen a la perfecci\u00f3n en los sistemas de automatizaci\u00f3n y bastidores de m\u00e1quinas.\n<\/p>\n<p><\/p>\n<p><b>7.\u00bfLos perfiles de aluminio soportan cargas pesadas? <\/b><\/p>\n<p> Fabricados a partir de una aleaci\u00f3n de aluminio de alta resistencia, los perfiles de aluminio pueden soportar cargas considerables manteniendo la integridad estructural.\n<\/p>\n<p><\/p>\n<p><b>8.\u00bfQu\u00e9 industrias utilizan habitualmente los canales de perfil de aluminio? <\/b><\/p>\n<p> Industrias como la fabricaci\u00f3n, la construcci\u00f3n, la rob\u00f3tica y la automoci\u00f3n utilizan ampliamente los perfiles de aluminio para marcos, cerramientos y soporte estructural.\n<\/p>\n<p><\/p>","protected":false},"featured_media":6423,"template":"","categories":[60],"class_list":["post-6424","product","type-product","status-publish","has-post-thumbnail","hentry","category-general-tubes-and-bars"],"meta_box":{"hilight_text_group":{"product_hilight_text":"<li>High-strength aluminum alloy for superior load-bearing performance in industrial applications<\/li>\r\r\n<li>Modular design enables quick installation and flexible assembly, reducing labor costs<\/li>\r\r\n<li>Corrosion-resistant surface treatment ensures durability in various environments<\/li>\r\r\n<li>Available in multiple sizes and cross-section shapes to meet customized requirements<\/li>\r\r\n<li>Compatible with a wide range of accessories for automation and equipment framing systems<\/li>","product_chanpin_blog":"<ul>\r\r\n<li><a href=\"https:\/\/sinoextrud.com\/t-slot-v-slot-differences\/\" target=\"_blank\">t slot vs v slot<\/a><\/li>\r\r\n<li><a href=\"https:\/\/sinoextrud.com\/what-is-4040-aluminium-extrud\/\" target=\"_blank\">4040 aluminium extrusion<\/a><\/li>\r\r\n<li><a href=\"https:\/\/sinoextrud.com\/what-is-4040-aluminium-extrud\/\" target=\"_blank\">aluminum extrusions for industrial racks<\/a><\/li>\r\r\n<li><a href=\"https:\/\/sinoextrud.com\/powder-coating-aluminium-process\/\" target=\"_blank\">powder coating aluminium<\/a><\/li>\r\r\n<li><a href=\"https:\/\/sinoextrud.com\/what-is-an-aluminium-strip-ceiling\/\" target=\"_blank\">aluminium strip ceiling<\/a><\/li>\r\r\n<li><a href=\"https:\/\/sinoextrud.com\/what-is-a-heat-sink\/\" target=\"_blank\">what is a heat sink<\/a><\/li>\r\r\n<\/ul>","product_chanpin_chanpin":"<li><a href=\"https:\/\/sinoextrud.com\/product\/aluminium-pipes-tubes\/\" target=\"_blank\">Aluminium Pipes Tubes<\/a><\/li>\r\n<li><a href=\"https:\/\/sinoextrud.com\/product\/extruded-aluminum-t-bar\/\" target=\"_blank\">Extruded Aluminum T Bar<\/a><\/li>\r\n<li><a href=\"https:\/\/sinoextrud.com\/product\/round-aluminum-tube\/\" target=\"_blank\">Round Aluminum Tube<\/a><\/li>\r\n<li><a href=\"https:\/\/sinoextrud.com\/product\/40x40-aluminium-profile\/\" target=\"_blank\">40\u00c3\u201440 Aluminium Profile<\/a><\/li>\r\n<li><a href=\"https:\/\/sinoextrud.com\/product\/aluminium-profile-channel\/\" target=\"_blank\">Aluminium Profile Channel<\/a><\/li>\r\n<li><a href=\"https:\/\/sinoextrud.com\/product\/rectangular-aluminum-tube\/\" target=\"_blank\">Rectangular Aluminum Tube<\/a><\/li>\r\n<li><a href=\"https:\/\/sinoextrud.com\/product\/aluminium-angles\/\" target=\"_blank\">Aluminium Angles<\/a><\/li>\r\n<li><a href=\"https:\/\/sinoextrud.com\/product\/thin-wall-extruded-aluminum-tubing\/\" target=\"_blank\">Thin Wall Extruded Aluminum Tubing<\/a><\/li>\r\n<li><a href=\"https:\/\/sinoextrud.com\/product\/extruded-aluminum-z-bar\/\" target=\"_blank\">Extruded Aluminum Z Bar<\/a><\/li>\r\n<li><a href=\"https:\/\/sinoextrud.com\/product\/aluminum-alloy-section\/\" target=\"_blank\">Aluminum Alloy Section<\/a><\/li>\r\n<li><a href=\"https:\/\/sinoextrud.com\/product\/aluminium-aerofoil-extrusion-oxidation-scrub-black\/\" target=\"_blank\">Aluminium Aerofoil Extrusion Oxidation Scrub Black<\/a><\/li>"},"feature_list":[]},"_links":{"self":[{"href":"https:\/\/sinoextrud.com\/es\/wp-json\/wp\/v2\/product\/6424","targetHints":{"allow":["GET"]}}],"collection":[{"href":"https:\/\/sinoextrud.com\/es\/wp-json\/wp\/v2\/product"}],"about":[{"href":"https:\/\/sinoextrud.com\/es\/wp-json\/wp\/v2\/types\/product"}],"wp:featuredmedia":[{"embeddable":true,"href":"https:\/\/sinoextrud.com\/es\/wp-json\/wp\/v2\/media\/6423"}],"wp:attachment":[{"href":"https:\/\/sinoextrud.com\/es\/wp-json\/wp\/v2\/media?parent=6424"}],"wp:term":[{"taxonomy":"category","embeddable":true,"href":"https:\/\/sinoextrud.com\/es\/wp-json\/wp\/v2\/categories?post=6424"}],"curies":[{"name":"wp","href":"https:\/\/api.w.org\/{rel}","templated":true}]}}