{"id":6367,"date":"2025-05-27T06:16:05","date_gmt":"2025-05-27T06:16:05","guid":{"rendered":"https:\/\/sinoextrud.com\/product\/aluminium-precision-tubing\/"},"modified":"2025-06-24T06:10:51","modified_gmt":"2025-06-24T06:10:51","slug":"tubo-de-precision-de-aluminio","status":"publish","type":"product","link":"https:\/\/sinoextrud.com\/es\/product\/aluminium-precision-tubing\/","title":{"rendered":"Tubos de precisi\u00f3n de aluminio"},"content":{"rendered":"<h2>Productos<\/h2>\n<table class=\"custom-table\">\n<tr>\n<td class=\"label\">Producto<\/td>\n<td>OEM ODM personalizado Fabricaci\u00f3n de tubo cuadradoTubo cuadrado de alta precisi\u00f3n por estampaci\u00f3n Servicio de fabricaci\u00f3n de tubo<\/td>\n<\/tr>\n<tr>\n<td class=\"label\">Dimensi\u00f3n<\/td>\n<td>20 mm - 700 mm<\/td>\n<\/tr>\n<tr>\n<td class=\"label\">WT<\/td>\n<td>1,65 mm - 33,5 mm<\/td>\n<\/tr>\n<tr>\n<td class=\"label\">Longitud<\/td>\n<td>0,5 m - 20 m<\/td>\n<\/tr>\n<tr>\n<td class=\"label\">Utilizaci\u00f3n<\/td>\n<td>Proyectos de estructuras de acero, construcci\u00f3n de puentes, barreras de seguridad para autopistas, fabricaci\u00f3n de buques y proyectos de viviendas prefabricadas,<\/td>\n<\/tr>\n<\/table>\n<h2>Nuestra base de fabricaci\u00f3n<\/h2>\n<h3>Panorama de la f\u00e1brica<\/h3>\n<p><img decoding=\"async\" src=\"\/wp-content\/uploads\/factory-01.webp\"\/><\/p>\n<h3>Taller de fabricaci\u00f3n de barras de aluminio<\/h3>\n<p><img decoding=\"async\" src=\"\/wp-content\/uploads\/factory-02.webp\"\/><\/p>\n<p><img decoding=\"async\" src=\"\/wp-content\/uploads\/factory-03.webp\"\/><\/p>\n<h3>Almac\u00e9n de moldes<\/h3>\n<p><img decoding=\"async\" src=\"\/wp-content\/uploads\/factory-04.webp\"\/><\/p>\n<h3>43 l\u00edneas de extrusi\u00f3n de aluminio (500-5500 toneladas)<\/h3>\n<p><img decoding=\"async\" src=\"\/wp-content\/uploads\/factory-05.webp\"\/><\/p>\n<p><img decoding=\"async\" src=\"\/wp-content\/uploads\/factory-06.webp\"\/><\/p>\n<p><img decoding=\"async\" src=\"\/wp-content\/uploads\/factory-07.webp\"\/><\/p>\n<h3>Taller de pintura en polvo<\/h3>\n<p><img decoding=\"async\" src=\"\/wp-content\/uploads\/factory-09.webp\"\/><\/p>\n<h3>Taller de anodizado<\/h3>\n<p><img decoding=\"async\" src=\"\/wp-content\/uploads\/factory-10.webp\"\/><\/p>\n<h3>Taller de procesamiento profundo<\/h3>\n<p><img decoding=\"async\" src=\"\/wp-content\/uploads\/factory-11.webp\"\/><\/p>\n<h3>Taller de mecanizado de precisi\u00f3n CNC<\/h3>\n<p><img decoding=\"async\" src=\"\/wp-content\/uploads\/factory-11.5.webp\"\/><\/p>\n<h3>Almac\u00e9n de productos acabados y de exportaci\u00f3n<\/h3>\n<p><img decoding=\"async\" src=\"\/wp-content\/uploads\/factory-12.webp\"\/><\/p>\n<p><img decoding=\"async\" src=\"\/wp-content\/uploads\/factory-13.webp\"\/><\/p>\n<p><img decoding=\"async\" src=\"\/wp-content\/uploads\/factory-14.webp\"\/><\/p>\n<h2>PREGUNTAS FRECUENTES<\/h2>\n<p><p><b>1. \u00bfPara qu\u00e9 se utilizan los tubos de precisi\u00f3n de aluminio?<\/b><\/p>\n<p>Los tubos de precisi\u00f3n de aluminio se utilizan en la industria aeroespacial, los dispositivos m\u00e9dicos, la instrumentaci\u00f3n y la maquinaria de alta precisi\u00f3n, donde las tolerancias estrictas y el rendimiento constante son fundamentales.<br \/>\n<\/p><br \/>\n<br \/>\n<p><b>2.\u00bfCu\u00e1les son las principales ventajas de los tubos de precisi\u00f3n de aluminio?<\/b><\/p>\n<p>Los tubos de precisi\u00f3n de aluminio ofrecen una precisi\u00f3n dimensional excepcional, una elevada relaci\u00f3n resistencia\/peso, resistencia a la corrosi\u00f3n y superficies interiores lisas para un flujo fiable de fluidos y gases.<br \/>\n<\/p><br \/>\n<br \/>\n<p><b>3. \u00bfPor qu\u00e9 elegir tubos de precisi\u00f3n de aluminio en lugar de tubos est\u00e1ndar?<\/b><\/p>\n<p>Los tubos de precisi\u00f3n de aluminio ofrecen tolerancias m\u00e1s estrictas (a menudo \u00b10,01 mm), una redondez superior y un grosor de pared uniforme, lo que garantiza un ajuste y un rendimiento \u00f3ptimos en los ensamblajes de precisi\u00f3n.<br \/>\n<\/p><br \/>\n<br \/>\n<p><b>4.\u00bfPueden personalizarse los tubos de precisi\u00f3n de aluminio?<\/b><\/p>\n<p>S\u00ed, los tubos de precisi\u00f3n de aluminio pueden extruirse o estirarse a medida con di\u00e1metros, espesores de pared, longitudes y grados de aleaci\u00f3n espec\u00edficos para satisfacer requisitos de ingenier\u00eda exactos.<br \/>\n<\/p><br \/>\n<br \/>\n<p><b>5.\u00bfQu\u00e9 acabados superficiales hay disponibles para los tubos de precisi\u00f3n de aluminio?<\/b><\/p>\n<p>Entre los acabados m\u00e1s comunes se encuentran el recocido brillante, el acabado de fresado y el anodizado, que mejoran la protecci\u00f3n contra la corrosi\u00f3n, la calidad de la superficie y el atractivo est\u00e9tico.<br \/>\n<\/p><br \/>\n<br \/>\n<p><b>6.\u00bfQu\u00e9 industrias se benefician m\u00e1s de los tubos de precisi\u00f3n de aluminio?<\/b><\/p>\n<p>Industrias como la aeroespacial, la automoci\u00f3n, la m\u00e9dica, la instrumentaci\u00f3n y la rob\u00f3tica conf\u00edan en los tubos de precisi\u00f3n de aluminio por su precisi\u00f3n, fiabilidad y ligereza.<br \/>\n<\/p><br \/>\n<br \/>\n<p><b>7.\u00bfC\u00f3mo contribuyen los tubos de precisi\u00f3n de aluminio a una producci\u00f3n eficiente?<\/b><\/p>\n<p>Con una calidad constante y tolerancias ajustadas, los tubos de precisi\u00f3n de aluminio reducen el tiempo de mecanizado, minimizan los desechos y agilizan los procesos de montaje.<br \/>\n<\/p><br \/>\n<br \/>\n<p><b>8.\u00bfLos tubos de precisi\u00f3n de aluminio son respetuosos con el medio ambiente?<\/b><\/p>\n<p>S\u00ed, el aluminio es totalmente reciclable y su producci\u00f3n es eficiente desde el punto de vista energ\u00e9tico, y los tubos de precisi\u00f3n reducen el desperdicio de material mediante la extrusi\u00f3n y el procesamiento controlados.<br \/>\n<\/p><br \/><\/p>","protected":false},"featured_media":6366,"template":"","categories":[60],"class_list":["post-6367","product","type-product","status-publish","has-post-thumbnail","hentry","category-general-tubes-and-bars"],"meta_box":{"hilight_text_group":{"product_hilight_text":"<li>High dimensional accuracy for precise engineering and assembly<\/li>\r\r\n<li>Made from premium aluminum alloys with excellent corrosion resistance<\/li>\r\r\n<li>Consistent wall thickness ensures reliable mechanical performance<\/li>\r\r\n<li>Suitable for aerospace, automotive, and medical industries<\/li>\r\r\n<li>Supports custom sizes, finishes, and bulk orders<\/li>","product_chanpin_blog":"<ul>\r\r\n<li><a href=\"https:\/\/sinoextrud.com\/t-slot-v-slot-differences\/\" target=\"_blank\">t slot vs v slot<\/a><\/li>\r\r\n<li><a href=\"https:\/\/sinoextrud.com\/what-is-4040-aluminium-extrud\/\" target=\"_blank\">4040 aluminium extrusion<\/a><\/li>\r\r\n<li><a href=\"https:\/\/sinoextrud.com\/what-is-4040-aluminium-extrud\/\" target=\"_blank\">aluminum extrusions for industrial racks<\/a><\/li>\r\r\n<li><a href=\"https:\/\/sinoextrud.com\/powder-coating-aluminium-process\/\" target=\"_blank\">powder coating aluminium<\/a><\/li>\r\r\n<li><a href=\"https:\/\/sinoextrud.com\/what-is-an-aluminium-strip-ceiling\/\" target=\"_blank\">aluminium strip ceiling<\/a><\/li>\r\r\n<li><a href=\"https:\/\/sinoextrud.com\/what-is-a-heat-sink\/\" target=\"_blank\">what is a heat sink<\/a><\/li>\r\r\n<\/ul>","product_chanpin_chanpin":"<li><a href=\"https:\/\/sinoextrud.com\/product\/extruded-aluminium-square-tube\/\" target=\"_blank\">Extruded Aluminium Square Tube<\/a><\/li>\r\n<li><a href=\"https:\/\/sinoextrud.com\/product\/extruded-aluminium-retangular-tube\/\" target=\"_blank\">Extruded Aluminium Retangular Tube<\/a><\/li>\r\n<li><a href=\"https:\/\/sinoextrud.com\/product\/anodized-aluminium-tube\/\" target=\"_blank\">anodized aluminium tube<\/a><\/li>\r\n<li><a href=\"https:\/\/sinoextrud.com\/product\/40x40-aluminium-extrusion\/\" target=\"_blank\">40\u00d740 Aluminium Extrusion<\/a><\/li>\r\n<li><a href=\"https:\/\/sinoextrud.com\/product\/aluminium-precision-tubing\/\" target=\"_blank\">Aluminium Precision Tubing<\/a><\/li>\r\n<li><a href=\"https:\/\/sinoextrud.com\/product\/aluminium-pipes-tubes\/\" target=\"_blank\">Aluminium Pipes Tubes<\/a><\/li>\r\n<li><a href=\"https:\/\/sinoextrud.com\/product\/extruded-aluminum-t-bar\/\" target=\"_blank\">Extruded Aluminum T Bar<\/a><\/li>\r\n<li><a href=\"https:\/\/sinoextrud.com\/product\/round-aluminum-tube\/\" target=\"_blank\">Round Aluminum Tube<\/a><\/li>\r\n<li><a href=\"https:\/\/sinoextrud.com\/product\/40x40-aluminium-profile\/\" target=\"_blank\">40\u00d740 Aluminium Profile<\/a><\/li>\r\n<li><a href=\"https:\/\/sinoextrud.com\/product\/aluminium-u-channel\/\" target=\"_blank\">Aluminium U Channel<\/a><\/li>\r\n<li><a href=\"https:\/\/sinoextrud.com\/product\/aluminium-profile-channel\/\" target=\"_blank\">Aluminium Profile Channel<\/a><\/li>"},"feature_list":[]},"_links":{"self":[{"href":"https:\/\/sinoextrud.com\/es\/wp-json\/wp\/v2\/product\/6367","targetHints":{"allow":["GET"]}}],"collection":[{"href":"https:\/\/sinoextrud.com\/es\/wp-json\/wp\/v2\/product"}],"about":[{"href":"https:\/\/sinoextrud.com\/es\/wp-json\/wp\/v2\/types\/product"}],"wp:featuredmedia":[{"embeddable":true,"href":"https:\/\/sinoextrud.com\/es\/wp-json\/wp\/v2\/media\/6366"}],"wp:attachment":[{"href":"https:\/\/sinoextrud.com\/es\/wp-json\/wp\/v2\/media?parent=6367"}],"wp:term":[{"taxonomy":"category","embeddable":true,"href":"https:\/\/sinoextrud.com\/es\/wp-json\/wp\/v2\/categories?post=6367"}],"curies":[{"name":"wp","href":"https:\/\/api.w.org\/{rel}","templated":true}]}}