{"id":6339,"date":"2025-05-27T02:53:10","date_gmt":"2025-05-27T02:53:10","guid":{"rendered":"https:\/\/sinoextrud.com\/product\/extruded-aluminum-bar\/"},"modified":"2025-06-24T06:10:47","modified_gmt":"2025-06-24T06:10:47","slug":"barra-de-aluminio-extruido","status":"publish","type":"product","link":"https:\/\/sinoextrud.com\/es\/product\/extruded-aluminum-bar\/","title":{"rendered":"Barra de aluminio extruido"},"content":{"rendered":"<h2>Productos<\/h2>\n<table class=\"custom-table\">\n<tr>\n<td class=\"label\">Nombre<\/td>\n<td>Barra de aluminio extruido<\/td>\n<\/tr>\n<tr>\n<td class=\"label\">Marca<\/td>\n<td>Sinoextrud<\/td>\n<\/tr>\n<tr>\n<td class=\"label\">Categor\u00eda<\/td>\n<td>Secciones de aluminio<\/td>\n<\/tr>\n<tr>\n<td class=\"label\">Tipo<\/td>\n<td>Tipo pesado o ligero est\u00e1 disponible<\/td>\n<\/tr>\n<tr>\n<td class=\"label\">Material<\/td>\n<td>6061 es ampliamente utilizado. 6063, 6463, 6005, 6082 tambi\u00e9n est\u00e1 disponible.<\/td>\n<\/tr>\n<tr>\n<td class=\"label\">Temple<\/td>\n<td>T5-T8<\/td>\n<\/tr>\n<tr>\n<td class=\"label\">Longitud<\/td>\n<td>1-9m o personalizaci\u00f3n<\/td>\n<\/tr>\n<tr>\n<td class=\"label\">Tama\u00f1o (mm)<\/td>\n<td>Seg\u00fan plano<\/td>\n<\/tr>\n<tr>\n<td class=\"label\">Forma<\/td>\n<td>Barra plana\/Forma L\/Forma U\/Forma T\/Forma Y\/Personalizaci\u00f3n<\/td>\n<\/tr>\n<tr>\n<td class=\"label\">Tratamiento de superficies<\/td>\n<td>Acabado de fresado, anodizado, chorro de arena, electroforesis, revestimiento de potencia, etc.<\/td>\n<\/tr>\n<tr>\n<td class=\"label\">Color<\/td>\n<td>Plata, negro, blanco, rojo, amarillo, champ\u00e1n o colores personalizados<\/td>\n<\/tr>\n<tr>\n<td class=\"label\">Est\u00e1ndar<\/td>\n<td>ASTM, GB, DIN<\/td>\n<\/tr>\n<tr>\n<td class=\"label\">En<\/td>\n<td>Guangdong, China<\/td>\n<\/tr>\n<tr>\n<td class=\"label\">Aplicaci\u00f3n<\/td>\n<td>Perfil industrial, construcci\u00f3n, decoraci\u00f3n, ventanas y puertas<\/td>\n<\/tr>\n<tr>\n<td class=\"label\"><\/td>\n<td><\/td>\n<\/tr>\n<\/table>\n<h2>Nuestra base de fabricaci\u00f3n<\/h2>\n<h3>Panorama de la f\u00e1brica<\/h3>\n<p><img decoding=\"async\" src=\"\/wp-content\/uploads\/factory-01.webp\"\/><\/p>\n<h3>Taller de fabricaci\u00f3n de barras de aluminio<\/h3>\n<p><img decoding=\"async\" src=\"\/wp-content\/uploads\/factory-02.webp\"\/><\/p>\n<\/p>\n<p><img decoding=\"async\" src=\"\/wp-content\/uploads\/factory-03.webp\"\/><\/p>\n<h3>Almac\u00e9n de moldes<\/h3>\n<p><img decoding=\"async\" src=\"\/wp-content\/uploads\/factory-04.webp\"\/><\/p>\n<h3>43 L\u00c3neas de extrusi\u00c3\u00b3n de aluminio (500\u00e2\u20ac\"5500 toneladas)<\/h3>\n<p><img decoding=\"async\" src=\"\/wp-content\/uploads\/factory-05.webp\"\/><\/p>\n<p><img decoding=\"async\" src=\"\/wp-content\/uploads\/factory-06.webp\"\/><\/p>\n<p><img decoding=\"async\" src=\"\/wp-content\/uploads\/factory-07.webp\"\/><\/p>\n<h3>Taller de pintura en polvo<\/h3>\n<p><img decoding=\"async\" src=\"\/wp-content\/uploads\/factory-09.webp\"\/><\/p>\n<h3>Taller de anodizado<\/h3>\n<p><img decoding=\"async\" src=\"\/wp-content\/uploads\/factory-10.webp\"\/><\/p>\n<h3>Taller de procesamiento profundo<\/h3>\n<p><img decoding=\"async\" src=\"\/wp-content\/uploads\/factory-11.webp\"\/><\/p>\n<h3>Taller de mecanizado de precisi\u00f3n CNC<\/h3>\n<p><img decoding=\"async\" src=\"\/wp-content\/uploads\/factory-11.5.webp\"\/><\/p>\n<h3>Almac\u00e9n de productos acabados y de exportaci\u00f3n<\/h3>\n<p><img decoding=\"async\" src=\"\/wp-content\/uploads\/factory-12.webp\"\/><\/p>\n<p><img decoding=\"async\" src=\"\/wp-content\/uploads\/factory-13.webp\"\/><\/p>\n<p><img decoding=\"async\" src=\"\/wp-content\/uploads\/factory-14.webp\"\/><\/p>\n<h2>PREGUNTAS FRECUENTES<\/h2>\n<p><b>1. \u00bfPara qu\u00e9 se utiliza una barra de aluminio extruido?<\/b><\/p>\n<p>Las barras de aluminio extruido se utilizan ampliamente en la construcci\u00f3n, el transporte, la maquinaria y la fabricaci\u00f3n debido a su resistencia, maquinabilidad y ligereza.\n<\/p>\n<p><\/p>\n<p><b>2. \u00bfCu\u00e1les son las principales ventajas de las barras de aluminio extruido?<\/b><\/p>\n<p>Las barras de aluminio extruido ofrecen una excelente relaci\u00f3n resistencia-peso, resistencia a la corrosi\u00f3n y precisi\u00f3n dimensional, lo que las hace ideales para aplicaciones estructurales e industriales.\n<\/p>\n<p><\/p>\n<p><b>3. \u00bfPor qu\u00e9 elegir barras de aluminio extruido en lugar de otras barras de metal?<\/b><\/p>\n<p>Las barras de aluminio son m\u00e1s ligeras, m\u00e1s resistentes a la corrosi\u00f3n y m\u00e1s f\u00e1ciles de mecanizar que las de acero o cobre, por lo que ofrecen un rendimiento rentable y duradero.\n<\/p>\n<p><\/p>\n<p><b>4.\u00bfSe pueden personalizar las barras de aluminio extruido?<\/b><\/p>\n<p>S\u00ed, las barras de aluminio extruido pueden personalizarse en cuanto a forma, tama\u00f1o, grado de aleaci\u00f3n y acabado superficial para satisfacer requisitos espec\u00edficos de ingenier\u00eda y dise\u00f1o.\n<\/p>\n<p><\/p>\n<p><b>5.\u00bfQu\u00e9 acabados superficiales hay disponibles para las barras de aluminio extruido?<\/b><\/p>\n<p>Los acabados disponibles incluyen anodizado, recubrimiento en polvo y acabado de fresado para mejorar el aspecto, la resistencia al desgaste y la protecci\u00f3n contra la corrosi\u00f3n.\n<\/p>\n<p><\/p>\n<p><b>6.\u00bfSon adecuadas las barras de aluminio extruido para su uso en exteriores?<\/b><\/p>\n<p>S\u00ed, con un tratamiento adecuado de la superficie, las barras de aluminio extruido son muy resistentes a la intemperie, la humedad y la exposici\u00f3n a los rayos UV, lo que las hace ideales para aplicaciones exteriores.\n<\/p>\n<p><\/p>\n<p><b>7.\u00bfC\u00f3mo apoyan las barras de aluminio extruido la fabricaci\u00f3n sostenible?<\/b><\/p>\n<p>El aluminio es 100% reciclable y su producci\u00f3n es eficiente desde el punto de vista energ\u00e9tico, lo que convierte a las barras de aluminio extruido en una opci\u00f3n respetuosa con el medio ambiente para las industrias modernas.\n<\/p>\n<p><\/p>","protected":false},"featured_media":6338,"template":"","categories":[60],"class_list":["post-6339","product","type-product","status-publish","has-post-thumbnail","hentry","category-general-tubes-and-bars"],"meta_box":{"hilight_text_group":{"product_hilight_text":"<li>High-strength extruded aluminum bar for structural and industrial use<\/li>\r\r\n<li>Precision manufacturing ensures uniform shape and size<\/li>\r\r\n<li>Corrosion-resistant and suitable for indoor and outdoor environments<\/li>\r\r\n<li>Available in various alloys, lengths, and cross-section shapes<\/li>\r\r\n<li>Supports custom fabrication and large-volume orders<\/li>","product_chanpin_blog":"<ul>\r\r\n<li><a href=\"https:\/\/sinoextrud.com\/t-slot-v-slot-differences\/\" target=\"_blank\">t slot vs v slot<\/a><\/li>\r\r\n<li><a href=\"https:\/\/sinoextrud.com\/what-is-4040-aluminium-extrud\/\" target=\"_blank\">4040 aluminium extrusion<\/a><\/li>\r\r\n<li><a href=\"https:\/\/sinoextrud.com\/what-is-4040-aluminium-extrud\/\" target=\"_blank\">aluminum extrusions for industrial racks<\/a><\/li>\r\r\n<li><a href=\"https:\/\/sinoextrud.com\/powder-coating-aluminium-process\/\" target=\"_blank\">powder coating aluminium<\/a><\/li>\r\r\n<li><a href=\"https:\/\/sinoextrud.com\/what-is-an-aluminium-strip-ceiling\/\" target=\"_blank\">aluminium strip ceiling<\/a><\/li>\r\r\n<li><a href=\"https:\/\/sinoextrud.com\/what-is-a-heat-sink\/\" target=\"_blank\">what is a heat sink<\/a><\/li>\r\r\n<\/ul>","product_chanpin_chanpin":"<li><a href=\"https:\/\/sinoextrud.com\/product\/extruded-aluminum-tubing-shapes\/\" target=\"_blank\">Extruded Aluminum Tubing Shapes<\/a><\/li>\r\n<li><a href=\"https:\/\/sinoextrud.com\/product\/aluminum-triangle-tube-profile\/\" target=\"_blank\">Aluminum Triangle Tube Profile<\/a><\/li>\r\n<li><a href=\"https:\/\/sinoextrud.com\/product\/aluminum-tube-suppliers\/\" target=\"_blank\">Aluminum Tube Suppliers<\/a><\/li>\r\n<li><a href=\"https:\/\/sinoextrud.com\/product\/quarter-round-aluminum-extrusion\/\" target=\"_blank\">Quarter Round Aluminum Extrusion<\/a><\/li>\r\n<li><a href=\"https:\/\/sinoextrud.com\/product\/extruded-aluminum-bar\/\" target=\"_blank\">Extruded Aluminum Bar<\/a><\/li>\r\n<li><a href=\"https:\/\/sinoextrud.com\/product\/aluminium-profile-10x10\/\" target=\"_blank\">Aluminium Profile 10\u00c3\u201410<\/a><\/li>\r\n<li><a href=\"https:\/\/sinoextrud.com\/product\/aluminium-square-tubes\/\" target=\"_blank\">Aluminium Square tubes<\/a><\/li>\r\n<li><a href=\"https:\/\/sinoextrud.com\/product\/oval-aluminum-extrusion\/\" target=\"_blank\">Oval Aluminum Extrusion<\/a><\/li>\r\n<li><a href=\"https:\/\/sinoextrud.com\/product\/powder-coated-aluminum-tube\/\" target=\"_blank\">Powder Coated Aluminum Tube<\/a><\/li>\r\n<li><a href=\"https:\/\/sinoextrud.com\/product\/aluminum-profile-for-cnc\/\" target=\"_blank\">Aluminum Profile For CNC<\/a><\/li>\r\n<li><a href=\"https:\/\/sinoextrud.com\/product\/extruded-aluminum-rail-system\/\" target=\"_blank\">Extruded Aluminum Rail System<\/a><\/li>"},"feature_list":[]},"_links":{"self":[{"href":"https:\/\/sinoextrud.com\/es\/wp-json\/wp\/v2\/product\/6339","targetHints":{"allow":["GET"]}}],"collection":[{"href":"https:\/\/sinoextrud.com\/es\/wp-json\/wp\/v2\/product"}],"about":[{"href":"https:\/\/sinoextrud.com\/es\/wp-json\/wp\/v2\/types\/product"}],"wp:featuredmedia":[{"embeddable":true,"href":"https:\/\/sinoextrud.com\/es\/wp-json\/wp\/v2\/media\/6338"}],"wp:attachment":[{"href":"https:\/\/sinoextrud.com\/es\/wp-json\/wp\/v2\/media?parent=6339"}],"wp:term":[{"taxonomy":"category","embeddable":true,"href":"https:\/\/sinoextrud.com\/es\/wp-json\/wp\/v2\/categories?post=6339"}],"curies":[{"name":"wp","href":"https:\/\/api.w.org\/{rel}","templated":true}]}}