{"id":6335,"date":"2025-05-27T02:42:36","date_gmt":"2025-05-27T02:42:36","guid":{"rendered":"https:\/\/sinoextrud.com\/product\/aluminum-tube-suppliers\/"},"modified":"2025-06-24T06:10:47","modified_gmt":"2025-06-24T06:10:47","slug":"proveedores-de-tubos-de-aluminio","status":"publish","type":"product","link":"https:\/\/sinoextrud.com\/es\/product\/aluminum-tube-suppliers\/","title":{"rendered":"Proveedores de tubos de aluminio"},"content":{"rendered":"<h2>Productos<\/h2>\n<table class=\"custom-table\">\n<tr>\n<td class=\"label\">Modelo NO.:<\/td>\n<td> proveedores de tubos de aluminio rectangulares\/cuadrados<\/td>\n<\/tr>\n<tr>\n<td class=\"label\">Tipo:<\/td>\n<td> tubos y barras en general<\/td>\n<\/tr>\n<tr>\n<td class=\"label\">Tratamiento de la superficie:<\/td>\n<td> recubrimiento en polvo, con 80-120 micorn firmes. O personalizado<\/td>\n<\/tr>\n<tr>\n<td class=\"label\">Tama\u00f1o:<\/td>\n<td> 200*200 mm, 3,0 mm de grosor<\/td>\n<\/tr>\n<tr>\n<td class=\"label\">Garant\u00eda:<\/td>\n<td> durante 10~20 a\u00f1os en interiores<\/td>\n<\/tr>\n<tr>\n<td class=\"label\">Especificaci\u00f3n:<\/td>\n<td> 5.8m<\/td>\n<\/tr>\n<tr>\n<td class=\"label\">Material:<\/td>\n<td> 6063-T5<\/td>\n<\/tr>\n<tr>\n<td class=\"label\">MOQ:<\/td>\n<td> 2000kg para cada art\u00edculo<\/td>\n<\/tr>\n<tr>\n<td class=\"label\">Mercado:<\/td>\n<td> mercado de exportaci\u00f3n<\/td>\n<\/tr>\n<tr>\n<td class=\"label\">C\u00f3digo SA:<\/td>\n<td> 76042100<\/td>\n<\/tr>\n<tr>\n<td class=\"label\">Forma:<\/td>\n<td> forma cuadrada<\/td>\n<\/tr>\n<tr>\n<td class=\"label\">Puerto:<\/td>\n<td> Shenzhen, Guangzhou, Foshan<\/td>\n<\/tr>\n<tr>\n<td class=\"label\">Proceso profundo:<\/td>\n<td> extrusi\u00f3n, taladrado, soldadura, a medida<\/td>\n<\/tr>\n<tr>\n<td class=\"label\">Paquete de transporte:<\/td>\n<td> Firma de PE por cada unidad, dos unidades por paquete<\/td>\n<\/tr>\n<tr>\n<td class=\"label\">Origen:<\/td>\n<td> Foshan, China<\/td>\n<\/tr>\n<\/table>\n<h2>Nuestra base de fabricaci\u00f3n<\/h2>\n<h3>Panorama de la f\u00e1brica<\/h3>\n<p><img decoding=\"async\" src=\"\/wp-content\/uploads\/factory-01.webp\"\/><\/p>\n<h3>Taller de fabricaci\u00f3n de barras de aluminio<\/h3>\n<p><img decoding=\"async\" src=\"\/wp-content\/uploads\/factory-02.webp\"\/><\/p>\n<p><img decoding=\"async\" src=\"\/wp-content\/uploads\/factory-03.webp\"\/><\/p>\n<h3>Almac\u00e9n de moldes<\/h3>\n<p><img decoding=\"async\" src=\"\/wp-content\/uploads\/factory-04.webp\"\/><\/p>\n<h3>43 L\u00c3neas de extrusi\u00c3\u00b3n de aluminio (500\u00e2\u20ac\"5500 toneladas)<\/h3>\n<p><img decoding=\"async\" src=\"\/wp-content\/uploads\/factory-05.webp\"\/><\/p>\n<p><img decoding=\"async\" src=\"\/wp-content\/uploads\/factory-06.webp\"\/><\/p>\n<p><img decoding=\"async\" src=\"\/wp-content\/uploads\/factory-07.webp\"\/><\/p>\n<h3>Taller de pintura en polvo<\/h3>\n<p><img decoding=\"async\" src=\"\/wp-content\/uploads\/factory-09.webp\"\/><\/p>\n<h3>Taller de anodizado<\/h3>\n<p><img decoding=\"async\" src=\"\/wp-content\/uploads\/factory-10.webp\"\/><\/p>\n<h3>Taller de procesamiento profundo<\/h3>\n<p><img decoding=\"async\" src=\"\/wp-content\/uploads\/factory-11.webp\"\/><\/p>\n<h3>Taller de mecanizado de precisi\u00f3n CNC<\/h3>\n<p><img decoding=\"async\" src=\"\/wp-content\/uploads\/factory-11.5.webp\"\/><\/p>\n<h3>Almac\u00e9n de productos acabados y de exportaci\u00f3n<\/h3>\n<p><img decoding=\"async\" src=\"\/wp-content\/uploads\/factory-12.webp\"\/><\/p>\n<p><img decoding=\"async\" src=\"\/wp-content\/uploads\/factory-13.webp\"\/><\/p>\n<p><img decoding=\"async\" src=\"\/wp-content\/uploads\/factory-14.webp\"\/><\/p>\n<h2>PREGUNTAS FRECUENTES<\/h2>\n<p><p><b>1.\u00bfQu\u00e9 ofrecen los proveedores de tubos de aluminio?<\/b><\/p>\n<p>Los proveedores de tubos de aluminio ofrecen una amplia gama de soluciones de tubos de aluminio est\u00e1ndar y a medida con diversas formas, tama\u00f1os, aleaciones y acabados superficiales para uso industrial y comercial.<br \/>\n<\/p><br \/>\n<br \/>\n<p><b>2. \u00bfCu\u00e1les son las principales ventajas de trabajar con proveedores profesionales de tubos de aluminio?<\/b><\/p>\n<p>Los proveedores profesionales de tubos de aluminio ofrecen una calidad de producto constante, precios competitivos, entregas r\u00e1pidas y asistencia t\u00e9cnica para las necesidades de aplicaciones a medida.<br \/>\n<\/p><br \/>\n<br \/>\n<p><b>3.\u00bfPor qu\u00e9 elegir tubos de aluminio de un proveedor especializado?<\/b><\/p>\n<p>Los proveedores especializados en tubos de aluminio garantizan una extrusi\u00f3n precisa, la selecci\u00f3n de la aleaci\u00f3n y las opciones de acabado para satisfacer los requisitos de rendimiento, durabilidad y dise\u00f1o.<br \/>\n<\/p><br \/>\n<br \/>\n<p><b>4.\u00bfPueden los proveedores de tubos de aluminio ofrecer soluciones a medida?<\/b><\/p>\n<p>S\u00ed, los proveedores fiables pueden fabricar tubos de aluminio a medida en di\u00e1metros, grosores de pared, longitudes y acabados espec\u00edficos para aplicaciones industriales \u00fanicas.<br \/>\n<\/p><br \/>\n<br \/>\n<p><b>5.\u00bfOfrecen los proveedores de tubos de aluminio acabados anodizados o recubiertos?<\/b><\/p>\n<p>La mayor\u00eda de los proveedores de tubos de aluminio ofrecen opciones de anodizado, revestimiento en polvo y acabado de fresado para mejorar la resistencia a la corrosi\u00f3n, el aspecto y la vida \u00fatil.<br \/>\n<\/p><br \/>\n<br \/>\n<p><b>6.\u00bfPueden los proveedores de tubos de aluminio gestionar pedidos al por mayor?<\/b><\/p>\n<p>S\u00ed, los proveedores de tubos de aluminio de confianza est\u00e1n equipados para gestionar la producci\u00f3n a gran escala y los pedidos a granel para proyectos OEM, industriales y de construcci\u00f3n.<br \/>\n<\/p><br \/>\n<br \/>\n<p><b>7.\u00bfC\u00f3mo elegir el proveedor de tubos de aluminio adecuado?<\/b><\/p>\n<p>Busque proveedores con certificaciones de calidad, una amplia gama de productos, capacidad de fabricaci\u00f3n a medida, precios competitivos y un s\u00f3lido servicio de atenci\u00f3n al cliente.<br \/>\n<\/p><br \/><\/p>","protected":false},"featured_media":6334,"template":"","categories":[60],"class_list":["post-6335","product","type-product","status-publish","has-post-thumbnail","hentry","category-general-tubes-and-bars"],"meta_box":{"hilight_text_group":{"product_hilight_text":"<li>Reliable supply of high-quality aluminum tubes in various sizes and alloys<\/li>\r\r\n<li>Competitive pricing with stable bulk order fulfillment<\/li>\r\r\n<li>Custom cutting, machining, and surface treatment services available<\/li>\r\r\n<li>Fast lead times and efficient logistics for global delivery<\/li>\r\r\n<li>Technical support and OEM solutions for industrial applications<\/li>","product_chanpin_blog":"<ul>\r\r\n<li><a href=\"https:\/\/sinoextrud.com\/t-slot-v-slot-differences\/\" target=\"_blank\">t slot vs v slot<\/a><\/li>\r\r\n<li><a href=\"https:\/\/sinoextrud.com\/what-is-4040-aluminium-extrud\/\" target=\"_blank\">4040 aluminium extrusion<\/a><\/li>\r\r\n<li><a href=\"https:\/\/sinoextrud.com\/what-is-4040-aluminium-extrud\/\" target=\"_blank\">aluminum extrusions for industrial racks<\/a><\/li>\r\r\n<li><a href=\"https:\/\/sinoextrud.com\/powder-coating-aluminium-process\/\" target=\"_blank\">powder coating aluminium<\/a><\/li>\r\r\n<li><a href=\"https:\/\/sinoextrud.com\/what-is-an-aluminium-strip-ceiling\/\" target=\"_blank\">aluminium strip ceiling<\/a><\/li>\r\r\n<li><a href=\"https:\/\/sinoextrud.com\/what-is-a-heat-sink\/\" target=\"_blank\">what is a heat sink<\/a><\/li>\r\r\n<\/ul>","product_chanpin_chanpin":"<li><a href=\"https:\/\/sinoextrud.com\/product\/square-extruded-aluminum\/\" target=\"_blank\">Square Extruded Aluminum<\/a><\/li>\r\n<li><a href=\"https:\/\/sinoextrud.com\/product\/square-tube-standard-aluminium-sections\/\" target=\"_blank\">Square Tube Standard Aluminium Sections<\/a><\/li>\r\n<li><a href=\"https:\/\/sinoextrud.com\/product\/extruded-aluminum-tubing-shapes\/\" target=\"_blank\">Extruded Aluminum Tubing Shapes<\/a><\/li>\r\n<li><a href=\"https:\/\/sinoextrud.com\/product\/aluminum-triangle-tube-profile\/\" target=\"_blank\">Aluminum Triangle Tube Profile<\/a><\/li>\r\n<li><a href=\"https:\/\/sinoextrud.com\/product\/aluminum-tube-suppliers\/\" target=\"_blank\">Aluminum Tube Suppliers<\/a><\/li>\r\n<li><a href=\"https:\/\/sinoextrud.com\/product\/quarter-round-aluminum-extrusion\/\" target=\"_blank\">Quarter Round Aluminum Extrusion<\/a><\/li>\r\n<li><a href=\"https:\/\/sinoextrud.com\/product\/extruded-aluminum-bar\/\" target=\"_blank\">Extruded Aluminum Bar<\/a><\/li>\r\n<li><a href=\"https:\/\/sinoextrud.com\/product\/aluminium-profile-10x10\/\" target=\"_blank\">Aluminium Profile 10\u00c3\u201410<\/a><\/li>\r\n<li><a href=\"https:\/\/sinoextrud.com\/product\/aluminium-square-tubes\/\" target=\"_blank\">Aluminium Square tubes<\/a><\/li>\r\n<li><a href=\"https:\/\/sinoextrud.com\/product\/aluminum-windows-and-doors-for-nigeria\/\" target=\"_blank\">Aluminum windows And Doors For Nigeria<\/a><\/li>\r\n<li><a href=\"https:\/\/sinoextrud.com\/product\/china-factory-wholesale-6063-aluminum-fence-panels\/\" target=\"_blank\">China Factory Wholesale 6063 Aluminum Fence Panels<\/a><\/li>"},"feature_list":[]},"_links":{"self":[{"href":"https:\/\/sinoextrud.com\/es\/wp-json\/wp\/v2\/product\/6335","targetHints":{"allow":["GET"]}}],"collection":[{"href":"https:\/\/sinoextrud.com\/es\/wp-json\/wp\/v2\/product"}],"about":[{"href":"https:\/\/sinoextrud.com\/es\/wp-json\/wp\/v2\/types\/product"}],"wp:featuredmedia":[{"embeddable":true,"href":"https:\/\/sinoextrud.com\/es\/wp-json\/wp\/v2\/media\/6334"}],"wp:attachment":[{"href":"https:\/\/sinoextrud.com\/es\/wp-json\/wp\/v2\/media?parent=6335"}],"wp:term":[{"taxonomy":"category","embeddable":true,"href":"https:\/\/sinoextrud.com\/es\/wp-json\/wp\/v2\/categories?post=6335"}],"curies":[{"name":"wp","href":"https:\/\/api.w.org\/{rel}","templated":true}]}}