{"id":6333,"date":"2025-05-27T02:09:39","date_gmt":"2025-05-27T02:09:39","guid":{"rendered":"https:\/\/sinoextrud.com\/product\/aluminum-triangle-tube-profile\/"},"modified":"2025-06-24T06:10:45","modified_gmt":"2025-06-24T06:10:45","slug":"perfil-triangular-de-aluminio","status":"publish","type":"product","link":"https:\/\/sinoextrud.com\/es\/product\/aluminum-triangle-tube-profile\/","title":{"rendered":"Perfil triangular de aluminio"},"content":{"rendered":"<h2>Productos<\/h2>\n<table class=\"custom-table\">\n<tr>\n<td class=\"label\">Nombre del producto<\/td>\n<td>Perfil triangular de aluminio<\/td>\n<\/tr>\n<tr>\n<td class=\"label\">Material<\/td>\n<td>6063, 6061, 6463, 6082 Aleaci\u00f3n de aluminio<\/td>\n<\/tr>\n<tr>\n<td class=\"label\">Color<\/td>\n<td>Personalizado<\/td>\n<\/tr>\n<tr>\n<td class=\"label\">Est\u00e1ndar<\/td>\n<td>GB2008<\/td>\n<\/tr>\n<tr>\n<td class=\"label\">Grado<\/td>\n<td>Serie 6000<\/td>\n<\/tr>\n<tr>\n<td class=\"label\">Espesor<\/td>\n<td>Personalizado<\/td>\n<\/tr>\n<tr>\n<td class=\"label\">Utilizaci\u00f3n<\/td>\n<td>Decoraci\u00f3n<\/td>\n<\/tr>\n<tr>\n<td class=\"label\">Temple<\/td>\n<td>T3-T8<\/td>\n<\/tr>\n<tr>\n<td class=\"label\">Longitud<\/td>\n<td>Personalizado<\/td>\n<\/tr>\n<tr>\n<td class=\"label\">Tratamiento de superficies<\/td>\n<td>Pintura en polvo, acabado de fresado, PVDF, anodizado, grano de madera, pulido, cepillado, etc.<\/td>\n<\/tr>\n<tr>\n<td class=\"label\">Orgin<\/td>\n<td>CHINA<\/td>\n<\/tr>\n<tr>\n<td class=\"label\">Es de aleaci\u00f3n o no<\/td>\n<td>Es aleaci\u00f3n<\/td>\n<\/tr>\n<tr>\n<td class=\"label\">Puerto<\/td>\n<td>Guangzhou, Shenzhen, Foshan<\/td>\n<\/tr>\n<\/table>\n<h2>Nuestra base de fabricaci\u00f3n<\/h2>\n<h3>Panorama de la f\u00e1brica<\/h3>\n<p><img decoding=\"async\" src=\"\/wp-content\/uploads\/factory-01.webp\"\/><\/p>\n<h3>Taller de fabricaci\u00f3n de barras de aluminio<\/h3>\n<p><img decoding=\"async\" src=\"\/wp-content\/uploads\/factory-02.webp\"\/><\/p>\n<p><img decoding=\"async\" src=\"\/wp-content\/uploads\/factory-03.webp\"\/><\/p>\n<h3>Almac\u00e9n de moldes<\/h3>\n<p><img decoding=\"async\" src=\"\/wp-content\/uploads\/factory-04.webp\"\/><\/p>\n<h3>43 L\u00c3neas de extrusi\u00c3\u00b3n de aluminio (500\u00e2\u20ac\"5500 toneladas)<\/h3>\n<p><img decoding=\"async\" src=\"\/wp-content\/uploads\/factory-05.webp\"\/><\/p>\n<p><img decoding=\"async\" src=\"\/wp-content\/uploads\/factory-06.webp\"\/><\/p>\n<p><img decoding=\"async\" src=\"\/wp-content\/uploads\/factory-07.webp\"\/><\/p>\n<h3>Taller de pintura en polvo<\/h3>\n<p><img decoding=\"async\" src=\"\/wp-content\/uploads\/factory-09.webp\"\/><\/p>\n<h3>Taller de anodizado<\/h3>\n<p><img decoding=\"async\" src=\"\/wp-content\/uploads\/factory-10.webp\"\/><\/p>\n<h3>Taller de procesamiento profundo<\/h3>\n<p><img decoding=\"async\" src=\"\/wp-content\/uploads\/factory-11.webp\"\/><\/p>\n<h3>Taller de mecanizado de precisi\u00f3n CNC<\/h3>\n<p><img decoding=\"async\" src=\"\/wp-content\/uploads\/factory-11.5.webp\"\/><\/p>\n<h3>Almac\u00e9n de productos acabados y de exportaci\u00f3n<\/h3>\n<p><img decoding=\"async\" src=\"\/wp-content\/uploads\/factory-12.webp\"\/><\/p>\n<p><img decoding=\"async\" src=\"\/wp-content\/uploads\/factory-13.webp\"\/><\/p>\n<p><img decoding=\"async\" src=\"\/wp-content\/uploads\/factory-14.webp\"\/><\/p>\n<h2>PREGUNTAS FRECUENTES<\/h2>\n<p><p><b>1.\u00bfPara qu\u00e9 se utiliza un perfil de tubo triangular de aluminio?<\/b><\/p>\n<p>Los perfiles de tubo triangular de aluminio se utilizan en dise\u00f1o arquitect\u00f3nico, entramado estructural, mobiliario y aplicaciones decorativas por su geometr\u00eda \u00fanica y su est\u00e9tica moderna.<br \/>\n<\/p><br \/>\n<br \/>\n<p><b>2. \u00bfCu\u00e1les son las principales ventajas de los perfiles triangulares de aluminio?<\/b><\/p>\n<p>Los perfiles de tubo triangular de aluminio ofrecen una estructura fuerte y ligera, una excelente resistencia a la corrosi\u00f3n y un dise\u00f1o elegante ideal para construcciones innovadoras.<br \/>\n<\/p><br \/>\n<br \/>\n<p><b>3.\u00bfPor qu\u00e9 elegir un perfil de tubo triangular de aluminio en lugar de las formas tradicionales?<\/b><\/p>\n<p>Los perfiles de tubo triangular proporcionan mayor rigidez, una distribuci\u00f3n eficaz de la carga y un aspecto distintivo en comparaci\u00f3n con los tubos redondos o cuadrados est\u00e1ndar.<br \/>\n<\/p><br \/>\n<br \/>\n<p><b>4.\u00bfSe pueden personalizar los perfiles de tubo triangular de aluminio?<\/b><\/p>\n<p>S\u00ed, los tubos triangulares de aluminio pueden personalizarse en cuanto a tama\u00f1o, grosor de pared, tipo de aleaci\u00f3n y acabado superficial para satisfacer las necesidades espec\u00edficas de cada aplicaci\u00f3n.<br \/>\n<\/p><br \/>\n<br \/>\n<p><b>5. \u00bfQu\u00e9 acabados superficiales hay disponibles para los perfiles triangulares de aluminio?<\/b><\/p>\n<p>Los acabados disponibles incluyen anodizado, recubrimiento en polvo y acabado de fresado, que mejoran la durabilidad, la resistencia a la corrosi\u00f3n y el aspecto.<br \/>\n<\/p><br \/>\n<br \/>\n<p><b>6.\u00bfSon adecuados los perfiles triangulares de aluminio para uso exterior?<\/b><\/p>\n<p>S\u00ed, con un tratamiento adecuado de la superficie, los perfiles tubulares triangulares son muy resistentes a la intemperie, los rayos UV y la humedad, lo que los hace ideales para aplicaciones exteriores.<br \/>\n<\/p><br \/>\n<br \/>\n<p><b>7.\u00bfC\u00f3mo contribuyen los perfiles triangulares de aluminio a la construcci\u00f3n sostenible?<\/b><\/p>\n<p>El aluminio es 100% reciclable y ligero, lo que convierte a los perfiles tubulares triangulares en una opci\u00f3n ecol\u00f3gica para proyectos de construcci\u00f3n ecol\u00f3gicos y energ\u00e9ticamente eficientes.<br \/>\n<\/p><br \/><\/p>","protected":false},"featured_media":6332,"template":"","categories":[60],"class_list":["post-6333","product","type-product","status-publish","has-post-thumbnail","hentry","category-general-tubes-and-bars"],"meta_box":{"hilight_text_group":{"product_hilight_text":"<li>Unique triangle shape ideal for design and structural applications<\/li>\r\r\n<li>Made from high-quality aluminum with excellent strength-to-weight ratio<\/li>\r\r\n<li>Corrosion-resistant for both indoor and outdoor use<\/li>\r\r\n<li>Available in various sizes and surface finishes<\/li>\r\r\n<li>Supports OEM customization and bulk production<\/li>","product_chanpin_blog":"<ul>\r\r\n<li><a href=\"https:\/\/sinoextrud.com\/t-slot-v-slot-differences\/\" target=\"_blank\">t slot vs v slot<\/a><\/li>\r\r\n<li><a href=\"https:\/\/sinoextrud.com\/what-is-4040-aluminium-extrud\/\" target=\"_blank\">4040 aluminium extrusion<\/a><\/li>\r\r\n<li><a href=\"https:\/\/sinoextrud.com\/what-is-4040-aluminium-extrud\/\" target=\"_blank\">aluminum extrusions for industrial racks<\/a><\/li>\r\r\n<li><a href=\"https:\/\/sinoextrud.com\/powder-coating-aluminium-process\/\" target=\"_blank\">powder coating aluminium<\/a><\/li>\r\r\n<li><a href=\"https:\/\/sinoextrud.com\/what-is-an-aluminium-strip-ceiling\/\" target=\"_blank\">aluminium strip ceiling<\/a><\/li>\r\r\n<li><a href=\"https:\/\/sinoextrud.com\/what-is-a-heat-sink\/\" target=\"_blank\">what is a heat sink<\/a><\/li>\r\r\n<\/ul>","product_chanpin_chanpin":"<li><a href=\"https:\/\/sinoextrud.com\/product\/aluminum-channel\/\" target=\"_blank\">Aluminum Channel<\/a><\/li>\r\n<li><a href=\"https:\/\/sinoextrud.com\/product\/square-extruded-aluminum\/\" target=\"_blank\">Square Extruded Aluminum<\/a><\/li>\r\n<li><a href=\"https:\/\/sinoextrud.com\/product\/square-tube-standard-aluminium-sections\/\" target=\"_blank\">Square Tube Standard Aluminium Sections<\/a><\/li>\r\n<li><a href=\"https:\/\/sinoextrud.com\/product\/extruded-aluminum-tubing-shapes\/\" target=\"_blank\">Extruded Aluminum Tubing Shapes<\/a><\/li>\r\n<li><a href=\"https:\/\/sinoextrud.com\/product\/aluminum-triangle-tube-profile\/\" target=\"_blank\">Aluminum Triangle Tube Profile<\/a><\/li>\r\n<li><a href=\"https:\/\/sinoextrud.com\/product\/aluminum-tube-suppliers\/\" target=\"_blank\">Aluminum Tube Suppliers<\/a><\/li>\r\n<li><a href=\"https:\/\/sinoextrud.com\/product\/quarter-round-aluminum-extrusion\/\" target=\"_blank\">Quarter Round Aluminum Extrusion<\/a><\/li>\r\n<li><a href=\"https:\/\/sinoextrud.com\/product\/extruded-aluminum-bar\/\" target=\"_blank\">Extruded Aluminum Bar<\/a><\/li>\r\n<li><a href=\"https:\/\/sinoextrud.com\/product\/aluminium-profile-10x10\/\" target=\"_blank\">Aluminium Profile 10\u00c3\u201410<\/a><\/li>\r\n<li><a href=\"https:\/\/sinoextrud.com\/product\/modular-extruded-aluminum-framing\/\" target=\"_blank\">Modular Extruded Aluminum Framing<\/a><\/li>\r\n<li><a href=\"https:\/\/sinoextrud.com\/product\/customized-led-aluminium-profile-led-aluminum-extrusion\/\" target=\"_blank\">Customized LED Aluminium Profile  LED Aluminum Extrusion<\/a><\/li>"},"feature_list":[]},"_links":{"self":[{"href":"https:\/\/sinoextrud.com\/es\/wp-json\/wp\/v2\/product\/6333","targetHints":{"allow":["GET"]}}],"collection":[{"href":"https:\/\/sinoextrud.com\/es\/wp-json\/wp\/v2\/product"}],"about":[{"href":"https:\/\/sinoextrud.com\/es\/wp-json\/wp\/v2\/types\/product"}],"wp:featuredmedia":[{"embeddable":true,"href":"https:\/\/sinoextrud.com\/es\/wp-json\/wp\/v2\/media\/6332"}],"wp:attachment":[{"href":"https:\/\/sinoextrud.com\/es\/wp-json\/wp\/v2\/media?parent=6333"}],"wp:term":[{"taxonomy":"category","embeddable":true,"href":"https:\/\/sinoextrud.com\/es\/wp-json\/wp\/v2\/categories?post=6333"}],"curies":[{"name":"wp","href":"https:\/\/api.w.org\/{rel}","templated":true}]}}