{"id":6329,"date":"2025-05-27T01:45:25","date_gmt":"2025-05-27T01:45:25","guid":{"rendered":"https:\/\/sinoextrud.com\/product\/extruded-aluminum-tubing-shapes\/"},"modified":"2025-06-24T06:10:45","modified_gmt":"2025-06-24T06:10:45","slug":"formas-de-tubos-de-aluminio-extruido","status":"publish","type":"product","link":"https:\/\/sinoextrud.com\/es\/product\/extruded-aluminum-tubing-shapes\/","title":{"rendered":"Formas de tubo de aluminio extruido"},"content":{"rendered":"<h2>Productos<\/h2>\n<table class=\"custom-table\">\n<tr>\n<td class=\"label\">Materila:<\/td>\n<td>6063-t5<\/td>\n<\/tr>\n<tr>\n<td class=\"label\">Forma:<\/td>\n<td>Igual que en las fotos. Personalizado disponible.<\/td>\n<\/tr>\n<tr>\n<td class=\"label\">Espesor del perfil:<\/td>\n<td>1,0 mm por encima.<\/td>\n<\/tr>\n<tr>\n<td class=\"label\">Tratamiento de la superficie:<\/td>\n<td>madera veteada<\/td>\n<\/tr>\n<tr>\n<td class=\"label\">Empresa de revestimiento:<\/td>\n<td>80-120 um.<\/td>\n<\/tr>\n<tr>\n<td class=\"label\">Uso:<\/td>\n<td>techo, valla, p\u00e9rgola<\/td>\n<\/tr>\n<tr>\n<td class=\"label\">MOQ:<\/td>\n<td>1000 kgs por cada art\u00edculo<\/td>\n<\/tr>\n<tr>\n<td class=\"label\">Garant\u00eda:<\/td>\n<td>El color de la superficie puede ser estable durante 10 a\u00f1os sobre el uso en interiores.<\/td>\n<\/tr>\n<tr>\n<td class=\"label\">Tratamiento en profundidad<\/td>\n<td>como taladrado, fresado, corte, soldadura y plegado.<\/td>\n<\/tr>\n<tr>\n<td class=\"label\">Origen:<\/td>\n<td>Foshan, Guangdong.<\/td>\n<\/tr>\n<tr>\n<td class=\"label\">C\u00f3digo SA:<\/td>\n<td>761699000<\/td>\n<\/tr>\n<\/table>\n<h2>Nuestra base de fabricaci\u00f3n<\/h2>\n<h3>Panorama de la f\u00e1brica<\/h3>\n<p><img decoding=\"async\" src=\"\/wp-content\/uploads\/factory-01.webp\"\/><\/p>\n<h3>Taller de fabricaci\u00f3n de barras de aluminio<\/h3>\n<p><img decoding=\"async\" src=\"\/wp-content\/uploads\/factory-02.webp\"\/><\/p>\n<\/p>\n<p><img decoding=\"async\" src=\"\/wp-content\/uploads\/factory-03.webp\"\/><\/p>\n<h3>Almac\u00e9n de moldes<\/h3>\n<p><img decoding=\"async\" src=\"\/wp-content\/uploads\/factory-04.webp\"\/><\/p>\n<h3>43 L\u00c3neas de extrusi\u00c3\u00b3n de aluminio (500\u00e2\u20ac\"5500 toneladas)<\/h3>\n<p><img decoding=\"async\" src=\"\/wp-content\/uploads\/factory-05.webp\"\/><\/p>\n<p><img decoding=\"async\" src=\"\/wp-content\/uploads\/factory-06.webp\"\/><\/p>\n<p><img decoding=\"async\" src=\"\/wp-content\/uploads\/factory-07.webp\"\/><\/p>\n<h3>Taller de pintura en polvo<\/h3>\n<p><img decoding=\"async\" src=\"\/wp-content\/uploads\/factory-09.webp\"\/><\/p>\n<h3>Taller de anodizado<\/h3>\n<p><img decoding=\"async\" src=\"\/wp-content\/uploads\/factory-10.webp\"\/><\/p>\n<h3>Taller de procesamiento profundo<\/h3>\n<p><img decoding=\"async\" src=\"\/wp-content\/uploads\/factory-11.webp\"\/><\/p>\n<h3>Taller de mecanizado de precisi\u00f3n CNC<\/h3>\n<p><img decoding=\"async\" src=\"\/wp-content\/uploads\/factory-11.5.webp\"\/><\/p>\n<h3>Almac\u00e9n de productos acabados y de exportaci\u00f3n<\/h3>\n<p><img decoding=\"async\" src=\"\/wp-content\/uploads\/factory-12.webp\"\/><\/p>\n<p><img decoding=\"async\" src=\"\/wp-content\/uploads\/factory-13.webp\"\/><\/p>\n<p><img decoding=\"async\" src=\"\/wp-content\/uploads\/factory-14.webp\"\/><\/p>\n<h2>PREGUNTAS FRECUENTES<\/h2>\n<p><b>1. \u00bfPara qu\u00e9 se utilizan los tubos de aluminio extruido?<\/b><\/p>\n<p>Los tubos de aluminio extruido se utilizan en aplicaciones de construcci\u00f3n, automoci\u00f3n, aeroespaciales e industriales para soporte estructural, transporte de fluidos y estructuras ligeras.\n<\/p>\n<p><\/p>\n<p><b>2. \u00bfCu\u00e1les son las principales ventajas de los tubos de aluminio extruido?<\/b><\/p>\n<p>Las formas de los tubos de aluminio extruido ofrecen una excelente relaci\u00f3n resistencia-peso, resistencia a la corrosi\u00f3n y una geometr\u00eda precisa para un uso duradero y de alto rendimiento.\n<\/p>\n<p><\/p>\n<p><b>3. \u00bfPor qu\u00e9 elegir tubos de aluminio extruido en lugar de otros tubos met\u00e1licos?<\/b><\/p>\n<p>Los tubos de aluminio extruido son m\u00e1s ligeros, m\u00e1s f\u00e1ciles de mecanizar y m\u00e1s resistentes a la corrosi\u00f3n que los de acero o cobre, por lo que resultan ideales para soluciones rentables y duraderas.\n<\/p>\n<p><\/p>\n<p><b>4.\u00bfQu\u00e9 tipos de formas existen en los tubos de aluminio extruido?<\/b><\/p>\n<p>Las formas m\u00e1s comunes son redondas, cuadradas, rectangulares, ovaladas y perfiles a medida, que ofrecen flexibilidad para diferentes requisitos estructurales y de dise\u00f1o.\n<\/p>\n<p><\/p>\n<p><b>5. \u00bfSe pueden personalizar las formas de los tubos de aluminio extruido?<\/b><\/p>\n<p>S\u00ed, las formas de los tubos pueden personalizarse en tama\u00f1o, grosor de pared, aleaci\u00f3n y acabado superficial para cumplir las normas espec\u00edficas del proyecto o de la industria.\n<\/p>\n<p><\/p>\n<p><b>6.\u00bfQu\u00e9 acabados superficiales hay disponibles para los tubos de aluminio extruido?<\/b><\/p>\n<p>El anodizado, el recubrimiento en polvo y el acabado de fresado est\u00e1n disponibles para mejorar la protecci\u00f3n contra la corrosi\u00f3n, la durabilidad de la superficie y el atractivo visual.\n<\/p>\n<p><\/p>\n<p><b>7.\u00bfLas formas de los tubos de aluminio extruido son adecuadas para aplicaciones exteriores?<\/b><\/p>\n<p>S\u00ed, con los tratamientos superficiales adecuados, las formas de los tubos de aluminio son muy resistentes a la intemperie, la exposici\u00f3n a los rayos UV y la corrosi\u00f3n, por lo que son ideales para su uso en exteriores.\n<\/p>\n<p><\/p>\n<p><b>8.\u00bfC\u00f3mo contribuyen las formas de los tubos de aluminio extruido al dise\u00f1o sostenible?<\/b><\/p>\n<p>El aluminio es 100% reciclable y su producci\u00f3n es eficiente desde el punto de vista energ\u00e9tico, lo que convierte a los tubos extruidos en una opci\u00f3n ecol\u00f3gica para la ingenier\u00eda y la construcci\u00f3n sostenibles.\n<\/p>\n<p><\/p>","protected":false},"featured_media":6328,"template":"","categories":[60],"class_list":["post-6329","product","type-product","status-publish","has-post-thumbnail","hentry","category-general-tubes-and-bars"],"meta_box":{"hilight_text_group":{"product_hilight_text":"<li>Offered in a variety of shapes including round, square, and rectangular<\/li>\r\r\n<li>High-precision extrusion ensures consistent dimensions and quality<\/li>\r\r\n<li>Lightweight yet strong, ideal for structural and decorative use<\/li>\r\r\n<li>Corrosion-resistant with options for anodized or powder-coated finishes<\/li>\r\r\n<li>Custom shapes and sizes available for specific project needs<\/li>","product_chanpin_blog":"<ul>\r\r\n<li><a href=\"https:\/\/sinoextrud.com\/t-slot-v-slot-differences\/\" target=\"_blank\">t slot vs v slot<\/a><\/li>\r\r\n<li><a href=\"https:\/\/sinoextrud.com\/what-is-4040-aluminium-extrud\/\" target=\"_blank\">4040 aluminium extrusion<\/a><\/li>\r\r\n<li><a href=\"https:\/\/sinoextrud.com\/what-is-4040-aluminium-extrud\/\" target=\"_blank\">aluminum extrusions for industrial racks<\/a><\/li>\r\r\n<li><a href=\"https:\/\/sinoextrud.com\/powder-coating-aluminium-process\/\" target=\"_blank\">powder coating aluminium<\/a><\/li>\r\r\n<li><a href=\"https:\/\/sinoextrud.com\/what-is-an-aluminium-strip-ceiling\/\" target=\"_blank\">aluminium strip ceiling<\/a><\/li>\r\r\n<li><a href=\"https:\/\/sinoextrud.com\/what-is-a-heat-sink\/\" target=\"_blank\">what is a heat sink<\/a><\/li>\r\r\n<\/ul>","product_chanpin_chanpin":"<li><a href=\"https:\/\/sinoextrud.com\/product\/aluminum-rectangular-extrusion\/\" target=\"_blank\">Aluminum Rectangular Extrusion<\/a><\/li>\r\n<li><a href=\"https:\/\/sinoextrud.com\/product\/aluminum-channel\/\" target=\"_blank\">Aluminum Channel<\/a><\/li>\r\n<li><a href=\"https:\/\/sinoextrud.com\/product\/square-extruded-aluminum\/\" target=\"_blank\">Square Extruded Aluminum<\/a><\/li>\r\n<li><a href=\"https:\/\/sinoextrud.com\/product\/square-tube-standard-aluminium-sections\/\" target=\"_blank\">Square Tube Standard Aluminium Sections<\/a><\/li>\r\n<li><a href=\"https:\/\/sinoextrud.com\/product\/extruded-aluminum-tubing-shapes\/\" target=\"_blank\">Extruded Aluminum Tubing Shapes<\/a><\/li>\r\n<li><a href=\"https:\/\/sinoextrud.com\/product\/aluminum-triangle-tube-profile\/\" target=\"_blank\">Aluminum Triangle Tube Profile<\/a><\/li>\r\n<li><a href=\"https:\/\/sinoextrud.com\/product\/aluminum-tube-suppliers\/\" target=\"_blank\">Aluminum Tube Suppliers<\/a><\/li>\r\n<li><a href=\"https:\/\/sinoextrud.com\/product\/quarter-round-aluminum-extrusion\/\" target=\"_blank\">Quarter Round Aluminum Extrusion<\/a><\/li>\r\n<li><a href=\"https:\/\/sinoextrud.com\/product\/extruded-aluminum-bar\/\" target=\"_blank\">Extruded Aluminum Bar<\/a><\/li>\r\n<li><a href=\"https:\/\/sinoextrud.com\/product\/anodized-aluminum-frame-extrusion-for-picture-price-per-pound\/\" target=\"_blank\">anodized aluminum frame extrusion for picture price per pound<\/a><\/li>\r\n<li><a href=\"https:\/\/sinoextrud.com\/product\/oval-aluminum-extrusion-profile\/\" target=\"_blank\">Oval Aluminum Extrusion Profile<\/a><\/li>"},"feature_list":[]},"_links":{"self":[{"href":"https:\/\/sinoextrud.com\/es\/wp-json\/wp\/v2\/product\/6329","targetHints":{"allow":["GET"]}}],"collection":[{"href":"https:\/\/sinoextrud.com\/es\/wp-json\/wp\/v2\/product"}],"about":[{"href":"https:\/\/sinoextrud.com\/es\/wp-json\/wp\/v2\/types\/product"}],"wp:featuredmedia":[{"embeddable":true,"href":"https:\/\/sinoextrud.com\/es\/wp-json\/wp\/v2\/media\/6328"}],"wp:attachment":[{"href":"https:\/\/sinoextrud.com\/es\/wp-json\/wp\/v2\/media?parent=6329"}],"wp:term":[{"taxonomy":"category","embeddable":true,"href":"https:\/\/sinoextrud.com\/es\/wp-json\/wp\/v2\/categories?post=6329"}],"curies":[{"name":"wp","href":"https:\/\/api.w.org\/{rel}","templated":true}]}}