{"id":6325,"date":"2025-05-26T15:04:21","date_gmt":"2025-05-26T15:04:21","guid":{"rendered":"https:\/\/sinoextrud.com\/product\/square-extruded-aluminum\/"},"modified":"2025-06-24T06:10:45","modified_gmt":"2025-06-24T06:10:45","slug":"aluminio-extruido-cuadrado","status":"publish","type":"product","link":"https:\/\/sinoextrud.com\/es\/product\/square-extruded-aluminum\/","title":{"rendered":"Aluminio extruido cuadrado"},"content":{"rendered":"<h2>Productos<\/h2>\n<table class=\"custom-table\">\n<tr>\n<td class=\"label\">Art\u00edculo<\/td>\n<td>Tubo de aluminio extruido, Tubo de aluminio extruido, Tubo cuadrado de aluminio extruido,Tubo cuadrado de aluminio extruido<\/td>\n<\/tr>\n<tr>\n<td class=\"label\">Material<\/td>\n<td>Aluminio serie 6000 \uff086063, 6061, 6463, 6082)<\/td>\n<\/tr>\n<tr>\n<td class=\"label\">Temple<\/td>\n<td>T4, T5, T6<\/td>\n<\/tr>\n<tr>\n<td class=\"label\">Tama\u00f1o \/ Grosor<\/td>\n<td>Espesor general de los perfiles de 0,8 a 5,0 mm o personalizado, longitud de 3 m a 6 m o personalizada disponible\uff1b Espesor de la pel\u00edcula de protecci\u00f3n anodizada de 8~20 um, recubrimiento en polvo de 40 ~ 120 um.<\/td>\n<\/tr>\n<tr>\n<td class=\"label\">Forma<\/td>\n<td>cuadrada, redonda, rectangular, triangular, etc. o personalizada<\/td>\n<\/tr>\n<tr>\n<td class=\"label\">Aplicaci\u00f3n<\/td>\n<td>En muebles, ventanas&amp;puertas, decoraci\u00f3n, industria, construcci\u00f3n, etc.<\/td>\n<\/tr>\n<tr>\n<td class=\"label\">Tratamiento de superficies<\/td>\n<td>recubrimiento en polvo, PVDF, anodizado, grano de madera, electroforesis, cepillado, pulido, etc.<\/td>\n<\/tr>\n<tr>\n<td class=\"label\">Colores<\/td>\n<td>Ref hoja de color de recubrimiento en polvo y color personalizado disponible<\/td>\n<\/tr>\n<tr>\n<td class=\"label\">Proceso profundo<\/td>\n<td>CNC, taladrado, fresado, corte, soldadura, plegado, montaje<\/td>\n<\/tr>\n<tr>\n<td class=\"label\">MOQ<\/td>\n<td>200KGs para cada art\u00edculo<\/td>\n<\/tr>\n<tr>\n<td class=\"label\">Detalles del embalaje<\/td>\n<td>(1) Interior: embalado con pel\u00edcula protectora de pl\u00e1stico o bolsa protectora de pl\u00e1stico.<\/td>\n<\/tr>\n<tr>\n<td class=\"label\"><\/td>\n<td>(2) Exterior: Envoltura de los fardos con papel impermeable para manualidades<\/td>\n<\/tr>\n<tr>\n<td class=\"label\">Plazo de entrega<\/td>\n<td>(1) Desarrollo de troqueles y prueba de muestras: 10-15 d\u00edas<\/td>\n<\/tr>\n<tr>\n<td class=\"label\"><\/td>\n<td>(2) Producci\u00f3n en serie finalizada: 20-30 d\u00edas despu\u00e9s de que la muestra sea confirmada por el Comprador.<\/td>\n<\/tr>\n<tr>\n<td class=\"label\">Puerto FOB<\/td>\n<td>Guangzhou, Foshan, Shenzhen<\/td>\n<\/tr>\n<tr>\n<td class=\"label\">condiciones de pago<\/td>\n<td>T\/T, 30% anticipo y el saldo se pagar\u00e1 antes del env\u00edo<\/td>\n<\/tr>\n<\/table>\n<h2>Nuestra base de fabricaci\u00f3n<\/h2>\n<h3>Panorama de la f\u00e1brica<\/h3>\n<p><img decoding=\"async\" src=\"\/wp-content\/uploads\/factory-01.webp\"\/><\/p>\n<h3>Taller de fabricaci\u00f3n de barras de aluminio<\/h3>\n<p><img decoding=\"async\" src=\"\/wp-content\/uploads\/factory-02.webp\"\/><\/p>\n<p><img decoding=\"async\" src=\"\/wp-content\/uploads\/factory-03.webp\"\/><\/p>\n<h3>Almac\u00e9n de moldes<\/h3>\n<p><img decoding=\"async\" src=\"\/wp-content\/uploads\/factory-04.webp\"\/><\/p>\n<h3>43 l\u00edneas de extrusi\u00f3n de aluminio (500-5500 toneladas)<\/h3>\n<p><img decoding=\"async\" src=\"\/wp-content\/uploads\/factory-05.webp\"\/><\/p>\n<p><img decoding=\"async\" src=\"\/wp-content\/uploads\/factory-06.webp\"\/><\/p>\n<p><img decoding=\"async\" src=\"\/wp-content\/uploads\/factory-07.webp\"\/><\/p>\n<h3>Taller de pintura en polvo<\/h3>\n<p><img decoding=\"async\" src=\"\/wp-content\/uploads\/factory-09.webp\"\/><\/p>\n<h3>Taller de anodizado<\/h3>\n<p><img decoding=\"async\" src=\"\/wp-content\/uploads\/factory-10.webp\"\/><\/p>\n<h3>Taller de procesamiento profundo<\/h3>\n<p><img decoding=\"async\" src=\"\/wp-content\/uploads\/factory-11.webp\"\/><\/p>\n<h3>Taller de mecanizado de precisi\u00f3n CNC<\/h3>\n<p><img decoding=\"async\" src=\"\/wp-content\/uploads\/factory-11.5.webp\"\/><\/p>\n<h3>Almac\u00e9n de productos acabados y de exportaci\u00f3n<\/h3>\n<p><img decoding=\"async\" src=\"\/wp-content\/uploads\/factory-12.webp\"\/><\/p>\n<p><img decoding=\"async\" src=\"\/wp-content\/uploads\/factory-13.webp\"\/><\/p>\n<p><img decoding=\"async\" src=\"\/wp-content\/uploads\/factory-14.webp\"\/><\/p>\n<h2>PREGUNTAS FRECUENTES<\/h2>\n<p><p><b>1. \u00bfPara qu\u00e9 se utiliza el aluminio extruido cuadrado?<\/b><\/p>\n<p>El aluminio extruido cuadrado se utiliza ampliamente en la construcci\u00f3n, estructuras, mobiliario y aplicaciones industriales debido a su resistencia estructural y su forma geom\u00e9trica limpia.<br \/>\n<\/p><br \/>\n<br \/>\n<p><b>2.\u00bfCu\u00e1les son las principales ventajas del aluminio extruido cuadrado?<\/b><\/p>\n<p>El aluminio extruido cuadrado ofrece una elevada relaci\u00f3n resistencia-peso, una excelente resistencia a la corrosi\u00f3n y una tolerancia dimensional precisa para diversos usos estructurales.<br \/>\n<\/p><br \/>\n<br \/>\n<p><b>3.\u00bfPor qu\u00e9 elegir aluminio extruido cuadrado en lugar de otros materiales?<\/b><\/p>\n<p>El aluminio extruido cuadrado es m\u00e1s ligero que el acero, m\u00e1s duradero que el pl\u00e1stico y m\u00e1s f\u00e1cil de mecanizar y montar, lo que lo convierte en una opci\u00f3n rentable y vers\u00e1til.<br \/>\n<\/p><br \/>\n<br \/>\n<p><b>4.\u00bfSe puede personalizar el aluminio extruido cuadrado?<\/b><\/p>\n<p>S\u00ed, el aluminio extruido cuadrado puede personalizarse en cuanto a tama\u00f1o, grosor de pared, grado de aleaci\u00f3n y acabado superficial para satisfacer los requisitos espec\u00edficos de cada proyecto.<br \/>\n<\/p><br \/>\n<br \/>\n<p><b>5.\u00bfQu\u00e9 acabados superficiales hay disponibles para el aluminio extruido cuadrado?<\/b><\/p>\n<p>Los acabados disponibles incluyen anodizado, recubrimiento en polvo y acabado de fresado, que mejoran la resistencia a la corrosi\u00f3n, la durabilidad y el atractivo est\u00e9tico.<br \/>\n<\/p><br \/>\n<br \/>\n<p><b>6.\u00bfEl aluminio extruido cuadrado es apto para uso exterior?<\/b><\/p>\n<p>S\u00ed, con acabados anodizados o con recubrimiento en polvo, el aluminio extruido cuadrado es muy resistente a la intemperie, al \u00f3xido y a la exposici\u00f3n a los rayos UV, ideal para aplicaciones en exteriores.<br \/>\n<\/p><br \/>\n<br \/>\n<p><b>7.\u00bfC\u00f3mo contribuye el aluminio extruido cuadrado al dise\u00f1o sostenible?<\/b><\/p>\n<p>El aluminio es 100% reciclable y su producci\u00f3n es eficiente desde el punto de vista energ\u00e9tico, lo que convierte al aluminio extruido cuadrado en una opci\u00f3n ecol\u00f3gica para la construcci\u00f3n y la fabricaci\u00f3n ecol\u00f3gicas.<br \/>\n<\/p><br \/><\/p>","protected":false},"featured_media":6324,"template":"","categories":[60],"class_list":["post-6325","product","type-product","status-publish","has-post-thumbnail","hentry","category-general-tubes-and-bars"],"meta_box":{"hilight_text_group":{"product_hilight_text":"<li>Square shape offers excellent strength and load-bearing capability<\/li>\r\r\n<li>Extruded with high precision for uniform dimensions<\/li>\r\r\n<li>Corrosion-resistant and suitable for indoor and outdoor use<\/li>\r\r\n<li>Customizable in size, wall thickness, and surface finish<\/li>\r\r\n<li>Ideal for construction, framing, and machinery applications<\/li>","product_chanpin_blog":"<ul>\r\r\n<li><a href=\"https:\/\/sinoextrud.com\/product\/aluminum-extrusion-6061-6063-aluminum-profile-for-lamppost\/\" target=\"_blank\">Aluminum Extrusion 6061 6063 Aluminum Profile For Lamppost<\/a><\/li>\r\r\n<li><a href=\"https:\/\/sinoextrud.com\/product\/6061-6063-6082-street-lamp-column-aluminum-profile\/#brxe-a0f13f\" target=\"_blank\">6061 6063 6082 Street Lamp Column Aluminum Profile<\/a><\/li>\r\r\n<li><a href=\"https:\/\/sinoextrud.com\/product\/aluminum-extrusion-linear-led-lighting-aluminum-profile\/\" target=\"_blank\">Aluminum Extrusion Linear LED Lighting Aluminum Profile<\/a><\/li>\r\r\n<li><a href=\"https:\/\/sinoextrud.com\/product\/aluminum-extrusion-electroplated-shower-room-aluminum-profile\/\" target=\"_blank\">Aluminum Extrusion Electroplated Shower Room Aluminum Profile<\/a><\/li>\r\r\n<li><a href=\"https:\/\/sinoextrud.com\/product\/aluminum-extrusion-hard-anodizing-aluminum-profiles\/\" target=\"_blank\">Aluminum Extrusion Hard Anodizing Aluminum Profiles<\/a><\/li>\r\r\n<li><a href=\"https:\/\/sinoextrud.com\/product\/aluminum-extrusion-2024-7001-7003-aluminum-profile\/\" target=\"_blank\">Aluminum Extrusion 2024 7001 7003 Aluminum Profile<\/a><\/li>\r\r\n<\/ul>","product_chanpin_chanpin":"<li><a href=\"https:\/\/sinoextrud.com\/product\/extruded-aluminum-stock-shapes\/\" target=\"_blank\">Extruded Aluminum Stock Shapes<\/a><\/li>\r\n<li><a href=\"https:\/\/sinoextrud.com\/product\/aluminium-tube-profiles\/\" target=\"_blank\">Aluminium Tube Profiles<\/a><\/li>\r\n<li><a href=\"https:\/\/sinoextrud.com\/product\/aluminum-rectangular-extrusion\/\" target=\"_blank\">Aluminum Rectangular Extrusion<\/a><\/li>\r\n<li><a href=\"https:\/\/sinoextrud.com\/product\/aluminum-channel\/\" target=\"_blank\">Aluminum Channel<\/a><\/li>\r\n<li><a href=\"https:\/\/sinoextrud.com\/product\/square-extruded-aluminum\/\" target=\"_blank\">Square Extruded Aluminum<\/a><\/li>\r\n<li><a href=\"https:\/\/sinoextrud.com\/product\/square-tube-standard-aluminium-sections\/\" target=\"_blank\">Square Tube Standard Aluminium Sections<\/a><\/li>\r\n<li><a href=\"https:\/\/sinoextrud.com\/product\/extruded-aluminum-tubing-shapes\/\" target=\"_blank\">Extruded Aluminum Tubing Shapes<\/a><\/li>\r\n<li><a href=\"https:\/\/sinoextrud.com\/product\/aluminum-triangle-tube-profile\/\" target=\"_blank\">Aluminum Triangle Tube Profile<\/a><\/li>\r\n<li><a href=\"https:\/\/sinoextrud.com\/product\/aluminum-tube-suppliers\/\" target=\"_blank\">Aluminum Tube Suppliers<\/a><\/li>\r\n<li><a href=\"https:\/\/sinoextrud.com\/product\/aluminium-t-extrusion\/\" target=\"_blank\">Aluminium T Extrusion<\/a><\/li>\r\n<li><a href=\"https:\/\/sinoextrud.com\/product\/aluminum-extrusion-high-strength-cnc-drilling-7003-aluminum-round-pipe\/\" target=\"_blank\">Aluminum Extrusion High-strength CNC Drilling 7003 Aluminum Round Pipe<\/a><\/li>"},"feature_list":[]},"_links":{"self":[{"href":"https:\/\/sinoextrud.com\/es\/wp-json\/wp\/v2\/product\/6325","targetHints":{"allow":["GET"]}}],"collection":[{"href":"https:\/\/sinoextrud.com\/es\/wp-json\/wp\/v2\/product"}],"about":[{"href":"https:\/\/sinoextrud.com\/es\/wp-json\/wp\/v2\/types\/product"}],"wp:featuredmedia":[{"embeddable":true,"href":"https:\/\/sinoextrud.com\/es\/wp-json\/wp\/v2\/media\/6324"}],"wp:attachment":[{"href":"https:\/\/sinoextrud.com\/es\/wp-json\/wp\/v2\/media?parent=6325"}],"wp:term":[{"taxonomy":"category","embeddable":true,"href":"https:\/\/sinoextrud.com\/es\/wp-json\/wp\/v2\/categories?post=6325"}],"curies":[{"name":"wp","href":"https:\/\/api.w.org\/{rel}","templated":true}]}}