{"id":6323,"date":"2025-05-26T15:01:28","date_gmt":"2025-05-26T15:01:28","guid":{"rendered":"https:\/\/sinoextrud.com\/product\/aluminum-channel\/"},"modified":"2025-06-24T06:10:45","modified_gmt":"2025-06-24T06:10:45","slug":"canal-de-aluminio","status":"publish","type":"product","link":"https:\/\/sinoextrud.com\/es\/product\/aluminum-channel\/","title":{"rendered":"Canal de aluminio"},"content":{"rendered":"<h2>Productos<\/h2>\n<table class=\"custom-table\">\n<tr>\n<td class=\"label\">Modelo NO.:<\/td>\n<td>canal de aluminio - forma de u<\/td>\n<\/tr>\n<tr>\n<td class=\"label\">Nombre del producto:<\/td>\n<td>  perfil del canal u de aluinum<\/td>\n<\/tr>\n<tr>\n<td class=\"label\">Caracter\u00edsticas principales:<\/td>\n<td> 15*19mm<\/td>\n<\/tr>\n<tr>\n<td class=\"label\">Thicnkess:<\/td>\n<td> 2,0 mm<\/td>\n<\/tr>\n<tr>\n<td class=\"label\">Tolerancia al trabajo:<\/td>\n<td>+\/- 0,1 mm<\/td>\n<\/tr>\n<tr>\n<td class=\"label\">Certificaci\u00f3n:<\/td>\n<td> ISO9001:<\/td>\n<td>2008<\/td>\n<\/tr>\n<tr>\n<td class=\"label\">Muestra:<\/td>\n<td>pulido, muestras de revestimiento cepillado disponibles<\/td>\n<\/tr>\n<tr>\n<td class=\"label\">Sirviendo para:<\/td>\n<td> sala de exposici\u00f3n, marco de puerta de armario, marco de puerta de armario, etc.<\/td>\n<\/tr>\n<tr>\n<td class=\"label\">Detalle del paquete:<\/td>\n<td> Cada uno embalado en una bolsa de polietileno, 60 unidades embaladas en un paquete. O personalizados disponibles.<\/td>\n<\/tr>\n<tr>\n<td class=\"label\">MOQ:<\/td>\n<td> 1000 kgs<\/td>\n<\/tr>\n<tr>\n<td class=\"label\">Entrega:<\/td>\n<td> 20-25D\u00edas<\/td>\n<\/tr>\n<tr>\n<td class=\"label\">Origen:<\/td>\n<td> Foshan, Guangdong. China<\/td>\n<\/tr>\n<\/table>\n<h2>Nuestra base de fabricaci\u00f3n<\/h2>\n<h3>Panorama de la f\u00e1brica<\/h3>\n<p><img decoding=\"async\" src=\"\/wp-content\/uploads\/factory-01.webp\"\/><\/p>\n<h3>Taller de fabricaci\u00f3n de barras de aluminio<\/h3>\n<p><img decoding=\"async\" src=\"\/wp-content\/uploads\/factory-02.webp\"\/><\/p>\n<p><img decoding=\"async\" src=\"\/wp-content\/uploads\/factory-03.webp\"\/><\/p>\n<h3>Almac\u00e9n de moldes<\/h3>\n<p><img decoding=\"async\" src=\"\/wp-content\/uploads\/factory-04.webp\"\/><\/p>\n<h3>43 L\u00c3neas de extrusi\u00c3\u00b3n de aluminio (500\u00e2\u20ac\"5500 toneladas)<\/h3>\n<p><img decoding=\"async\" src=\"\/wp-content\/uploads\/factory-05.webp\"\/><\/p>\n<p><img decoding=\"async\" src=\"\/wp-content\/uploads\/factory-06.webp\"\/><\/p>\n<p><img decoding=\"async\" src=\"\/wp-content\/uploads\/factory-07.webp\"\/><\/p>\n<h3>Taller de pintura en polvo<\/h3>\n<p><img decoding=\"async\" src=\"\/wp-content\/uploads\/factory-09.webp\"\/><\/p>\n<h3>Taller de anodizado<\/h3>\n<p><img decoding=\"async\" src=\"\/wp-content\/uploads\/factory-10.webp\"\/><\/p>\n<h3>Taller de procesamiento profundo<\/h3>\n<p><img decoding=\"async\" src=\"\/wp-content\/uploads\/factory-11.webp\"\/><\/p>\n<h3>Taller de mecanizado de precisi\u00f3n CNC<\/h3>\n<p><img decoding=\"async\" src=\"\/wp-content\/uploads\/factory-11.5.webp\"\/><\/p>\n<h3>Almac\u00e9n de productos acabados y de exportaci\u00f3n<\/h3>\n<p><img decoding=\"async\" src=\"\/wp-content\/uploads\/factory-12.webp\"\/><\/p>\n<p><img decoding=\"async\" src=\"\/wp-content\/uploads\/factory-13.webp\"\/><\/p>\n<p><img decoding=\"async\" src=\"\/wp-content\/uploads\/factory-14.webp\"\/><\/p>\n<h2>PREGUNTAS FRECUENTES<\/h2>\n<p><p><b>1.\u00bfPara qu\u00e9 sirve un canal de aluminio?<\/b><\/p>\n<p>Los canales de aluminio se utilizan habitualmente en entramado, soporte estructural, bordes y aplicaciones arquitect\u00f3nicas debido a sus propiedades de resistencia y ligereza.<br \/>\n<\/p><br \/>\n<br \/>\n<p><b>2.\u00bfCu\u00e1les son las principales ventajas de los perfiles canal de aluminio?<\/b><\/p>\n<p>Los canales de aluminio ofrecen una elevada relaci\u00f3n resistencia-peso, una excelente resistencia a la corrosi\u00f3n y una f\u00e1cil mecanizaci\u00f3n, lo que los hace ideales para su uso tanto en interiores como en exteriores.<br \/>\n<\/p><br \/>\n<br \/>\n<p><b>3.\u00bfPor qu\u00e9 elegir canales de aluminio en lugar de acero o pl\u00e1stico?<\/b><\/p>\n<p>Los canales de aluminio son m\u00e1s ligeros y resistentes a la corrosi\u00f3n que los de acero, y m\u00e1s fuertes y duraderos que los de pl\u00e1stico, por lo que ofrecen un equilibrio perfecto entre rendimiento y coste.<br \/>\n<\/p><br \/>\n<br \/>\n<p><b>4.\u00bfPueden personalizarse los canales de aluminio para aplicaciones espec\u00edficas?<\/b><\/p>\n<p>S\u00ed, los canales de aluminio pueden adaptarse en cuanto a dimensiones, tipo de aleaci\u00f3n y acabado superficial para satisfacer los requisitos exactos del proyecto.<br \/>\n<\/p><br \/>\n<br \/>\n<p><b>5.\u00bfQu\u00e9 acabados superficiales hay disponibles para los perfiles canal de aluminio?<\/b><\/p>\n<p>Los acabados m\u00e1s comunes son el anodizado, el recubrimiento en polvo y el acabado de fresado, que mejoran el aspecto, la resistencia a la corrosi\u00f3n y la durabilidad.<br \/>\n<\/p><br \/>\n<br \/>\n<p><b>6.\u00bfSon adecuados los canales de aluminio para exteriores?<\/b><\/p>\n<p>S\u00ed, los canales de aluminio anodizado o con recubrimiento de polvo funcionan excepcionalmente bien en entornos exteriores y marinos gracias a su resistencia a la intemperie.<br \/>\n<\/p><br \/>\n<br \/>\n<p><b>7.\u00bfC\u00f3mo contribuyen los canales de aluminio a la construcci\u00f3n sostenible?<\/b><\/p>\n<p>Los canales de aluminio est\u00e1n fabricados con material reciclable, lo que contribuye a una construcci\u00f3n y fabricaci\u00f3n eficientes desde el punto de vista energ\u00e9tico y respetuosas con el medio ambiente.<br \/>\n<\/p><br \/><\/p>","protected":false},"featured_media":6322,"template":"","categories":[60],"class_list":["post-6323","product","type-product","status-publish","has-post-thumbnail","hentry","category-general-tubes-and-bars"],"meta_box":{"hilight_text_group":{"product_hilight_text":"<li>Durable aluminum channel ideal for structural and framing applications<\/li>\r\r\n<li>Lightweight with excellent corrosion resistance<\/li>\r\r\n<li>Available in various sizes and finishes to suit different projects<\/li>\r\r\n<li>Easy to cut, drill, and machine for custom fabrication<\/li>\r\r\n<li>Supports bulk orders with consistent quality and fast delivery<\/li>","product_chanpin_blog":"<ul>\r\r\n<li><a href=\"https:\/\/sinoextrud.com\/product\/aluminum-extrusion-6061-6063-aluminum-profile-for-lamppost\/\" target=\"_blank\">Aluminum Extrusion 6061 6063 Aluminum Profile For Lamppost<\/a><\/li>\r\r\n<li><a href=\"https:\/\/sinoextrud.com\/product\/6061-6063-6082-street-lamp-column-aluminum-profile\/#brxe-a0f13f\" target=\"_blank\">6061 6063 6082 Street Lamp Column Aluminum Profile<\/a><\/li>\r\r\n<li><a href=\"https:\/\/sinoextrud.com\/product\/aluminum-extrusion-linear-led-lighting-aluminum-profile\/\" target=\"_blank\">Aluminum Extrusion Linear LED Lighting Aluminum Profile<\/a><\/li>\r\r\n<li><a href=\"https:\/\/sinoextrud.com\/product\/aluminum-extrusion-electroplated-shower-room-aluminum-profile\/\" target=\"_blank\">Aluminum Extrusion Electroplated Shower Room Aluminum Profile<\/a><\/li>\r\r\n<li><a href=\"https:\/\/sinoextrud.com\/product\/aluminum-extrusion-hard-anodizing-aluminum-profiles\/\" target=\"_blank\">Aluminum Extrusion Hard Anodizing Aluminum Profiles<\/a><\/li>\r\r\n<li><a href=\"https:\/\/sinoextrud.com\/product\/aluminum-extrusion-2024-7001-7003-aluminum-profile\/\" target=\"_blank\">Aluminum Extrusion 2024 7001 7003 Aluminum Profile<\/a><\/li>\r\r\n<\/ul>","product_chanpin_chanpin":"<li><a href=\"https:\/\/sinoextrud.com\/product\/round-aluminum-extrusion-profiles\/\" target=\"_blank\">Round Aluminum Extrusion Profiles<\/a><\/li>\r\n<li><a href=\"https:\/\/sinoextrud.com\/product\/extruded-aluminum-stock-shapes\/\" target=\"_blank\">Extruded Aluminum Stock Shapes<\/a><\/li>\r\n<li><a href=\"https:\/\/sinoextrud.com\/product\/aluminium-tube-profiles\/\" target=\"_blank\">Aluminium Tube Profiles<\/a><\/li>\r\n<li><a href=\"https:\/\/sinoextrud.com\/product\/aluminum-rectangular-extrusion\/\" target=\"_blank\">Aluminum Rectangular Extrusion<\/a><\/li>\r\n<li><a href=\"https:\/\/sinoextrud.com\/product\/aluminum-channel\/\" target=\"_blank\">Aluminum Channel<\/a><\/li>\r\n<li><a href=\"https:\/\/sinoextrud.com\/product\/square-extruded-aluminum\/\" target=\"_blank\">Square Extruded Aluminum<\/a><\/li>\r\n<li><a href=\"https:\/\/sinoextrud.com\/product\/square-tube-standard-aluminium-sections\/\" target=\"_blank\">Square Tube Standard Aluminium Sections<\/a><\/li>\r\n<li><a href=\"https:\/\/sinoextrud.com\/product\/extruded-aluminum-tubing-shapes\/\" target=\"_blank\">Extruded Aluminum Tubing Shapes<\/a><\/li>\r\n<li><a href=\"https:\/\/sinoextrud.com\/product\/aluminum-triangle-tube-profile\/\" target=\"_blank\">Aluminum Triangle Tube Profile<\/a><\/li>\r\n<li><a href=\"https:\/\/sinoextrud.com\/product\/aluminium-window-trim-profiles\/\" target=\"_blank\">Aluminium Window Trim Profiles<\/a><\/li>\r\n<li><a href=\"https:\/\/sinoextrud.com\/product\/pvdf-coating-aluminum-profile\/\" target=\"_blank\">PVDF Coating Aluminum Profile<\/a><\/li>"},"feature_list":[]},"_links":{"self":[{"href":"https:\/\/sinoextrud.com\/es\/wp-json\/wp\/v2\/product\/6323","targetHints":{"allow":["GET"]}}],"collection":[{"href":"https:\/\/sinoextrud.com\/es\/wp-json\/wp\/v2\/product"}],"about":[{"href":"https:\/\/sinoextrud.com\/es\/wp-json\/wp\/v2\/types\/product"}],"wp:featuredmedia":[{"embeddable":true,"href":"https:\/\/sinoextrud.com\/es\/wp-json\/wp\/v2\/media\/6322"}],"wp:attachment":[{"href":"https:\/\/sinoextrud.com\/es\/wp-json\/wp\/v2\/media?parent=6323"}],"wp:term":[{"taxonomy":"category","embeddable":true,"href":"https:\/\/sinoextrud.com\/es\/wp-json\/wp\/v2\/categories?post=6323"}],"curies":[{"name":"wp","href":"https:\/\/api.w.org\/{rel}","templated":true}]}}