{"id":6320,"date":"2025-05-26T10:00:53","date_gmt":"2025-05-26T10:00:53","guid":{"rendered":"https:\/\/sinoextrud.com\/product\/aluminum-rectangular-extrusion\/"},"modified":"2025-06-24T06:10:42","modified_gmt":"2025-06-24T06:10:42","slug":"extrusion-rectangular-de-aluminio","status":"publish","type":"product","link":"https:\/\/sinoextrud.com\/es\/product\/aluminum-rectangular-extrusion\/","title":{"rendered":"Extrusi\u00f3n rectangular de aluminio"},"content":{"rendered":"<h2>Productos<\/h2>\n<table class=\"custom-table\">\n<tr>\n<td class=\"label\">Modelo NO.:<\/td>\n<td>6061 6063 6082<\/td>\n<\/tr>\n<tr>\n<td class=\"label\">Temperamento:<\/td>\n<td>T3 - T8<\/td>\n<\/tr>\n<tr>\n<td class=\"label\">Tratamiento de la superficie:<\/td>\n<td>Acabado de fresado, revestimiento personalizado disponible.<\/td>\n<\/tr>\n<tr>\n<td class=\"label\">Aleaci\u00f3n:<\/td>\n<td>Aleaci\u00f3n<\/td>\n<\/tr>\n<tr>\n<td class=\"label\">Marca registrada:<\/td>\n<td>OEM<\/td>\n<\/tr>\n<tr>\n<td class=\"label\">Origen:<\/td>\n<td>Guangdong, China<\/td>\n<\/tr>\n<tr>\n<td class=\"label\">Forma:<\/td>\n<td>tubo cuadrado<\/td>\n<\/tr>\n<tr>\n<td class=\"label\">Proceso:<\/td>\n<td>Extrusi\u00f3n<\/td>\n<\/tr>\n<tr>\n<td class=\"label\">Aplicaci\u00f3n:<\/td>\n<td>las industrias aeron\u00e1utica, aeroespacial, automovil\u00edstica, de fabricaci\u00f3n de maquinaria, naval y qu\u00edmica.<\/td>\n<\/tr>\n<tr>\n<td class=\"label\">Tama\u00f1o:<\/td>\n<td>25*25 mm<\/td>\n<\/tr>\n<tr>\n<td class=\"label\">C\u00f3digo SA:<\/td>\n<td>7604299000<\/td>\n<\/tr>\n<tr>\n<td class=\"label\">Espesor de pared:<\/td>\n<td>1,0-1,4 mm. Disponible a medida<\/td>\n<\/tr>\n<tr>\n<td class=\"label\">Observaciones:<\/td>\n<td>Los requisitos espec\u00edficos de aleaci\u00f3n, temple o especificaci\u00f3n pueden discutirse a petici\u00f3n del cliente.<\/td>\n<\/tr>\n<\/table>\n<h2>Nuestra base de fabricaci\u00f3n<\/h2>\n<h3>Panorama de la f\u00e1brica<\/h3>\n<p><img decoding=\"async\" src=\"\/wp-content\/uploads\/factory-01.webp\"\/><\/p>\n<h3>Taller de fabricaci\u00f3n de barras de aluminio<\/h3>\n<p><img decoding=\"async\" src=\"\/wp-content\/uploads\/factory-02.webp\"\/><\/p>\n<p><img decoding=\"async\" src=\"\/wp-content\/uploads\/factory-03.webp\"\/><\/p>\n<h3>Almac\u00e9n de moldes<\/h3>\n<p><img decoding=\"async\" src=\"\/wp-content\/uploads\/factory-04.webp\"\/><\/p>\n<h3>43 L\u00c3neas de extrusi\u00c3\u00b3n de aluminio (500\u00e2\u20ac\"5500 toneladas)<\/h3>\n<p><img decoding=\"async\" src=\"\/wp-content\/uploads\/factory-05.webp\"\/><\/p>\n<p><img decoding=\"async\" src=\"\/wp-content\/uploads\/factory-06.webp\"\/><\/p>\n<p><img decoding=\"async\" src=\"\/wp-content\/uploads\/factory-07.webp\"\/><\/p>\n<h3>Taller de pintura en polvo<\/h3>\n<p><img decoding=\"async\" src=\"\/wp-content\/uploads\/factory-09.webp\"\/><\/p>\n<h3>Taller de anodizado<\/h3>\n<p><img decoding=\"async\" src=\"\/wp-content\/uploads\/factory-10.webp\"\/><\/p>\n<h3>Taller de procesamiento profundo<\/h3>\n<p><img decoding=\"async\" src=\"\/wp-content\/uploads\/factory-11.webp\"\/><\/p>\n<h3>Taller de mecanizado de precisi\u00f3n CNC<\/h3>\n<p><img decoding=\"async\" src=\"\/wp-content\/uploads\/factory-11.5.webp\"\/><\/p>\n<h3>Almac\u00e9n de productos acabados y de exportaci\u00f3n<\/h3>\n<p><img decoding=\"async\" src=\"\/wp-content\/uploads\/factory-12.webp\"\/><\/p>\n<p><img decoding=\"async\" src=\"\/wp-content\/uploads\/factory-13.webp\"\/><\/p>\n<p><img decoding=\"async\" src=\"\/wp-content\/uploads\/factory-14.webp\"\/><\/p>\n<h2>PREGUNTAS FRECUENTES<\/h2>\n<p><p><b>1. \u00bfPara qu\u00e9 se utiliza la extrusi\u00f3n rectangular de aluminio?<\/b><\/p>\n<p>La extrusi\u00f3n rectangular de aluminio se utiliza com\u00fanmente en la construcci\u00f3n, enmarcado, transporte y maquinaria debido a su alta resistencia y eficiencia estructural.<br \/>\n<\/p><br \/>\n<br \/>\n<p><b>2.\u00bfCu\u00e1les son las principales ventajas de la extrusi\u00f3n rectangular de aluminio?<\/b><\/p>\n<p>La extrusi\u00f3n rectangular de aluminio ofrece una excelente relaci\u00f3n resistencia-peso, resistencia a la corrosi\u00f3n y precisi\u00f3n dimensional para aplicaciones industriales vers\u00e1tiles.<br \/>\n<\/p><br \/>\n<br \/>\n<p><b>3. \u00bfPor qu\u00e9 elegir extrusiones rectangulares de aluminio en lugar de acero?<\/b><\/p>\n<p>Las extrusiones rectangulares de aluminio son m\u00e1s ligeras, resistentes a la corrosi\u00f3n y m\u00e1s f\u00e1ciles de mecanizar que el acero, lo que reduce los costes de instalaci\u00f3n y mantenimiento.<br \/>\n<\/p><br \/>\n<br \/>\n<p><b>4.\u00bfSe pueden personalizar las extrusiones rectangulares de aluminio?<\/b><\/p>\n<p>S\u00ed, las extrusiones rectangulares de aluminio pueden personalizarse en anchura, altura, grosor de pared y acabado superficial para satisfacer las necesidades espec\u00edficas de cada proyecto.<br \/>\n<\/p><br \/>\n<br \/>\n<p><b>5.\u00bfQu\u00e9 acabados superficiales hay disponibles para los perfiles rectangulares de aluminio?<\/b><\/p>\n<p>Los acabados disponibles incluyen anodizado, recubrimiento en polvo y acabado de fresado, que mejoran la durabilidad, la protecci\u00f3n contra la corrosi\u00f3n y el atractivo visual.<br \/>\n<\/p><br \/>\n<br \/>\n<p><b>6.\u00bfSon adecuadas las extrusiones rectangulares de aluminio para su uso en exteriores?<\/b><\/p>\n<p>S\u00ed, con acabados anodizados o recubiertos, los perfiles rectangulares de aluminio ofrecen una resistencia duradera a la intemperie, los rayos UV y las condiciones ambientales.<br \/>\n<\/p><br \/>\n<br \/>\n<p><b>7.\u00bfC\u00f3mo contribuyen las extrusiones rectangulares de aluminio al dise\u00f1o sostenible?<\/b><\/p>\n<p>El aluminio es totalmente reciclable y ligero, lo que convierte a las extrusiones rectangulares en una soluci\u00f3n ecol\u00f3gica para proyectos de eficiencia energ\u00e9tica y concienciados con el medio ambiente.<br \/>\n<\/p><br \/><\/p>","protected":false},"featured_media":6319,"template":"","categories":[60],"class_list":["post-6320","product","type-product","status-publish","has-post-thumbnail","hentry","category-general-tubes-and-bars"],"meta_box":{"hilight_text_group":{"product_hilight_text":"<li>Rectangular shape offers high strength and structural stability<\/li>\r\r\n<li>Precision-extruded for consistent dimensions and quality<\/li>\r\r\n<li>Corrosion-resistant aluminum ideal for indoor and outdoor use<\/li>\r\r\n<li>Custom sizes, lengths, and finishes available<\/li>\r\r\n<li>Suitable for construction, framing, and industrial fabrication<\/li>","product_chanpin_chanpin":"<li><a href=\"https:\/\/sinoextrud.com\/product\/aluminium-extrusion-channel-profiles\/\" target=\"_blank\">Aluminium Extrusion Channel Profiles<\/a><\/li>\r\n<li><a href=\"https:\/\/sinoextrud.com\/product\/round-aluminum-extrusion-profiles\/\" target=\"_blank\">Round Aluminum Extrusion Profiles<\/a><\/li>\r\n<li><a href=\"https:\/\/sinoextrud.com\/product\/extruded-aluminum-stock-shapes\/\" target=\"_blank\">Extruded Aluminum Stock Shapes<\/a><\/li>\r\n<li><a href=\"https:\/\/sinoextrud.com\/product\/aluminium-tube-profiles\/\" target=\"_blank\">Aluminium Tube Profiles<\/a><\/li>\r\n<li><a href=\"https:\/\/sinoextrud.com\/product\/aluminum-rectangular-extrusion\/\" target=\"_blank\">Aluminum Rectangular Extrusion<\/a><\/li>\r\n<li><a href=\"https:\/\/sinoextrud.com\/product\/aluminum-channel\/\" target=\"_blank\">Aluminum Channel<\/a><\/li>\r\n<li><a href=\"https:\/\/sinoextrud.com\/product\/square-extruded-aluminum\/\" target=\"_blank\">Square Extruded Aluminum<\/a><\/li>\r\n<li><a href=\"https:\/\/sinoextrud.com\/product\/square-tube-standard-aluminium-sections\/\" target=\"_blank\">Square Tube Standard Aluminium Sections<\/a><\/li>\r\n<li><a href=\"https:\/\/sinoextrud.com\/product\/extruded-aluminum-tubing-shapes\/\" target=\"_blank\">Extruded Aluminum Tubing Shapes<\/a><\/li>\r\n<li><a href=\"https:\/\/sinoextrud.com\/product\/aluminum-extrusion-hard-anodizing-aluminum-profiles\/\" target=\"_blank\">Aluminum Extrusion Hard Anodizing Aluminum Profiles<\/a><\/li>\r\n<li><a href=\"https:\/\/sinoextrud.com\/product\/aluminum-angle-channel-bright-polished-mirror\/\" target=\"_blank\">Aluminum Angle Channel Bright Polished Mirror<\/a><\/li>"},"feature_list":[]},"_links":{"self":[{"href":"https:\/\/sinoextrud.com\/es\/wp-json\/wp\/v2\/product\/6320","targetHints":{"allow":["GET"]}}],"collection":[{"href":"https:\/\/sinoextrud.com\/es\/wp-json\/wp\/v2\/product"}],"about":[{"href":"https:\/\/sinoextrud.com\/es\/wp-json\/wp\/v2\/types\/product"}],"wp:featuredmedia":[{"embeddable":true,"href":"https:\/\/sinoextrud.com\/es\/wp-json\/wp\/v2\/media\/6319"}],"wp:attachment":[{"href":"https:\/\/sinoextrud.com\/es\/wp-json\/wp\/v2\/media?parent=6320"}],"wp:term":[{"taxonomy":"category","embeddable":true,"href":"https:\/\/sinoextrud.com\/es\/wp-json\/wp\/v2\/categories?post=6320"}],"curies":[{"name":"wp","href":"https:\/\/api.w.org\/{rel}","templated":true}]}}