{"id":6312,"date":"2025-05-26T09:45:24","date_gmt":"2025-05-26T09:45:24","guid":{"rendered":"https:\/\/sinoextrud.com\/product\/aluminium-extrusion-channel-profiles\/"},"modified":"2025-06-24T06:10:42","modified_gmt":"2025-06-24T06:10:42","slug":"perfiles-de-canal-de-extrusion-de-aluminio","status":"publish","type":"product","link":"https:\/\/sinoextrud.com\/es\/product\/aluminium-extrusion-channel-profiles\/","title":{"rendered":"Perfiles de canal de extrusi\u00f3n de aluminio"},"content":{"rendered":"<h2>Productos<\/h2>\n<table class=\"custom-table\">\n<tr>\n<td class=\"label\">Art\u00edculo:<\/td>\n<td>Perfiles de canal de extrusi\u00f3n de aluminio<\/td>\n<\/tr>\n<tr>\n<td class=\"label\">Aleaci\u00f3n:<\/td>\n<td>6063\/6061\/6005\/6060\\ (aleaci\u00f3n especial se puede hacer a sus necesidades.)<\/td>\n<\/tr>\n<tr>\n<td class=\"label\">Temperamento:<\/td>\n<td>T5-T8<\/td>\n<\/tr>\n<tr>\n<td class=\"label\">Est\u00e1ndar:<\/td>\n<td>Norma de alta precisi\u00f3n GB de China.<\/td>\n<\/tr>\n<tr>\n<td class=\"label\">Grosor:<\/td>\n<td>En funci\u00f3n de sus necesidades.<\/td>\n<\/tr>\n<tr>\n<td class=\"label\">Longitud:<\/td>\n<td>5,8 m es adecuado para la carga y la entrega. Y podemos producir cualquier longitud que desee.<\/td>\n<\/tr>\n<tr>\n<td class=\"label\">MOQ:<\/td>\n<td>Normalmente 10~12 toneladas para 1*20GP y 20~23 toneladas para 1*40HQ.<\/td>\n<\/tr>\n<tr>\n<td class=\"label\">Acabado superficial:<\/td>\n<td>Acabado de fresado, anodizado, pintura en polvo, veteado de madera, pulido, cepillado, electroforesis.<\/td>\n<\/tr>\n<tr>\n<td class=\"label\">Color We Can Do:<\/td>\n<td>Plata, negro, blanco, bronce, champ\u00e1n, verde, gris, amarillo dorado, n\u00edquel o personalizado.<\/td>\n<\/tr>\n<tr>\n<td class=\"label\">Espesor de la pel\u00edcula:<\/td>\n<td>Anodizado:Personalizado. Espesor normal: \u22658 um.<\/td>\n<\/tr>\n<tr>\n<td class=\"label\">Recubrimiento en polvo:<\/td>\n<td>A medida. Espesor normal: 40-120 um.<br \/>Film complejo de electroforesis:Grosor normal: 16 um.<br \/>Grano de madera:Personalizado. Grosor normal: 60-120 um.<\/td>\n<\/tr>\n<tr>\n<td class=\"label\">Material de grano de madera:<\/td>\n<td>a). Papel de impresi\u00f3n por transferencia MENPHIS italiano importado.<br \/>b). Marca de papel de impresi\u00f3n de transferencia de China de alta calidad.<br \/>c). Precios diferentes.<\/td>\n<\/tr>\n<tr>\n<td class=\"label\">Composici\u00f3n qu\u00edmica y rendimiento:<\/td>\n<td>Ejecuci\u00f3n y cumplimiento del nivel de alta precisi\u00f3n GB de China.<\/td>\n<\/tr>\n<tr>\n<td class=\"label\">Mecanizado:<\/td>\n<td>Corte, punzonado, taladrado, plegado, soldadura, fresado, CNC, etc.<\/td>\n<\/tr>\n<tr>\n<td class=\"label\">Embalaje:<\/td>\n<td>1. Pel\u00edcula de pl\u00e1stico y papel kraft.<br \/>2. Si es necesario, tambi\u00e9n se puede utilizar una l\u00e1mina protectora para cada pieza de perfil.<br \/>3.catones, marco de madera, o palet seg\u00fan se requiera<\/td>\n<\/tr>\n<\/table>\n<h2>Nuestra base de fabricaci\u00f3n<\/h2>\n<h3>Panorama de la f\u00e1brica<\/h3>\n<p><img decoding=\"async\" src=\"\/wp-content\/uploads\/factory-01.webp\"\/><\/p>\n<h3>Taller de fabricaci\u00f3n de barras de aluminio<\/h3>\n<p><img decoding=\"async\" src=\"\/wp-content\/uploads\/factory-02.webp\"\/><\/p>\n<p><img decoding=\"async\" src=\"\/wp-content\/uploads\/factory-03.webp\"\/><\/p>\n<h3>Almac\u00e9n de moldes<\/h3>\n<p><img decoding=\"async\" src=\"\/wp-content\/uploads\/factory-04.webp\"\/><\/p>\n<h3>43 l\u00edneas de extrusi\u00f3n de aluminio (500-5500 toneladas)<\/h3>\n<p><img decoding=\"async\" src=\"\/wp-content\/uploads\/factory-05.webp\"\/><\/p>\n<p><img decoding=\"async\" src=\"\/wp-content\/uploads\/factory-06.webp\"\/><\/p>\n<p><img decoding=\"async\" src=\"\/wp-content\/uploads\/factory-07.webp\"\/><\/p>\n<h3>Taller de pintura en polvo<\/h3>\n<p><img decoding=\"async\" src=\"\/wp-content\/uploads\/factory-09.webp\"\/><\/p>\n<h3>Taller de anodizado<\/h3>\n<p><img decoding=\"async\" src=\"\/wp-content\/uploads\/factory-10.webp\"\/><\/p>\n<h3>Taller de procesamiento profundo<\/h3>\n<p><img decoding=\"async\" src=\"\/wp-content\/uploads\/factory-11.webp\"\/><\/p>\n<h3>Taller de mecanizado de precisi\u00f3n CNC<\/h3>\n<p><img decoding=\"async\" src=\"\/wp-content\/uploads\/factory-11.5.webp\"\/><\/p>\n<h3>Almac\u00e9n de productos acabados y de exportaci\u00f3n<\/h3>\n<p><img decoding=\"async\" src=\"\/wp-content\/uploads\/factory-12.webp\"\/><\/p>\n<p><img decoding=\"async\" src=\"\/wp-content\/uploads\/factory-13.webp\"\/><\/p>\n<p><img decoding=\"async\" src=\"\/wp-content\/uploads\/factory-14.webp\"\/><\/p>\n<h2>PREGUNTAS FRECUENTES<\/h2>\n<p><p><b>1.\u00bfPara qu\u00e9 se utilizan los perfiles de canal de extrusi\u00f3n de aluminio?<\/b><\/p>\n<p>Los perfiles de canal de extrusi\u00f3n de aluminio se utilizan ampliamente en la construcci\u00f3n, enmarcado, carcasas de LED y aplicaciones arquitect\u00f3nicas debido a su resistencia y versatilidad.<br \/>\n<\/p><br \/>\n<br \/>\n<p><b>2.\u00bfCu\u00e1les son las principales ventajas de los perfiles de canal de extrusi\u00f3n de aluminio?<\/b><\/p>\n<p>Los perfiles de canal de aluminio ofrecen durabilidad ligera, resistencia a la corrosi\u00f3n y facilidad de instalaci\u00f3n, lo que los hace ideales para usos estructurales y decorativos.<br \/>\n<\/p><br \/>\n<br \/>\n<p><b>3. \u00bfPor qu\u00e9 elegir la extrusi\u00f3n de aluminio en lugar de otros materiales para los perfiles de canal?<\/b><\/p>\n<p>La extrusi\u00f3n de aluminio proporciona una forma consistente, una alta relaci\u00f3n resistencia-peso y una excelente maquinabilidad en comparaci\u00f3n con las alternativas de acero o pl\u00e1stico.<br \/>\n<\/p><br \/>\n<br \/>\n<p><b>4.\u00bfSe pueden personalizar los perfiles de canal de extrusi\u00f3n de aluminio?<\/b><\/p>\n<p>S\u00ed, los perfiles de canal de aluminio pueden personalizarse en anchura, profundidad, grosor de pared y acabado superficial para adaptarse a los requisitos espec\u00edficos de cada proyecto.<br \/>\n<\/p><br \/>\n<br \/>\n<p><b>5.\u00bfQu\u00e9 acabados superficiales hay disponibles para los perfiles canal de aluminio?<\/b><\/p>\n<p>Entre los acabados m\u00e1s comunes se encuentran el anodizado, el recubrimiento en polvo y el acabado de fresado, que mejoran el aspecto, la protecci\u00f3n contra la corrosi\u00f3n y la resistencia al desgaste.<br \/>\n<\/p><br \/>\n<br \/>\n<p><b>6.\u00bfSon adecuados los perfiles canal de aluminio para su uso en exteriores?<\/b><\/p>\n<p>S\u00ed, los perfiles de canal de extrusi\u00f3n de aluminio con acabados anodizados o recubiertos ofrecen una excelente resistencia a la intemperie y a los rayos UV para aplicaciones exteriores.<br \/>\n<\/p><br \/>\n<br \/>\n<p><b>7.\u00bfC\u00f3mo contribuyen los perfiles canal de aluminio al dise\u00f1o y la construcci\u00f3n modernos?<\/b><\/p>\n<p>Los canales de extrusi\u00f3n de aluminio proporcionan l\u00edneas elegantes, soporte estructural y opciones de dise\u00f1o flexibles, lo que los hace ideales para elementos de construcci\u00f3n tanto funcionales como est\u00e9ticos.<br \/>\n<\/p><br \/><\/p>","protected":false},"featured_media":6311,"template":"","categories":[60],"class_list":["post-6312","product","type-product","status-publish","has-post-thumbnail","hentry","category-general-tubes-and-bars"],"meta_box":{"hilight_text_group":{"product_hilight_text":"<li>Precision-extruded for consistent dimensions and structural integrity<\/li>\r\r\n<li>Available in a wide range of sizes and channel types<\/li>\r\r\n<li>Lightweight, durable, and easy to machine or fabricate<\/li>\r\r\n<li>Surface options include anodizing, powder coating, and mill finish<\/li>\r\r\n<li>Ideal for construction, framing, and industrial assembly applications<\/li>","product_chanpin_chanpin":"<li><a href=\"https:\/\/sinoextrud.com\/product\/extruded-aluminum-pipe\/\" target=\"_blank\">Extruded Aluminum Pipe<\/a><\/li>\r\n<li><a href=\"https:\/\/sinoextrud.com\/product\/large-diameter-aluminum-pipe-for-sale\/\" target=\"_blank\">Large Diameter Aluminum Pipe For Sale<\/a><\/li>\r\n<li><a href=\"https:\/\/sinoextrud.com\/product\/aluminum-oval-tubing-with-competitive-price\/\" target=\"_blank\">Aluminum Oval Tubing With Competitive Price<\/a><\/li>\r\n<li><a href=\"https:\/\/sinoextrud.com\/product\/anodized-aluminum-alloy-pipe-supplier\/\" target=\"_blank\">Anodized Aluminum Alloy Pipe Supplier<\/a><\/li>\r\n<li><a href=\"https:\/\/sinoextrud.com\/product\/aluminium-extrusion-channel-profiles\/\" target=\"_blank\">Aluminium Extrusion Channel Profiles<\/a><\/li>\r\n<li><a href=\"https:\/\/sinoextrud.com\/product\/round-aluminum-extrusion-profiles\/\" target=\"_blank\">Round Aluminum Extrusion Profiles<\/a><\/li>\r\n<li><a href=\"https:\/\/sinoextrud.com\/product\/extruded-aluminum-stock-shapes\/\" target=\"_blank\">Extruded Aluminum Stock Shapes<\/a><\/li>\r\n<li><a href=\"https:\/\/sinoextrud.com\/product\/aluminium-tube-profiles\/\" target=\"_blank\">Aluminium Tube Profiles<\/a><\/li>\r\n<li><a href=\"https:\/\/sinoextrud.com\/product\/aluminum-rectangular-extrusion\/\" target=\"_blank\">Aluminum Rectangular Extrusion<\/a><\/li>\r\n<li><a href=\"https:\/\/sinoextrud.com\/product\/aluminium-profile-lock\/\" target=\"_blank\">Aluminium Profile Lock<\/a><\/li>\r\n<li><a href=\"https:\/\/sinoextrud.com\/product\/eco-friendly-water-borne-fluorocarbon-spraying-decorative-aluminum-profile-for-outdoor-project\/\" target=\"_blank\">ECO-Friendly Water-borne Fluorocarbon Spraying Decorative Aluminum Profile For Outdoor Project<\/a><\/li>"},"feature_list":[]},"_links":{"self":[{"href":"https:\/\/sinoextrud.com\/es\/wp-json\/wp\/v2\/product\/6312","targetHints":{"allow":["GET"]}}],"collection":[{"href":"https:\/\/sinoextrud.com\/es\/wp-json\/wp\/v2\/product"}],"about":[{"href":"https:\/\/sinoextrud.com\/es\/wp-json\/wp\/v2\/types\/product"}],"wp:featuredmedia":[{"embeddable":true,"href":"https:\/\/sinoextrud.com\/es\/wp-json\/wp\/v2\/media\/6311"}],"wp:attachment":[{"href":"https:\/\/sinoextrud.com\/es\/wp-json\/wp\/v2\/media?parent=6312"}],"wp:term":[{"taxonomy":"category","embeddable":true,"href":"https:\/\/sinoextrud.com\/es\/wp-json\/wp\/v2\/categories?post=6312"}],"curies":[{"name":"wp","href":"https:\/\/api.w.org\/{rel}","templated":true}]}}