{"id":6310,"date":"2025-05-26T09:40:17","date_gmt":"2025-05-26T09:40:17","guid":{"rendered":"https:\/\/sinoextrud.com\/product\/anodized-aluminum-alloy-pipe-supplier\/"},"modified":"2025-06-24T06:10:40","modified_gmt":"2025-06-24T06:10:40","slug":"proveedor-de-tubos-de-aleacion-de-aluminio-anodizado","status":"publish","type":"product","link":"https:\/\/sinoextrud.com\/es\/product\/anodized-aluminum-alloy-pipe-supplier\/","title":{"rendered":"Proveedor de tubos de aleaci\u00f3n de aluminio anodizado"},"content":{"rendered":"<h2>Productos<\/h2>\n<table class=\"custom-table\">\n<tr>\n<td class=\"label\">Art\u00edculo:<\/td>\n<td> Tubo de aleaci\u00f3n de aluminio anodizado<\/td>\n<\/tr>\n<tr>\n<td class=\"label\">Temperamento:<\/td>\n<td> T3-T8<\/td>\n<\/tr>\n<tr>\n<td class=\"label\">Tipo:<\/td>\n<td> Perfiles de aluminio Extrusi\u00f3n<\/td>\n<\/tr>\n<tr>\n<td class=\"label\">Aleaci\u00f3n:<\/td>\n<td> Aleaci\u00f3n<\/td>\n<\/tr>\n<tr>\n<td class=\"label\">Grado:<\/td>\n<td> Serie 6000<\/td>\n<\/tr>\n<tr>\n<td class=\"label\">Longitud:<\/td>\n<td> 1-9 metros o personalizado<\/td>\n<\/tr>\n<tr>\n<td class=\"label\">Tama\u00f1o:<\/td>\n<td> A medida<\/td>\n<\/tr>\n<tr>\n<td class=\"label\">Acabado superficial:<\/td>\n<td> Anodizado<\/td>\n<\/tr>\n<tr>\n<td class=\"label\">Control de calidad:<\/td>\n<td> 100% Inspecci\u00f3n antes del env\u00edo<\/td>\n<\/tr>\n<tr>\n<td class=\"label\">Especificaci\u00f3n:<\/td>\n<td> ISO9001, ISO14001<\/td>\n<\/tr>\n<tr>\n<td class=\"label\">Origen:<\/td>\n<td> Foshan, China<\/td>\n<\/tr>\n<tr>\n<td class=\"label\">Marca registrada:<\/td>\n<td> Sinoextrud(Sinoextrud)\/ OEM<\/td>\n<\/tr>\n<tr>\n<td class=\"label\">Tipo:<\/td>\n<td> Perfil de aluminio para puertas y ventanas, Perfil de aluminio para decoraci\u00f3n, Tubo de aleaci\u00f3n de aluminio anodizado, Perfil de aluminio para disipadores de calor, Perfil de aluminio para paredes de vidrio, Perfil de aluminio industrial, Tubo de aluminio veteado de madera, Tubo de aluminio anodizado<\/td>\n<\/tr>\n<\/table>\n<h2>Nuestra base de fabricaci\u00f3n<\/h2>\n<h3>Panorama de la f\u00e1brica<\/h3>\n<p><img decoding=\"async\" src=\"\/wp-content\/uploads\/factory-01.webp\"\/><\/p>\n<h3>Taller de fabricaci\u00f3n de barras de aluminio<\/h3>\n<p><img decoding=\"async\" src=\"\/wp-content\/uploads\/factory-02.webp\"\/><\/p>\n<p><img decoding=\"async\" src=\"\/wp-content\/uploads\/factory-03.webp\"\/><\/p>\n<h3>Almac\u00e9n de moldes<\/h3>\n<p><img decoding=\"async\" src=\"\/wp-content\/uploads\/factory-04.webp\"\/><\/p>\n<h3>43 L\u00c3neas de extrusi\u00c3\u00b3n de aluminio (500\u00e2\u20ac\"5500 toneladas)<\/h3>\n<p><img decoding=\"async\" src=\"\/wp-content\/uploads\/factory-05.webp\"\/><\/p>\n<p><img decoding=\"async\" src=\"\/wp-content\/uploads\/factory-06.webp\"\/><\/p>\n<p><img decoding=\"async\" src=\"\/wp-content\/uploads\/factory-07.webp\"\/><\/p>\n<h3>Taller de pintura en polvo<\/h3>\n<p><img decoding=\"async\" src=\"\/wp-content\/uploads\/factory-09.webp\"\/><\/p>\n<h3>Taller de anodizado<\/h3>\n<p><img decoding=\"async\" src=\"\/wp-content\/uploads\/factory-10.webp\"\/><\/p>\n<h3>Taller de procesamiento profundo<\/h3>\n<p><img decoding=\"async\" src=\"\/wp-content\/uploads\/factory-11.webp\"\/><\/p>\n<h3>Taller de mecanizado de precisi\u00f3n CNC<\/h3>\n<p><img decoding=\"async\" src=\"\/wp-content\/uploads\/factory-11.5.webp\"\/><\/p>\n<h3>Almac\u00e9n de productos acabados y de exportaci\u00f3n<\/h3>\n<p><img decoding=\"async\" src=\"\/wp-content\/uploads\/factory-12.webp\"\/><\/p>\n<p><img decoding=\"async\" src=\"\/wp-content\/uploads\/factory-13.webp\"\/><\/p>\n<p><img decoding=\"async\" src=\"\/wp-content\/uploads\/factory-14.webp\"\/><\/p>\n<h2>PREGUNTAS FRECUENTES<\/h2>\n<p><p><b>1. \u00bfQu\u00e9 ofrece un proveedor de tubos de aleaci\u00f3n de aluminio anodizado?<\/b><\/p>\n<p>Un proveedor de tubos de aleaci\u00f3n de aluminio anodizado proporciona tubos de alta calidad con mayor resistencia a la corrosi\u00f3n, durabilidad y acabado superficial adecuados para uso industrial y arquitect\u00f3nico.<br \/>\n<\/p><br \/>\n<br \/>\n<p><b>2.\u00bfCu\u00e1les son las ventajas de los tubos de aleaci\u00f3n de aluminio anodizado?<\/b><\/p>\n<p>Los tubos de aleaci\u00f3n de aluminio anodizado ofrecen una protecci\u00f3n superior contra la corrosi\u00f3n, una mayor dureza superficial y un acabado atractivo y duradero.<br \/>\n<\/p><br \/>\n<br \/>\n<p><b>3.\u00bfPor qu\u00e9 elegir tubos de aluminio anodizado en lugar de opciones no anodizadas?<\/b><\/p>\n<p>Los tubos de aluminio anodizado tienen una capa protectora de \u00f3xido que resiste la corrosi\u00f3n, el desgaste y los da\u00f1os causados por los rayos UV, lo que los hace m\u00e1s duraderos en entornos dif\u00edciles.<br \/>\n<\/p><br \/>\n<br \/>\n<p><b>4.\u00bfSe pueden personalizar los tubos de aleaci\u00f3n de aluminio anodizado?<\/b><\/p>\n<p>S\u00ed, los proveedores ofrecen opciones personalizables en cuanto al grado de aleaci\u00f3n, las dimensiones de los tubos, el grosor de las paredes y el color del anodizado para satisfacer los requisitos espec\u00edficos de cada proyecto.<br \/>\n<\/p><br \/>\n<br \/>\n<p><b>5.\u00bfQu\u00e9 industrias utilizan tubos de aleaci\u00f3n de aluminio anodizado?<\/b><\/p>\n<p>Industrias como la construcci\u00f3n, el transporte, la n\u00e1utica y el mobiliario utilizan habitualmente tubos de aluminio anodizado por su resistencia ligera y su acabado est\u00e9tico.<br \/>\n<\/p><br \/>\n<br \/>\n<p><b>6.\u00bfC\u00f3mo mejora el anodizado el rendimiento de los tubos de aluminio?<\/b><\/p>\n<p>El anodizado crea una capa de \u00f3xido dura y no conductora que mejora la resistencia a la corrosi\u00f3n, la protecci\u00f3n contra el desgaste y la adherencia de revestimientos o adhesivos.<br \/>\n<\/p><br \/>\n<br \/>\n<p><b>7. \u00bfD\u00f3nde puedo encontrar un proveedor fiable de tubos de aleaci\u00f3n de aluminio anodizado?<\/b><\/p>\n<p>Los proveedores de tubos de aluminio anodizado de renombre ofrecen certificaciones de calidad, precios competitivos y servicios de fabricaci\u00f3n a medida para clientes de todo el mundo.<br \/>\n<\/p><br \/><\/p>","protected":false},"featured_media":6309,"template":"","categories":[60],"class_list":["post-6310","product","type-product","status-publish","has-post-thumbnail","hentry","category-general-tubes-and-bars"],"meta_box":{"hilight_text_group":{"product_hilight_text":"<li>Specialized in supplying anodized aluminum alloy pipes with high durability<\/li>\r\r\n<li>Enhanced corrosion resistance and surface hardness through anodizing<\/li>\r\r\n<li>Available in various alloys, sizes, and colors for diverse applications<\/li>\r\r\n<li>Stable bulk supply with consistent quality and on-time delivery<\/li>\r\r\n<li>Supports OEM services and customized specifications<\/li>","product_chanpin_chanpin":"<li><a href=\"https:\/\/sinoextrud.com\/product\/professional-aluminium-tubing\/\" target=\"_blank\">Professional Aluminium Tubing<\/a><\/li>\r\n<li><a href=\"https:\/\/sinoextrud.com\/product\/extruded-aluminum-pipe\/\" target=\"_blank\">Extruded Aluminum Pipe<\/a><\/li>\r\n<li><a href=\"https:\/\/sinoextrud.com\/product\/large-diameter-aluminum-pipe-for-sale\/\" target=\"_blank\">Large Diameter Aluminum Pipe For Sale<\/a><\/li>\r\n<li><a href=\"https:\/\/sinoextrud.com\/product\/aluminum-oval-tubing-with-competitive-price\/\" target=\"_blank\">Aluminum Oval Tubing With Competitive Price<\/a><\/li>\r\n<li><a href=\"https:\/\/sinoextrud.com\/product\/anodized-aluminum-alloy-pipe-supplier\/\" target=\"_blank\">Anodized Aluminum Alloy Pipe Supplier<\/a><\/li>\r\n<li><a href=\"https:\/\/sinoextrud.com\/product\/aluminium-extrusion-channel-profiles\/\" target=\"_blank\">Aluminium Extrusion Channel Profiles<\/a><\/li>\r\n<li><a href=\"https:\/\/sinoextrud.com\/product\/round-aluminum-extrusion-profiles\/\" target=\"_blank\">Round Aluminum Extrusion Profiles<\/a><\/li>\r\n<li><a href=\"https:\/\/sinoextrud.com\/product\/extruded-aluminum-stock-shapes\/\" target=\"_blank\">Extruded Aluminum Stock Shapes<\/a><\/li>\r\n<li><a href=\"https:\/\/sinoextrud.com\/product\/aluminium-tube-profiles\/\" target=\"_blank\">Aluminium Tube Profiles<\/a><\/li>\r\n<li><a href=\"https:\/\/sinoextrud.com\/product\/t-slot-aluminium-profile\/\" target=\"_blank\">T Slot Aluminium Profile<\/a><\/li>\r\n<li><a href=\"https:\/\/sinoextrud.com\/product\/round-aluminum-extrusion-architeture-fabrication\/\" target=\"_blank\">Round Aluminum Extrusion Architeture Fabrication<\/a><\/li>"},"feature_list":[]},"_links":{"self":[{"href":"https:\/\/sinoextrud.com\/es\/wp-json\/wp\/v2\/product\/6310","targetHints":{"allow":["GET"]}}],"collection":[{"href":"https:\/\/sinoextrud.com\/es\/wp-json\/wp\/v2\/product"}],"about":[{"href":"https:\/\/sinoextrud.com\/es\/wp-json\/wp\/v2\/types\/product"}],"wp:featuredmedia":[{"embeddable":true,"href":"https:\/\/sinoextrud.com\/es\/wp-json\/wp\/v2\/media\/6309"}],"wp:attachment":[{"href":"https:\/\/sinoextrud.com\/es\/wp-json\/wp\/v2\/media?parent=6310"}],"wp:term":[{"taxonomy":"category","embeddable":true,"href":"https:\/\/sinoextrud.com\/es\/wp-json\/wp\/v2\/categories?post=6310"}],"curies":[{"name":"wp","href":"https:\/\/api.w.org\/{rel}","templated":true}]}}