{"id":6308,"date":"2025-05-26T09:38:20","date_gmt":"2025-05-26T09:38:20","guid":{"rendered":"https:\/\/sinoextrud.com\/product\/aluminum-oval-tubing-with-competitive-price\/"},"modified":"2025-06-24T06:10:40","modified_gmt":"2025-06-24T06:10:40","slug":"tubo-oval-de-aluminio-con-precio-competitivo","status":"publish","type":"product","link":"https:\/\/sinoextrud.com\/es\/product\/aluminum-oval-tubing-with-competitive-price\/","title":{"rendered":"Tubo oval de aluminio con precio competitivo"},"content":{"rendered":"<h2>Productos<\/h2>\n<table class=\"custom-table\">\n<tr>\n<td class=\"label\">Art\u00edculo<\/td>\n<td>Tubo oval de aluminio con precio competitivo<\/td>\n<\/tr>\n<tr>\n<td class=\"label\">Material<\/td>\n<td>Aleaci\u00f3n 6063 T5<\/td>\n<\/tr>\n<tr>\n<td class=\"label\">Aplicaci\u00f3n<\/td>\n<td>Tubo oval de aluminio para la construcci\u00f3n<\/td>\n<\/tr>\n<tr>\n<td class=\"label\">Certificado<\/td>\n<td>ISO9001, ISO14001<\/td>\n<\/tr>\n<tr>\n<td class=\"label\">Capacidad<\/td>\n<td>Producci\u00f3n anual de m\u00e1s de 60.000 toneladas<\/td>\n<\/tr>\n<tr>\n<td class=\"label\">Color<\/td>\n<td>Disponible a medida<\/td>\n<\/tr>\n<tr>\n<td class=\"label\">Longitud<\/td>\n<td>1-9 metros o personalizado<\/td>\n<\/tr>\n<tr>\n<td class=\"label\">Espesor<\/td>\n<td>Personalizado<\/td>\n<\/tr>\n<tr>\n<td class=\"label\">Acabado superficial<\/td>\n<td>acabado de fresado, anodizado, recubrimiento en polvo, transferencia de grano de madera, revestimiento, etc.<\/td>\n<\/tr>\n<tr>\n<td class=\"label\">Aplicaci\u00f3n<\/td>\n<td>secci\u00f3n de puerta y ventana,barandilla,muro cortina<br \/>Carga , Puerto de Foshan<\/td>\n<\/tr>\n<tr>\n<td class=\"label\">Pago<\/td>\n<td>T\/T, 30% anticipo mientras que el saldo se pagar\u00e1 antes de la entrega<\/td>\n<\/tr>\n<tr>\n<td class=\"label\">Paquete<\/td>\n<td>1.Interior: embalado con pel\u00edcula protectora de pl\u00e1stico para proteger cada perfil.<br \/>2.Exterior: embalado con papel craft impermeable<\/td>\n<\/tr>\n<tr>\n<td class=\"label\">Entrega<\/td>\n<td>25-30 d\u00edas despu\u00e9s del pago inicial<\/td>\n<\/tr>\n<tr>\n<td class=\"label\">Secuencia de pedidos<\/td>\n<td>1. Confirme los planos, el tratamiento superficial y el precio;<br \/>2. Pague el importe del molde y empezaremos a fabricar los moldes;<br \/>3. Le enviamos muestras para su confirmaci\u00f3n;<br \/>4. Realizar el pago del dep\u00f3sito 30%, iniciar la producci\u00f3n;<\/td>\n<\/tr>\n<\/table>\n<h2>Nuestra base de fabricaci\u00f3n<\/h2>\n<h3>Panorama de la f\u00e1brica<\/h3>\n<p><img decoding=\"async\" src=\"\/wp-content\/uploads\/factory-01.webp\"\/><\/p>\n<h3>Taller de fabricaci\u00f3n de barras de aluminio<\/h3>\n<p><img decoding=\"async\" src=\"\/wp-content\/uploads\/factory-02.webp\"\/><\/p>\n<p><img decoding=\"async\" src=\"\/wp-content\/uploads\/factory-03.webp\"\/><\/p>\n<h3>Almac\u00e9n de moldes<\/h3>\n<p><img decoding=\"async\" src=\"\/wp-content\/uploads\/factory-04.webp\"\/><\/p>\n<h3>43 L\u00c3neas de extrusi\u00c3\u00b3n de aluminio (500\u00e2\u20ac\"5500 toneladas)<\/h3>\n<p><img decoding=\"async\" src=\"\/wp-content\/uploads\/factory-05.webp\"\/><\/p>\n<p><img decoding=\"async\" src=\"\/wp-content\/uploads\/factory-06.webp\"\/><\/p>\n<p><img decoding=\"async\" src=\"\/wp-content\/uploads\/factory-07.webp\"\/><\/p>\n<h3>Taller de pintura en polvo<\/h3>\n<p><img decoding=\"async\" src=\"\/wp-content\/uploads\/factory-09.webp\"\/><\/p>\n<h3>Taller de anodizado<\/h3>\n<p><img decoding=\"async\" src=\"\/wp-content\/uploads\/factory-10.webp\"\/><\/p>\n<h3>Taller de procesamiento profundo<\/h3>\n<p><img decoding=\"async\" src=\"\/wp-content\/uploads\/factory-11.webp\"\/><\/p>\n<h3>Taller de mecanizado de precisi\u00f3n CNC<\/h3>\n<p><img decoding=\"async\" src=\"\/wp-content\/uploads\/factory-11.5.webp\"\/><\/p>\n<h3>Almac\u00e9n de productos acabados y de exportaci\u00f3n<\/h3>\n<p><img decoding=\"async\" src=\"\/wp-content\/uploads\/factory-12.webp\"\/><\/p>\n<p><img decoding=\"async\" src=\"\/wp-content\/uploads\/factory-13.webp\"\/><\/p>\n<p><img decoding=\"async\" src=\"\/wp-content\/uploads\/factory-14.webp\"\/><\/p>\n<h2>PREGUNTAS FRECUENTES<\/h2>\n<p><p><b>1.\u00bfPara qu\u00e9 se utilizan los tubos ovalados de aluminio?<\/b><\/p>\n<p>Los tubos ovalados de aluminio se utilizan habitualmente en aplicaciones de mobiliario, automoci\u00f3n, n\u00e1utica y arquitectura por su forma \u00fanica, resistencia y ligereza.<br \/>\n<\/p><br \/>\n<br \/>\n<p><b>2.\u00bfCu\u00e1les son las principales ventajas de los tubos ovalados de aluminio con precio competitivo?<\/b><\/p>\n<p>Los tubos ovalados de aluminio ofrecen un excelente equilibrio entre solidez, resistencia a la corrosi\u00f3n y rentabilidad, por lo que son ideales tanto para uso funcional como decorativo.<br \/>\n<\/p><br \/>\n<br \/>\n<p><b>3. \u00bfPor qu\u00e9 elegir tubos ovalados de aluminio en lugar de redondos o cuadrados?<\/b><\/p>\n<p>Los tubos ovalados de aluminio ofrecen un aspecto aerodin\u00e1mico mejorado y una est\u00e9tica estilizada, por lo que son id\u00f3neos para proyectos de dise\u00f1o moderno y de alto rendimiento.<br \/>\n<\/p><br \/>\n<br \/>\n<p><b>4.\u00bfHay tubos ovalados de aluminio disponibles a un precio competitivo?<\/b><\/p>\n<p>S\u00ed, muchos proveedores ofrecen tubos ovalados de aluminio a precios competitivos, manteniendo al mismo tiempo est\u00e1ndares de alta calidad y opciones personalizables.<br \/>\n<\/p><br \/>\n<br \/>\n<p><b>5.\u00bfPueden personalizarse los tubos ovalados de aluminio para aplicaciones espec\u00edficas?<\/b><\/p>\n<p>S\u00ed, los tubos ovalados de aluminio pueden adaptarse en cuanto a tama\u00f1o, grosor de pared, aleaci\u00f3n y acabado superficial para satisfacer requisitos espec\u00edficos de ingenier\u00eda o dise\u00f1o.<br \/>\n<\/p><br \/>\n<br \/>\n<p><b>6.\u00bfQu\u00e9 acabados superficiales hay disponibles para los tubos ovalados de aluminio?<\/b><\/p>\n<p>Entre los acabados m\u00e1s comunes se encuentran el anodizado, el recubrimiento en polvo y el acabado de fresado, que mejoran la resistencia a la corrosi\u00f3n, la durabilidad y el atractivo visual.<br \/>\n<\/p><br \/>\n<br \/>\n<p><b>7.\u00bfLos tubos ovalados de aluminio son aptos para ambientes exteriores o marinos?<\/b><\/p>\n<p>S\u00ed, los tubos ovalados de aluminio son muy resistentes al \u00f3xido y a la intemperie, por lo que son ideales para uso exterior y marino con un rendimiento duradero.<br \/>\n<\/p><br \/><\/p>","protected":false},"featured_media":6307,"template":"","categories":[60],"class_list":["post-6308","product","type-product","status-publish","has-post-thumbnail","hentry","category-general-tubes-and-bars"],"meta_box":{"hilight_text_group":{"product_hilight_text":"<li>Unique oval shape ideal for decorative and structural applications<\/li>\r\r\n<li>Lightweight with good strength and corrosion resistance<\/li>\r\r\n<li>Offered at competitive prices for cost-effective solutions<\/li>\r\r\n<li>Available in various sizes, finishes, and wall thicknesses<\/li>\r\r\n<li>Supports OEM customization and bulk supply<\/li>","product_chanpin_chanpin":"<li><a href=\"https:\/\/sinoextrud.com\/product\/aluminum-irrigation-pipe-for-sale\/\" target=\"_blank\">Aluminum Irrigation Pipe For Sale<\/a><\/li>\r\n<li><a href=\"https:\/\/sinoextrud.com\/product\/professional-aluminium-tubing\/\" target=\"_blank\">Professional Aluminium Tubing<\/a><\/li>\r\n<li><a href=\"https:\/\/sinoextrud.com\/product\/extruded-aluminum-pipe\/\" target=\"_blank\">Extruded Aluminum Pipe<\/a><\/li>\r\n<li><a href=\"https:\/\/sinoextrud.com\/product\/large-diameter-aluminum-pipe-for-sale\/\" target=\"_blank\">Large Diameter Aluminum Pipe For Sale<\/a><\/li>\r\n<li><a href=\"https:\/\/sinoextrud.com\/product\/aluminum-oval-tubing-with-competitive-price\/\" target=\"_blank\">Aluminum Oval Tubing With Competitive Price<\/a><\/li>\r\n<li><a href=\"https:\/\/sinoextrud.com\/product\/anodized-aluminum-alloy-pipe-supplier\/\" target=\"_blank\">Anodized Aluminum Alloy Pipe Supplier<\/a><\/li>\r\n<li><a href=\"https:\/\/sinoextrud.com\/product\/aluminium-extrusion-channel-profiles\/\" target=\"_blank\">Aluminium Extrusion Channel Profiles<\/a><\/li>\r\n<li><a href=\"https:\/\/sinoextrud.com\/product\/round-aluminum-extrusion-profiles\/\" target=\"_blank\">Round Aluminum Extrusion Profiles<\/a><\/li>\r\n<li><a href=\"https:\/\/sinoextrud.com\/product\/extruded-aluminum-stock-shapes\/\" target=\"_blank\">Extruded Aluminum Stock Shapes<\/a><\/li>\r\n<li><a href=\"https:\/\/sinoextrud.com\/product\/thick-wall-large-diameter-aluminium-pipe\/\" target=\"_blank\">Thick Wall Large Diameter Aluminium Pipe<\/a><\/li>\r\n<li><a href=\"https:\/\/sinoextrud.com\/product\/aluminum-profile-t-slot-led-frame\/\" target=\"_blank\">Aluminum Profile T Slot Led Frame<\/a><\/li>"},"feature_list":[]},"_links":{"self":[{"href":"https:\/\/sinoextrud.com\/es\/wp-json\/wp\/v2\/product\/6308","targetHints":{"allow":["GET"]}}],"collection":[{"href":"https:\/\/sinoextrud.com\/es\/wp-json\/wp\/v2\/product"}],"about":[{"href":"https:\/\/sinoextrud.com\/es\/wp-json\/wp\/v2\/types\/product"}],"wp:featuredmedia":[{"embeddable":true,"href":"https:\/\/sinoextrud.com\/es\/wp-json\/wp\/v2\/media\/6307"}],"wp:attachment":[{"href":"https:\/\/sinoextrud.com\/es\/wp-json\/wp\/v2\/media?parent=6308"}],"wp:term":[{"taxonomy":"category","embeddable":true,"href":"https:\/\/sinoextrud.com\/es\/wp-json\/wp\/v2\/categories?post=6308"}],"curies":[{"name":"wp","href":"https:\/\/api.w.org\/{rel}","templated":true}]}}