{"id":6302,"date":"2025-05-26T09:22:52","date_gmt":"2025-05-26T09:22:52","guid":{"rendered":"https:\/\/sinoextrud.com\/product\/professional-aluminium-tubing\/"},"modified":"2025-06-24T06:10:40","modified_gmt":"2025-06-24T06:10:40","slug":"tubo-de-aluminio-profesional","status":"publish","type":"product","link":"https:\/\/sinoextrud.com\/es\/product\/professional-aluminium-tubing\/","title":{"rendered":"Tubos de aluminio profesionales"},"content":{"rendered":"<h2>Productos<\/h2>\n<table class=\"custom-table\">\n<tr>\n<td class=\"label\">Marca<\/td>\n<td>China Sinoextrud<\/td>\n<\/tr>\n<tr>\n<td class=\"label\">Tipo de producto<\/td>\n<td>tubos de aluminio profesionales, tubos de aluminio profesionales<\/td>\n<\/tr>\n<tr>\n<td class=\"label\">Aplicaciones<\/td>\n<td>Todas las industrias<\/td>\n<\/tr>\n<tr>\n<td class=\"label\">Moho<\/td>\n<td>M\u00e1s de 30.000 moldes de perfiles de aluminio en stock<\/td>\n<\/tr>\n<tr>\n<td class=\"label\">Grado<\/td>\n<td>Aleaci\u00f3n de aluminio serie 6000<\/td>\n<\/tr>\n<tr>\n<td class=\"label\">Temple<\/td>\n<td>T3-T8<\/td>\n<\/tr>\n<tr>\n<td class=\"label\">Servicios<\/td>\n<td>al por mayor\/OEM\/ODM. Fabricaci\u00f3n a medida de alta precisi\u00f3n CNC<\/td>\n<\/tr>\n<tr>\n<td class=\"label\">Formas<\/td>\n<td>redonda, media ca\u00f1a, cuarto de ca\u00f1a, ovalada, cuadrada, rectangular, triangular, etc. Puede personalizar varias formas.<\/td>\n<\/tr>\n<tr>\n<td class=\"label\">Dimensiones<\/td>\n<td>seg\u00fan nuestras necesidades<\/td>\n<\/tr>\n<tr>\n<td class=\"label\">Tolerancia<\/td>\n<td>perfil de aluminio com\u00fan: \u00b10,1 mm<br \/>perfil de aluminio de alta precisi\u00f3n: \u00b10,03 mm<br \/>Puede obtener una muestra para comprobar su precisi\u00f3n.<\/td>\n<\/tr>\n<tr>\n<td class=\"label\">Tratamiento de superficies<\/td>\n<td>anodizado, recubrimiento en polvo, pulido, cepillado, chorro de arena, grano de madera, recubrimiento de PVDF, recubrimiento de fluorocarbono, electroforesis, etc.<\/td>\n<\/tr>\n<tr>\n<td class=\"label\">Certificaciones oficiales<\/td>\n<td>ISO 9001, ISO 14001, CE , TUV , SGS, ROHS; certificaci\u00f3n de materiales BV; superaci\u00f3n de la norma nacional GB5237-2017<\/td>\n<\/tr>\n<tr>\n<td class=\"label\">Equipamiento profesional<\/td>\n<td>(1) una f\u00e1brica con una superficie superior a 100.000 metros cuadrados<br \/>(2) veinticinco equipos avanzados de extrusi\u00f3n de aluminio (de 600 a 2500 toneladas)<br \/>(3) dos equipos de chorro de arena<br \/>(4) dos l\u00edneas de producci\u00f3n de anodizado (Jap\u00f3n)<br \/>(5) dos l\u00edneas de producci\u00f3n de revestimiento electrofor\u00e9tico (Corea)<br \/>(6) dos l\u00edneas de producci\u00f3n de revestimiento en polvo (Alemania)<br \/>(7) una l\u00ednea de producci\u00f3n de granos de madera (Corea)<br \/>(8) seis equipos profesionales de mecanizado CNC<br \/>(9) ocho l\u00edneas de producci\u00f3n de ahorro energ\u00e9tico y aislamiento t\u00e9rmico (Suiza)<br \/>(10) dos talleres de fundici\u00f3n y moldeado de barras de aluminio con una producci\u00f3n de 80.000 toneladas<\/td>\n<\/tr>\n<tr>\n<td class=\"label\">Ventajas del producto<\/td>\n<td>capaz de producir perfiles de aluminio supergrandes de m\u00e1s de 300 mm.<\/td>\n<\/tr>\n<\/table>\n<h2>Nuestra base de fabricaci\u00f3n<\/h2>\n<h3>Panorama de la f\u00e1brica<\/h3>\n<p><img decoding=\"async\" src=\"\/wp-content\/uploads\/factory-01.webp\"\/><\/p>\n<h3>Taller de fabricaci\u00f3n de barras de aluminio<\/h3>\n<p><img decoding=\"async\" src=\"\/wp-content\/uploads\/factory-02.webp\"\/><\/p>\n<p><img decoding=\"async\" src=\"\/wp-content\/uploads\/factory-03.webp\"\/><\/p>\n<h3>Almac\u00e9n de moldes<\/h3>\n<p><img decoding=\"async\" src=\"\/wp-content\/uploads\/factory-04.webp\"\/><\/p>\n<h3>43 l\u00edneas de extrusi\u00f3n de aluminio (500-5500 toneladas)<\/h3>\n<p><img decoding=\"async\" src=\"\/wp-content\/uploads\/factory-05.webp\"\/><\/p>\n<p><img decoding=\"async\" src=\"\/wp-content\/uploads\/factory-06.webp\"\/><\/p>\n<p><img decoding=\"async\" src=\"\/wp-content\/uploads\/factory-07.webp\"\/><\/p>\n<h3>Taller de pintura en polvo<\/h3>\n<p><img decoding=\"async\" src=\"\/wp-content\/uploads\/factory-09.webp\"\/><\/p>\n<h3>Taller de anodizado<\/h3>\n<p><img decoding=\"async\" src=\"\/wp-content\/uploads\/factory-10.webp\"\/><\/p>\n<h3>Taller de procesamiento profundo<\/h3>\n<p><img decoding=\"async\" src=\"\/wp-content\/uploads\/factory-11.webp\"\/><\/p>\n<h3>Taller de mecanizado de precisi\u00f3n CNC<\/h3>\n<p><img decoding=\"async\" src=\"\/wp-content\/uploads\/factory-11.5.webp\"\/><\/p>\n<h3>Almac\u00e9n de productos acabados y de exportaci\u00f3n<\/h3>\n<p><img decoding=\"async\" src=\"\/wp-content\/uploads\/factory-12.webp\"\/><\/p>\n<p><img decoding=\"async\" src=\"\/wp-content\/uploads\/factory-13.webp\"\/><\/p>\n<p><img decoding=\"async\" src=\"\/wp-content\/uploads\/factory-14.webp\"\/><\/p>\n<h2>PREGUNTAS FRECUENTES<\/h2>\n<p><p><b>1. \u00bfPara qu\u00e9 se utilizan los tubos de aluminio profesionales?<\/b><\/p>\n<p>Los tubos de aluminio profesionales se utilizan ampliamente en sectores como la construcci\u00f3n, la automoci\u00f3n, la industria aeroespacial y la climatizaci\u00f3n por su resistencia, ligereza y versatilidad.<br \/>\n<\/p><br \/>\n<br \/>\n<p><b>2.\u00bfCu\u00e1les son las principales ventajas de los tubos de aluminio profesionales?<\/b><\/p>\n<p>Los tubos de aluminio profesionales ofrecen una elevada relaci\u00f3n resistencia-peso, resistencia a la corrosi\u00f3n, conductividad t\u00e9rmica y facilidad de fabricaci\u00f3n.<br \/>\n<\/p><br \/>\n<br \/>\n<p><b>3. \u00bfPor qu\u00e9 elegir tubos de aluminio profesionales en lugar de tubos est\u00e1ndar?<\/b><\/p>\n<p>Los tubos de aluminio profesionales garantizan una mayor calidad, tolerancias m\u00e1s estrictas y un rendimiento constante para aplicaciones industriales y comerciales exigentes.<br \/>\n<\/p><br \/>\n<br \/>\n<p><b>4.\u00bfPueden personalizarse los tubos de aluminio profesionales?<\/b><\/p>\n<p>S\u00ed, los tubos de aluminio pueden personalizarse en cuanto a di\u00e1metro, grosor de pared, longitud y acabado superficial para satisfacer los requisitos espec\u00edficos de cada proyecto.<br \/>\n<\/p><br \/>\n<br \/>\n<p><b>5.\u00bfQu\u00e9 acabados superficiales hay disponibles para los tubos de aluminio profesionales?<\/b><\/p>\n<p>Entre los acabados m\u00e1s comunes se encuentran el anodizado, el recubrimiento en polvo y el acabado de fresado, que mejoran la durabilidad, la resistencia a la corrosi\u00f3n y el atractivo est\u00e9tico.<br \/>\n<\/p><br \/>\n<br \/>\n<p><b>6.\u00bfLos tubos de aluminio profesionales son aptos para su uso en exteriores?<\/b><\/p>\n<p>S\u00ed, los tubos de aluminio son resistentes por naturaleza a la corrosi\u00f3n y pueden soportar condiciones clim\u00e1ticas adversas, por lo que son ideales para entornos exteriores y marinos.<br \/>\n<\/p><br \/>\n<br \/>\n<p><b>7.\u00bfC\u00f3mo contribuye la tuber\u00eda profesional de aluminio a la ingenier\u00eda sostenible?<\/b><\/p>\n<p>El aluminio es 100% reciclable y su producci\u00f3n es eficiente desde el punto de vista energ\u00e9tico, lo que convierte a los tubos de aluminio profesionales en una soluci\u00f3n ecol\u00f3gica para las necesidades de la ingenier\u00eda moderna.<br \/>\n<\/p><br \/><\/p>","protected":false},"featured_media":6301,"template":"","categories":[60],"class_list":["post-6302","product","type-product","status-publish","has-post-thumbnail","hentry","category-general-tubes-and-bars"],"meta_box":{"hilight_text_group":{"product_hilight_text":"<li>Engineered for high performance in industrial and commercial applications<\/li>\r\r\n<li>Precision manufacturing ensures tight tolerances and smooth finishes<\/li>\r\r\n<li>Excellent strength-to-weight ratio for structural efficiency<\/li>\r\r\n<li>Corrosion-resistant and suitable for harsh environments<\/li>\r\r\n<li>Custom lengths, diameters, and alloys available to meet project needs<\/li>","product_chanpin_chanpin":"<li><a href=\"https:\/\/sinoextrud.com\/product\/extruded-aluminium-profile-for-triangle-and-rectangle-pipe-with-6063-alloy-anodized-mill-finish-surface\/\" target=\"_blank\">Extruded Aluminium Profile For Triangle And Rectangle Pipe With 6063 Alloy Anodized Mill Finish Surface<\/a><\/li>\r\n<li><a href=\"https:\/\/sinoextrud.com\/product\/aluminium-hollow-tube\/\" target=\"_blank\">Aluminium Hollow Tube<\/a><\/li>\r\n<li><a href=\"https:\/\/sinoextrud.com\/product\/customized-6063-extruded-aluminum-flat-bar\/\" target=\"_blank\">Customized 6063 Extruded Aluminum Flat Bar<\/a><\/li>\r\n<li><a href=\"https:\/\/sinoextrud.com\/product\/aluminum-irrigation-pipe-for-sale\/\" target=\"_blank\">Aluminum Irrigation Pipe For Sale<\/a><\/li>\r\n<li><a href=\"https:\/\/sinoextrud.com\/product\/professional-aluminium-tubing\/\" target=\"_blank\">Professional Aluminium Tubing<\/a><\/li>\r\n<li><a href=\"https:\/\/sinoextrud.com\/product\/extruded-aluminum-pipe\/\" target=\"_blank\">Extruded Aluminum Pipe<\/a><\/li>\r\n<li><a href=\"https:\/\/sinoextrud.com\/product\/large-diameter-aluminum-pipe-for-sale\/\" target=\"_blank\">Large Diameter Aluminum Pipe For Sale<\/a><\/li>\r\n<li><a href=\"https:\/\/sinoextrud.com\/product\/aluminum-oval-tubing-with-competitive-price\/\" target=\"_blank\">Aluminum Oval Tubing With Competitive Price<\/a><\/li>\r\n<li><a href=\"https:\/\/sinoextrud.com\/product\/anodized-aluminum-alloy-pipe-supplier\/\" target=\"_blank\">Anodized Aluminum Alloy Pipe Supplier<\/a><\/li>\r\n<li><a href=\"https:\/\/sinoextrud.com\/product\/anodizing-aluminum-picture-photo-frame-brushed-aluminium-frame-for-home-decoration\/\" target=\"_blank\">Anodizing Aluminum Picture Photo Frame Brushed Aluminium Frame For Home Decoration<\/a><\/li>\r\n<li><a href=\"https:\/\/sinoextrud.com\/product\/machined-aluminium-profiles-for-windows-and-doors\/\" target=\"_blank\">Machined Aluminium Profiles For Windows And Doors<\/a><\/li>"},"feature_list":[]},"_links":{"self":[{"href":"https:\/\/sinoextrud.com\/es\/wp-json\/wp\/v2\/product\/6302","targetHints":{"allow":["GET"]}}],"collection":[{"href":"https:\/\/sinoextrud.com\/es\/wp-json\/wp\/v2\/product"}],"about":[{"href":"https:\/\/sinoextrud.com\/es\/wp-json\/wp\/v2\/types\/product"}],"wp:featuredmedia":[{"embeddable":true,"href":"https:\/\/sinoextrud.com\/es\/wp-json\/wp\/v2\/media\/6301"}],"wp:attachment":[{"href":"https:\/\/sinoextrud.com\/es\/wp-json\/wp\/v2\/media?parent=6302"}],"wp:term":[{"taxonomy":"category","embeddable":true,"href":"https:\/\/sinoextrud.com\/es\/wp-json\/wp\/v2\/categories?post=6302"}],"curies":[{"name":"wp","href":"https:\/\/api.w.org\/{rel}","templated":true}]}}