{"id":6298,"date":"2025-05-26T09:16:03","date_gmt":"2025-05-26T09:16:03","guid":{"rendered":"https:\/\/sinoextrud.com\/product\/customized-6063-extruded-aluminum-flat-bar\/"},"modified":"2025-06-24T06:10:37","modified_gmt":"2025-06-24T06:10:37","slug":"barra-plana-de-aluminio-extruido-6063-personalizada","status":"publish","type":"product","link":"https:\/\/sinoextrud.com\/es\/product\/customized-6063-extruded-aluminum-flat-bar\/","title":{"rendered":"Barra plana de aluminio extruido 6063 personalizada"},"content":{"rendered":"<h2>Productos<\/h2>\n<table class=\"custom-table\">\n<tr>\n<td class=\"label\">Art\u00edculo<\/td>\n<td>Barra plana de aluminio extruido 6063 personalizada<\/td>\n<\/tr>\n<tr>\n<td class=\"label\">Material<\/td>\n<td>Aleaci\u00f3n 6063, 6061 o a elecci\u00f3n del cliente<\/td>\n<\/tr>\n<tr>\n<td class=\"label\">Temple<\/td>\n<td>T3, T4, T5, T6<\/td>\n<\/tr>\n<tr>\n<td class=\"label\">Superficie<\/td>\n<td>Anodizado (transparente, satinado, bronce, negro, dorado, plateado, otros multicolores) , electroforesis, recubrimiento en polvo, recubrimiento de PVDF, pintura de vetas de madera, etc.<\/td>\n<\/tr>\n<tr>\n<td class=\"label\">MOQ<\/td>\n<td>200kgs. Normalmente 12 toneladas para un contenedor de 20 pies; 24 toneladas para un contenedor de 40 pies.<\/td>\n<\/tr>\n<tr>\n<td class=\"label\">Tipo de perfil<\/td>\n<td>Industria Perfil de aluminio utilizado en coches, trenes, maquinaria, remolques, electr\u00f3nica, medicina y otros campos industriales.<\/td>\n<\/tr>\n<tr>\n<td class=\"label\">Mecanizado<\/td>\n<td>1. Fresado; 2. Taladrado; 3. Doblado; 4. Corte ...<\/td>\n<\/tr>\n<tr>\n<td class=\"label\">Moldeado<\/td>\n<td>1. Usando nuestros moldes, libre; 2. Usando el dibujo del cliente, la tarifa del molde de la abertura necesita ser pagada.<\/td>\n<\/tr>\n<tr>\n<td class=\"label\">Certificado<\/td>\n<td>ISO14001:2004, ISO9001:2000<\/td>\n<\/tr>\n<\/table>\n<h2>Nuestra base de fabricaci\u00f3n<\/h2>\n<h3>Panorama de la f\u00e1brica<\/h3>\n<p><img decoding=\"async\" src=\"\/wp-content\/uploads\/factory-01.webp\"\/><\/p>\n<h3>Taller de fabricaci\u00f3n de barras de aluminio<\/h3>\n<p><img decoding=\"async\" src=\"\/wp-content\/uploads\/factory-02.webp\"\/><\/p>\n<\/p>\n<p><img decoding=\"async\" src=\"\/wp-content\/uploads\/factory-03.webp\"\/><\/p>\n<h3>Almac\u00e9n de moldes<\/h3>\n<p><img decoding=\"async\" src=\"\/wp-content\/uploads\/factory-04.webp\"\/><\/p>\n<h3>43 l\u00edneas de extrusi\u00f3n de aluminio (500-5500 toneladas)<\/h3>\n<p><img decoding=\"async\" src=\"\/wp-content\/uploads\/factory-05.webp\"\/><\/p>\n<p><img decoding=\"async\" src=\"\/wp-content\/uploads\/factory-06.webp\"\/><\/p>\n<p><img decoding=\"async\" src=\"\/wp-content\/uploads\/factory-07.webp\"\/><\/p>\n<h3>Taller de pintura en polvo<\/h3>\n<p><img decoding=\"async\" src=\"\/wp-content\/uploads\/factory-09.webp\"\/><\/p>\n<h3>Taller de anodizado<\/h3>\n<p><img decoding=\"async\" src=\"\/wp-content\/uploads\/factory-10.webp\"\/><\/p>\n<h3>Taller de procesamiento profundo<\/h3>\n<p><img decoding=\"async\" src=\"\/wp-content\/uploads\/factory-11.webp\"\/><\/p>\n<h3>Taller de mecanizado de precisi\u00f3n CNC<\/h3>\n<p><img decoding=\"async\" src=\"\/wp-content\/uploads\/factory-11.5.webp\"\/><\/p>\n<h3>Almac\u00e9n de productos acabados y de exportaci\u00f3n<\/h3>\n<p><img decoding=\"async\" src=\"\/wp-content\/uploads\/factory-12.webp\"\/><\/p>\n<p><img decoding=\"async\" src=\"\/wp-content\/uploads\/factory-13.webp\"\/><\/p>\n<p><img decoding=\"async\" src=\"\/wp-content\/uploads\/factory-14.webp\"\/><\/p>\n<h2>PREGUNTAS FRECUENTES<\/h2>\n<p><b>1. \u00bfPara qu\u00e9 se utiliza la barra plana de aluminio extruido 6063 personalizada?<\/b><\/p>\n<p>Las barras planas de aluminio extruido 6063 personalizadas se utilizan en aplicaciones de construcci\u00f3n, enmarcado, maquinaria y decoraci\u00f3n debido a su resistencia, conformabilidad y aspecto elegante.\n<\/p>\n<p><\/p>\n<p><b>2.\u00bfCu\u00e1les son las ventajas de utilizar la aleaci\u00f3n 6063 en las barras planas de aluminio?<\/b><\/p>\n<p>La aleaci\u00f3n de aluminio 6063 ofrece una excelente resistencia a la corrosi\u00f3n, un buen acabado superficial y una gran trabajabilidad, por lo que resulta ideal para aplicaciones arquitect\u00f3nicas y estructurales.\n<\/p>\n<p><\/p>\n<p><b>3. \u00bfPor qu\u00e9 elegir una barra plana de aluminio personalizada?<\/b><\/p>\n<p>Las pletinas de aluminio personalizadas permiten un control preciso de las dimensiones, tolerancias y tratamientos superficiales, garantizando la compatibilidad con los requisitos espec\u00edficos del proyecto.\n<\/p>\n<p><\/p>\n<p><b>4.\u00bfQu\u00e9 acabados superficiales hay disponibles para las pletinas de aluminio extruido 6063?<\/b><\/p>\n<p>Entre los acabados superficiales m\u00e1s habituales se encuentran el anodizado, el fresado y el recubrimiento en polvo, que mejoran la durabilidad, la protecci\u00f3n contra la corrosi\u00f3n y el atractivo visual.\n<\/p>\n<p><\/p>\n<p><b>5.\u00bfSon adecuadas las barras planas de aluminio extruido 6063 para su uso en exteriores?<\/b><\/p>\n<p>S\u00ed, con un tratamiento superficial adecuado, las pletinas de aluminio extruido 6063 son muy resistentes a la intemperie, lo que las hace ideales para aplicaciones exteriores.\n<\/p>\n<p><\/p>\n<p><b>6.\u00bfC\u00f3mo mejora la extrusi\u00f3n el rendimiento de las pletinas de aluminio?<\/b><\/p>\n<p>La extrusi\u00f3n garantiza una secci\u00f3n transversal uniforme, una superficie lisa y resistencia estructural, lo que mejora el rendimiento de la barra plana y facilita su fabricaci\u00f3n.\n<\/p>\n<p><\/p>\n<p><b>7. \u00bfEs la barra plana de aluminio extruido 6063 respetuosa con el medio ambiente?<\/b><\/p>\n<p>S\u00ed, el aluminio es totalmente reciclable y eficiente desde el punto de vista energ\u00e9tico, lo que convierte a las barras planas extruidas 6063 en una opci\u00f3n sostenible para proyectos con conciencia ecol\u00f3gica.\n<\/p>\n<p><\/p>","protected":false},"featured_media":6297,"template":"","categories":[60],"class_list":["post-6298","product","type-product","status-publish","has-post-thumbnail","hentry","category-general-tubes-and-bars"],"meta_box":{"hilight_text_group":{"product_hilight_text":"<li>Manufactured with 6063 alloy for excellent corrosion resistance and formability<\/li>\r\r\n<li>Custom sizes and lengths available to meet specific project requirements<\/li>\r\r\n<li>Ideal for framing, support structures, and decorative applications<\/li>\r\r\n<li>Smooth surface finish suitable for anodizing and powder coating<\/li>\r\r\n<li>High dimensional accuracy ensures easy machining and assembly<\/li>","product_chanpin_chanpin":"<li><a href=\"https:\/\/sinoextrud.com\/product\/round-aluminium-profile\/\" target=\"_blank\">Round Aluminium Profile<\/a><\/li>\r\n<li><a href=\"https:\/\/sinoextrud.com\/product\/aluminium-tube\/\" target=\"_blank\">Aluminium Tube<\/a><\/li>\r\n<li><a href=\"https:\/\/sinoextrud.com\/product\/extruded-aluminium-profile-for-triangle-and-rectangle-pipe-with-6063-alloy-anodized-mill-finish-surface\/\" target=\"_blank\">Extruded Aluminium Profile For Triangle And Rectangle Pipe With 6063 Alloy Anodized Mill Finish Surface<\/a><\/li>\r\n<li><a href=\"https:\/\/sinoextrud.com\/product\/aluminium-hollow-tube\/\" target=\"_blank\">Aluminium Hollow Tube<\/a><\/li>\r\n<li><a href=\"https:\/\/sinoextrud.com\/product\/customized-6063-extruded-aluminum-flat-bar\/\" target=\"_blank\">Customized 6063 Extruded Aluminum Flat Bar<\/a><\/li>\r\n<li><a href=\"https:\/\/sinoextrud.com\/product\/aluminum-irrigation-pipe-for-sale\/\" target=\"_blank\">Aluminum Irrigation Pipe For Sale<\/a><\/li>\r\n<li><a href=\"https:\/\/sinoextrud.com\/product\/professional-aluminium-tubing\/\" target=\"_blank\">Professional Aluminium Tubing<\/a><\/li>\r\n<li><a href=\"https:\/\/sinoextrud.com\/product\/extruded-aluminum-pipe\/\" target=\"_blank\">Extruded Aluminum Pipe<\/a><\/li>\r\n<li><a href=\"https:\/\/sinoextrud.com\/product\/large-diameter-aluminum-pipe-for-sale\/\" target=\"_blank\">Large Diameter Aluminum Pipe For Sale<\/a><\/li>\r\n<li><a href=\"https:\/\/sinoextrud.com\/product\/extruded-aluminium-window-frames\/\" target=\"_blank\">Extruded Aluminium Window Frames<\/a><\/li>\r\n<li><a href=\"https:\/\/sinoextrud.com\/product\/triangular-aluminium-extrusion\/\" target=\"_blank\">Triangular Aluminium Extrusion<\/a><\/li>"},"feature_list":[]},"_links":{"self":[{"href":"https:\/\/sinoextrud.com\/es\/wp-json\/wp\/v2\/product\/6298","targetHints":{"allow":["GET"]}}],"collection":[{"href":"https:\/\/sinoextrud.com\/es\/wp-json\/wp\/v2\/product"}],"about":[{"href":"https:\/\/sinoextrud.com\/es\/wp-json\/wp\/v2\/types\/product"}],"wp:featuredmedia":[{"embeddable":true,"href":"https:\/\/sinoextrud.com\/es\/wp-json\/wp\/v2\/media\/6297"}],"wp:attachment":[{"href":"https:\/\/sinoextrud.com\/es\/wp-json\/wp\/v2\/media?parent=6298"}],"wp:term":[{"taxonomy":"category","embeddable":true,"href":"https:\/\/sinoextrud.com\/es\/wp-json\/wp\/v2\/categories?post=6298"}],"curies":[{"name":"wp","href":"https:\/\/api.w.org\/{rel}","templated":true}]}}