{"id":6296,"date":"2025-05-26T09:11:12","date_gmt":"2025-05-26T09:11:12","guid":{"rendered":"https:\/\/sinoextrud.com\/product\/aluminium-hollow-tube\/"},"modified":"2025-06-24T06:10:37","modified_gmt":"2025-06-24T06:10:37","slug":"tubo-hueco-de-aluminio","status":"publish","type":"product","link":"https:\/\/sinoextrud.com\/es\/product\/aluminium-hollow-tube\/","title":{"rendered":"Tubo hueco de aluminio"},"content":{"rendered":"<h2>Productos<\/h2>\n<table class=\"custom-table\">\n<tr>\n<td class=\"label\">Art\u00edculo:<\/td>\n<td>Tubo hueco de aluminio, Tubo redondo hueco de aluminio, Tubo cuadrado hueco de aluminio, Tubo rectangular hueco de aluminio, Tubo triangular hueco de aluminio<\/td>\n<\/tr>\n<tr>\n<td class=\"label\">Material:<\/td>\n<td>Perfil de aluminio 100%<\/td>\n<\/tr>\n<tr>\n<td class=\"label\">aleaci\u00f3n:<\/td>\n<td>6063-T5,6061-T6,6463-T5,6082etc<\/td>\n<\/tr>\n<tr>\n<td class=\"label\">Tama\u00f1o:<\/td>\n<td>1m-9m o tama\u00f1o personalizado<\/td>\n<\/tr>\n<tr>\n<td class=\"label\">Aplicaci\u00f3n:<\/td>\n<td>Muebles, ventanas y puertas, decoraci\u00f3n, industria, construcci\u00f3n, etc.<\/td>\n<\/tr>\n<tr>\n<td class=\"label\">Colores:<\/td>\n<td>Anodizado, grano de madera, recubrimiento en polvo, anodizado pulido y cepillado, electroforesis, recubrimiento en polvo de flurocarbono, etc.<\/td>\n<\/tr>\n<tr>\n<td class=\"label\">MOQ:<\/td>\n<td>200KG para cada perfil<\/td>\n<\/tr>\n<tr>\n<td class=\"label\">Servicio OEM:<\/td>\n<td>a partir de planos o muestras dise\u00f1ados por el cliente<\/td>\n<\/tr>\n<tr>\n<td class=\"label\">Certificaci\u00f3n disponible:<\/td>\n<td>ISO:9001, SONCAP, Certificado BV o certificado del cliente disponible<\/td>\n<\/tr>\n<tr>\n<td class=\"label\">Detalles del embalaje:<\/td>\n<td>(1)Interior : embalado con pel\u00edcula protectora de pl\u00e1stico para proteger cada perfil.<br \/>(2)Exterior: embalado con papel craft impermeable<\/td>\n<\/tr>\n<tr>\n<td class=\"label\">Plazo de entrega:<\/td>\n<td>(1) Desarrollo de matrices y prueba de muestras: 12-18 d\u00edas<br \/>(1)Duraci\u00f3n de la producci\u00f3n: 20-25 d\u00edas despu\u00e9s de que el comprador confirme la muestra<\/td>\n<\/tr>\n<tr>\n<td class=\"label\">Condiciones de pago:<\/td>\n<td>T\/T, 30% anticipo mientras que el saldo se pagar\u00e1 antes de la entrega<\/td>\n<\/tr>\n<tr>\n<td class=\"label\">Plazo de liquidaci\u00f3n:<\/td>\n<td>El pago final se basar\u00e1 en el peso f\u00edsico real final<\/td>\n<\/tr>\n<tr>\n<td class=\"label\">Garant\u00eda de producci\u00f3n<\/td>\n<td>El color de la superficie puede durar entre 10 y 20 a\u00f1os en interiores.<\/td>\n<\/tr>\n<tr>\n<td class=\"label\">Puerto:<\/td>\n<td>Para Shenzhen, Guangzhou, Foshan<\/td>\n<\/tr>\n<\/table>\n<h2>Nuestra base de fabricaci\u00f3n<\/h2>\n<h3>Panorama de la f\u00e1brica<\/h3>\n<p><img decoding=\"async\" src=\"\/wp-content\/uploads\/factory-01.webp\"\/><\/p>\n<h3>Taller de fabricaci\u00f3n de barras de aluminio<\/h3>\n<p><img decoding=\"async\" src=\"\/wp-content\/uploads\/factory-02.webp\"\/><\/p>\n<\/p>\n<p><img decoding=\"async\" src=\"\/wp-content\/uploads\/factory-03.webp\"\/><\/p>\n<h3>Almac\u00e9n de moldes<\/h3>\n<p><img decoding=\"async\" src=\"\/wp-content\/uploads\/factory-04.webp\"\/><\/p>\n<h3>43 L\u00c3neas de extrusi\u00c3\u00b3n de aluminio (500\u00e2\u20ac\"5500 toneladas)<\/h3>\n<p><img decoding=\"async\" src=\"\/wp-content\/uploads\/factory-05.webp\"\/><\/p>\n<p><img decoding=\"async\" src=\"\/wp-content\/uploads\/factory-06.webp\"\/><\/p>\n<p><img decoding=\"async\" src=\"\/wp-content\/uploads\/factory-07.webp\"\/><\/p>\n<h3>Taller de pintura en polvo<\/h3>\n<p><img decoding=\"async\" src=\"\/wp-content\/uploads\/factory-09.webp\"\/><\/p>\n<h3>Taller de anodizado<\/h3>\n<p><img decoding=\"async\" src=\"\/wp-content\/uploads\/factory-10.webp\"\/><\/p>\n<h3>Taller de procesamiento profundo<\/h3>\n<p><img decoding=\"async\" src=\"\/wp-content\/uploads\/factory-11.webp\"\/><\/p>\n<h3>Taller de mecanizado de precisi\u00f3n CNC<\/h3>\n<p><img decoding=\"async\" src=\"\/wp-content\/uploads\/factory-11.5.webp\"\/><\/p>\n<h3>Almac\u00e9n de productos acabados y de exportaci\u00f3n<\/h3>\n<p><img decoding=\"async\" src=\"\/wp-content\/uploads\/factory-12.webp\"\/><\/p>\n<p><img decoding=\"async\" src=\"\/wp-content\/uploads\/factory-13.webp\"\/><\/p>\n<p><img decoding=\"async\" src=\"\/wp-content\/uploads\/factory-14.webp\"\/><\/p>\n<h2>PREGUNTAS FRECUENTES<\/h2>\n<p><b>1.\u00bfPara qu\u00e9 sirve un tubo hueco de aluminio?<\/b><\/p>\n<p>Los tubos huecos de aluminio se utilizan mucho en la construcci\u00f3n, la automoci\u00f3n, el mobiliario y la industria aeroespacial por su ligereza y eficacia estructural.\n<\/p>\n<p><\/p>\n<p><b>2.\u00bfCu\u00e1les son las principales ventajas de los tubos huecos de aluminio?<\/b><\/p>\n<p>Los tubos huecos de aluminio ofrecen una elevada relaci\u00f3n resistencia-peso, resistencia a la corrosi\u00f3n y facilidad de mecanizado, lo que los hace ideales para aplicaciones funcionales y decorativas.\n<\/p>\n<p><\/p>\n<p><b>3. \u00bfPor qu\u00e9 elegir tubos huecos de aluminio en lugar de barras macizas?<\/b><\/p>\n<p>Los tubos huecos de aluminio proporcionan una resistencia similar con menos material, lo que reduce el peso y el coste al tiempo que mantiene la integridad estructural.\n<\/p>\n<p><\/p>\n<p><b>4.\u00bfSe pueden personalizar los tubos huecos de aluminio?<\/b><\/p>\n<p>S\u00ed, los tubos huecos de aluminio pueden adaptarse en di\u00e1metro, grosor de pared, longitud y acabado superficial para satisfacer necesidades espec\u00edficas de dise\u00f1o e ingenier\u00eda.\n<\/p>\n<p><\/p>\n<p><b>5.\u00bfQu\u00e9 acabados superficiales hay disponibles para los tubos huecos de aluminio?<\/b><\/p>\n<p>Los acabados m\u00e1s comunes son el anodizado, el recubrimiento en polvo y el acabado de fresado, que mejoran la resistencia a la corrosi\u00f3n y el atractivo visual.\n<\/p>\n<p><\/p>\n<p><b>6.\u00bfSon adecuados los tubos huecos de aluminio para su uso en exteriores?<\/b><\/p>\n<p>S\u00ed, los tubos huecos de aluminio son muy resistentes a la intemperie y a la oxidaci\u00f3n, lo que los convierte en una opci\u00f3n excelente para exteriores y entornos marinos.\n<\/p>\n<p><\/p>\n<p><b>7.\u00bfC\u00f3mo contribuyen los tubos huecos de aluminio a una construcci\u00f3n respetuosa con el medio ambiente?<\/b><\/p>\n<p>El aluminio es 100% reciclable y su producci\u00f3n es eficiente desde el punto de vista energ\u00e9tico, lo que convierte a los tubos huecos de aluminio en una opci\u00f3n sostenible para los proyectos de construcci\u00f3n ecol\u00f3gica.\n<\/p>\n<p><\/p>","protected":false},"featured_media":6295,"template":"","categories":[60],"class_list":["post-6296","product","type-product","status-publish","has-post-thumbnail","hentry","category-general-tubes-and-bars"],"meta_box":{"hilight_text_group":{"product_hilight_text":"<li>Lightweight hollow design reduces material cost and overall weight<\/li>\r\r\n<li>High strength-to-weight ratio suitable for structural applications<\/li>\r\r\n<li>Excellent corrosion resistance for indoor and outdoor use<\/li>\r\r\n<li>Available in various diameters, wall thicknesses, and lengths<\/li>\r\r\n<li>Supports custom fabrication, surface treatment, and bulk orders<\/li>","product_chanpin_chanpin":"<li><a href=\"https:\/\/sinoextrud.com\/product\/aluminium-curtain-guide-rail\/\" target=\"_blank\">Aluminium Curtain Guide Rail<\/a><\/li>\r\n<li><a href=\"https:\/\/sinoextrud.com\/product\/round-aluminium-profile\/\" target=\"_blank\">Round Aluminium Profile<\/a><\/li>\r\n<li><a href=\"https:\/\/sinoextrud.com\/product\/aluminium-tube\/\" target=\"_blank\">Aluminium Tube<\/a><\/li>\r\n<li><a href=\"https:\/\/sinoextrud.com\/product\/extruded-aluminium-profile-for-triangle-and-rectangle-pipe-with-6063-alloy-anodized-mill-finish-surface\/\" target=\"_blank\">Extruded Aluminium Profile For Triangle And Rectangle Pipe With 6063 Alloy Anodized Mill Finish Surface<\/a><\/li>\r\n<li><a href=\"https:\/\/sinoextrud.com\/product\/aluminium-hollow-tube\/\" target=\"_blank\">Aluminium Hollow Tube<\/a><\/li>\r\n<li><a href=\"https:\/\/sinoextrud.com\/product\/customized-6063-extruded-aluminum-flat-bar\/\" target=\"_blank\">Customized 6063 Extruded Aluminum Flat Bar<\/a><\/li>\r\n<li><a href=\"https:\/\/sinoextrud.com\/product\/aluminum-irrigation-pipe-for-sale\/\" target=\"_blank\">Aluminum Irrigation Pipe For Sale<\/a><\/li>\r\n<li><a href=\"https:\/\/sinoextrud.com\/product\/professional-aluminium-tubing\/\" target=\"_blank\">Professional Aluminium Tubing<\/a><\/li>\r\n<li><a href=\"https:\/\/sinoextrud.com\/product\/extruded-aluminum-pipe\/\" target=\"_blank\">Extruded Aluminum Pipe<\/a><\/li>\r\n<li><a href=\"https:\/\/sinoextrud.com\/product\/pvdf-aluminum-extrusion-curtain-wall-profile\/\" target=\"_blank\">PVDF Aluminum Extrusion Curtain Wall Profile<\/a><\/li>\r\n<li><a href=\"https:\/\/sinoextrud.com\/product\/t-section-aluminium-extrusion\/\" target=\"_blank\">T Section Aluminium Extrusion<\/a><\/li>"},"feature_list":[]},"_links":{"self":[{"href":"https:\/\/sinoextrud.com\/es\/wp-json\/wp\/v2\/product\/6296","targetHints":{"allow":["GET"]}}],"collection":[{"href":"https:\/\/sinoextrud.com\/es\/wp-json\/wp\/v2\/product"}],"about":[{"href":"https:\/\/sinoextrud.com\/es\/wp-json\/wp\/v2\/types\/product"}],"wp:featuredmedia":[{"embeddable":true,"href":"https:\/\/sinoextrud.com\/es\/wp-json\/wp\/v2\/media\/6295"}],"wp:attachment":[{"href":"https:\/\/sinoextrud.com\/es\/wp-json\/wp\/v2\/media?parent=6296"}],"wp:term":[{"taxonomy":"category","embeddable":true,"href":"https:\/\/sinoextrud.com\/es\/wp-json\/wp\/v2\/categories?post=6296"}],"curies":[{"name":"wp","href":"https:\/\/api.w.org\/{rel}","templated":true}]}}