{"id":6286,"date":"2025-05-26T08:58:23","date_gmt":"2025-05-26T08:58:23","guid":{"rendered":"https:\/\/sinoextrud.com\/product\/round-aluminium-profile\/"},"modified":"2025-06-24T04:00:18","modified_gmt":"2025-06-24T04:00:18","slug":"perfil-redondo-de-aluminio","status":"publish","type":"product","link":"https:\/\/sinoextrud.com\/es\/product\/round-aluminium-profile\/","title":{"rendered":"Perfil de aluminio redondo"},"content":{"rendered":"<h2>Productos<\/h2>\n<table class=\"custom-table\">\n<tr>\n<td class=\"label\">Art\u00edculo<\/td>\n<td>Perfil de aluminio redondo<\/td>\n<\/tr>\n<tr>\n<td class=\"label\">Temple<\/td>\n<td>T5-T8<\/td>\n<\/tr>\n<tr>\n<td class=\"label\">Flujo de procesos<\/td>\n<td>Desarrollo de moldes-Palanquillas de aluminio-Calentamiento-Moldeo con aluminio bruto-Recubrimiento de polvo anodizado<\/td>\n<\/tr>\n<tr>\n<td class=\"label\">Caracter\u00edstica<\/td>\n<td>1.L\u00edneas finas limpias y bonitas en la superficie.<\/td>\n<\/tr>\n<tr>\n<td class=\"label\">Aplicaci\u00f3n<\/td>\n<td>Industrial, Construcci\u00f3n<\/td>\n<\/tr>\n<tr>\n<td class=\"label\">Forma<\/td>\n<td>Personalizaci\u00f3n, Solided<\/td>\n<\/tr>\n<tr>\n<td class=\"label\">Tratamiento de superficies<\/td>\n<td>Acabado de fresado, anodizado, recubrimiento de potencia, chorro de arena, electroforesis, cepillado, pulido,<\/td>\n<\/tr>\n<tr>\n<td class=\"label\">Color<\/td>\n<td>Plata, negro, oro, Champange,Bronce, rojo, Azul;<br \/>podemos personalizar los colores seg\u00fan las muestras de los clientes<\/td>\n<\/tr>\n<tr>\n<td class=\"label\">Tratamiento en profundidad<\/td>\n<td>Corte, taladrado, mecanizado, punzonado, plegado, roscado, etc.<\/td>\n<\/tr>\n<tr>\n<td class=\"label\">Garant\u00eda<\/td>\n<td>ISO:9001, SONCAP , Certificado BV, TUV, SGS, o certificado del cliente Disponible<\/td>\n<\/tr>\n<tr>\n<td class=\"label\">MOQ<\/td>\n<td>200KG<\/td>\n<\/tr>\n<tr>\n<td class=\"label\">Plazo de entrega<\/td>\n<td>El desarrollo del molde y la conformaci\u00f3n de la muestra es de 12-15 d\u00edas, luego la duraci\u00f3n de la producci\u00f3n es de 15-25 d\u00edas despu\u00e9s de la recepci\u00f3n del dep\u00f3sito del comprador.<\/td>\n<\/tr>\n<tr>\n<td class=\"label\">Muestra gratuita<\/td>\n<td>1-3 d\u00edas se puede enviar<\/td>\n<\/tr>\n<\/table>\n<h2>Nuestra base de fabricaci\u00f3n<\/h2>\n<h3>Panorama de la f\u00e1brica<\/h3>\n<p><img decoding=\"async\" src=\"\/wp-content\/uploads\/factory-01.webp\"\/><\/p>\n<h3>Taller de fabricaci\u00f3n de barras de aluminio<\/h3>\n<p><img decoding=\"async\" src=\"\/wp-content\/uploads\/factory-02.webp\"\/><\/p>\n<p><img decoding=\"async\" src=\"\/wp-content\/uploads\/factory-03.webp\"\/><\/p>\n<h3>Almac\u00e9n de moldes<\/h3>\n<p><img decoding=\"async\" src=\"\/wp-content\/uploads\/factory-04.webp\"\/><\/p>\n<h3>43 l\u00edneas de extrusi\u00f3n de aluminio (500-5500 toneladas)<\/h3>\n<p><img decoding=\"async\" src=\"\/wp-content\/uploads\/factory-05.webp\"\/><\/p>\n<p><img decoding=\"async\" src=\"\/wp-content\/uploads\/factory-06.webp\"\/><\/p>\n<p><img decoding=\"async\" src=\"\/wp-content\/uploads\/factory-07.webp\"\/><\/p>\n<h3>Taller de pintura en polvo<\/h3>\n<p><img decoding=\"async\" src=\"\/wp-content\/uploads\/factory-09.webp\"\/><\/p>\n<h3>Taller de anodizado<\/h3>\n<p><img decoding=\"async\" src=\"\/wp-content\/uploads\/factory-10.webp\"\/><\/p>\n<h3>Taller de procesamiento profundo<\/h3>\n<p><img decoding=\"async\" src=\"\/wp-content\/uploads\/factory-11.webp\"\/><\/p>\n<h3>Taller de mecanizado de precisi\u00f3n CNC<\/h3>\n<p><img decoding=\"async\" src=\"\/wp-content\/uploads\/factory-11.5.webp\"\/><\/p>\n<h3>Almac\u00e9n de productos acabados y de exportaci\u00f3n<\/h3>\n<p><img decoding=\"async\" src=\"\/wp-content\/uploads\/factory-12.webp\"\/><\/p>\n<p><img decoding=\"async\" src=\"\/wp-content\/uploads\/factory-13.webp\"\/><\/p>\n<p><img decoding=\"async\" src=\"\/wp-content\/uploads\/factory-14.webp\"\/><\/p>\n<h2>PREGUNTAS FRECUENTES<\/h2>\n<p><p><b>1.\u00bfPara qu\u00e9 sirve un perfil redondo de aluminio?<\/b><\/p>\n<p>El perfil redondo de aluminio se utiliza habitualmente en la construcci\u00f3n, el mobiliario, la iluminaci\u00f3n y las aplicaciones industriales por su resistencia, forma y versatilidad.<br \/>\n<\/p><br \/>\n<br \/>\n<p><b>2.\u00bfCu\u00e1les son las principales ventajas de los perfiles redondos de aluminio?<\/b><\/p>\n<p>Los perfiles redondos de aluminio ofrecen ligereza, resistencia a la corrosi\u00f3n y facilidad de fabricaci\u00f3n, por lo que son ideales para aplicaciones estructurales y est\u00e9ticas.<br \/>\n<\/p><br \/>\n<br \/>\n<p><b>3.\u00bfPor qu\u00e9 elegir perfiles de aluminio redondos en lugar de otras formas?<\/b><\/p>\n<p>Los perfiles redondos de aluminio proporcionan una mejor aerodin\u00e1mica, una distribuci\u00f3n uniforme de la resistencia y un aspecto limpio y moderno para diversas necesidades de dise\u00f1o.<br \/>\n<\/p><br \/>\n<br \/>\n<p><b>4.\u00bfSe pueden personalizar los perfiles redondos de aluminio?<\/b><\/p>\n<p>S\u00ed, los perfiles redondos de aluminio pueden fabricarse en varios di\u00e1metros, grosores de pared y acabados para satisfacer los requisitos espec\u00edficos de cada aplicaci\u00f3n.<br \/>\n<\/p><br \/>\n<br \/>\n<p><b>5.\u00bfQu\u00e9 tratamientos superficiales existen para los perfiles redondos de aluminio?<\/b><\/p>\n<p>Los tratamientos disponibles incluyen anodizado, recubrimiento en polvo y pulido, que mejoran la resistencia a la corrosi\u00f3n y el aspecto de la superficie.<br \/>\n<\/p><br \/>\n<br \/>\n<p><b>6.\u00bfSon adecuados los perfiles redondos de aluminio para su uso en exteriores?<\/b><\/p>\n<p>S\u00ed, con un tratamiento adecuado de la superficie, los perfiles redondos de aluminio son muy resistentes a la intemperie, la humedad y la exposici\u00f3n a los rayos UV, lo que los hace ideales para entornos exteriores.<br \/>\n<\/p><br \/>\n<br \/>\n<p><b>7.\u00bfC\u00f3mo contribuyen los perfiles redondos de aluminio al dise\u00f1o sostenible?<\/b><\/p>\n<p>El aluminio es 100% reciclable y eficiente desde el punto de vista energ\u00e9tico, y los perfiles redondos reducen el uso de material al tiempo que mantienen la resistencia, lo que favorece una construcci\u00f3n respetuosa con el medio ambiente.<br \/>\n<\/p><br \/><\/p>","protected":false},"featured_media":6285,"template":"","categories":[60],"class_list":["post-6286","product","type-product","status-publish","has-post-thumbnail","hentry","category-general-tubes-and-bars"],"meta_box":{"hilight_text_group":{"product_hilight_text":"<li>High-strength round aluminum profiles suitable for structural applications<\/li>\r\r\n<li>Lightweight and corrosion-resistant, ideal for indoor and outdoor use<\/li>\r\r\n<li>Available in various diameters and wall thicknesses for flexible design<\/li>\r\r\n<li>Supports anodizing, powder coating, and other surface treatments<\/li>\r\r\n<li>Custom cutting and fabrication services available for bulk orders<\/li>","product_chanpin_chanpin":"<li><a href=\"https:\/\/sinoextrud.com\/product\/oem-aluminum-extrusion-profile-for-windows-and-doors\/\" target=\"_blank\">OEM Aluminum Extrusion Profile for Windows and Doors<\/a><\/li>\r\n<li><a href=\"https:\/\/sinoextrud.com\/product\/aluminium-tube-suppliers-offer-extruded-aluminium-square-tube-profile-with-anodized-powder-coating-surface-treatment\/\" target=\"_blank\">Aluminium Tube Suppliers Offer Extruded Aluminium Square Tube Profile With Anodized Powder Coating Surface Treatment<\/a><\/li>\r\n<li><a href=\"https:\/\/sinoextrud.com\/product\/oem-aluminum-channel-tube-and-pipe-extrusions-profile-for-constuction\/\" target=\"_blank\">OEM Aluminum Channel Tube And Pipe Extrusions Profile For Constuction<\/a><\/li>\r\n<li><a href=\"https:\/\/sinoextrud.com\/product\/aluminium-curtain-guide-rail\/\" target=\"_blank\">Aluminium Curtain Guide Rail<\/a><\/li>\r\n<li><a href=\"https:\/\/sinoextrud.com\/product\/round-aluminium-profile\/\" target=\"_blank\">Round Aluminium Profile<\/a><\/li>\r\n<li><a href=\"https:\/\/sinoextrud.com\/product\/aluminium-tube\/\" target=\"_blank\">Aluminium Tube<\/a><\/li>\r\n<li><a href=\"https:\/\/sinoextrud.com\/product\/extruded-aluminium-profile-for-triangle-and-rectangle-pipe-with-6063-alloy-anodized-mill-finish-surface\/\" target=\"_blank\">Extruded Aluminium Profile For Triangle And Rectangle Pipe With 6063 Alloy Anodized Mill Finish Surface<\/a><\/li>\r\n<li><a href=\"https:\/\/sinoextrud.com\/product\/aluminium-hollow-tube\/\" target=\"_blank\">Aluminium Hollow Tube<\/a><\/li>\r\n<li><a href=\"https:\/\/sinoextrud.com\/product\/customized-6063-extruded-aluminum-flat-bar\/\" target=\"_blank\">Customized 6063 Extruded Aluminum Flat Bar<\/a><\/li>\r\n<li><a href=\"https:\/\/sinoextrud.com\/product\/round-aluminium-profile\/\" target=\"_blank\">Round Aluminium Profile<\/a><\/li>\r\n<li><a href=\"https:\/\/sinoextrud.com\/product\/6061-extruded-aluminum\/\" target=\"_blank\">6061 Extruded Aluminum<\/a><\/li>"},"feature_list":[]},"_links":{"self":[{"href":"https:\/\/sinoextrud.com\/es\/wp-json\/wp\/v2\/product\/6286","targetHints":{"allow":["GET"]}}],"collection":[{"href":"https:\/\/sinoextrud.com\/es\/wp-json\/wp\/v2\/product"}],"about":[{"href":"https:\/\/sinoextrud.com\/es\/wp-json\/wp\/v2\/types\/product"}],"wp:featuredmedia":[{"embeddable":true,"href":"https:\/\/sinoextrud.com\/es\/wp-json\/wp\/v2\/media\/6285"}],"wp:attachment":[{"href":"https:\/\/sinoextrud.com\/es\/wp-json\/wp\/v2\/media?parent=6286"}],"wp:term":[{"taxonomy":"category","embeddable":true,"href":"https:\/\/sinoextrud.com\/es\/wp-json\/wp\/v2\/categories?post=6286"}],"curies":[{"name":"wp","href":"https:\/\/api.w.org\/{rel}","templated":true}]}}