{"id":6280,"date":"2025-05-26T08:51:29","date_gmt":"2025-05-26T08:51:29","guid":{"rendered":"https:\/\/sinoextrud.com\/product\/aluminium-tube-suppliers-offer-extruded-aluminium-square-tube-profile-with-anodized-powder-coating-surface-treatment\/"},"modified":"2025-06-24T04:00:00","modified_gmt":"2025-06-24T04:00:00","slug":"proveedores-de-tubos-de-aluminio-ofrecen-perfil-de-tubo-cuadrado-de-aluminio-extruido-con-tratamiento-superficial-de-revestimiento-en-polvo-anodizado","status":"publish","type":"product","link":"https:\/\/sinoextrud.com\/es\/product\/aluminium-tube-suppliers-offer-extruded-aluminium-square-tube-profile-with-anodized-powder-coating-surface-treatment\/","title":{"rendered":"Proveedores de tubos de aluminio ofrecen perfil cuadrado de aluminio extruido con tratamiento de superficie de revestimiento en polvo anodizado"},"content":{"rendered":"<h2>Productos<\/h2>\n<table class=\"custom-table\">\n<tr>\n<td class=\"label\">1. Art\u00edculo<\/td>\n<td>Proveedores de tubos de aluminio ofrecen perfil cuadrado de aluminio extruido con tratamiento de superficie de revestimiento en polvo anodizado<\/td>\n<\/tr>\n<tr>\n<td class=\"label\">2. Formas de secci\u00f3n<\/td>\n<td>I, U, T, C, Z, L, H, cuadrado, redondo, plano, hueco, ranura en T y otras formas complicadas por dise\u00f1o personalizado.<\/td>\n<\/tr>\n<tr>\n<td class=\"label\">3. Tratamiento de superficies<\/td>\n<td>Acabado de fresado\/Anodizado(oxidaci\u00f3n)\/Granallado\/Capa de polvo\/Electroforesis\/Grano de madera<\/td>\n<\/tr>\n<tr>\n<td class=\"label\">4. MOQ<\/td>\n<td>200KG para cada art\u00edculo<\/td>\n<\/tr>\n<tr>\n<td class=\"label\">5. Material<\/td>\n<td>Aleaci\u00f3n 100%: 6063 T5 \/ 6061 T6<\/td>\n<\/tr>\n<tr>\n<td class=\"label\">6. Longitud<\/td>\n<td>Normal=6 m, 1-9 m o personalizado<\/td>\n<\/tr>\n<tr>\n<td class=\"label\">7. Aplicaci\u00f3n<\/td>\n<td>1) - para marcos de puertas y ventanas<br \/>3) - para la construcci\u00f3n de muros cortina de vidrio<br \/>4) - para bastidores de paneles solares, soportes de montaje solar\/techo<br \/>5) - para los equipos de las cadenas de montaje de la industria<br \/>6) - para disipadores t\u00e9rmicos<br \/>7) - para iluminaci\u00f3n LED<br \/>8)- otros por tama\u00f1o y dimensi\u00f3n de dise\u00f1o personalizado<\/td>\n<\/tr>\n<tr>\n<td class=\"label\">8. Servicios<\/td>\n<td>1). Servicio OEM.<br \/>2). Dise\u00f1o seg\u00fan los requisitos de los clientes.<br \/>3). 25 a\u00f1os de experiencia profesional en investigaci\u00f3n, fabricaci\u00f3n<br \/>4). Nuestro moderno centro de procesamiento profundo puede proporcionar mecanizado como corte, punzonado, taladrado, doblado, roscado, etc.<\/td>\n<\/tr>\n<tr>\n<td class=\"label\">9. 9. Control de calidad<\/td>\n<td>Contamos con el m\u00e1s estricto sistema de control de calidad, inspecci\u00f3n 100% antes del env\u00edo<\/td>\n<\/tr>\n<tr>\n<td class=\"label\">10. Proceso<\/td>\n<td>Consulta - Muestra o dibujo CAD (suministrado por los clientes) - Dibujo CAD (nuestra empresa) - Confirmaci\u00f3n del dibujo - Fabricaci\u00f3n del molde - Conformaci\u00f3n de la muestra - Producci\u00f3n en masa - Inspecci\u00f3n<\/td>\n<td>Entrega<br \/>11. Foshan<\/td>\n<\/tr>\n<tr>\n<td class=\"label\">12. Pago<\/td>\n<td>T\/T: 30% para el dep\u00f3sito, el saldo se pagar\u00e1 antes o despu\u00e9s del env\u00edo (o todo depende)<\/td>\n<\/tr>\n<tr>\n<td class=\"label\">13. Detalle del embalaje<\/td>\n<td>En el interior: Embalado con pel\u00edcula de pl\u00e1stico para proteger cada pieza<br \/>Exterior: Envoltura de los paquetes con papel craft impermeable o film EPE. Petici\u00f3n modificada para requisitos particulares disponible<\/td>\n<\/tr>\n<tr>\n<td class=\"label\">14. 14. Plazo de entrega<\/td>\n<td>Desarrollo de troqueles y prueba de muestras: 8-15 d\u00edas<br \/>Producci\u00f3n en serie: 20-25 d\u00edas<\/td>\n<\/tr>\n<\/table>\n<h2>Nuestra base de fabricaci\u00f3n<\/h2>\n<h3>Panorama de la f\u00e1brica<\/h3>\n<p><img decoding=\"async\" src=\"\/wp-content\/uploads\/factory-01.webp\"\/><\/p>\n<h3>Taller de fabricaci\u00f3n de barras de aluminio<\/h3>\n<p><img decoding=\"async\" src=\"\/wp-content\/uploads\/factory-02.webp\"\/><\/p>\n<p><img decoding=\"async\" src=\"\/wp-content\/uploads\/factory-03.webp\"\/><\/p>\n<h3>Almac\u00e9n de moldes<\/h3>\n<p><img decoding=\"async\" src=\"\/wp-content\/uploads\/factory-04.webp\"\/><\/p>\n<h3>43 L\u00c3neas de extrusi\u00c3\u00b3n de aluminio (500\u00e2\u20ac\"5500 toneladas)<\/h3>\n<p><img decoding=\"async\" src=\"\/wp-content\/uploads\/factory-05.webp\"\/><\/p>\n<p><img decoding=\"async\" src=\"\/wp-content\/uploads\/factory-06.webp\"\/><\/p>\n<p><img decoding=\"async\" src=\"\/wp-content\/uploads\/factory-07.webp\"\/><\/p>\n<h3>Taller de pintura en polvo<\/h3>\n<p><img decoding=\"async\" src=\"\/wp-content\/uploads\/factory-09.webp\"\/><\/p>\n<h3>Taller de anodizado<\/h3>\n<p><img decoding=\"async\" src=\"\/wp-content\/uploads\/factory-10.webp\"\/><\/p>\n<h3>Taller de procesamiento profundo<\/h3>\n<p><img decoding=\"async\" src=\"\/wp-content\/uploads\/factory-11.webp\"\/><\/p>\n<h3>Taller de mecanizado de precisi\u00f3n CNC<\/h3>\n<p><img decoding=\"async\" src=\"\/wp-content\/uploads\/factory-11.5.webp\"\/><\/p>\n<h3>Almac\u00e9n de productos acabados y de exportaci\u00f3n<\/h3>\n<p><img decoding=\"async\" src=\"\/wp-content\/uploads\/factory-12.webp\"\/><\/p>\n<p><img decoding=\"async\" src=\"\/wp-content\/uploads\/factory-13.webp\"\/><\/p>\n<p><img decoding=\"async\" src=\"\/wp-content\/uploads\/factory-14.webp\"\/><\/p>\n<h2>PREGUNTAS FRECUENTES<\/h2>\n<p><p><b>1.\u00bfCu\u00e1les son las principales ventajas de los perfiles de tubo cuadrado de aluminio extruido?<\/b><\/p>\n<p>Los perfiles de tubo cuadrado de aluminio extruido ofrecen ligereza, resistencia a la corrosi\u00f3n y forma uniforme, lo que los hace ideales para aplicaciones estructurales y decorativas.<br \/>\n<\/p><br \/>\n<br \/>\n<p><b>2.\u00bfPor qu\u00e9 elegir proveedores de tubos de aluminio que ofrezcan tratamiento superficial anodizado y de recubrimiento en polvo?<\/b><\/p>\n<p>Los proveedores que ofrecen tubos de aluminio anodizado y con recubrimiento de polvo garantizan una mayor durabilidad, resistencia a la corrosi\u00f3n y un acabado de primera calidad para uso en interiores y exteriores.<br \/>\n<\/p><br \/>\n<br \/>\n<p><b>3.\u00bfEn qu\u00e9 beneficia el tratamiento superficial anodizado a los tubos cuadrados de aluminio?<\/b><\/p>\n<p>El anodizado crea una capa protectora de \u00f3xido en los tubos cuadrados de aluminio que mejora la resistencia a la corrosi\u00f3n y al desgaste y permite colorearlos decorativamente.<br \/>\n<\/p><br \/>\n<br \/>\n<p><b>4. \u00bfPor qu\u00e9 son tan populares los tubos cuadrados de aluminio con revestimiento en polvo?<\/b><\/p>\n<p>El recubrimiento en polvo a\u00f1ade un acabado duro, atractivo y resistente a la intemperie a los tubos cuadrados de aluminio, haci\u00e9ndolos adecuados para una amplia gama de usos industriales y arquitect\u00f3nicos.<br \/>\n<\/p><br \/>\n<br \/>\n<p><b>5.\u00bfPueden personalizarse el tama\u00f1o y el grosor de los tubos cuadrados de aluminio extruido?<\/b><\/p>\n<p>S\u00ed, los proveedores de tubos de aluminio pueden personalizar los perfiles de tubo cuadrado extruido para cumplir requisitos dimensionales y estructurales espec\u00edficos para diferentes proyectos.<br \/>\n<\/p><br \/>\n<br \/>\n<p><b>6.\u00bfSon adecuados los tubos de aluminio anodizado y con recubrimiento de polvo para aplicaciones exteriores?<\/b><\/p>\n<p>Por supuesto, estos tratamientos superficiales proporcionan una excelente resistencia a la intemperie y a los rayos UV, lo que hace que los tubos cuadrados de aluminio sean muy adecuados para entornos exteriores.<br \/>\n<\/p><br \/>\n<br \/>\n<p><b>7.\u00bfPor qu\u00e9 trabajar con proveedores especializados en tubos de aluminio?<\/b><\/p>\n<p>Los proveedores especializados ofrecen una calidad constante, una amplia gama de acabados, tama\u00f1os personalizados y asistencia t\u00e9cnica, lo que garantiza un rendimiento fiable y un valor a largo plazo.<br \/>\n<\/p><br \/><\/p>","protected":false},"featured_media":6279,"template":"","categories":[60],"class_list":["post-6280","product","type-product","status-publish","has-post-thumbnail","hentry","category-general-tubes-and-bars"],"meta_box":{"hilight_text_group":{"product_hilight_text":"<li>Available in various specifications to meet industrial customization needs<\/li>\r\r\n<li>Extrusion process ensures dimensional accuracy and structural strength<\/li>\r\r\n<li>Anodized and powder-coated surface for enhanced corrosion resistance and aesthetics<\/li>\r\r\n<li>OEM\/ODM services supported for versatile industry applications<\/li>\r\r\n<li>High-volume supply capacity with short lead times to support project schedules<\/li>","product_chanpin_chanpin":"<li><a href=\"https:\/\/sinoextrud.com\/product\/aluminum-profile-doors\/\" target=\"_blank\">Aluminum Profile Doors<\/a><\/li>\r\n<li><a href=\"https:\/\/sinoextrud.com\/product\/aluminium-gate-fence\/\" target=\"_blank\">Aluminium gate fence<\/a><\/li>\r\n<li><a href=\"https:\/\/sinoextrud.com\/product\/aluminum-windows-and-doors\/\" target=\"_blank\">Aluminum Windows And Doors<\/a><\/li>\r\n<li><a href=\"https:\/\/sinoextrud.com\/product\/oem-aluminum-extrusion-profile-for-windows-and-doors\/\" target=\"_blank\">OEM Aluminum Extrusion Profile for Windows and Doors<\/a><\/li>\r\n<li><a href=\"https:\/\/sinoextrud.com\/product\/aluminium-tube-suppliers-offer-extruded-aluminium-square-tube-profile-with-anodized-powder-coating-surface-treatment\/\" target=\"_blank\">Aluminium Tube Suppliers Offer Extruded Aluminium Square Tube Profile With Anodized Powder Coating Surface Treatment<\/a><\/li>\r\n<li><a href=\"https:\/\/sinoextrud.com\/product\/oem-aluminum-channel-tube-and-pipe-extrusions-profile-for-constuction\/\" target=\"_blank\">OEM Aluminum Channel Tube And Pipe Extrusions Profile For Constuction<\/a><\/li>\r\n<li><a href=\"https:\/\/sinoextrud.com\/product\/aluminium-curtain-guide-rail\/\" target=\"_blank\">Aluminium Curtain Guide Rail<\/a><\/li>\r\n<li><a href=\"https:\/\/sinoextrud.com\/product\/round-aluminium-profile\/\" target=\"_blank\">Round Aluminium Profile<\/a><\/li>\r\n<li><a href=\"https:\/\/sinoextrud.com\/product\/aluminium-tube\/\" target=\"_blank\">Aluminium Tube<\/a><\/li>\r\n<li><a href=\"https:\/\/sinoextrud.com\/product\/linear-sliding-modules-aluminum-profiles\/\" target=\"_blank\">Linear Sliding Modules Aluminum Profiles<\/a><\/li>\r\n<li><a href=\"https:\/\/sinoextrud.com\/product\/aluminum-channel\/\" target=\"_blank\">Aluminum Channel<\/a><\/li>"},"feature_list":[]},"_links":{"self":[{"href":"https:\/\/sinoextrud.com\/es\/wp-json\/wp\/v2\/product\/6280","targetHints":{"allow":["GET"]}}],"collection":[{"href":"https:\/\/sinoextrud.com\/es\/wp-json\/wp\/v2\/product"}],"about":[{"href":"https:\/\/sinoextrud.com\/es\/wp-json\/wp\/v2\/types\/product"}],"wp:featuredmedia":[{"embeddable":true,"href":"https:\/\/sinoextrud.com\/es\/wp-json\/wp\/v2\/media\/6279"}],"wp:attachment":[{"href":"https:\/\/sinoextrud.com\/es\/wp-json\/wp\/v2\/media?parent=6280"}],"wp:term":[{"taxonomy":"category","embeddable":true,"href":"https:\/\/sinoextrud.com\/es\/wp-json\/wp\/v2\/categories?post=6280"}],"curies":[{"name":"wp","href":"https:\/\/api.w.org\/{rel}","templated":true}]}}