{"id":6278,"date":"2025-05-26T07:34:52","date_gmt":"2025-05-26T07:34:52","guid":{"rendered":"https:\/\/sinoextrud.com\/product\/oem-aluminum-extrusion-profile-for-windows-and-doors\/"},"modified":"2025-06-24T03:59:58","modified_gmt":"2025-06-24T03:59:58","slug":"perfil-de-extrusion-de-aluminio-oem-para-ventanas-y-puertas","status":"publish","type":"product","link":"https:\/\/sinoextrud.com\/es\/product\/oem-aluminum-extrusion-profile-for-windows-and-doors\/","title":{"rendered":"Perfil de extrusi\u00f3n de aluminio OEM para ventanas y puertas"},"content":{"rendered":"<h2>Productos<\/h2>\n<table class=\"custom-table\">\n<tr>\n<td class=\"label\">Utilizaci\u00f3n<\/td>\n<td>accesorios de aluminio para puertas y ventanas de oficina<\/td>\n<\/tr>\n<tr>\n<td class=\"label\">Designaci\u00f3n:<\/td>\n<td>6 u otras series seg\u00fan su demanda<\/td>\n<\/tr>\n<tr>\n<td class=\"label\">longitud<\/td>\n<td>Personalizado<\/td>\n<\/tr>\n<tr>\n<td class=\"label\">espesor<\/td>\n<td>Personalizado<\/td>\n<\/tr>\n<tr>\n<td class=\"label\">Descripci\u00f3n<\/td>\n<td>perfil de aluminio, extrusi\u00f3n de aluminio, tubo de aluminio, aleaci\u00f3n de aluminio, puertas y ventanas de aluminio, ventana abatible de aluminio, puerta corredera de aluminio, material de construcci\u00f3n de aluminio<\/td>\n<\/tr>\n<tr>\n<td class=\"label\">Tratamiento de superficies<\/td>\n<td>Acabado de fresado (sin tratamiento), pulido, anodizado, recubrimiento en\u00e9rgico, pintura de grano de madera, chorro de arena, electroforesis, etc.<\/td>\n<\/tr>\n<tr>\n<td class=\"label\">Dimensi\u00f3n<\/td>\n<td>opcional<\/td>\n<\/tr>\n<tr>\n<td class=\"label\">Embalaje<\/td>\n<td>Papel kraft, caja de cart\u00f3n, espuma de protecci\u00f3n contra el calor pel\u00edcula de pl\u00e1stico contratado, etc por su demanda.<\/td>\n<\/tr>\n<tr>\n<td class=\"label\">Certificados<\/td>\n<td>ISO 9001.CE, SGS,<\/td>\n<\/tr>\n<tr>\n<td class=\"label\">Color<\/td>\n<td>Plata, negro, plata, bronce, champ\u00e1n, grano de madera, etc.<\/td>\n<\/tr>\n<tr>\n<td class=\"label\">Forma<\/td>\n<td>Varias formas, par\u00e1metros y colores disponibles<\/td>\n<\/tr>\n<tr>\n<td class=\"label\">Detalle de entrega<\/td>\n<td>10-20 d\u00edas \/ depende de la cantidad y los dibujos<\/td>\n<\/tr>\n<tr>\n<td class=\"label\">Calidad<\/td>\n<td>La calidad cumple la norma internacional.<\/td>\n<\/tr>\n<tr>\n<td class=\"label\">Dise\u00f1o<\/td>\n<td>OEM o ODM est\u00e1 disponible, pls env\u00edenos su dibujo<\/td>\n<\/tr>\n<tr>\n<td class=\"label\">Caracter\u00edstica<\/td>\n<td>Alta resistencia a la corrosi\u00f3n, a la intemperie, al calor y a los \u00e1lcalis<\/td>\n<\/tr>\n<\/table>\n<h2>Nuestra base de fabricaci\u00f3n<\/h2>\n<h3>Panorama de la f\u00e1brica<\/h3>\n<p><img decoding=\"async\" src=\"\/wp-content\/uploads\/factory-01.webp\"\/><\/p>\n<h3>Taller de fabricaci\u00f3n de barras de aluminio<\/h3>\n<p><img decoding=\"async\" src=\"\/wp-content\/uploads\/factory-02.webp\"\/><\/p>\n<p><img decoding=\"async\" src=\"\/wp-content\/uploads\/factory-03.webp\"\/><\/p>\n<h3>Almac\u00e9n de moldes<\/h3>\n<p><img decoding=\"async\" src=\"\/wp-content\/uploads\/factory-04.webp\"\/><\/p>\n<h3>43 L\u00c3neas de extrusi\u00c3\u00b3n de aluminio (500\u00e2\u20ac\"5500 toneladas)<\/h3>\n<p><img decoding=\"async\" src=\"\/wp-content\/uploads\/factory-05.webp\"\/><\/p>\n<p><img decoding=\"async\" src=\"\/wp-content\/uploads\/factory-06.webp\"\/><\/p>\n<p><img decoding=\"async\" src=\"\/wp-content\/uploads\/factory-07.webp\"\/><\/p>\n<h3>Taller de pintura en polvo<\/h3>\n<p><img decoding=\"async\" src=\"\/wp-content\/uploads\/factory-09.webp\"\/><\/p>\n<h3>Taller de anodizado<\/h3>\n<p><img decoding=\"async\" src=\"\/wp-content\/uploads\/factory-10.webp\"\/><\/p>\n<h3>Taller de procesamiento profundo<\/h3>\n<p><img decoding=\"async\" src=\"\/wp-content\/uploads\/factory-11.webp\"\/><\/p>\n<h3>Taller de mecanizado de precisi\u00f3n CNC<\/h3>\n<p><img decoding=\"async\" src=\"\/wp-content\/uploads\/factory-11.5.webp\"\/><\/p>\n<h3>Almac\u00e9n de productos acabados y de exportaci\u00f3n<\/h3>\n<p><img decoding=\"async\" src=\"\/wp-content\/uploads\/factory-12.webp\"\/><\/p>\n<p><img decoding=\"async\" src=\"\/wp-content\/uploads\/factory-13.webp\"\/><\/p>\n<p><img decoding=\"async\" src=\"\/wp-content\/uploads\/factory-14.webp\"\/><\/p>\n<h2>PREGUNTAS FRECUENTES<\/h2>\n<p><p><b>1.\u00bfCu\u00e1les son las ventajas de los perfiles de extrusi\u00f3n de aluminio OEM para ventanas y puertas?<\/b><\/p>\n<p>Los perfiles de extrusi\u00f3n de aluminio OEM ofrecen gran solidez, resistencia a la corrosi\u00f3n y dimensiones precisas, lo que los hace ideales para sistemas de puertas y ventanas duraderos y eficientes energ\u00e9ticamente.<br \/>\n<\/p><br \/>\n<br \/>\n<p><b>2.\u00bfSe pueden personalizar los perfiles de aluminio OEM para dise\u00f1os espec\u00edficos de puertas y ventanas?<\/b><\/p>\n<p>S\u00ed, los perfiles de extrusi\u00f3n de aluminio OEM pueden personalizarse totalmente en cuanto a forma, tama\u00f1o y acabado superficial para satisfacer requisitos arquitect\u00f3nicos y funcionales \u00fanicos.<br \/>\n<\/p><br \/>\n<br \/>\n<p><b>3.\u00bfQu\u00e9 acabados superficiales hay disponibles para los perfiles de extrusi\u00f3n de aluminio?<\/b><\/p>\n<p>Entre los acabados m\u00e1s comunes est\u00e1n el anodizado, el recubrimiento en polvo y la electroforesis, que mejoran la resistencia a la corrosi\u00f3n, la est\u00e9tica y la longevidad.<br \/>\n<\/p><br \/>\n<br \/>\n<p><b>4.\u00bfPor qu\u00e9 elegir perfiles de extrusi\u00f3n de aluminio para puertas y ventanas?<\/b><\/p>\n<p>Los perfiles de aluminio son ligeros, respetuosos con el medio ambiente y ofrecen un excelente aislamiento t\u00e9rmico e integridad estructural, perfectos para aplicaciones de construcci\u00f3n modernas.<br \/>\n<\/p><br \/>\n<br \/>\n<p><b>5.\u00bfLos perfiles de aluminio OEM son adecuados para condiciones clim\u00e1ticas adversas?<\/b><\/p>\n<p>S\u00ed, los perfiles de extrusi\u00f3n de aluminio OEM est\u00e1n dise\u00f1ados para soportar condiciones meteorol\u00f3gicas extremas gracias a su gran resistencia a la corrosi\u00f3n y durabilidad.<br \/>\n<\/p><br \/>\n<br \/>\n<p><b>6.\u00bfC\u00f3mo mejora la extrusi\u00f3n de aluminio OEM la eficiencia de fabricaci\u00f3n?<\/b><\/p>\n<p>Los perfiles de aluminio OEM se extruden con precisi\u00f3n, lo que reduce el tiempo de mecanizado, mejora la eficacia del montaje y garantiza una calidad uniforme.<br \/>\n<\/p><br \/>\n<br \/>\n<p><b>7. \u00bfExiste suministro directo de f\u00e1brica de perfiles de aluminio OEM para puertas y ventanas?<\/b><\/p>\n<p>S\u00ed, muchos fabricantes ofrecen suministro directo de f\u00e1brica, lo que garantiza precios competitivos, control de calidad y plazos de entrega m\u00e1s r\u00e1pidos.<br \/>\n<\/p><br \/><\/p>","protected":false},"featured_media":6277,"template":"","categories":[59],"class_list":["post-6278","product","type-product","status-publish","has-post-thumbnail","hentry","category-aluminum-window-door-system"],"meta_box":{"hilight_text_group":{"product_hilight_text":"<li>Customizable dimensions and structures to meet diverse project needs<\/li>\r\r\n<li>High-strength aluminum alloy, corrosion-resistant for various climates<\/li>\r\r\n<li>Multiple surface finishes (anodizing, electrophoresis, powder coating) for durability and aesthetics<\/li>\r\r\n<li>Factory direct supply for shorter lead times and reduced procurement costs<\/li>\r\r\n<li>Precision extrusion ensures easy installation and excellent sealing performance<\/li>","product_chanpin_chanpin":"<li><a href=\"https:\/\/sinoextrud.com\/product\/aluminium-mosquito-net-windows-and-door\/\" target=\"_blank\">Aluminium Mosquito Net Windows And Door<\/a><\/li>\r\n<li><a href=\"https:\/\/sinoextrud.com\/product\/aluminum-profile-doors\/\" target=\"_blank\">Aluminum Profile Doors<\/a><\/li>\r\n<li><a href=\"https:\/\/sinoextrud.com\/product\/aluminium-gate-fence\/\" target=\"_blank\">Aluminium gate fence<\/a><\/li>\r\n<li><a href=\"https:\/\/sinoextrud.com\/product\/aluminum-windows-and-doors\/\" target=\"_blank\">Aluminum Windows And Doors<\/a><\/li>\r\n<li><a href=\"https:\/\/sinoextrud.com\/product\/oem-aluminum-extrusion-profile-for-windows-and-doors\/\" target=\"_blank\">OEM Aluminum Extrusion Profile for Windows and Doors<\/a><\/li>\r\n<li><a href=\"https:\/\/sinoextrud.com\/product\/aluminium-tube-suppliers-offer-extruded-aluminium-square-tube-profile-with-anodized-powder-coating-surface-treatment\/\" target=\"_blank\">Aluminium Tube Suppliers Offer Extruded Aluminium Square Tube Profile With Anodized Powder Coating Surface Treatment<\/a><\/li>\r\n<li><a href=\"https:\/\/sinoextrud.com\/product\/oem-aluminum-channel-tube-and-pipe-extrusions-profile-for-constuction\/\" target=\"_blank\">OEM Aluminum Channel Tube And Pipe Extrusions Profile For Constuction<\/a><\/li>\r\n<li><a href=\"https:\/\/sinoextrud.com\/product\/aluminium-curtain-guide-rail\/\" target=\"_blank\">Aluminium Curtain Guide Rail<\/a><\/li>\r\n<li><a href=\"https:\/\/sinoextrud.com\/product\/round-aluminium-profile\/\" target=\"_blank\">Round Aluminium Profile<\/a><\/li>\r\n<li><a href=\"https:\/\/sinoextrud.com\/product\/extruded-aluminum-triangle-electrical-instrument-shell-housing\/\" target=\"_blank\">Extruded Aluminum Triangle Electrical Instrument Shell Housing<\/a><\/li>\r\n<li><a href=\"https:\/\/sinoextrud.com\/product\/aluminum-mirror-frame-extrusions\/\" target=\"_blank\">Aluminum Mirror Frame Extrusions<\/a><\/li>"},"feature_list":[]},"_links":{"self":[{"href":"https:\/\/sinoextrud.com\/es\/wp-json\/wp\/v2\/product\/6278","targetHints":{"allow":["GET"]}}],"collection":[{"href":"https:\/\/sinoextrud.com\/es\/wp-json\/wp\/v2\/product"}],"about":[{"href":"https:\/\/sinoextrud.com\/es\/wp-json\/wp\/v2\/types\/product"}],"wp:featuredmedia":[{"embeddable":true,"href":"https:\/\/sinoextrud.com\/es\/wp-json\/wp\/v2\/media\/6277"}],"wp:attachment":[{"href":"https:\/\/sinoextrud.com\/es\/wp-json\/wp\/v2\/media?parent=6278"}],"wp:term":[{"taxonomy":"category","embeddable":true,"href":"https:\/\/sinoextrud.com\/es\/wp-json\/wp\/v2\/categories?post=6278"}],"curies":[{"name":"wp","href":"https:\/\/api.w.org\/{rel}","templated":true}]}}