{"id":6276,"date":"2025-05-26T07:30:56","date_gmt":"2025-05-26T07:30:56","guid":{"rendered":"https:\/\/sinoextrud.com\/product\/aluminum-windows-and-doors\/"},"modified":"2025-06-24T03:59:47","modified_gmt":"2025-06-24T03:59:47","slug":"ventanas-y-puertas-de-aluminio","status":"publish","type":"product","link":"https:\/\/sinoextrud.com\/es\/product\/aluminum-windows-and-doors\/","title":{"rendered":"Ventanas y puertas de aluminio"},"content":{"rendered":"<h2>Productos<\/h2>\n<table class=\"custom-table\">\n<tr>\n<td class=\"label\">Material<\/td>\n<td>Aleaci\u00f3n 6063 T5<\/td>\n<\/tr>\n<tr>\n<td class=\"label\">Aplicaci\u00f3n<\/td>\n<td>Ventanas y puertas de aluminio<\/td>\n<\/tr>\n<tr>\n<td class=\"label\">Certificado<\/td>\n<td>ISO9001, ISO14001<\/td>\n<\/tr>\n<tr>\n<td class=\"label\">Capacidad<\/td>\n<td>Producci\u00f3n anual de m\u00e1s de 60.000 toneladas<\/td>\n<\/tr>\n<tr>\n<td class=\"label\">Color<\/td>\n<td>Disponible a medida<\/td>\n<\/tr>\n<tr>\n<td class=\"label\">Longitud<\/td>\n<td>1-9 metros o personalizado<\/td>\n<\/tr>\n<tr>\n<td class=\"label\">Espesor<\/td>\n<td>Personalizado<\/td>\n<\/tr>\n<tr>\n<td class=\"label\">Acabado superficial<\/td>\n<td>acabado de fresado, anodizado, recubrimiento en polvo, transferencia de grano de madera, cepillado, pulido, electroforesis, etc.<\/td>\n<\/tr>\n<tr>\n<td class=\"label\">Aplicaci\u00f3n<\/td>\n<td>perfil de aluminio para puertas y ventanas, muro cortina<\/td>\n<\/tr>\n<tr>\n<td class=\"label\">Puerto de carga<\/td>\n<td>Foshan, Shenzhen, Guangzhou<\/td>\n<\/tr>\n<tr>\n<td class=\"label\">Pago<\/td>\n<td>T\/T, 30% anticipo mientras que el saldo se pagar\u00e1 antes de la entrega<\/td>\n<\/tr>\n<tr>\n<td class=\"label\">Paquete<\/td>\n<td>1.Interior: embalado con pel\u00edcula protectora de pl\u00e1stico para proteger cada perfil.<br \/>2.Exterior: embalado con papel craft impermeable<\/td>\n<\/tr>\n<tr>\n<td class=\"label\">Entrega<\/td>\n<td>25-30 d\u00edas despu\u00e9s del pago inicial<\/td>\n<\/tr>\n<tr>\n<td class=\"label\">Secuencia de pedidos<\/td>\n<td>1. Confirme los planos, el tratamiento superficial y el precio;<br \/>2. Pague el importe del molde y empezaremos a fabricar los moldes;<br \/>3. Le enviamos muestras para su confirmaci\u00f3n;<br \/>4. Realizar el pago del dep\u00f3sito 30%, iniciar la producci\u00f3n;<\/td>\n<\/tr>\n<\/table>\n<h2>Nuestra base de fabricaci\u00f3n<\/h2>\n<h3>Panorama de la f\u00e1brica<\/h3>\n<p><img decoding=\"async\" src=\"\/wp-content\/uploads\/factory-01.webp\"\/><\/p>\n<h3>Taller de fabricaci\u00f3n de barras de aluminio<\/h3>\n<p><img decoding=\"async\" src=\"\/wp-content\/uploads\/factory-02.webp\"\/><\/p>\n<p><img decoding=\"async\" src=\"\/wp-content\/uploads\/factory-03.webp\"\/><\/p>\n<h3>Almac\u00e9n de moldes<\/h3>\n<p><img decoding=\"async\" src=\"\/wp-content\/uploads\/factory-04.webp\"\/><\/p>\n<h3>43 L\u00c3neas de extrusi\u00c3\u00b3n de aluminio (500\u00e2\u20ac\"5500 toneladas)<\/h3>\n<p><img decoding=\"async\" src=\"\/wp-content\/uploads\/factory-05.webp\"\/><\/p>\n<p><img decoding=\"async\" src=\"\/wp-content\/uploads\/factory-06.webp\"\/><\/p>\n<p><img decoding=\"async\" src=\"\/wp-content\/uploads\/factory-07.webp\"\/><\/p>\n<h3>Taller de pintura en polvo<\/h3>\n<p><img decoding=\"async\" src=\"\/wp-content\/uploads\/factory-09.webp\"\/><\/p>\n<h3>Taller de anodizado<\/h3>\n<p><img decoding=\"async\" src=\"\/wp-content\/uploads\/factory-10.webp\"\/><\/p>\n<h3>Taller de procesamiento profundo<\/h3>\n<p><img decoding=\"async\" src=\"\/wp-content\/uploads\/factory-11.webp\"\/><\/p>\n<h3>Taller de mecanizado de precisi\u00f3n CNC<\/h3>\n<p><img decoding=\"async\" src=\"\/wp-content\/uploads\/factory-11.5.webp\"\/><\/p>\n<h3>Almac\u00e9n de productos acabados y de exportaci\u00f3n<\/h3>\n<p><img decoding=\"async\" src=\"\/wp-content\/uploads\/factory-12.webp\"\/><\/p>\n<p><img decoding=\"async\" src=\"\/wp-content\/uploads\/factory-13.webp\"\/><\/p>\n<p><img decoding=\"async\" src=\"\/wp-content\/uploads\/factory-14.webp\"\/><\/p>\n<h2>PREGUNTAS FRECUENTES<\/h2>\n<p><p><b>1. \u00bfQu\u00e9 son las ventanas y puertas de aluminio?<\/b><\/p>\n<p>Las ventanas y puertas de aluminio son sistemas de carpinter\u00eda de alto rendimiento fabricados con una aleaci\u00f3n de aluminio duradera y dise\u00f1ados para aplicaciones residenciales y comerciales.<br \/>\n<\/p><br \/>\n<br \/>\n<p><b>2. \u00bfPor qu\u00e9 elegir ventanas y puertas de aluminio?<\/b><\/p>\n<p>Las ventanas y puertas de aluminio ofrecen una relaci\u00f3n resistencia-peso superior, una est\u00e9tica moderna y elegante y una resistencia a la corrosi\u00f3n duradera en comparaci\u00f3n con otros materiales.<br \/>\n<\/p><br \/>\n<br \/>\n<p><b>3. \u00bfC\u00f3mo mejoran la eficiencia energ\u00e9tica las ventanas y puertas de aluminio?<\/b><\/p>\n<p>Las ventanas y puertas de aluminio con eficiencia energ\u00e9tica incorporan tecnolog\u00eda de rotura de puente t\u00e9rmico y marcos multic\u00e1mara para minimizar la transferencia de calor y reducir las facturas de servicios p\u00fablicos.<br \/>\n<\/p><br \/>\n<br \/>\n<p><b>4. \u00bfLas ventanas y puertas de aluminio requieren poco mantenimiento?<\/b><\/p>\n<p>S\u00ed, las ventanas y puertas de aluminio s\u00f3lo requieren una limpieza peri\u00f3dica y la lubricaci\u00f3n de las bisagras, con acabados aplicados en f\u00e1brica que resisten la decoloraci\u00f3n y la corrosi\u00f3n.<br \/>\n<\/p><br \/>\n<br \/>\n<p><b>5. \u00bfSe pueden personalizar las ventanas y puertas de aluminio?<\/b><\/p>\n<p>Las ventanas y puertas de aluminio admiten perfiles personalizados, colores con recubrimiento en polvo, acabados anodizados y una gran variedad de opciones de cristal para cualquier estilo arquitect\u00f3nico.<br \/>\n<\/p><br \/>\n<br \/>\n<p><b>6. \u00bfQu\u00e9 caracter\u00edsticas de seguridad ofrecen las ventanas y puertas de aluminio?<\/b><\/p>\n<p>Las ventanas y puertas de aluminio reforzado incorporan sistemas de cierre multipunto, vidrio laminado o templado y herrajes robustos para mejorar la seguridad.<br \/>\n<\/p><br \/>\n<br \/>\n<p><b>7.\u00bfC\u00f3mo se comportan las ventanas y puertas de aluminio en climas adversos?<\/b><\/p>\n<p>Las ventanas y puertas de aluminio resistentes a la intemperie soportan la exposici\u00f3n a los rayos UV, la humedad y las temperaturas extremas sin deformarse ni oxidarse.<br \/>\n<\/p><br \/>\n<br \/>\n<p><b>8.\u00bfProporcionan aislamiento ac\u00fastico las ventanas y puertas de aluminio?<\/b><\/p>\n<p>Las ventanas y puertas de aluminio con juntas integradas y unidades de doble o triple acristalamiento ofrecen un excelente rendimiento ac\u00fastico, reduciendo el ruido exterior.<br \/>\n<\/p><br \/>\n<br \/>\n<p><b>9.\u00bfSon ecol\u00f3gicas las ventanas y puertas de aluminio?<\/b><\/p>\n<p>Las ventanas y puertas de aluminio son totalmente reciclables, su producci\u00f3n requiere menos energ\u00eda que la del acero y admiten certificaciones de construcci\u00f3n ecol\u00f3gica como LEED.<br \/>\n<\/p><br \/>\n<br \/>\n<p><b>10. \u00bfD\u00f3nde puedo encontrar ventanas y puertas de aluminio de calidad?<\/b><\/p>\n<p>Los principales fabricantes de ventanas y puertas de aluminio ofrecen productos con certificaci\u00f3n ISO, distribuci\u00f3n mundial y asistencia t\u00e9cnica y para la instalaci\u00f3n.<br \/>\n<\/p><br \/><\/p>","protected":false},"featured_media":6275,"template":"","categories":[59],"class_list":["post-6276","product","type-product","status-publish","has-post-thumbnail","hentry","category-aluminum-window-door-system"],"meta_box":{"hilight_text_group":{"product_hilight_text":"<li>Constructed from 6063-T5 aluminum alloy for exceptional strength and corrosion resistance<\/li>\r\r\n<li>Precision-extruded profiles with \u00c2\u00b10.1 mm tolerance for seamless assembly and airtight sealing<\/li>\r\r\n<li>Optional thermal break and multi-chamber designs to optimize energy efficiency and reduce condensation<\/li>\r\r\n<li>Wide range of finish options (anodized, powder-coated, woodgrain) for design flexibility<\/li>\r\r\n<li>Heavy-duty hardware and multi-point locking systems for enhanced security and compliance<\/li>\r\r\n<li>Integrated drainage and ventilation channels to prevent water buildup and ensure durability<\/li>\r\r\n<li>Pre-drilled mounting holes and snap-fit connectors for fast, error-free installation<\/li>\r\r\n<li>RoHS\/REACH-compliant and fully recyclable for sustainable building projects<\/li>","product_chanpin_chanpin":"<li><a href=\"https:\/\/sinoextrud.com\/product\/thermal-break-aluminium-profiles\/\" target=\"_blank\">Thermal Break Aluminium Profiles<\/a><\/li>\r\n<li><a href=\"https:\/\/sinoextrud.com\/product\/aluminium-mosquito-net-windows-and-door\/\" target=\"_blank\">Aluminium Mosquito Net Windows And Door<\/a><\/li>\r\n<li><a href=\"https:\/\/sinoextrud.com\/product\/aluminum-profile-doors\/\" target=\"_blank\">Aluminum Profile Doors<\/a><\/li>\r\n<li><a href=\"https:\/\/sinoextrud.com\/product\/aluminium-gate-fence\/\" target=\"_blank\">Aluminium gate fence<\/a><\/li>\r\n<li><a href=\"https:\/\/sinoextrud.com\/product\/aluminum-windows-and-doors\/\" target=\"_blank\">Aluminum Windows And Doors<\/a><\/li>\r\n<li><a href=\"https:\/\/sinoextrud.com\/product\/oem-aluminum-extrusion-profile-for-windows-and-doors\/\" target=\"_blank\">OEM Aluminum Extrusion Profile for Windows and Doors<\/a><\/li>\r\n<li><a href=\"https:\/\/sinoextrud.com\/product\/aluminium-tube-suppliers-offer-extruded-aluminium-square-tube-profile-with-anodized-powder-coating-surface-treatment\/\" target=\"_blank\">Aluminium Tube Suppliers Offer Extruded Aluminium Square Tube Profile With Anodized Powder Coating Surface Treatment<\/a><\/li>\r\n<li><a href=\"https:\/\/sinoextrud.com\/product\/oem-aluminum-channel-tube-and-pipe-extrusions-profile-for-constuction\/\" target=\"_blank\">OEM Aluminum Channel Tube And Pipe Extrusions Profile For Constuction<\/a><\/li>\r\n<li><a href=\"https:\/\/sinoextrud.com\/product\/aluminium-curtain-guide-rail\/\" target=\"_blank\">Aluminium Curtain Guide Rail<\/a><\/li>\r\n<li><a href=\"https:\/\/sinoextrud.com\/product\/6063-t5-aluminum-profile-tslot-for-production-line\/\" target=\"_blank\">6063 t5 aluminum profile Tslot for production line<\/a><\/li>\r\n<li><a href=\"https:\/\/sinoextrud.com\/product\/aluminum-extrusion-6063-anodized-clothes-drive-airer-aluminum-rack-profile\/\" target=\"_blank\">Aluminum Extrusion 6063 Anodized Clothes Drive Airer Aluminum Rack Profile<\/a><\/li>"},"feature_list":[]},"_links":{"self":[{"href":"https:\/\/sinoextrud.com\/es\/wp-json\/wp\/v2\/product\/6276","targetHints":{"allow":["GET"]}}],"collection":[{"href":"https:\/\/sinoextrud.com\/es\/wp-json\/wp\/v2\/product"}],"about":[{"href":"https:\/\/sinoextrud.com\/es\/wp-json\/wp\/v2\/types\/product"}],"wp:featuredmedia":[{"embeddable":true,"href":"https:\/\/sinoextrud.com\/es\/wp-json\/wp\/v2\/media\/6275"}],"wp:attachment":[{"href":"https:\/\/sinoextrud.com\/es\/wp-json\/wp\/v2\/media?parent=6276"}],"wp:term":[{"taxonomy":"category","embeddable":true,"href":"https:\/\/sinoextrud.com\/es\/wp-json\/wp\/v2\/categories?post=6276"}],"curies":[{"name":"wp","href":"https:\/\/api.w.org\/{rel}","templated":true}]}}