{"id":6272,"date":"2025-05-26T07:26:03","date_gmt":"2025-05-26T07:26:03","guid":{"rendered":"https:\/\/sinoextrud.com\/product\/aluminum-profile-doors\/"},"modified":"2025-06-24T03:59:34","modified_gmt":"2025-06-24T03:59:34","slug":"puertas-de-perfil-de-aluminio","status":"publish","type":"product","link":"https:\/\/sinoextrud.com\/es\/product\/aluminum-profile-doors\/","title":{"rendered":"Puertas de perfil de aluminio"},"content":{"rendered":"<h2>Productos<\/h2>\n<table class=\"custom-table\">\n<tr>\n<td class=\"label\">Art\u00edculo<\/td>\n<td>Puertas de perfil de aluminio<\/td>\n<\/tr>\n<tr>\n<td class=\"label\">Material<\/td>\n<td>Aleaci\u00f3n 6063, 6061<\/td>\n<\/tr>\n<tr>\n<td class=\"label\">Aplicaci\u00f3n<\/td>\n<td>Ventanas y puertas de aluminio<\/td>\n<\/tr>\n<tr>\n<td class=\"label\">Certificado<\/td>\n<td>ISO9001, ISO14001<\/td>\n<\/tr>\n<tr>\n<td class=\"label\">Capacidad<\/td>\n<td>Producci\u00f3n anual de m\u00e1s de 60.000 toneladas<\/td>\n<\/tr>\n<tr>\n<td class=\"label\">Color<\/td>\n<td>Disponible a medida<\/td>\n<\/tr>\n<tr>\n<td class=\"label\">Longitud<\/td>\n<td>1-9 metros o personalizado<\/td>\n<\/tr>\n<tr>\n<td class=\"label\">Espesor<\/td>\n<td>Personalizado<\/td>\n<\/tr>\n<tr>\n<td class=\"label\">Acabado superficial<\/td>\n<td>acabado de fresado, anodizado, recubrimiento en polvo, transferencia de grano de madera, cepillado, pulido, electroforesis, etc.<\/td>\n<\/tr>\n<tr>\n<td class=\"label\">Aplicaci\u00f3n<\/td>\n<td>perfil de aluminio para puertas y ventanas, muro cortina<\/td>\n<\/tr>\n<tr>\n<td class=\"label\">Puerto de carga<\/td>\n<td>Guangzhou, Foshan, Shenzhen<\/td>\n<\/tr>\n<tr>\n<td class=\"label\">Pago<\/td>\n<td>T\/T, 30% anticipo mientras que el saldo se pagar\u00e1 antes de la entrega<\/td>\n<\/tr>\n<tr>\n<td class=\"label\">Paquete<\/td>\n<td>1.Interior: embalado con pel\u00edcula protectora de pl\u00e1stico para proteger cada perfil.<br \/>2.Exterior: embalado con papel craft impermeable<\/td>\n<\/tr>\n<tr>\n<td class=\"label\">Entrega<\/td>\n<td>25-30 d\u00edas despu\u00e9s del pago inicial<\/td>\n<\/tr>\n<tr>\n<td class=\"label\">Secuencia de pedidos<\/td>\n<td>1. Confirme los planos, el tratamiento superficial y el precio;<br \/>2. Pague el importe del molde y empezaremos a fabricar los moldes;<br \/>3. Le enviamos muestras para su confirmaci\u00f3n;<br \/>4. Realizar el pago del dep\u00f3sito 30%, iniciar la producci\u00f3n;<\/td>\n<\/tr>\n<\/table>\n<h2>Nuestra base de fabricaci\u00f3n<\/h2>\n<h3>Panorama de la f\u00e1brica<\/h3>\n<p><img decoding=\"async\" src=\"\/wp-content\/uploads\/factory-01.webp\"\/><\/p>\n<h3>Taller de fabricaci\u00f3n de barras de aluminio<\/h3>\n<p><img decoding=\"async\" src=\"\/wp-content\/uploads\/factory-02.webp\"\/><\/p>\n<p><img decoding=\"async\" src=\"\/wp-content\/uploads\/factory-03.webp\"\/><\/p>\n<h3>Almac\u00e9n de moldes<\/h3>\n<p><img decoding=\"async\" src=\"\/wp-content\/uploads\/factory-04.webp\"\/><\/p>\n<h3>43 L\u00c3neas de extrusi\u00c3\u00b3n de aluminio (500\u00e2\u20ac\"5500 toneladas)<\/h3>\n<p><img decoding=\"async\" src=\"\/wp-content\/uploads\/factory-05.webp\"\/><\/p>\n<p><img decoding=\"async\" src=\"\/wp-content\/uploads\/factory-06.webp\"\/><\/p>\n<p><img decoding=\"async\" src=\"\/wp-content\/uploads\/factory-07.webp\"\/><\/p>\n<h3>Taller de pintura en polvo<\/h3>\n<p><img decoding=\"async\" src=\"\/wp-content\/uploads\/factory-09.webp\"\/><\/p>\n<h3>Taller de anodizado<\/h3>\n<p><img decoding=\"async\" src=\"\/wp-content\/uploads\/factory-10.webp\"\/><\/p>\n<h3>Taller de procesamiento profundo<\/h3>\n<p><img decoding=\"async\" src=\"\/wp-content\/uploads\/factory-11.webp\"\/><\/p>\n<h3>Taller de mecanizado de precisi\u00f3n CNC<\/h3>\n<p><img decoding=\"async\" src=\"\/wp-content\/uploads\/factory-11.5.webp\"\/><\/p>\n<h3>Almac\u00e9n de productos acabados y de exportaci\u00f3n<\/h3>\n<p><img decoding=\"async\" src=\"\/wp-content\/uploads\/factory-12.webp\"\/><\/p>\n<p><img decoding=\"async\" src=\"\/wp-content\/uploads\/factory-13.webp\"\/><\/p>\n<p><img decoding=\"async\" src=\"\/wp-content\/uploads\/factory-14.webp\"\/><\/p>\n<h2>PREGUNTAS FRECUENTES<\/h2>\n<p><p><b>1. \u00bfQu\u00e9 son las puertas de perfil de aluminio?<\/b><\/p>\n<p>Las puertas perfiladas de aluminio son marcos extruidos con precisi\u00f3n fabricados con una aleaci\u00f3n de aluminio de alta resistencia, dise\u00f1ados para ofrecer durabilidad, una est\u00e9tica elegante y una instalaci\u00f3n sencilla.<br \/>\n<\/p><br \/>\n<br \/>\n<p><b>2.\u00bfPor qu\u00e9 elegir puertas de perfil de aluminio para edificios modernos?<\/b><\/p>\n<p>Las puertas de perfil de aluminio ofrecen una relaci\u00f3n resistencia-peso superior, resistencia a la corrosi\u00f3n y un dise\u00f1o contempor\u00e1neo que mejora el atractivo de la acera y la longevidad.<br \/>\n<\/p><br \/>\n<br \/>\n<p><b>3.\u00bfC\u00f3mo mejoran la eficiencia energ\u00e9tica las puertas de perfil de aluminio?<\/b><\/p>\n<p>Las puertas de perfil de aluminio energ\u00e9ticamente eficientes incorporan rotura de puente t\u00e9rmico y perfiles multic\u00e1mara para minimizar la transferencia de calor y reducir los costes de calefacci\u00f3n y refrigeraci\u00f3n.<br \/>\n<\/p><br \/>\n<br \/>\n<p><b>4.\u00bfLas puertas de perfil de aluminio requieren poco mantenimiento?<\/b><\/p>\n<p>S\u00ed, las puertas de perfil de aluminio s\u00f3lo requieren una limpieza peri\u00f3dica y la lubricaci\u00f3n de las bisagras, resistiendo el \u00f3xido, la putrefacci\u00f3n y la decoloraci\u00f3n sin necesidad de volver a pintarlas.<br \/>\n<\/p><br \/>\n<br \/>\n<p><b>5.\u00bfSe pueden personalizar las puertas de perfil de aluminio?<\/b><\/p>\n<p>Las puertas de perfil de aluminio admiten perfiles de extrusi\u00f3n personalizados, acabados de pintura en polvo, anodizado y opciones de herrajes para adaptarse a cualquier estilo arquitect\u00f3nico.<br \/>\n<\/p><br \/>\n<br \/>\n<p><b>6.\u00bfQu\u00e9 caracter\u00edsticas de seguridad ofrecen las puertas de perfil de aluminio?<\/b><\/p>\n<p>Las puertas de perfil de aluminio reforzado incorporan sistemas de cierre multipunto, cristal laminado y bisagras resistentes para mejorar la seguridad en el hogar y el comercio.<br \/>\n<\/p><br \/>\n<br \/>\n<p><b>7.\u00bfC\u00f3mo se comportan las puertas de perfil de aluminio en condiciones clim\u00e1ticas adversas?<\/b><\/p>\n<p>Las puertas de perfil de aluminio resistentes a la intemperie soportan la exposici\u00f3n a los rayos UV, la humedad y las temperaturas extremas sin deformarse ni corroerse.<br \/>\n<\/p><br \/>\n<br \/>\n<p><b>8.\u00bfSirven las puertas de perfil de aluminio para aislar el ruido?<\/b><\/p>\n<p>Las puertas de perfil de aluminio con juntas integradas y paneles de doble acristalamiento ofrecen un excelente rendimiento ac\u00fastico para bloquear el ruido exterior.<br \/>\n<\/p><br \/>\n<br \/>\n<p><b>9.\u00bfSon ecol\u00f3gicas las puertas de perfil de aluminio?<\/b><\/p>\n<p>Las puertas de perfil de aluminio son totalmente reciclables, consumen menos energ\u00eda en su producci\u00f3n que el acero y contribuyen a las certificaciones de edificios sostenibles como LEED.<br \/>\n<\/p><br \/>\n<br \/>\n<p><b>10. \u00bfD\u00f3nde puedo encontrar puertas de perfil de aluminio de alta calidad?<\/b><\/p>\n<p>Los principales fabricantes suministran puertas de perfil de aluminio certificadas con normas ISO y EN, distribuci\u00f3n mundial y asistencia t\u00e9cnica especializada.<br \/>\n<\/p><br \/><\/p>","protected":false},"featured_media":6271,"template":"","categories":[59],"class_list":["post-6272","product","type-product","status-publish","has-post-thumbnail","hentry","category-aluminum-window-door-system"],"meta_box":{"hilight_text_group":{"product_hilight_text":"<li>Constructed from 6063-T5 aluminum alloy for exceptional strength and durability<\/li>\r\r\n<li>Precision-engineered profiles with \u00c2\u00b10.1 mm tolerance for seamless assembly<\/li>\r\r\n<li>Integrated thermal break option to enhance insulation and reduce energy consumption<\/li>\r\r\n<li>Customizable finishes (anodized, powder-coated, woodgrain) for design flexibility<\/li>\r\r\n<li>Heavy-duty multi-point locking systems for superior security and compliance<\/li>\r\r\n<li>Pre-drilled mounting holes and snap-fit connectors for fast, error-free installation<\/li>\r\r\n<li>Integrated drainage and ventilation channels for effective water management<\/li>\r\r\n<li>Eco-friendly and fully recyclable, compliant with RoHS and REACH standards<\/li>","product_chanpin_chanpin":"<li><a href=\"https:\/\/sinoextrud.com\/product\/aluminum-window\/\" target=\"_blank\">Aluminum Window<\/a><\/li>\r\n<li><a href=\"https:\/\/sinoextrud.com\/product\/aluminum-profile-windows-extrusion-companies-in-china\/\" target=\"_blank\">aluminum profile windows extrusion companies in china<\/a><\/li>\r\n<li><a href=\"https:\/\/sinoextrud.com\/product\/thermal-break-aluminium-profiles\/\" target=\"_blank\">Thermal Break Aluminium Profiles<\/a><\/li>\r\n<li><a href=\"https:\/\/sinoextrud.com\/product\/aluminium-mosquito-net-windows-and-door\/\" target=\"_blank\">Aluminium Mosquito Net Windows And Door<\/a><\/li>\r\n<li><a href=\"https:\/\/sinoextrud.com\/product\/aluminum-profile-doors\/\" target=\"_blank\">Aluminum Profile Doors<\/a><\/li>\r\n<li><a href=\"https:\/\/sinoextrud.com\/product\/aluminium-gate-fence\/\" target=\"_blank\">Aluminium gate fence<\/a><\/li>\r\n<li><a href=\"https:\/\/sinoextrud.com\/product\/aluminum-windows-and-doors\/\" target=\"_blank\">Aluminum Windows And Doors<\/a><\/li>\r\n<li><a href=\"https:\/\/sinoextrud.com\/product\/oem-aluminum-extrusion-profile-for-windows-and-doors\/\" target=\"_blank\">OEM Aluminum Extrusion Profile for Windows and Doors<\/a><\/li>\r\n<li><a href=\"https:\/\/sinoextrud.com\/product\/aluminium-tube-suppliers-offer-extruded-aluminium-square-tube-profile-with-anodized-powder-coating-surface-treatment\/\" target=\"_blank\">Aluminium Tube Suppliers Offer Extruded Aluminium Square Tube Profile With Anodized Powder Coating Surface Treatment<\/a><\/li>\r\n<li><a href=\"https:\/\/sinoextrud.com\/product\/extruded-aluminum-trim-shapes\/\" target=\"_blank\">Extruded Aluminum Trim Shapes<\/a><\/li>\r\n<li><a href=\"https:\/\/sinoextrud.com\/product\/aluminum-photo-frame-profile\/\" target=\"_blank\">Aluminum Photo Frame Profile<\/a><\/li>"},"feature_list":[]},"_links":{"self":[{"href":"https:\/\/sinoextrud.com\/es\/wp-json\/wp\/v2\/product\/6272","targetHints":{"allow":["GET"]}}],"collection":[{"href":"https:\/\/sinoextrud.com\/es\/wp-json\/wp\/v2\/product"}],"about":[{"href":"https:\/\/sinoextrud.com\/es\/wp-json\/wp\/v2\/types\/product"}],"wp:featuredmedia":[{"embeddable":true,"href":"https:\/\/sinoextrud.com\/es\/wp-json\/wp\/v2\/media\/6271"}],"wp:attachment":[{"href":"https:\/\/sinoextrud.com\/es\/wp-json\/wp\/v2\/media?parent=6272"}],"wp:term":[{"taxonomy":"category","embeddable":true,"href":"https:\/\/sinoextrud.com\/es\/wp-json\/wp\/v2\/categories?post=6272"}],"curies":[{"name":"wp","href":"https:\/\/api.w.org\/{rel}","templated":true}]}}