{"id":6270,"date":"2025-05-26T07:23:26","date_gmt":"2025-05-26T07:23:26","guid":{"rendered":"https:\/\/sinoextrud.com\/product\/aluminium-mosquito-net-windows-and-door\/"},"modified":"2025-06-24T03:59:15","modified_gmt":"2025-06-24T03:59:15","slug":"ventanas-y-puerta-de-aluminio-con-mosquitera","status":"publish","type":"product","link":"https:\/\/sinoextrud.com\/es\/product\/aluminium-mosquito-net-windows-and-door\/","title":{"rendered":"Mosquiteras de aluminio para puertas y ventanas"},"content":{"rendered":"<h2>Productos<\/h2>\n<table class=\"custom-table\">\n<tr>\n<td class=\"label\">N\u00ba de art\u00edculo<\/td>\n<td>Mosquiteras de aluminio para puertas y ventanas<\/td>\n<\/tr>\n<tr>\n<td class=\"label\">Nombre<\/td>\n<td>Colores seg\u00fan las necesidades de los clientes mosquitera de aluminio dise\u00f1o de la puerta para el jard\u00edn<\/td>\n<\/tr>\n<tr>\n<td class=\"label\">Material<\/td>\n<td>Marco de la pantalla: aleaci\u00f3n de aluminio 6063T5<\/td>\n<\/tr>\n<tr>\n<td class=\"label\">TALLA<\/td>\n<td>Como usted pide<\/td>\n<\/tr>\n<tr>\n<td class=\"label\">Color de la malla<\/td>\n<td>Negro, gris<\/td>\n<\/tr>\n<tr>\n<td class=\"label\">Pantalla Color del marco<\/td>\n<td>Blanco, Gris, Bronce, Verde invisible, Gris oscuro, Acero imitado, Color de madera amarillo, Color de madera rojo, etc. o personalizado<\/td>\n<\/tr>\n<tr>\n<td class=\"label\">Modo de compra<\/td>\n<td>Semielaborados \/ Tama\u00f1o fijo<\/td>\n<\/tr>\n<tr>\n<td class=\"label\">Caracter\u00edsticas principales<\/td>\n<td>F\u00e1cil de usar, robusto y moderno;<br \/>La ausencia de gu\u00edas en el suelo facilita la limpieza y el tr\u00e1nsito<br \/>F\u00e1ciles de instalar y desmontar gracias a las palomillas de pl\u00e1stico especiales<br \/>Posibilidad de conectar m\u00e1s de una puerta, lo que permite cubrir anchuras considerables<br \/>Disponible para todas sus puertas existentes, sencillas\/dobles<br \/>Ideal para grandes balcones, verandas, puertas francesas, puertas plegables, garajes, etc.<br \/>Todos los accesorios pueden suministrarse individualmente<\/td>\n<\/tr>\n<tr>\n<td class=\"label\">Embalaje<\/td>\n<td>Interior: Bolsa de PE retractilada, envuelta en bolsa de burbujas<\/td>\n<\/tr>\n<tr>\n<td class=\"label\">Plazo de entrega<\/td>\n<td>15 d\u00edas despu\u00e9s de recibir el pago<\/td>\n<\/tr>\n<tr>\n<td class=\"label\">Cl\u00e1usula de entrega<\/td>\n<td>FOB FOSHAN ,GUANGZHOU ,SHENZHEN<\/td>\n<\/tr>\n<tr>\n<td class=\"label\">Condiciones de pago<\/td>\n<td>Prepago T\/T y L\/C<\/td>\n<\/tr>\n<\/table>\n<h2>Nuestra base de fabricaci\u00f3n<\/h2>\n<h3>Panorama de la f\u00e1brica<\/h3>\n<p><img decoding=\"async\" src=\"\/wp-content\/uploads\/factory-01.webp\"\/><\/p>\n<h3>Taller de fabricaci\u00f3n de barras de aluminio<\/h3>\n<p><img decoding=\"async\" src=\"\/wp-content\/uploads\/factory-02.webp\"\/><\/p>\n<p><img decoding=\"async\" src=\"\/wp-content\/uploads\/factory-03.webp\"\/><\/p>\n<h3>Almac\u00e9n de moldes<\/h3>\n<p><img decoding=\"async\" src=\"\/wp-content\/uploads\/factory-04.webp\"\/><\/p>\n<h3>43 L\u00c3neas de extrusi\u00c3\u00b3n de aluminio (500\u00e2\u20ac\"5500 toneladas)<\/h3>\n<p><img decoding=\"async\" src=\"\/wp-content\/uploads\/factory-05.webp\"\/><\/p>\n<p><img decoding=\"async\" src=\"\/wp-content\/uploads\/factory-06.webp\"\/><\/p>\n<p><img decoding=\"async\" src=\"\/wp-content\/uploads\/factory-07.webp\"\/><\/p>\n<h3>Taller de pintura en polvo<\/h3>\n<p><img decoding=\"async\" src=\"\/wp-content\/uploads\/factory-09.webp\"\/><\/p>\n<h3>Taller de anodizado<\/h3>\n<p><img decoding=\"async\" src=\"\/wp-content\/uploads\/factory-10.webp\"\/><\/p>\n<h3>Taller de procesamiento profundo<\/h3>\n<p><img decoding=\"async\" src=\"\/wp-content\/uploads\/factory-11.webp\"\/><\/p>\n<h3>Taller de mecanizado de precisi\u00f3n CNC<\/h3>\n<p><img decoding=\"async\" src=\"\/wp-content\/uploads\/factory-11.5.webp\"\/><\/p>\n<h3>Almac\u00e9n de productos acabados y de exportaci\u00f3n<\/h3>\n<p><img decoding=\"async\" src=\"\/wp-content\/uploads\/factory-12.webp\"\/><\/p>\n<p><img decoding=\"async\" src=\"\/wp-content\/uploads\/factory-13.webp\"\/><\/p>\n<p><img decoding=\"async\" src=\"\/wp-content\/uploads\/factory-14.webp\"\/><\/p>\n<h2>PREGUNTAS FRECUENTES<\/h2>\n<p><p><b>1. \u00bfQu\u00e9 es una puerta y ventana mosquitera de aluminio?<\/b><\/p>\n<p>Una ventana y puerta de aluminio con mosquitera es un sistema de marco duradero y resistente a la corrosi\u00f3n con mallas finas integradas para la protecci\u00f3n contra insectos y la ventilaci\u00f3n.<br \/>\n<\/p><br \/>\n<br \/>\n<p><b>2. \u00bfPor qu\u00e9 elegir una puerta y ventana mosquitera de aluminio?<\/b><\/p>\n<p>Las ventanas y puertas de aluminio con mosquitera combinan resistencia ligera, resistencia a la corrosi\u00f3n y facilidad de manejo con una eficaz protecci\u00f3n contra mosquitos y plagas.<br \/>\n<\/p><br \/>\n<br \/>\n<p><b>3. \u00bfC\u00f3mo mejora la circulaci\u00f3n del aire una puerta y ventana mosquitera de aluminio?<\/b><\/p>\n<p>La fina malla de las ventanas y puertas de aluminio con mosquitera permite la m\u00e1xima circulaci\u00f3n de aire al tiempo que impide la entrada de insectos, mejorando la calidad del aire interior.<br \/>\n<\/p><br \/>\n<br \/>\n<p><b>4. \u00bfLos marcos de aluminio para puertas y ventanas con mosquitera requieren poco mantenimiento?<\/b><\/p>\n<p>S\u00ed, las ventanas y puertas mosquiteras de aluminio s\u00f3lo requieren una limpieza peri\u00f3dica de los marcos y las mosquiteras para mantener la resistencia a la corrosi\u00f3n y un funcionamiento sin problemas.<br \/>\n<\/p><br \/>\n<br \/>\n<p><b>5. \u00bfSe pueden personalizar las mosquiteras de aluminio para puertas y ventanas?<\/b><\/p>\n<p>Las mosquiteras de aluminio para puertas y ventanas admiten densidades de malla, colores de marco y tama\u00f1os personalizados para adaptarse a cualquier hueco de puerta o ventana.<br \/>\n<\/p><br \/>\n<br \/>\n<p><b>6.\u00bfC\u00f3mo se comportan los marcos de aluminio para puertas y ventanas con mosquitera en climas rigurosos?<\/b><\/p>\n<p>Las ventanas y puertas mosquiteras de aluminio resistentes a la intemperie soportan la exposici\u00f3n a los rayos UV, el aire salado y la humedad sin deformarse ni decolorarse.<br \/>\n<\/p><br \/>\n<br \/>\n<p><b>7. \u00bfQu\u00e9 dispositivos de seguridad existen para las puertas y ventanas mosquiteras de aluminio?<\/b><\/p>\n<p>Los marcos de aluminio reforzado para puertas y ventanas con mosquitera pueden incluir cerraduras multipunto y malla reforzada para mayor seguridad y tranquilidad.<br \/>\n<\/p><br \/>\n<br \/>\n<p><b>8.\u00bfSon f\u00e1ciles de instalar las ventanas y puertas mosquiteras de aluminio?<\/b><\/p>\n<p>Los kits de mosquiteras de aluminio para ventanas y puertas incluyen marcos pretaladrados y mallas encajables para una r\u00e1pida instalaci\u00f3n profesional o de bricolaje.<br \/>\n<\/p><br \/>\n<br \/>\n<p><b>9.\u00bfEn qu\u00e9 medida son ecol\u00f3gicos los productos de aluminio para puertas y ventanas con mosquitera?<\/b><\/p>\n<p>Las ventanas y puertas de aluminio con mosquitera son totalmente reciclables, su producci\u00f3n es eficiente desde el punto de vista energ\u00e9tico y contribuyen a unas pr\u00e1cticas de construcci\u00f3n sostenibles.<br \/>\n<\/p><br \/>\n<br \/>\n<p><b>10. \u00bfD\u00f3nde puedo encontrar soluciones de calidad para puertas y ventanas mosquiteras de aluminio?<\/b><\/p>\n<p>Los principales fabricantes de ventanas y puertas de aluminio con mosquitera ofrecen productos con certificaci\u00f3n ISO, distribuci\u00f3n mundial y asistencia t\u00e9cnica especializada.<br \/>\n<\/p><br \/><\/p>","protected":false},"featured_media":6269,"template":"","categories":[59],"class_list":["post-6270","product","type-product","status-publish","has-post-thumbnail","hentry","category-aluminum-window-door-system"],"meta_box":{"hilight_text_group":{"product_hilight_text":"<li>Multi-chamber thermal break design for superior insulation and reduced energy costs<\/li>\r\r\n<li>High-strength 6063-T5 alloy construction ensuring structural rigidity<\/li>\r\r\n<li>Precision extrusion with \u00c2\u00b10.1 mm tolerance for seamless assembly<\/li>\r\r\n<li>Customizable profiles and lengths to suit diverse architectural requirements<\/li>\r\r\n<li>Optional finishes (anodized, powder-coated) for corrosion protection and aesthetics<\/li>\r\r\n<li>Integrated drainage and condensation channels for reliable water management<\/li>\r\r\n<li>Compliant with international thermal performance standards (EN, ASTM)<\/li>\r\r\n<li>RoHS-compliant and fully recyclable for sustainable building practices<\/li>","product_chanpin_chanpin":"<li><a href=\"https:\/\/sinoextrud.com\/product\/aluminum-casement-window-double-hung-single-hung-jalousie-security-door-and-window\/\" target=\"_blank\">aluminum casement window Double Hung Single Hung Jalousie Security Door And Window<\/a><\/li>\r\n<li><a href=\"https:\/\/sinoextrud.com\/product\/aluminum-window\/\" target=\"_blank\">Aluminum Window<\/a><\/li>\r\n<li><a href=\"https:\/\/sinoextrud.com\/product\/aluminum-profile-windows-extrusion-companies-in-china\/\" target=\"_blank\">aluminum profile windows extrusion companies in china<\/a><\/li>\r\n<li><a href=\"https:\/\/sinoextrud.com\/product\/thermal-break-aluminium-profiles\/\" target=\"_blank\">Thermal Break Aluminium Profiles<\/a><\/li>\r\n<li><a href=\"https:\/\/sinoextrud.com\/product\/aluminium-mosquito-net-windows-and-door\/\" target=\"_blank\">Aluminium Mosquito Net Windows And Door<\/a><\/li>\r\n<li><a href=\"https:\/\/sinoextrud.com\/product\/aluminum-profile-doors\/\" target=\"_blank\">Aluminum Profile Doors<\/a><\/li>\r\n<li><a href=\"https:\/\/sinoextrud.com\/product\/aluminium-gate-fence\/\" target=\"_blank\">Aluminium gate fence<\/a><\/li>\r\n<li><a href=\"https:\/\/sinoextrud.com\/product\/aluminum-windows-and-doors\/\" target=\"_blank\">Aluminum Windows And Doors<\/a><\/li>\r\n<li><a href=\"https:\/\/sinoextrud.com\/product\/oem-aluminum-extrusion-profile-for-windows-and-doors\/\" target=\"_blank\">OEM Aluminum Extrusion Profile for Windows and Doors<\/a><\/li>\r\n<li><a href=\"https:\/\/sinoextrud.com\/product\/aluminium-enclosure\/\" target=\"_blank\">Aluminium Enclosure<\/a><\/li>\r\n<li><a href=\"https:\/\/sinoextrud.com\/product\/aluminum-hydraulic-oil-tank\/\" target=\"_blank\">Aluminum Hydraulic Oil Tank<\/a><\/li>"},"feature_list":[]},"_links":{"self":[{"href":"https:\/\/sinoextrud.com\/es\/wp-json\/wp\/v2\/product\/6270","targetHints":{"allow":["GET"]}}],"collection":[{"href":"https:\/\/sinoextrud.com\/es\/wp-json\/wp\/v2\/product"}],"about":[{"href":"https:\/\/sinoextrud.com\/es\/wp-json\/wp\/v2\/types\/product"}],"wp:featuredmedia":[{"embeddable":true,"href":"https:\/\/sinoextrud.com\/es\/wp-json\/wp\/v2\/media\/6269"}],"wp:attachment":[{"href":"https:\/\/sinoextrud.com\/es\/wp-json\/wp\/v2\/media?parent=6270"}],"wp:term":[{"taxonomy":"category","embeddable":true,"href":"https:\/\/sinoextrud.com\/es\/wp-json\/wp\/v2\/categories?post=6270"}],"curies":[{"name":"wp","href":"https:\/\/api.w.org\/{rel}","templated":true}]}}