{"id":6254,"date":"2025-05-26T06:54:55","date_gmt":"2025-05-26T06:54:55","guid":{"rendered":"https:\/\/sinoextrud.com\/product\/aluminum-door-frame-profile\/"},"modified":"2025-06-24T03:55:59","modified_gmt":"2025-06-24T03:55:59","slug":"perfil-de-aluminio-para-marco-de-puerta","status":"publish","type":"product","link":"https:\/\/sinoextrud.com\/es\/product\/aluminum-door-frame-profile\/","title":{"rendered":"Perfil de aluminio para marcos de puertas"},"content":{"rendered":"<h2>Productos<\/h2>\n<table class=\"custom-table\">\n<tr>\n<td class=\"label\">Nombre del producto<\/td>\n<td>Perfil de aluminio para marcos de puertas<\/td>\n<\/tr>\n<tr>\n<td class=\"label\">Material<\/td>\n<td>6063,6061.<\/td>\n<\/tr>\n<tr>\n<td class=\"label\">Temple<\/td>\n<td>T3-T8<\/td>\n<\/tr>\n<tr>\n<td class=\"label\">Color<\/td>\n<td>Plata anodizada, grano de madera u otro color personalizado<\/td>\n<\/tr>\n<tr>\n<td class=\"label\">Aplicaci\u00f3n t\u00edpica<\/td>\n<td>Ventanas y puertas<\/td>\n<\/tr>\n<tr>\n<td class=\"label\">Proceso CNC<\/td>\n<td>Soporte de fresado CNC, punzonado, taladrado, roscado, plegado<\/td>\n<\/tr>\n<tr>\n<td class=\"label\">MOQ<\/td>\n<td>200KG<\/td>\n<\/tr>\n<tr>\n<td class=\"label\">Tratamiento de superficies<\/td>\n<td>Grano de madera, anodizado, recubrimiento en polvo, electroforesis, recubrimiento de PVDF, cepillado, etc.<\/td>\n<\/tr>\n<tr>\n<td class=\"label\">Certificaciones<\/td>\n<td>ISO9001,ISO4001,CQM,SGS,CE,BV etc.<\/td>\n<\/tr>\n<tr>\n<td class=\"label\">Lugar de origen<\/td>\n<td>Guangdong,China<\/td>\n<\/tr>\n<\/table>\n<h2>Nuestra base de fabricaci\u00f3n<\/h2>\n<h3>Panorama de la f\u00e1brica<\/h3>\n<p><img decoding=\"async\" src=\"\/wp-content\/uploads\/factory-01.webp\"\/><\/p>\n<h3>Taller de fabricaci\u00f3n de barras de aluminio<\/h3>\n<p><img decoding=\"async\" src=\"\/wp-content\/uploads\/factory-02.webp\"\/><\/p>\n<p><img decoding=\"async\" src=\"\/wp-content\/uploads\/factory-03.webp\"\/><\/p>\n<h3>Almac\u00e9n de moldes<\/h3>\n<p><img decoding=\"async\" src=\"\/wp-content\/uploads\/factory-04.webp\"\/><\/p>\n<h3>43 L\u00c3neas de extrusi\u00c3\u00b3n de aluminio (500\u00e2\u20ac\"5500 toneladas)<\/h3>\n<p><img decoding=\"async\" src=\"\/wp-content\/uploads\/factory-05.webp\"\/><\/p>\n<p><img decoding=\"async\" src=\"\/wp-content\/uploads\/factory-06.webp\"\/><\/p>\n<p><img decoding=\"async\" src=\"\/wp-content\/uploads\/factory-07.webp\"\/><\/p>\n<h3>Taller de pintura en polvo<\/h3>\n<p><img decoding=\"async\" src=\"\/wp-content\/uploads\/factory-09.webp\"\/><\/p>\n<h3>Taller de anodizado<\/h3>\n<p><img decoding=\"async\" src=\"\/wp-content\/uploads\/factory-10.webp\"\/><\/p>\n<h3>Taller de procesamiento profundo<\/h3>\n<p><img decoding=\"async\" src=\"\/wp-content\/uploads\/factory-11.webp\"\/><\/p>\n<h3>Taller de mecanizado de precisi\u00f3n CNC<\/h3>\n<p><img decoding=\"async\" src=\"\/wp-content\/uploads\/factory-11.5.webp\"\/><\/p>\n<h3>Almac\u00e9n de productos acabados y de exportaci\u00f3n<\/h3>\n<p><img decoding=\"async\" src=\"\/wp-content\/uploads\/factory-12.webp\"\/><\/p>\n<p><img decoding=\"async\" src=\"\/wp-content\/uploads\/factory-13.webp\"\/><\/p>\n<p><img decoding=\"async\" src=\"\/wp-content\/uploads\/factory-14.webp\"\/><\/p>\n<h2>PREGUNTAS FRECUENTES<\/h2>\n<p><p><b>1.\u00bfQu\u00e9 es un perfil de marco de puerta de aluminio?<\/b><\/p>\n<p>Un perfil de marco de puerta de aluminio es una secci\u00f3n de aluminio extruido de precisi\u00f3n dise\u00f1ada para formar el marco estructural de puertas interiores y exteriores.<br \/>\n<\/p><br \/>\n<br \/>\n<p><b>2.\u00bfPor qu\u00e9 elegir un perfil de marco de puerta de aluminio?<\/b><\/p>\n<p>Los perfiles de aluminio para marcos de puertas ofrecen una durabilidad excepcional, una construcci\u00f3n ligera y una resistencia a la corrosi\u00f3n superior a la de los marcos de acero o madera.<br \/>\n<\/p><br \/>\n<br \/>\n<p><b>3.\u00bfC\u00f3mo mejora la eficiencia energ\u00e9tica un perfil de aluminio para marcos de puertas?<\/b><\/p>\n<p>Los perfiles de aluminio para marcos de puertas con eficiencia energ\u00e9tica incorporan tecnolog\u00eda de rotura de puente t\u00e9rmico y dise\u00f1os multic\u00e1mara para minimizar la transferencia de calor y reducir los costes energ\u00e9ticos.<br \/>\n<\/p><br \/>\n<br \/>\n<p><b>4.\u00bfSe pueden personalizar los perfiles de aluminio para marcos de puertas?<\/b><\/p>\n<p>S\u00ed, los perfiles de aluminio para marcos de puertas pueden extruirse a medida con distintas secciones transversales, acabados y colores anodizados o con recubrimiento en polvo para adaptarse a cualquier estilo arquitect\u00f3nico.<br \/>\n<\/p><br \/>\n<br \/>\n<p><b>5.\u00bfQu\u00e9 ventajas de instalaci\u00f3n ofrecen los perfiles de aluminio para marcos de puertas?<\/b><\/p>\n<p>Los perfiles de aluminio para marcos de puertas presentan tolerancias precisas y canales de junta integrados para una instalaci\u00f3n r\u00e1pida y precisa y un sellado herm\u00e9tico.<br \/>\n<\/p><br \/>\n<br \/>\n<p><b>6.\u00bfC\u00f3mo se comportan los perfiles de aluminio para marcos de puertas en entornos dif\u00edciles?<\/b><\/p>\n<p>Los perfiles de marco de puerta de aluminio resistentes a la intemperie soportan la exposici\u00f3n a los rayos UV, la humedad y las temperaturas extremas sin deformarse ni decolorarse.<br \/>\n<\/p><br \/>\n<br \/>\n<p><b>7.\u00bfPueden los perfiles de aluminio para marcos de puertas mejorar la seguridad?<\/b><\/p>\n<p>S\u00ed, los perfiles reforzados de aluminio para marcos de puertas admiten sistemas de cierre multipunto y herrajes robustos para mejorar la seguridad de las puertas.<br \/>\n<\/p><br \/>\n<br \/>\n<p><b>8.\u00bfQu\u00e9 mantenimiento requieren los perfiles de aluminio para marcos de puertas?<\/b><\/p>\n<p>Los perfiles de aluminio para marcos de puertas requieren poco mantenimiento y s\u00f3lo requieren una limpieza e inspecci\u00f3n peri\u00f3dicas, ya que resisten el \u00f3xido y el deterioro con el paso del tiempo.<br \/>\n<\/p><br \/>\n<br \/>\n<p><b>9.\u00bfSon ecol\u00f3gicos los perfiles de aluminio para marcos de puertas?<\/b><\/p>\n<p>Los perfiles de aluminio reciclables para marcos de puertas reducen el impacto medioambiental y respaldan certificaciones de construcci\u00f3n sostenible como LEED.<br \/>\n<\/p><br \/>\n<br \/>\n<p><b>10. \u00bfD\u00f3nde puedo encontrar perfiles de aluminio para marcos de puertas de alta calidad?<\/b><\/p>\n<p>Los principales fabricantes de perfiles de aluminio para marcos de puertas ofrecen productos con certificaci\u00f3n ISO, distribuci\u00f3n mundial y asistencia t\u00e9cnica para soluciones de marcos de puertas.<br \/>\n<\/p><br \/><\/p>","protected":false},"featured_media":6253,"template":"","categories":[59],"class_list":["post-6254","product","type-product","status-publish","has-post-thumbnail","hentry","category-aluminum-window-door-system"],"meta_box":{"hilight_text_group":{"product_hilight_text":"<li>Constructed from 6063-T5 aluminum alloy for superior strength and rigidity<\/li>\r\r\n<li>Precision-milled profiles with tolerances down to \u00c2\u00b10.1 mm for perfect fit<\/li>\r\r\n<li>Integrated thermal break option to enhance energy efficiency and reduce condensation<\/li>\r\r\n<li>Customizable finishes (anodized, powder-coated) for corrosion resistance and aesthetic matching<\/li>\r\r\n<li>Standardized groove design compatible with glazing beads and weather seals<\/li>\r\r\n<li>Pre-drilled mounting holes and snap-in corner connectors for fast, error-free installation<\/li>\r\r\n<li>Lightweight construction (2.70 g\/cm3) lowers shipping cost and eases handling<\/li>\r\r\n<li>RoHS-compliant and fully recyclable for sustainable building projects<\/li>","product_chanpin_chanpin":"<li><a href=\"https:\/\/sinoextrud.com\/product\/aluminum-extrusion-aerospace-grade-2024-aluminum-alloy-tubes\/\" target=\"_blank\">Aluminum Extrusion Aerospace-Grade 2024 Aluminum Alloy Tubes<\/a><\/li>\r\n<li><a href=\"https:\/\/sinoextrud.com\/product\/aluminum-casement-door\/\" target=\"_blank\">Aluminum Casement Door<\/a><\/li>\r\n<li><a href=\"https:\/\/sinoextrud.com\/product\/6063t6-aluminium-profile-corner\/\" target=\"_blank\">6063T6 Aluminium Profile Corner<\/a><\/li>\r\n<li><a href=\"https:\/\/sinoextrud.com\/product\/extruded-aluminum-sliding-channel\/\" target=\"_blank\">Extruded Aluminum Sliding Channel<\/a><\/li>\r\n<li><a href=\"https:\/\/sinoextrud.com\/product\/aluminum-door-frame-profile\/\" target=\"_blank\">Aluminum Door Frame Profile<\/a><\/li>\r\n<li><a href=\"https:\/\/sinoextrud.com\/product\/sliding-window-aluminum-window-track\/\" target=\"_blank\">Sliding Window Aluminum Window Track<\/a><\/li>\r\n<li><a href=\"https:\/\/sinoextrud.com\/product\/aluminum-window-frame\/\" target=\"_blank\">Aluminum Window Frame<\/a><\/li>\r\n<li><a href=\"https:\/\/sinoextrud.com\/product\/aluminum-window-profile\/\" target=\"_blank\">Aluminum Window Profile<\/a><\/li>\r\n<li><a href=\"https:\/\/sinoextrud.com\/product\/aluminum-casement-window-double-hung-single-hung-jalousie-security-door-and-window\/\" target=\"_blank\">aluminum casement window Double Hung Single Hung Jalousie Security Door And Window<\/a><\/li>\r\n<li><a href=\"https:\/\/sinoextrud.com\/product\/flat-aluminum-extrusions\/\" target=\"_blank\">Flat Aluminum Extrusions<\/a><\/li>\r\n<li><a href=\"https:\/\/sinoextrud.com\/product\/extruded-aluminium-round-tube\/\" target=\"_blank\">Extruded Aluminium Round Tube<\/a><\/li>"},"feature_list":[]},"_links":{"self":[{"href":"https:\/\/sinoextrud.com\/es\/wp-json\/wp\/v2\/product\/6254","targetHints":{"allow":["GET"]}}],"collection":[{"href":"https:\/\/sinoextrud.com\/es\/wp-json\/wp\/v2\/product"}],"about":[{"href":"https:\/\/sinoextrud.com\/es\/wp-json\/wp\/v2\/types\/product"}],"wp:featuredmedia":[{"embeddable":true,"href":"https:\/\/sinoextrud.com\/es\/wp-json\/wp\/v2\/media\/6253"}],"wp:attachment":[{"href":"https:\/\/sinoextrud.com\/es\/wp-json\/wp\/v2\/media?parent=6254"}],"wp:term":[{"taxonomy":"category","embeddable":true,"href":"https:\/\/sinoextrud.com\/es\/wp-json\/wp\/v2\/categories?post=6254"}],"curies":[{"name":"wp","href":"https:\/\/api.w.org\/{rel}","templated":true}]}}