{"id":6252,"date":"2025-05-26T06:52:58","date_gmt":"2025-05-26T06:52:58","guid":{"rendered":"https:\/\/sinoextrud.com\/product\/extruded-aluminum-sliding-channel\/"},"modified":"2025-06-24T03:55:56","modified_gmt":"2025-06-24T03:55:56","slug":"canal-deslizante-de-aluminio-extruido","status":"publish","type":"product","link":"https:\/\/sinoextrud.com\/es\/product\/extruded-aluminum-sliding-channel\/","title":{"rendered":"Canal deslizante de aluminio extruido"},"content":{"rendered":"<h2>Productos<\/h2>\n<table class=\"custom-table\">\n<tr>\n<td class=\"label\">Nombre<\/td>\n<td>Canal deslizante de aluminio extruido<\/td>\n<\/tr>\n<tr>\n<td class=\"label\">Categor\u00eda<\/td>\n<td>Secciones de aluminio<\/td>\n<\/tr>\n<tr>\n<td class=\"label\">Tipo<\/td>\n<td>Tipo pesado o ligero est\u00e1 disponible<\/td>\n<\/tr>\n<tr>\n<td class=\"label\">Material<\/td>\n<td>6061 es ampliamente utilizado. 6063, 6463, 6005, 6082 tambi\u00e9n est\u00e1 disponible.<\/td>\n<\/tr>\n<tr>\n<td class=\"label\">Temple<\/td>\n<td>T5-T8<\/td>\n<\/tr>\n<tr>\n<td class=\"label\">Longitud<\/td>\n<td>1-9M o personalizaci\u00f3n<\/td>\n<\/tr>\n<tr>\n<td class=\"label\">Tama\u00f1o (mm)<\/td>\n<td>Seg\u00fan plano<\/td>\n<\/tr>\n<tr>\n<td class=\"label\">Forma<\/td>\n<td>Individual \/ Doble \/ Triple<\/td>\n<\/tr>\n<tr>\n<td class=\"label\">Tratamiento de superficies<\/td>\n<td>Acabado de fresado, anodizado, chorro de arena, electroforesis, revestimiento de potencia, etc.<\/td>\n<\/tr>\n<tr>\n<td class=\"label\">Color<\/td>\n<td>Plata, negro, blanco, rojo, amarillo, champ\u00e1n o colores personalizados<\/td>\n<\/tr>\n<tr>\n<td class=\"label\">Est\u00e1ndar<\/td>\n<td>ASTM, GB, DIN<\/td>\n<\/tr>\n<tr>\n<td class=\"label\">En<\/td>\n<td>Guangdong, China<\/td>\n<\/tr>\n<tr>\n<td class=\"label\">Aplicaci\u00f3n<\/td>\n<td>Ventana y puerta, as\u00ed como el carril, slideway , ranura en industria<\/td>\n<\/tr>\n<\/table>\n<h2>Nuestra base de fabricaci\u00f3n<\/h2>\n<h3>Panorama de la f\u00e1brica<\/h3>\n<p><img decoding=\"async\" src=\"\/wp-content\/uploads\/factory-01.webp\"\/><\/p>\n<h3>Taller de fabricaci\u00f3n de barras de aluminio<\/h3>\n<p><img decoding=\"async\" src=\"\/wp-content\/uploads\/factory-02.webp\"\/><\/p>\n<p><img decoding=\"async\" src=\"\/wp-content\/uploads\/factory-03.webp\"\/><\/p>\n<h3>Almac\u00e9n de moldes<\/h3>\n<p><img decoding=\"async\" src=\"\/wp-content\/uploads\/factory-04.webp\"\/><\/p>\n<h3>43 l\u00edneas de extrusi\u00f3n de aluminio (500-5500 toneladas)<\/h3>\n<p><img decoding=\"async\" src=\"\/wp-content\/uploads\/factory-05.webp\"\/><\/p>\n<p><img decoding=\"async\" src=\"\/wp-content\/uploads\/factory-06.webp\"\/><\/p>\n<p><img decoding=\"async\" src=\"\/wp-content\/uploads\/factory-07.webp\"\/><\/p>\n<h3>Taller de pintura en polvo<\/h3>\n<p><img decoding=\"async\" src=\"\/wp-content\/uploads\/factory-09.webp\"\/><\/p>\n<h3>Taller de anodizado<\/h3>\n<p><img decoding=\"async\" src=\"\/wp-content\/uploads\/factory-10.webp\"\/><\/p>\n<h3>Taller de procesamiento profundo<\/h3>\n<p><img decoding=\"async\" src=\"\/wp-content\/uploads\/factory-11.webp\"\/><\/p>\n<h3>Taller de mecanizado de precisi\u00f3n CNC<\/h3>\n<p><img decoding=\"async\" src=\"\/wp-content\/uploads\/factory-11.5.webp\"\/><\/p>\n<h3>Almac\u00e9n de productos acabados y de exportaci\u00f3n<\/h3>\n<p><img decoding=\"async\" src=\"\/wp-content\/uploads\/factory-12.webp\"\/><\/p>\n<p><img decoding=\"async\" src=\"\/wp-content\/uploads\/factory-13.webp\"\/><\/p>\n<p><img decoding=\"async\" src=\"\/wp-content\/uploads\/factory-14.webp\"\/><\/p>\n<h2>PREGUNTAS FRECUENTES<\/h2>\n<p><p><b>1. \u00bfQu\u00e9 es un canal deslizante de aluminio extruido?<\/b><\/p>\n<p>Un canal deslizante de aluminio extruido es un sistema de rieles de aluminio de precisi\u00f3n dise\u00f1ado para aplicaciones deslizantes suaves y duraderas en puertas, ventanas y paneles.<br \/>\n<\/p><br \/>\n<br \/>\n<p><b>2.\u00bfCu\u00e1les son las principales caracter\u00edsticas de un canal deslizante de aluminio extruido?<\/b><\/p>\n<p>Entre sus principales caracter\u00edsticas se incluyen la extrusi\u00f3n de alta resistencia, la resistencia a la corrosi\u00f3n, las tolerancias dimensionales ajustadas, las longitudes personalizables y las superficies deslizantes de baja fricci\u00f3n.<br \/>\n<\/p><br \/>\n<br \/>\n<p><b>3.\u00bfC\u00f3mo mejora el rendimiento un canal deslizante de aluminio extruido?<\/b><\/p>\n<p>Los canales deslizantes de aluminio extruido garantizan un movimiento uniforme y suave, un menor desgaste de los rodillos y una mayor capacidad de carga para paneles deslizantes pesados.<br \/>\n<\/p><br \/>\n<br \/>\n<p><b>4. \u00bfPor qu\u00e9 elegir canales deslizantes de aluminio extruido en lugar de opciones de pl\u00e1stico o acero?<\/b><\/p>\n<p>Los canales deslizantes de aluminio extruido ofrecen una relaci\u00f3n resistencia-peso superior, resistencia natural a la corrosi\u00f3n, mejor estabilidad t\u00e9rmica y ventajas de material reciclable.<br \/>\n<\/p><br \/>\n<br \/>\n<p><b>5.\u00bfPueden anodizarse o revestirse los canales deslizantes de aluminio extruido?<\/b><\/p>\n<p>S\u00ed, los canales deslizantes de aluminio extruido admiten anodizado, recubrimiento en polvo y acabados personalizados para mejorar la est\u00e9tica, la resistencia a los ara\u00f1azos y la durabilidad a largo plazo.<br \/>\n<\/p><br \/>\n<br \/>\n<p><b>6. \u00bfQu\u00e9 aplicaciones se benefician de los canales deslizantes de aluminio extruido?<\/b><\/p>\n<p>Los canales deslizantes de aluminio extruido son ideales para puertas deslizantes residenciales y comerciales, mamparas de cristal, cajones de armarios y protecciones de maquinaria industrial.<br \/>\n<\/p><br \/>\n<br \/>\n<p><b>7.\u00bfC\u00f3mo se instala un canal deslizante de aluminio extruido?<\/b><\/p>\n<p>La instalaci\u00f3n implica fijar el canal a la superficie de montaje con tornillos o adhesivos, alinear los rodillos o gu\u00edas y ajustarlos para que se deslicen con suavidad.<br \/>\n<\/p><br \/>\n<br \/>\n<p><b>8.\u00bfLos canales deslizantes de aluminio extruido no requieren mantenimiento?<\/b><\/p>\n<p>El mantenimiento de los canales deslizantes de aluminio extruido es m\u00ednimo: la limpieza y lubricaci\u00f3n peri\u00f3dicas de los elementos deslizantes garantizan un rendimiento \u00f3ptimo y una larga vida \u00fatil.<br \/>\n<\/p><br \/>\n<br \/>\n<p><b>9.\u00bfQu\u00e9 opciones de personalizaci\u00f3n existen para los canales deslizantes de aluminio extruido?<\/b><\/p>\n<p>Los fabricantes ofrecen secciones transversales, configuraciones de ranuras, patrones de orificios y cortes de longitud personalizados para soluciones de canal deslizante de aluminio extruido a medida.<br \/>\n<\/p><br \/>\n<br \/>\n<p><b>10. \u00bfD\u00f3nde puedo encontrar canales deslizantes de aluminio extruido de alta calidad?<\/b><\/p>\n<p>Los principales proveedores de extrusi\u00f3n ofrecen Canales deslizantes de aluminio extruido certificados con garant\u00eda de calidad ISO, env\u00edo internacional y asistencia t\u00e9cnica.<br \/>\n<\/p><br \/><\/p>","protected":false},"featured_media":6251,"template":"","categories":[59],"class_list":["post-6252","product","type-product","status-publish","has-post-thumbnail","hentry","category-aluminum-window-door-system"],"meta_box":{"hilight_text_group":{"product_hilight_text":"<li>High-precision extrusion for uniform sliding action and minimal friction<\/li>\r\r\n<li>Hard-anodized surface for enhanced wear resistance and corrosion protection<\/li>\r\r\n<li>Customizable channel dimensions and profiles to fit diverse application needs<\/li>\r\r\n<li>Integrated drainage slots to prevent debris build-up and ensure smooth operation<\/li>\r\r\n<li>Lightweight 6061-T6 aluminum construction for strength-to-weight optimization<\/li>\r\r\n<li>Compatible with standard bearings and sliders for easy assembly<\/li>\r\r\n<li>Low maintenance with self-lubricating track options available<\/li>\r\r\n<li>RoHS-compliant and fully recyclable for sustainable manufacturing<\/li>","product_chanpin_chanpin":"<li><a href=\"https:\/\/sinoextrud.com\/product\/extruded-aluminum-alloy-profile-for-glass-floor-channel\/\" target=\"_blank\">Extruded Aluminum Alloy Profile For Glass Floor Channel<\/a><\/li>\r\n<li><a href=\"https:\/\/sinoextrud.com\/product\/aluminum-extrusion-aerospace-grade-2024-aluminum-alloy-tubes\/\" target=\"_blank\">Aluminum Extrusion Aerospace-Grade 2024 Aluminum Alloy Tubes<\/a><\/li>\r\n<li><a href=\"https:\/\/sinoextrud.com\/product\/aluminum-casement-door\/\" target=\"_blank\">Aluminum Casement Door<\/a><\/li>\r\n<li><a href=\"https:\/\/sinoextrud.com\/product\/6063t6-aluminium-profile-corner\/\" target=\"_blank\">6063T6 Aluminium Profile Corner<\/a><\/li>\r\n<li><a href=\"https:\/\/sinoextrud.com\/product\/extruded-aluminum-sliding-channel\/\" target=\"_blank\">Extruded Aluminum Sliding Channel<\/a><\/li>\r\n<li><a href=\"https:\/\/sinoextrud.com\/product\/aluminum-door-frame-profile\/\" target=\"_blank\">Aluminum Door Frame Profile<\/a><\/li>\r\n<li><a href=\"https:\/\/sinoextrud.com\/product\/sliding-window-aluminum-window-track\/\" target=\"_blank\">Sliding Window Aluminum Window Track<\/a><\/li>\r\n<li><a href=\"https:\/\/sinoextrud.com\/product\/aluminum-window-frame\/\" target=\"_blank\">Aluminum Window Frame<\/a><\/li>\r\n<li><a href=\"https:\/\/sinoextrud.com\/product\/aluminum-window-profile\/\" target=\"_blank\">Aluminum Window Profile<\/a><\/li>\r\n<li><a href=\"https:\/\/sinoextrud.com\/product\/customized-aluminum-porch-railing\/\" target=\"_blank\">Customized Aluminum Porch Railing<\/a><\/li>\r\n<li><a href=\"https:\/\/sinoextrud.com\/product\/high-quality-aluminium-extrusion-profile-for-curtain-wall\/\" target=\"_blank\">High Quality Aluminium Extrusion Profile for Curtain Wall<\/a><\/li>"},"feature_list":[]},"_links":{"self":[{"href":"https:\/\/sinoextrud.com\/es\/wp-json\/wp\/v2\/product\/6252","targetHints":{"allow":["GET"]}}],"collection":[{"href":"https:\/\/sinoextrud.com\/es\/wp-json\/wp\/v2\/product"}],"about":[{"href":"https:\/\/sinoextrud.com\/es\/wp-json\/wp\/v2\/types\/product"}],"wp:featuredmedia":[{"embeddable":true,"href":"https:\/\/sinoextrud.com\/es\/wp-json\/wp\/v2\/media\/6251"}],"wp:attachment":[{"href":"https:\/\/sinoextrud.com\/es\/wp-json\/wp\/v2\/media?parent=6252"}],"wp:term":[{"taxonomy":"category","embeddable":true,"href":"https:\/\/sinoextrud.com\/es\/wp-json\/wp\/v2\/categories?post=6252"}],"curies":[{"name":"wp","href":"https:\/\/api.w.org\/{rel}","templated":true}]}}