{"id":6250,"date":"2025-05-26T06:33:58","date_gmt":"2025-05-26T06:33:58","guid":{"rendered":"https:\/\/sinoextrud.com\/product\/6063t6-aluminium-profile-corner\/"},"modified":"2025-06-24T03:55:46","modified_gmt":"2025-06-24T03:55:46","slug":"esquina-de-perfil-de-aluminio-6063t6","status":"publish","type":"product","link":"https:\/\/sinoextrud.com\/es\/product\/6063t6-aluminium-profile-corner\/","title":{"rendered":"Esquina de perfil de aluminio 6063T6"},"content":{"rendered":"<h2>Productos<\/h2>\n<table class=\"custom-table\">\n<tr>\n<td class=\"label\">Nombre del producto<\/td>\n<td>Perfil de aluminio de esquina triangular, Perfil de aluminio de esquina, Perfil de aluminio de esquina, Perfil de aluminio de esquina 6063T6<\/td>\n<\/tr>\n<tr>\n<td class=\"label\">Material<\/td>\n<td>Aleaci\u00f3n de aluminio 6063,6005, 6005A,6061,6082,6463<\/td>\n<\/tr>\n<tr>\n<td class=\"label\">Temple<\/td>\n<td>T3-T8 para esquina de perfil de aluminio<\/td>\n<\/tr>\n<tr>\n<td class=\"label\">Terminado<\/td>\n<td>Acabado de fresado, anodizado, recubrimiento en polvo, PVDF, grano de madera, cepillado, etc.<\/td>\n<\/tr>\n<tr>\n<td class=\"label\">Coler<\/td>\n<td>Plata, negro, champ\u00e1n, bronce, blanco, colores RAL, oro, color madera, etc.<\/td>\n<\/tr>\n<tr>\n<td class=\"label\">MOQ<\/td>\n<td>200KGS<\/td>\n<\/tr>\n<tr>\n<td class=\"label\">Aplicaci\u00f3n<\/td>\n<td>Construcci\u00f3n, industria, energ\u00eda, transporte, etc.<\/td>\n<\/tr>\n<tr>\n<td class=\"label\">Servicio de fabricaci\u00f3n<\/td>\n<td>Se puede ofrecer servicio de punzonado, taladrado, soldadura, plegado y maquinaria CNC si es necesario.<\/td>\n<\/tr>\n<\/table>\n<h2>Nuestra base de fabricaci\u00f3n<\/h2>\n<h3>Panorama de la f\u00e1brica<\/h3>\n<p><img decoding=\"async\" src=\"\/wp-content\/uploads\/factory-01.webp\"\/><\/p>\n<h3>Taller de fabricaci\u00f3n de barras de aluminio<\/h3>\n<p><img decoding=\"async\" src=\"\/wp-content\/uploads\/factory-02.webp\"\/><\/p>\n<p><img decoding=\"async\" src=\"\/wp-content\/uploads\/factory-03.webp\"\/><\/p>\n<h3>Almac\u00e9n de moldes<\/h3>\n<p><img decoding=\"async\" src=\"\/wp-content\/uploads\/factory-04.webp\"\/><\/p>\n<h3>43 L\u00c3neas de extrusi\u00c3\u00b3n de aluminio (500\u00e2\u20ac\"5500 toneladas)<\/h3>\n<p><img decoding=\"async\" src=\"\/wp-content\/uploads\/factory-05.webp\"\/><\/p>\n<p><img decoding=\"async\" src=\"\/wp-content\/uploads\/factory-06.webp\"\/><\/p>\n<p><img decoding=\"async\" src=\"\/wp-content\/uploads\/factory-07.webp\"\/><\/p>\n<h3>Taller de pintura en polvo<\/h3>\n<p><img decoding=\"async\" src=\"\/wp-content\/uploads\/factory-09.webp\"\/><\/p>\n<h3>Taller de anodizado<\/h3>\n<p><img decoding=\"async\" src=\"\/wp-content\/uploads\/factory-10.webp\"\/><\/p>\n<h3>Taller de procesamiento profundo<\/h3>\n<p><img decoding=\"async\" src=\"\/wp-content\/uploads\/factory-11.webp\"\/><\/p>\n<h3>Taller de mecanizado de precisi\u00f3n CNC<\/h3>\n<p><img decoding=\"async\" src=\"\/wp-content\/uploads\/factory-11.5.webp\"\/><\/p>\n<h3>Almac\u00e9n de productos acabados y de exportaci\u00f3n<\/h3>\n<p><img decoding=\"async\" src=\"\/wp-content\/uploads\/factory-12.webp\"\/><\/p>\n<p><img decoding=\"async\" src=\"\/wp-content\/uploads\/factory-13.webp\"\/><\/p>\n<p><img decoding=\"async\" src=\"\/wp-content\/uploads\/factory-14.webp\"\/><\/p>\n<h2>PREGUNTAS FRECUENTES<\/h2>\n<p><p><b>1. \u00bfQu\u00e9 es una esquina de perfil de aluminio 6063T6?<\/b><\/p>\n<p>Una esquina de perfil de aluminio 6063T6 es una secci\u00f3n de esquina extruida con precisi\u00f3n fabricada en aleaci\u00f3n de aluminio 6063-T6, dise\u00f1ada para aplicaciones de enmarcado y canteado robustas.<br \/>\n<\/p><br \/>\n<br \/>\n<p><b>2. \u00bfPor qu\u00e9 elegir la esquina de perfil de aluminio 6063T6 para enmarcar?<\/b><\/p>\n<p>Las esquinas de perfil de aluminio 6063T6 ofrecen una excelente relaci\u00f3n resistencia-peso, garantizando un soporte estructural ligero pero duradero en marcos arquitect\u00f3nicos e industriales.<br \/>\n<\/p><br \/>\n<br \/>\n<p><b>3.\u00bfC\u00f3mo es la resistencia a la corrosi\u00f3n del perfil de aluminio 6063T6 Corner?<\/b><\/p>\n<p>Las esquinas de perfil de aluminio 6063T6 presentan una resistencia superior a la corrosi\u00f3n, lo que las hace ideales para entornos interiores y exteriores sin degradaci\u00f3n de la superficie.<br \/>\n<\/p><br \/>\n<br \/>\n<p><b>4.\u00bfSe puede anodizar la esquina del perfil de aluminio 6063T6?<\/b><\/p>\n<p>S\u00ed, las esquinas de perfil de aluminio 6063T6 pueden anodizarse o recubrirse de polvo para mejorar la dureza de la superficie, la est\u00e9tica y la resistencia a la intemperie a largo plazo.<br \/>\n<\/p><br \/>\n<br \/>\n<p><b>5.\u00bfQu\u00e9 proceso de fabricaci\u00f3n produce las esquinas de los perfiles de aluminio 6063T6?<\/b><\/p>\n<p>Las esquinas de perfil de aluminio 6063T6 se fabrican mediante extrusi\u00f3n de aluminio de alta precisi\u00f3n, lo que garantiza secciones transversales uniformes y tolerancias dimensionales ajustadas.<br \/>\n<\/p><br \/>\n<br \/>\n<p><b>6.\u00bfCu\u00e1les son las principales ventajas de una esquina de perfil de aluminio 6063T6?<\/b><\/p>\n<p>Entre sus principales ventajas se incluyen su alta maquinabilidad, su excelente soldabilidad, su acabado uniforme y su capacidad para formar geometr\u00edas de esquina complejas con un procesamiento secundario m\u00ednimo.<br \/>\n<\/p><br \/>\n<br \/>\n<p><b>7.\u00bfC\u00f3mo beneficia a las aplicaciones el rendimiento t\u00e9rmico del perfil de aluminio 6063T6 Corner?<\/b><\/p>\n<p>Los perfiles angulares de aluminio 6063T6 presentan una buena conductividad t\u00e9rmica y estabilidad, lo que los hace adecuados para marcos disipadores de calor en electr\u00f3nica y sistemas de acristalamiento.<br \/>\n<\/p><br \/>\n<br \/>\n<p><b>8. \u00bfSon ecol\u00f3gicas las esquinas de los perfiles de aluminio 6063T6?<\/b><\/p>\n<p>S\u00ed, las esquinas de perfil de aluminio 6063T6 son totalmente reciclables, lo que reduce el impacto medioambiental y apoya las pr\u00e1cticas de construcci\u00f3n y fabricaci\u00f3n sostenibles.<br \/>\n<\/p><br \/>\n<br \/>\n<p><b>9.\u00bfQu\u00e9 opciones de personalizaci\u00f3n existen para la esquina de perfil de aluminio 6063T6?<\/b><\/p>\n<p>Los fabricantes ofrecen longitudes, \u00e1ngulos de esquina, dise\u00f1os de ranura y tratamientos superficiales personalizados para las esquinas de perfil de aluminio 6063T6 con el fin de satisfacer los requisitos espec\u00edficos de cada proyecto.<br \/>\n<\/p><br \/>\n<br \/>\n<p><b>10. \u00bfD\u00f3nde puedo conseguir esquinas de perfil de aluminio 6063T6 de alta calidad?<\/b><\/p>\n<p>Los principales proveedores de extrusi\u00f3n de aluminio ofrecen esquinas de perfil de aluminio 6063T6 certificadas con garant\u00eda de calidad ISO y distribuci\u00f3n mundial para una entrega fiable.<br \/>\n<\/p><br \/><\/p>","protected":false},"featured_media":6249,"template":"","categories":[59],"class_list":["post-6250","product","type-product","status-publish","has-post-thumbnail","hentry","category-aluminum-window-door-system"],"meta_box":{"hilight_text_group":{"product_hilight_text":"<li>Made from 6063-T6 aluminum alloy with tensile strength \u2265220 MPa for robust structural support<\/li>\r\r\n<li>Angle accuracy of 90\u00b0 \u00b1 0.1\u00b0 ensures precise assembly without secondary machining<\/li>\r\r\n<li>Optional anodized or powder-coated finishes for superior corrosion and wear resistance<\/li>\r\r\n<li>Standardized T-slot design compatible with a wide range of connectors and accessories<\/li>\r\r\n<li>Lightweight construction at 2.70 g\/cm3 reduces overall weight for easier handling and transport<\/li>\r\r\n<li>Customizable lengths and cross-sections to meet diverse project requirements<\/li>\r\r\n<li>Eco-friendly and fully recyclable, compliant with RoHS and REACH regulations<\/li>\r\r\n<li>Comprehensive in-process QC, including dimensional checks and hardness tests for consistent quality<\/li>","product_chanpin_chanpin":"<li><a href=\"https:\/\/sinoextrud.com\/product\/aluminium-extrusion-frameless-glass-railing-aluminum-profiles\/\" target=\"_blank\">Aluminium Extrusion Frameless Glass Railing Aluminum Profiles<\/a><\/li>\r\n<li><a href=\"https:\/\/sinoextrud.com\/product\/extruded-aluminum-alloy-profile-for-glass-floor-channel\/\" target=\"_blank\">Extruded Aluminum Alloy Profile For Glass Floor Channel<\/a><\/li>\r\n<li><a href=\"https:\/\/sinoextrud.com\/product\/aluminum-extrusion-aerospace-grade-2024-aluminum-alloy-tubes\/\" target=\"_blank\">Aluminum Extrusion Aerospace-Grade 2024 Aluminum Alloy Tubes<\/a><\/li>\r\n<li><a href=\"https:\/\/sinoextrud.com\/product\/aluminum-casement-door\/\" target=\"_blank\">Aluminum Casement Door<\/a><\/li>\r\n<li><a href=\"https:\/\/sinoextrud.com\/product\/6063t6-aluminium-profile-corner\/\" target=\"_blank\">6063T6 Aluminium Profile Corner<\/a><\/li>\r\n<li><a href=\"https:\/\/sinoextrud.com\/product\/extruded-aluminum-sliding-channel\/\" target=\"_blank\">Extruded Aluminum Sliding Channel<\/a><\/li>\r\n<li><a href=\"https:\/\/sinoextrud.com\/product\/aluminum-door-frame-profile\/\" target=\"_blank\">Aluminum Door Frame Profile<\/a><\/li>\r\n<li><a href=\"https:\/\/sinoextrud.com\/product\/sliding-window-aluminum-window-track\/\" target=\"_blank\">Sliding Window Aluminum Window Track<\/a><\/li>\r\n<li><a href=\"https:\/\/sinoextrud.com\/product\/aluminum-window-frame\/\" target=\"_blank\">Aluminum Window Frame<\/a><\/li>\r\n<li><a href=\"https:\/\/sinoextrud.com\/product\/aluminum-extrusion-brackets\/\" target=\"_blank\">Aluminum Extrusion Brackets<\/a><\/li>\r\n<li><a href=\"https:\/\/sinoextrud.com\/product\/extruded-aluminum-slide\/\" target=\"_blank\">Extruded Aluminum Slide<\/a><\/li>"},"feature_list":[]},"_links":{"self":[{"href":"https:\/\/sinoextrud.com\/es\/wp-json\/wp\/v2\/product\/6250","targetHints":{"allow":["GET"]}}],"collection":[{"href":"https:\/\/sinoextrud.com\/es\/wp-json\/wp\/v2\/product"}],"about":[{"href":"https:\/\/sinoextrud.com\/es\/wp-json\/wp\/v2\/types\/product"}],"wp:featuredmedia":[{"embeddable":true,"href":"https:\/\/sinoextrud.com\/es\/wp-json\/wp\/v2\/media\/6249"}],"wp:attachment":[{"href":"https:\/\/sinoextrud.com\/es\/wp-json\/wp\/v2\/media?parent=6250"}],"wp:term":[{"taxonomy":"category","embeddable":true,"href":"https:\/\/sinoextrud.com\/es\/wp-json\/wp\/v2\/categories?post=6250"}],"curies":[{"name":"wp","href":"https:\/\/api.w.org\/{rel}","templated":true}]}}