{"id":6244,"date":"2025-05-26T06:23:24","date_gmt":"2025-05-26T06:23:24","guid":{"rendered":"https:\/\/sinoextrud.com\/product\/extruded-aluminum-alloy-profile-for-glass-floor-channel\/"},"modified":"2025-06-24T03:55:36","modified_gmt":"2025-06-24T03:55:36","slug":"perfil-de-aleacion-de-aluminio-extruido-para-canal-de-suelo-de-cristal","status":"publish","type":"product","link":"https:\/\/sinoextrud.com\/es\/product\/extruded-aluminum-alloy-profile-for-glass-floor-channel\/","title":{"rendered":"Perfil de aleaci\u00f3n de aluminio extruido para canal de piso de vidrio"},"content":{"rendered":"<h2>Productos<\/h2>\n<table class=\"custom-table\">\n<tr>\n<td class=\"label\">Art\u00edculo<\/td>\n<td>Perfil de aleaci\u00f3n de aluminio extruido para canal de piso de vidrio<\/td>\n<\/tr>\n<tr>\n<td class=\"label\">Material<\/td>\n<td>Aleaci\u00f3n de aluminio 6063-T6 (norma EN AW-6063)<\/td>\n<\/tr>\n<tr>\n<td class=\"label\">Temple<\/td>\n<td>T6 (tratado t\u00e9rmicamente por disoluci\u00f3n y envejecido artificialmente)<\/td>\n<\/tr>\n<tr>\n<td class=\"label\">Capacidad de carga<\/td>\n<td>Hasta 200KG\/m2 de carga distribuida<\/td>\n<\/tr>\n<tr>\n<td class=\"label\">Grosor del vidrio<\/td>\n<td>10-20 mm (personalizable)<\/td>\n<\/tr>\n<tr>\n<td class=\"label\">Anchura del canal<\/td>\n<td>Est\u00e1ndar: 15-60 mm (anchuras personalizadas disponibles)<\/td>\n<\/tr>\n<tr>\n<td class=\"label\">Profundidad del perfil<\/td>\n<td>20-100 mm (profundidades personalizadas disponibles)<\/td>\n<\/tr>\n<tr>\n<td class=\"label\">Tolerancias<\/td>\n<td>Precisi\u00f3n dimensional de \u00b10,15 mm<\/td>\n<\/tr>\n<tr>\n<td class=\"label\">Tratamiento de superficies<\/td>\n<td>Opciones: Anodizado (25\u03bcm), Recubrimiento en polvo (60-80\u03bcm), Cepillado\/Pulido.<\/td>\n<\/tr>\n<tr>\n<td class=\"label\">Anodizado<\/td>\n<td>- Espesor: 20-25\u03bcm<br \/>- Resistencia a la niebla salina: 1000+ horas (ASTM B117)<\/td>\n<\/tr>\n<tr>\n<td class=\"label\">Recubrimiento en polvo<\/td>\n<td>- Espesor: 60-80\u03bcm<br \/>- Resistencia a los rayos UV: Clase 1 (ISO 2135)<\/td>\n<\/tr>\n<tr>\n<td class=\"label\">Rotura de Puente T\u00e9rmico<\/td>\n<td>Barrera t\u00e9rmica de poliamida opcional (para aplicaciones de eficiencia energ\u00e9tica)<\/td>\n<\/tr>\n<tr>\n<td class=\"label\">Sistema de sellado<\/td>\n<td>Juntas de caucho EPDM integradas (dureza Shore 70\u00b15)<\/td>\n<\/tr>\n<tr>\n<td class=\"label\">Opciones de acabado<\/td>\n<td>Anodizado transparente\/bronce\/negro, pintura en polvo de cualquier color RAL, cepillado\/pulido<\/td>\n<\/tr>\n<tr>\n<td class=\"label\">Longitud<\/td>\n<td>Est\u00e1ndar: 5,8 m<\/td>\n<\/tr>\n<tr>\n<td class=\"label\">Embalaje<\/td>\n<td>Embalaje protector de PVC + separaci\u00f3n de espuma + cajas de madera (est\u00e1ndar de exportaci\u00f3n)<\/td>\n<\/tr>\n<tr>\n<td class=\"label\">Certificaciones<\/td>\n<td>ISO 9001:2015, EN 14024 (rendimiento t\u00e9rmico), marcado CE<\/td>\n<\/tr>\n<tr>\n<td class=\"label\">Normas de ensayo<\/td>\n<td>- EN 12600 (resistencia al impacto del vidrio)<br \/>- EN 1999-1-1 (rendimiento estructural)<\/td>\n<\/tr>\n<\/table>\n<h2>Nuestra base de fabricaci\u00f3n<\/h2>\n<h3>Panorama de la f\u00e1brica<\/h3>\n<p><img decoding=\"async\" src=\"\/wp-content\/uploads\/factory-01.webp\"\/><\/p>\n<h3>Taller de fabricaci\u00f3n de barras de aluminio<\/h3>\n<p><img decoding=\"async\" src=\"\/wp-content\/uploads\/factory-02.webp\"\/><\/p>\n<p><img decoding=\"async\" src=\"\/wp-content\/uploads\/factory-03.webp\"\/><\/p>\n<h3>Almac\u00e9n de moldes<\/h3>\n<p><img decoding=\"async\" src=\"\/wp-content\/uploads\/factory-04.webp\"\/><\/p>\n<h3>43 l\u00edneas de extrusi\u00f3n de aluminio (500-5500 toneladas)<\/h3>\n<p><img decoding=\"async\" src=\"\/wp-content\/uploads\/factory-05.webp\"\/><\/p>\n<p><img decoding=\"async\" src=\"\/wp-content\/uploads\/factory-06.webp\"\/><\/p>\n<p><img decoding=\"async\" src=\"\/wp-content\/uploads\/factory-07.webp\"\/><\/p>\n<h3>Taller de pintura en polvo<\/h3>\n<p><img decoding=\"async\" src=\"\/wp-content\/uploads\/factory-09.webp\"\/><\/p>\n<h3>Taller de anodizado<\/h3>\n<p><img decoding=\"async\" src=\"\/wp-content\/uploads\/factory-10.webp\"\/><\/p>\n<h3>Taller de procesamiento profundo<\/h3>\n<p><img decoding=\"async\" src=\"\/wp-content\/uploads\/factory-11.webp\"\/><\/p>\n<h3>Taller de mecanizado de precisi\u00f3n CNC<\/h3>\n<p><img decoding=\"async\" src=\"\/wp-content\/uploads\/factory-11.5.webp\"\/><\/p>\n<h3>Almac\u00e9n de productos acabados y de exportaci\u00f3n<\/h3>\n<p><img decoding=\"async\" src=\"\/wp-content\/uploads\/factory-12.webp\"\/><\/p>\n<p><img decoding=\"async\" src=\"\/wp-content\/uploads\/factory-13.webp\"\/><\/p>\n<p><img decoding=\"async\" src=\"\/wp-content\/uploads\/factory-14.webp\"\/><\/p>\n<h2>PREGUNTAS FRECUENTES<\/h2>\n<p><p><b>1. \u00bfQu\u00e9 es un perfil de aleaci\u00f3n de aluminio extruido para canal de piso de vidrio?<\/b><\/p>\n<p>Un perfil de aleaci\u00f3n de aluminio extruido para canal de suelo de vidrio es una secci\u00f3n de aluminio de ingenier\u00eda de precisi\u00f3n dise\u00f1ada para alojar de forma segura paneles de vidrio en instalaciones de suelo.<br \/>\n<\/p><br \/>\n<br \/>\n<p><b>2.\u00bfCu\u00e1les son las principales caracter\u00edsticas de un perfil de aleaci\u00f3n de aluminio para canal de piso de vidrio?<\/b><\/p>\n<p>Entre sus principales caracter\u00edsticas se encuentran la extrusi\u00f3n de alta resistencia, la resistencia a la corrosi\u00f3n, las tolerancias precisas, las longitudes personalizables y la perfecta integraci\u00f3n con los sistemas de suelos de vidrio.<br \/>\n<\/p><br \/>\n<br \/>\n<p><b>3. \u00bfPor qu\u00e9 elegir perfiles de aleaci\u00f3n de aluminio extruido para aplicaciones de canal para suelo de cristal?<\/b><\/p>\n<p>Los perfiles de aleaci\u00f3n de aluminio extruido ofrecen una capacidad de carga superior, un dise\u00f1o ligero, una excelente durabilidad y una est\u00e9tica mejorada para los proyectos arquitect\u00f3nicos modernos.<br \/>\n<\/p><br \/>\n<br \/>\n<p><b>4.\u00bfEn qu\u00e9 beneficia la resistencia a la corrosi\u00f3n a los perfiles canal de suelo de vidrio?<\/b><\/p>\n<p>Los perfiles de aleaci\u00f3n de aluminio resistentes a la corrosi\u00f3n para canal de suelo de cristal garantizan un rendimiento a largo plazo en entornos h\u00famedos o exteriores, reduciendo el mantenimiento y prolongando la vida \u00fatil.<br \/>\n<\/p><br \/>\n<br \/>\n<p><b>5. \u00bfSe pueden personalizar los perfiles de aleaci\u00f3n de aluminio extruido para diferentes dise\u00f1os de canales para pisos de vidrio?<\/b><\/p>\n<p>S\u00ed, los perfiles de aleaci\u00f3n de aluminio extruido para canal de suelo de cristal admiten secciones transversales, acabados y opciones de anodizado personalizados para adaptarse a requisitos arquitect\u00f3nicos espec\u00edficos.<br \/>\n<\/p><br \/>\n<br \/>\n<p><b>6.\u00bfQu\u00e9 ventajas ofrecen los perfiles de aluminio sobre los de acero para los sistemas de canales para suelos de cristal?<\/b><\/p>\n<p>Los perfiles de aleaci\u00f3n de aluminio para canal de suelo de cristal son m\u00e1s ligeros, f\u00e1ciles de instalar, resistentes a la corrosi\u00f3n por naturaleza y ofrecen un mejor rendimiento t\u00e9rmico en comparaci\u00f3n con las alternativas de acero.<br \/>\n<\/p><br \/>\n<br \/>\n<p><b>7.\u00bfSon ecol\u00f3gicos los perfiles de aleaci\u00f3n de aluminio extruido para canal de suelo de vidrio?<\/b><\/p>\n<p>Los perfiles de aleaci\u00f3n de aluminio extruido son reciclables, su producci\u00f3n es eficiente desde el punto de vista energ\u00e9tico y contribuyen a las pr\u00e1cticas de construcci\u00f3n sostenible para construcciones con certificaci\u00f3n ecol\u00f3gica.<br \/>\n<\/p><br \/>\n<br \/>\n<p><b>8.\u00bfC\u00f3mo se instala un perfil de aleaci\u00f3n de aluminio para canal de piso de vidrio?<\/b><\/p>\n<p>La instalaci\u00f3n consiste en colocar el canal extruido en el subsuelo, fijarlo con anclajes o adhesivos y encajar los paneles de vidrio templado en la ranura del perfil.<br \/>\n<\/p><br \/>\n<br \/>\n<p><b>9.\u00bfQu\u00e9 capacidades de carga pueden soportar los perfiles de aleaci\u00f3n de aluminio con canal para suelo de cristal?<\/b><\/p>\n<p>Los perfiles de aleaci\u00f3n de aluminio extruido para canaletas de suelo de cristal pueden dise\u00f1arse para soportar cargas peatonales y de veh\u00edculos ligeros, con capacidades de hasta 500 kg por metro lineal en funci\u00f3n del dise\u00f1o.<br \/>\n<\/p><br \/>\n<br \/>\n<p><b>10. \u00bfD\u00f3nde puedo encontrar perfiles de aleaci\u00f3n de aluminio extruido de alta calidad para canal de suelo de cristal?<\/b><\/p>\n<p>Los principales fabricantes y proveedores de Perfiles de aleaci\u00f3n de aluminio extruido para canal de suelo de vidrio ofrecen distribuci\u00f3n mundial, certificaciones ISO y asistencia t\u00e9cnica para soluciones de suelo de vidrio.<br \/>\n<\/p><br \/><\/p>","protected":false},"featured_media":6243,"template":"","categories":[58],"class_list":["post-6244","product","type-product","status-publish","has-post-thumbnail","hentry","category-aluminium-extrusion-profiles"],"meta_box":{"hilight_text_group":{"product_hilight_text":"<li>Precision extrusion ensures secure and stable glass floor channel installation<\/li>\r\r\n<li>High-strength aluminum alloy provides excellent load-bearing capacity<\/li>\r\r\n<li>Corrosion-resistant finish ideal for indoor and outdoor environments<\/li>\r\r\n<li>Compatible with various glass thicknesses and flooring systems<\/li>\r\r\n<li>Customizable profiles to meet specific architectural design requirements<\/li>","product_chanpin_chanpin":"<li><a href=\"https:\/\/sinoextrud.com\/product\/aluminum-extrusion-ultra-small-material-aluminum-frame-profile\/\" target=\"_blank\">Aluminum Extrusion Ultra-small Material Aluminum Frame Profile<\/a><\/li>\r\n<li><a href=\"https:\/\/sinoextrud.com\/product\/aluminum-extrusion-6061-6082-automotive-bumper-beam\/\" target=\"_blank\">Aluminum Extrusion 6061 6082 Automotive Bumper Beam<\/a><\/li>\r\n<li><a href=\"https:\/\/sinoextrud.com\/product\/aluminium-window-extrusion-profile\/\" target=\"_blank\">Aluminium Window Extrusion Profile<\/a><\/li>\r\n<li><a href=\"https:\/\/sinoextrud.com\/product\/aluminium-extrusion-frameless-glass-railing-aluminum-profiles\/\" target=\"_blank\">Aluminium Extrusion Frameless Glass Railing Aluminum Profiles<\/a><\/li>\r\n<li><a href=\"https:\/\/sinoextrud.com\/product\/extruded-aluminum-alloy-profile-for-glass-floor-channel\/\" target=\"_blank\">Extruded Aluminum Alloy Profile For Glass Floor Channel<\/a><\/li>\r\n<li><a href=\"https:\/\/sinoextrud.com\/product\/aluminum-extrusion-aerospace-grade-2024-aluminum-alloy-tubes\/\" target=\"_blank\">Aluminum Extrusion Aerospace-Grade 2024 Aluminum Alloy Tubes<\/a><\/li>\r\n<li><a href=\"https:\/\/sinoextrud.com\/product\/aluminum-casement-door\/\" target=\"_blank\">Aluminum Casement Door<\/a><\/li>\r\n<li><a href=\"https:\/\/sinoextrud.com\/product\/6063t6-aluminium-profile-corner\/\" target=\"_blank\">6063T6 Aluminium Profile Corner<\/a><\/li>\r\n<li><a href=\"https:\/\/sinoextrud.com\/product\/extruded-aluminum-sliding-channel\/\" target=\"_blank\">Extruded Aluminum Sliding Channel<\/a><\/li>\r\n<li><a href=\"https:\/\/sinoextrud.com\/product\/aluminum-profile-t-slot\/\" target=\"_blank\">Aluminum Profile T Slot<\/a><\/li>\r\n<li><a href=\"https:\/\/sinoextrud.com\/product\/extruded-profiles-aluminium\/\" target=\"_blank\">Extruded Profiles Aluminium<\/a><\/li>"},"feature_list":[]},"_links":{"self":[{"href":"https:\/\/sinoextrud.com\/es\/wp-json\/wp\/v2\/product\/6244","targetHints":{"allow":["GET"]}}],"collection":[{"href":"https:\/\/sinoextrud.com\/es\/wp-json\/wp\/v2\/product"}],"about":[{"href":"https:\/\/sinoextrud.com\/es\/wp-json\/wp\/v2\/types\/product"}],"wp:featuredmedia":[{"embeddable":true,"href":"https:\/\/sinoextrud.com\/es\/wp-json\/wp\/v2\/media\/6243"}],"wp:attachment":[{"href":"https:\/\/sinoextrud.com\/es\/wp-json\/wp\/v2\/media?parent=6244"}],"wp:term":[{"taxonomy":"category","embeddable":true,"href":"https:\/\/sinoextrud.com\/es\/wp-json\/wp\/v2\/categories?post=6244"}],"curies":[{"name":"wp","href":"https:\/\/api.w.org\/{rel}","templated":true}]}}